{"id":65566,"date":"2021-03-17T10:23:32","date_gmt":"2021-03-17T15:23:32","guid":{"rendered":"https:\/\/www.bjultrasonic.com\/shop\/40khz-80khz-120khz-30w-triple-frequency-ultrasonic-transducer-pzt-4\/"},"modified":"2026-03-28T20:55:56","modified_gmt":"2026-03-29T01:55:56","slug":"40khz-80khz-120khz-30w-triple-frequency-ultrasonic-transducer-pzt-4","status":"publish","type":"product","link":"https:\/\/www.bjultrasonic.com\/sv\/shop\/40khz-80khz-120khz-30w-triple-frequency-ultrasonic-transducer-pzt-4\/","title":{"rendered":"40KHz\/80KHz\/120KHz 30W Trippelfrekvens ultraljudstransducer (PZT-4)"},"content":{"rendered":"<h2>Specifikation f\u00f6r 40KHz\/80KHz\/120KHz 30W Triple-frequency Ultrasonic Transducer (PZT-4)<\/h2>\n<table class=\"table table-striped table-bordered\">\n<tbody>\n<tr>\n<td width=\"220\">Typ<\/td>\n<td width=\"346\">BJC-4080120T- 40HN PZT-4<\/td>\n<\/tr>\n<tr>\n<td width=\"220\">Frekvens<\/td>\n<td width=\"346\">40\/80\/120KHz +\/- 1KHz<\/td>\n<\/tr>\n<tr>\n<td width=\"220\">Effekt<\/td>\n<td width=\"346\">30w<\/td>\n<\/tr>\n<tr>\n<td width=\"220\">Kapacitans<\/td>\n<td width=\"346\">5400pf\u00b110%<\/td>\n<\/tr>\n<tr>\n<td width=\"220\">Str\u00e5lningsyta<\/td>\n<td width=\"346\">40mm<\/td>\n<\/tr>\n<tr>\n<td width=\"220\">Resonansresistans<\/td>\n<td width=\"346\">10-20\u03a9\u00a0 &lt;40<\/td>\n<\/tr>\n<tr>\n<td width=\"220\">L\u00e4ngd<\/td>\n<td width=\"346\">56mm<\/td>\n<\/tr>\n<tr>\n<td width=\"220\">Str\u00f6mf\u00f6rs\u00f6rjning<\/td>\n<td width=\"346\">100V~130V eller 220V~240V AC<\/td>\n<\/tr>\n<tr>\n<td width=\"220\">Vikt<\/td>\n<td width=\"346\">300g\/st<\/td>\n<\/tr>\n<tr>\n<td width=\"220\">Typ<\/td>\n<td width=\"346\">Horn \u00a0Typ<\/td>\n<\/tr>\n<\/tbody>\n<\/table>\n<h2><a href=\"https:\/\/drive.google.com\/file\/d\/1pXEpP5HbetTukpQtZKV4hyTdlMm0aYkt\/view\" target=\"_blank\" rel=\"noopener\">Ladda ner<\/a> Specifikation och offert f\u00f6r Alla Ultraljudsreng\u00f6ringsomvandlare.<\/h2>\n<h3>Namngivningsmetoder f\u00f6r Ultraljudsreng\u00f6ringsomvandlare<\/h3>\n<p><a href=\"https:\/\/www.bjultrasonic.com\/wp-content\/uploads\/2012\/10\/Naming-Methods-of-Ultrasonic-Cleaning-Transducer.jpg\" data-lightbox=\"image\"><img loading=\"lazy\" decoding=\"async\" title=\"Namngivningsmetoder f\u00f6r Ultraljudsreng\u00f6ringsomvandlare\" src=\"\/\/www.bjultrasonic.com\/wp-content\/uploads\/2012\/10\/Naming-Methods-of-Ultrasonic-Cleaning-Transducer.jpg\" alt=\"Namngivningsmetoder f\u00f6r Ultraljudsreng\u00f6ringsomvandlare\" width=\"442\" height=\"399\" \/><\/a><\/p>\n<h3>Struktur f\u00f6r Ultraljudsreng\u00f6ringsomvandlare<\/h3>\n<p><a href=\"https:\/\/www.bjultrasonic.com\/wp-content\/uploads\/2012\/03\/2012319111.jpg\" data-lightbox=\"image\"><img loading=\"lazy\" decoding=\"async\" title=\"Struktur f\u00f6r Ultraljudsreng\u00f6ringsomvandlare\" src=\"\/\/www.bjultrasonic.com\/wp-content\/uploads\/2012\/10\/Ultrasonic-Cleaning-Transducer-Structure.jpg\" alt=\"Struktur f\u00f6r Ultraljudsreng\u00f6ringsomvandlare\" width=\"546\" height=\"203\" \/><\/a><\/p>\n<h3>Huvudfunktioner<\/h3>\n<ul>\n<li>H\u00f6g effektivitet: h\u00f6g mekanisk parameter Q, omvandlingseffektivitet mellan elektricitet och ljud \u00f6ver 95%.<\/li>\n<li>H\u00f6g amplitud: omvandlarens styrka f\u00f6rb\u00e4ttras genom att f\u00e4sta den h\u00f6ghastighetsvibratorn direkt p\u00e5 tv\u00e4ttgropens bas med bult. J\u00e4mf\u00f6rt med en magnetisk expansionsvibrator kan dess amplitud f\u00f6rb\u00e4ttras med \u00f6ver 50%.<\/li>\n<li>God v\u00e4rmebest\u00e4ndighet: stort arbetsomr\u00e5de f\u00f6r temperatur, l\u00e5g resonansimpedans och l\u00e5g v\u00e4rmeutveckling.<\/li>\n<li>God konstruktion: f\u00e4st med bultar, l\u00e4tt att montera, h\u00f6g tillf\u00f6rlitlighet.<\/li>\n<\/ul>\n<h3>Videospellista: Ultraljudsomvandlare<\/h3>\n<p><iframe loading=\"lazy\" title=\"Dual-frequency Piezoelectric Ultrasonic Transducer for Ultrasonic Cleaner\" width=\"500\" height=\"281\" src=\"https:\/\/www.youtube.com\/embed\/3zVdE1GihAE?list=PL2F5F3AB3579FB4A9\" frameborder=\"0\" allow=\"accelerometer; autoplay; clipboard-write; encrypted-media; gyroscope; picture-in-picture; web-share\" referrerpolicy=\"strict-origin-when-cross-origin\" allowfullscreen><\/iframe><\/p>\n<h3>H\u00f6g Effekt Ultraljudsomvandlare<\/h3>\n<p><iframe loading=\"lazy\" title=\"High Power Piezoelectric Ultrasonic Transducer - Beijing Ultrasonic\" width=\"500\" height=\"281\" src=\"https:\/\/www.youtube.com\/embed\/TBLGTvZgOw4?feature=oembed\" frameborder=\"0\" allow=\"accelerometer; autoplay; clipboard-write; encrypted-media; gyroscope; picture-in-picture; web-share\" referrerpolicy=\"strict-origin-when-cross-origin\" allowfullscreen><\/iframe><\/p>\n<h3>Betalning<\/h3>\n<p>Vi accepterar paypal, T\/T &amp; Western Union nu.<\/p>\n<h3>Frakt<\/h3>\n<p>Varor kommer att skeppas inom 48 timmar efter att full betalning har mottagits.<\/p>\n<ul>\n<li>Vi skickar varorna till adressen som anges i PayPal-betalningen. V\u00e4nligen se till att adressen i PayPal \u00e4r korrekt.<\/li>\n<li>vi kommer att ge dig sp\u00e5rningsnumret efter att vi skickat varorna, i allm\u00e4nhet kommer du att f\u00e5 varorna inom fem dagar.<\/li>\n<li>Om du har n\u00e5gra fr\u00e5gor, v\u00e4nligen kontakta oss via e-post (v\u00e5r e-postadress \u00e4r <a href=\"mailto:support@bjultrasonic.com\">support@bjultrasonic.com<\/a>)<\/li>\n<\/ul>\n<h3 align=\"left\">Produktgaranti<\/h3>\n<p>Produktens garantitid \u00e4r ett \u00e5r, Inom garantitiden kan k\u00f6pta produkter f\u00e5 gratis reparation eller byte.<\/p>\n","protected":false},"excerpt":{"rendered":"<p><a href=\"https:\/\/www.bjultrasonic.com\/sv\/category\/ultrasonic-transducer-sv\/\">Piezoelektrisk omvandlare<\/a> f\u00f6r ultraljudsreng\u00f6ring \u00e4r en viktig del av en <a href=\"https:\/\/www.bjultrasonic.com\/sv\/category\/ultrasonic-cleaning-system-sv\/\">ultraljudsreng\u00f6rare<\/a>, den ultraljudsomvandlaren omvandlar elektrisk energi fr\u00e5n en <a href=\"https:\/\/www.bjultrasonic.com\/sv\/category\/ultrasonic-generator-sv\/\">ultraljudsgenerator<\/a> till <a href=\"https:\/\/www.bjultrasonic.com\/sv\/uses-of-ultrasonic-waves\/\">ultraljudsv\u00e5gor<\/a>.<\/p>\n","protected":false},"featured_media":23746,"comment_status":"open","ping_status":"closed","template":"","meta":[],"product_brand":[],"product_cat":[6314],"product_tag":[],"class_list":{"0":"post-65566","1":"product","2":"type-product","3":"status-publish","4":"has-post-thumbnail","6":"product_cat-ultrasonic-transducer-sv","8":"first","9":"instock","10":"shipping-taxable","11":"purchasable","12":"product-type-simple","13":"prodpage-classic"},"aioseo_notices":[],"_links":{"self":[{"href":"https:\/\/www.bjultrasonic.com\/sv\/wp-json\/wp\/v2\/product\/65566","targetHints":{"allow":["GET"]}}],"collection":[{"href":"https:\/\/www.bjultrasonic.com\/sv\/wp-json\/wp\/v2\/product"}],"about":[{"href":"https:\/\/www.bjultrasonic.com\/sv\/wp-json\/wp\/v2\/types\/product"}],"replies":[{"embeddable":true,"href":"https:\/\/www.bjultrasonic.com\/sv\/wp-json\/wp\/v2\/comments?post=65566"}],"wp:featuredmedia":[{"embeddable":true,"href":"https:\/\/www.bjultrasonic.com\/sv\/wp-json\/wp\/v2\/media\/23746"}],"wp:attachment":[{"href":"https:\/\/www.bjultrasonic.com\/sv\/wp-json\/wp\/v2\/media?parent=65566"}],"wp:term":[{"taxonomy":"product_brand","embeddable":true,"href":"https:\/\/www.bjultrasonic.com\/sv\/wp-json\/wp\/v2\/product_brand?post=65566"},{"taxonomy":"product_cat","embeddable":true,"href":"https:\/\/www.bjultrasonic.com\/sv\/wp-json\/wp\/v2\/product_cat?post=65566"},{"taxonomy":"product_tag","embeddable":true,"href":"https:\/\/www.bjultrasonic.com\/sv\/wp-json\/wp\/v2\/product_tag?post=65566"}],"curies":[{"name":"wp","href":"https:\/\/api.w.org\/{rel}","templated":true}]}}