{"id":65606,"date":"2021-03-16T02:44:45","date_gmt":"2021-03-16T07:44:45","guid":{"rendered":"https:\/\/www.bjultrasonic.com\/shop\/two-tanks-industrial-ultrasonic-cleaners\/"},"modified":"2026-03-28T20:55:30","modified_gmt":"2026-03-29T01:55:30","slug":"two-tanks-industrial-ultrasonic-cleaners","status":"publish","type":"product","link":"https:\/\/www.bjultrasonic.com\/sv\/shop\/two-tanks-industrial-ultrasonic-cleaners\/","title":{"rendered":"Tv\u00e5 Tankar Industriella Ultraljudsreng\u00f6rare"},"content":{"rendered":"<h3>Specifikationer (Vi kan anpassa alla storlekar efter behov)<\/h3>\n<table class=\"table table-striped table-bordered\">\n<tbody>\n<tr>\n<td> Typ<\/td>\n<td>Frekvens<\/p>\n<p>(KHz)<\/td>\n<td>Ultraljudstransducer<\/p>\n<p>(ST)<\/td>\n<td>Volym<\/p>\n<p>(L)<\/td>\n<td>Ultraljudseffekt<\/p>\n<p>(W)<\/td>\n<td>Tankstorlek<\/p>\n<p>(L*B*H MM)<\/td>\n<td>V\u00e4rmeeffekt<\/p>\n<p>(W)<\/td>\n<td>Timer<\/p>\n<p>(MIN)<\/td>\n<td>Torkning<\/td>\n<td>Filter<\/td>\n<\/tr>\n<tr>\n<td>BJCDE38<\/td>\n<td>28 eller 40k eller annan<\/td>\n<td>12<\/td>\n<td>38<\/td>\n<td>600<\/td>\n<td>500*300*250<\/td>\n<td>1500<\/td>\n<td>1~99\uff08h\uff09<\/td>\n<td>JA<\/td>\n<td> JA<\/td>\n<\/tr>\n<tr>\n<td>BJCDE53<\/td>\n<td>28 eller 40k eller annan<\/td>\n<td>18<\/td>\n<td>53<\/td>\n<td>900<\/td>\n<td>500*350*300<\/td>\n<td>1500<\/td>\n<td>1~99\uff08h\uff09<\/td>\n<td>JA<\/td>\n<td> JA<\/td>\n<\/tr>\n<tr>\n<td>BJCDE78<\/td>\n<td>28 eller 40k eller annan<\/td>\n<td>24<\/td>\n<td>78<\/td>\n<td>1200<\/td>\n<td>550*400*350<\/td>\n<td>3000<\/td>\n<td>1~99\uff08h\uff09<\/td>\n<td>JA<\/td>\n<td> JA<\/td>\n<\/tr>\n<tr>\n<td>BJCDE88<\/td>\n<td>28 eller 40k eller annan<\/td>\n<td>24<\/td>\n<td>88<\/td>\n<td>1200<\/td>\n<td>550*400*400<\/td>\n<td>3000<\/td>\n<td>1~99\uff08h\uff09<\/td>\n<td>JA<\/td>\n<td> JA<\/td>\n<\/tr>\n<tr>\n<td>BJCDE99<\/td>\n<td>28 eller 40k eller annan<\/td>\n<td>30<\/td>\n<td>99<\/td>\n<td>1500<\/td>\n<td>550*450*400<\/td>\n<td>3000<\/td>\n<td>1~99\uff08h\uff09<\/td>\n<td>JA<\/td>\n<td> JA<\/td>\n<\/tr>\n<tr>\n<td>BJCDE135<\/td>\n<td>28 eller 40k eller annan<\/td>\n<td>36<\/td>\n<td>135<\/td>\n<td>1800<\/td>\n<td>600*500*450<\/td>\n<td>4500<\/td>\n<td>1~99\uff08h\uff09<\/td>\n<td>JA<\/td>\n<td> JA<\/td>\n<\/tr>\n<tr>\n<td>BJCDE175<\/td>\n<td>28 eller 40k eller annan<\/td>\n<td>48<\/td>\n<td>175<\/td>\n<td>2400<\/td>\n<td>700*500*550<\/td>\n<td>6000<\/td>\n<td>1~99\uff08h\uff09<\/td>\n<td>JA<\/td>\n<td> JA<\/td>\n<\/tr>\n<tr>\n<td>BJCDE264<\/td>\n<td>28 eller 40k eller annan<\/td>\n<td>60<\/td>\n<td>264<\/td>\n<td>3000<\/td>\n<td>800*600*550<\/td>\n<td>9000<\/td>\n<td>1~99\uff08h\uff09<\/td>\n<td>JA<\/td>\n<td> JA<\/td>\n<\/tr>\n<tr>\n<td>BJCDE360<\/td>\n<td>28 eller 40k eller annan<\/td>\n<td>72<\/td>\n<td>360<\/td>\n<td>3600<\/td>\n<td>1000*600*600<\/td>\n<td>12000<\/td>\n<td>1~99\uff08h\uff09<\/td>\n<td>JA<\/td>\n<td> JA<\/td>\n<\/tr>\n<tr>\n<td>BJCDE540<\/td>\n<td>28 eller 40k eller annan<\/td>\n<td>108<\/td>\n<td>540<\/td>\n<td>5400<\/td>\n<td>1000*900*600<\/td>\n<td>18000<\/td>\n<td>1~99\uff08h\uff09<\/td>\n<td>JA<\/td>\n<td> JA<\/td>\n<\/tr>\n<tr>\n<td>BJCDE960<\/td>\n<td>28 eller 40k eller annan<\/td>\n<td>144<\/td>\n<td>960<\/td>\n<td>7200<\/td>\n<td>1200*1000*800<\/td>\n<td>27000<\/td>\n<td>1~99\uff08h\uff09<\/td>\n<td>JA<\/td>\n<td> JA<\/td>\n<\/tr>\n<\/tbody>\n<\/table>\n<p>Anv\u00e4nd h\u00f6gkvalitativ epoxylim. Inte l\u00e4tt att lossna.<br \/>\nF\u00e4st ultraljudstransducern genom att anv\u00e4nda stansning. Sandbl\u00e4string. Tv\u00e4ttning och torkning. G\u00e4ngbearbetning<\/p>\n<p><img loading=\"lazy\" decoding=\"async\" class=\"alignnone size-full wp-image-23706\" src=\"https:\/\/www.bjultrasonic.com\/wp-content\/uploads\/2021\/03\/Bond-ultrasonic-transducer-by-using-stamping.jpg\" alt=\"F\u00e4st ultraljudstransducern genom att anv\u00e4nda stansning\" width=\"700\" height=\"398\" \/><\/p>\n","protected":false},"excerpt":{"rendered":"<h3>Ultraljudsreng\u00f6ring + Torkning<\/h3>\n<ol>\n<li>Tankmaterial: 304SS-tank. \u00d6ppen stansning utan svetsar.<\/li>\n<li>Tanktjocklek: 3mm L\u00e5ng livsl\u00e4ngd<\/li>\n<li>Arbetstid: 0-90 min justerbar<\/li>\n<li>Temperaturkontroll: 0-80 grader<\/li>\n<li>Effekt: Justerbar<\/li>\n<li>Frekvens: efter behov Kabel<\/li>\n<li>Industristandard, kraftig str\u00f6mkabel v\u00e4rmet\u00e5lig, motst\u00e5ndskraftig mot mjukning<\/li>\n<li>H\u00f6g precision: Eftersom ultraljudsenergi kan passera genom sm\u00e5 sprickor och h\u00e5l, s\u00e5 kan den anv\u00e4ndas f\u00f6r reng\u00f6ring av alla typer av delar eller monterade komponenter. F\u00f6r precisionsdelar eller monterade komponenter som ska reng\u00f6ras blir ultraljudsreng\u00f6ring ofta den enda reng\u00f6ringsmetoden som kan uppfylla de speciella tekniska kraven;<\/li>\n<li>Snabb: Ultraljudsreng\u00f6ring \u00e4r betydligt snabbare j\u00e4mf\u00f6rt med vanliga reng\u00f6ringsmetoder n\u00e4r det g\u00e4ller avdammning och avskalning av arbetsstycken. Inget behov av att demontera monteringar f\u00f6r reng\u00f6ring. F\u00f6rdelen med ultraljudsreng\u00f6ring att den kan spara arbetskraft tenderar att g\u00f6ra den till den mest ekonomiska reng\u00f6ringsmetoden;<\/li>\n<li>Konsekvens: Oavsett om det rengjorda f\u00f6rem\u00e5let \u00e4r stort eller litet, enkelt eller komplext, enskilt eller i sats eller p\u00e5 en automatisk monteringslinje, kan anv\u00e4ndning av ultraljudsreng\u00f6ring ge en reng\u00f6ringskvalitet som manuell reng\u00f6ring inte kan m\u00e4ta sig med.<\/li>\n<li>Design: Produkten \u00e4r vackert och enkelt designad, chassit \u00e4r tillverkat av h\u00f6gkvalitativ rostfritt st\u00e5l med pr\u00e4gling. Rostskyddsegenskaperna \u00e4r goda; Reng\u00f6ringstanken \u00e4r tillverkad av h\u00f6gkvalitativt SUS304 rostfritt st\u00e5l genom stansning, utan svetsar, vattent\u00e4theten \u00e4r god.<\/li>\n<li>Krets: Effektkretsen anv\u00e4nder nya OS-oscillatorer, exakt kontroll av vibrationsfrekvensen och har \u00e5terkopplingssamlingsfunktion, ultraljudsutg\u00e5ngen \u00e4r mer stabil och tillf\u00f6rlitlig.<\/li>\n<li>Ultraljudstransducer: Ultraljudstransducern anv\u00e4nder en hel aluminiumstruktur med l\u00e4ngre livsl\u00e4ngd, minskar uppv\u00e4rmning, ger stabil utg\u00e5ng.<\/li>\n<\/ol>\n","protected":false},"featured_media":23711,"comment_status":"closed","ping_status":"closed","template":"","meta":[],"product_brand":[],"product_cat":[5959],"product_tag":[],"class_list":{"0":"post-65606","1":"product","2":"type-product","3":"status-publish","4":"has-post-thumbnail","6":"product_cat-big-ultrasonic-cleaning-machine-sv","8":"first","9":"instock","10":"shipping-taxable","11":"product-type-external","12":"prodpage-classic"},"aioseo_notices":[],"_links":{"self":[{"href":"https:\/\/www.bjultrasonic.com\/sv\/wp-json\/wp\/v2\/product\/65606","targetHints":{"allow":["GET"]}}],"collection":[{"href":"https:\/\/www.bjultrasonic.com\/sv\/wp-json\/wp\/v2\/product"}],"about":[{"href":"https:\/\/www.bjultrasonic.com\/sv\/wp-json\/wp\/v2\/types\/product"}],"replies":[{"embeddable":true,"href":"https:\/\/www.bjultrasonic.com\/sv\/wp-json\/wp\/v2\/comments?post=65606"}],"wp:featuredmedia":[{"embeddable":true,"href":"https:\/\/www.bjultrasonic.com\/sv\/wp-json\/wp\/v2\/media\/23711"}],"wp:attachment":[{"href":"https:\/\/www.bjultrasonic.com\/sv\/wp-json\/wp\/v2\/media?parent=65606"}],"wp:term":[{"taxonomy":"product_brand","embeddable":true,"href":"https:\/\/www.bjultrasonic.com\/sv\/wp-json\/wp\/v2\/product_brand?post=65606"},{"taxonomy":"product_cat","embeddable":true,"href":"https:\/\/www.bjultrasonic.com\/sv\/wp-json\/wp\/v2\/product_cat?post=65606"},{"taxonomy":"product_tag","embeddable":true,"href":"https:\/\/www.bjultrasonic.com\/sv\/wp-json\/wp\/v2\/product_tag?post=65606"}],"curies":[{"name":"wp","href":"https:\/\/api.w.org\/{rel}","templated":true}]}}