{"id":65626,"date":"2021-03-16T02:36:21","date_gmt":"2021-03-16T07:36:21","guid":{"rendered":"https:\/\/www.bjultrasonic.com\/shop\/single-tank-industrial-ultrasonic-cleaners\/"},"modified":"2026-03-28T20:55:03","modified_gmt":"2026-03-29T01:55:03","slug":"single-tank-industrial-ultrasonic-cleaners","status":"publish","type":"product","link":"https:\/\/www.bjultrasonic.com\/sv\/shop\/single-tank-industrial-ultrasonic-cleaners\/","title":{"rendered":"Enkeltank Industriella Ultraljudsreng\u00f6rare"},"content":{"rendered":"<h3>Specifikationer (Vi kan anpassa alla storlekar efter behov)<\/h3>\n<table class=\"table table-striped table-bordered\">\n<tbody>\n<tr>\n<td>\u00a0Typ<\/td>\n<td>Frekvens<\/p>\n<p>(KHz)<\/td>\n<td>Ultraljudstransducer<\/p>\n<p>(ST)<\/td>\n<td>Volym<\/p>\n<p>(L)<\/td>\n<td>Ultraljudseffekt<\/p>\n<p>(W)<\/td>\n<td>Tankstorlek<\/p>\n<p>(L*B*H MM)<\/td>\n<td>Maskinstorlek<\/p>\n<p>(L*B*H MM)<\/td>\n<td>V\u00e4rmeeffekt<\/p>\n<p>(W)<\/td>\n<td>Tidur<\/p>\n<p>(MIN)<\/td>\n<td>Temperatur<\/p>\n<p>(\u2103)<\/td>\n<\/tr>\n<tr>\n<td>BJCE2400<\/td>\n<td>28K 40K Eller annan<\/td>\n<td>48<\/td>\n<td>175<\/td>\n<td>2400<\/td>\n<td>700*500*500<\/td>\n<td>880*680*750<\/td>\n<td>4500<\/td>\n<td>0~99\uff08h\uff09<\/td>\n<td>20~95<\/td>\n<\/tr>\n<tr>\n<td>BJCE3000<\/td>\n<td><\/td>\n<td>60<\/td>\n<td>264<\/td>\n<td>3000<\/td>\n<td>800*600*550<\/td>\n<td>980*780*800<\/td>\n<td>6000<\/td>\n<td>0~99\uff08h\uff09<\/td>\n<td>20~95<\/td>\n<\/tr>\n<tr>\n<td>BJCE3600<\/td>\n<td><\/td>\n<td>72<\/td>\n<td>330<\/td>\n<td>3600<\/td>\n<td>1000*600*550<\/td>\n<td>1180*780*800<\/td>\n<td>6000<\/td>\n<td>0~99\uff08h\uff09<\/td>\n<td>20~95<\/td>\n<\/tr>\n<tr>\n<td>BJCE4200<\/td>\n<td><\/td>\n<td>84<\/td>\n<td>385<\/td>\n<td>0-4200<\/td>\n<td>1000*700*550<\/td>\n<td>1180*880*800<\/td>\n<td>9000<\/td>\n<td>0~99\uff08h\uff09<\/td>\n<td>20~95<\/td>\n<\/tr>\n<tr>\n<td>BJCE4800<\/td>\n<td><\/td>\n<td>96<\/td>\n<td>450<\/td>\n<td>0-4800<\/td>\n<td>1000*750*600<\/td>\n<td>1180*930*850<\/td>\n<td>9000<\/td>\n<td>0~99\uff08h\uff09<\/td>\n<td>20~95<\/td>\n<\/tr>\n<tr>\n<td>BJCE5400<\/td>\n<td><\/td>\n<td>108<\/td>\n<td>540<\/td>\n<td>0-5400<\/td>\n<td>1000*900*600<\/td>\n<td>1180*1080*850<\/td>\n<td>10500<\/td>\n<td>0~99\uff08h\uff09<\/td>\n<td>20~95<\/td>\n<\/tr>\n<tr>\n<td>BJCE6000<\/td>\n<td><\/td>\n<td>120<\/td>\n<td>570<\/td>\n<td>0-6000<\/td>\n<td>1000*950*600<\/td>\n<td>1180*1130*850<\/td>\n<td>10500<\/td>\n<td>0~99\uff08h\uff09<\/td>\n<td>20~95<\/td>\n<\/tr>\n<tr>\n<td>BJCE6600<\/td>\n<td><\/td>\n<td>132<\/td>\n<td>650<\/td>\n<td>0-6600<\/td>\n<td>1000*1000*650<\/td>\n<td>1180*1180*900<\/td>\n<td>12000<\/td>\n<td>0~99\uff08h\uff09<\/td>\n<td>20~95<\/td>\n<\/tr>\n<tr>\n<td>BJCE7200<\/td>\n<td><\/td>\n<td>144<\/td>\n<td>715<\/td>\n<td>0-7200<\/td>\n<td>1100*1000*650<\/td>\n<td>1280*1180*900<\/td>\n<td>12000<\/td>\n<td>0~99\uff08h\uff09<\/td>\n<td>20~95<\/td>\n<\/tr>\n<tr>\n<td colspan=\"2\">BJCE10800<\/td>\n<td>216<\/td>\n<td>975<\/td>\n<td>0-10800<\/td>\n<td>1500*1000*650<\/td>\n<td>1680*1180*900<\/td>\n<td>12000<\/td>\n<td>0~99\uff08h\uff09<\/td>\n<td>20~95<\/td>\n<\/tr>\n<\/tbody>\n<\/table>\n<p>Anv\u00e4nd h\u00f6gkvalitativ epoxylim. Inte l\u00e4tt att lossna.<br \/>\nMontera ultraljudstransducern genom att anv\u00e4nda stansning. Sandbl\u00e4string. Tv\u00e4ttning och torkning. G\u00e4ngbearbetning<\/p>\n<p><img loading=\"lazy\" decoding=\"async\" class=\"alignnone size-full wp-image-23706\" src=\"https:\/\/www.bjultrasonic.com\/wp-content\/uploads\/2021\/03\/Bond-ultrasonic-transducer-by-using-stamping.jpg\" alt=\"Montera ultraljudstransducer med stansning\" width=\"700\" height=\"398\" \/><\/p>\n","protected":false},"excerpt":{"rendered":"<p>Vi kan anpassa olika storlekar p\u00e5 reng\u00f6ringstankar efter behov.<\/p>\n<ol>\n<li>Tankmaterial: 304SS-tank. \u00d6ppen stansning utan svetsar.<\/li>\n<li>Tanktjocklek: 3 mm l\u00e5ng livsl\u00e4ngd<\/li>\n<li>Arbetstid: 0\u201390 min justerbar<\/li>\n<li>Temperaturkontroll: 0\u201380 grader<\/li>\n<li>Effekt: Justerbar<\/li>\n<li>Frekvens: efter behov Kabel<\/li>\n<li>Industristandard, kraftig str\u00f6mkabel v\u00e4rmebest\u00e4ndig, motst\u00e5ndskraftig mot mjukning<\/li>\n<li>H\u00f6g precision: Eftersom ultraljudsenergi kan passera genom sm\u00e5 sprickor och h\u00e5l, kan den anv\u00e4ndas f\u00f6r reng\u00f6ring av alla delar eller monterade komponenter. F\u00f6r precisionsdelar eller monterade komponenter som ska reng\u00f6ras blir ultraljudsreng\u00f6ring ofta den enda reng\u00f6ringsmetoden som uppfyller de speciella tekniska kraven;<\/li>\n<li>Snabb: Ultraljudsreng\u00f6ring \u00e4r betydligt snabbare \u00e4n vanlig reng\u00f6ring n\u00e4r det g\u00e4ller avdammning och avskalning av arbetsstycken. Ingen demontering kr\u00e4vs f\u00f6r reng\u00f6ring. F\u00f6rdelen med ultraljudsreng\u00f6ring \u00e4r att den sparar arbetskraft, vilket g\u00f6r den till den mest ekonomiska reng\u00f6ringsmetoden;<\/li>\n<li>Konsistens: Oavsett om arbetsstycket \u00e4r stort eller litet, enkelt eller komplext, enstaka eller i satser, eller p\u00e5 en automatisk monteringslinje, ger ultraljudsreng\u00f6ring en renhetsuniformitet som manuell reng\u00f6ring inte kan m\u00e4ta sig med.<\/li>\n<li>Design: Produkten \u00e4r vackert och enkelt designad, chassit \u00e4r tillverkat av h\u00f6gklassig rostfri st\u00e5l med pr\u00e4gling. Rostskyddsegenskaperna \u00e4r goda; Reng\u00f6ringstanken \u00e4r tillverkad av h\u00f6gklassigt SUS304 rostfritt st\u00e5l genom stansning, utan svetsar, och har god vattent\u00e5lighet.<\/li>\n<li>Krets: Effektkretsen anv\u00e4nder nya OS-oscillatorer, med precisionskontroll av vibrationsfrekvens och feedbackinsamlingsfunktion, vilket g\u00f6r ultraljudsutg\u00e5ngen mer stabil och p\u00e5litlig.<\/li>\n<li>Ultraljudstransducer: Ultraljudstransducern anv\u00e4nder en helaluminiumstruktur med l\u00e4ngre livsl\u00e4ngd, minskar uppv\u00e4rmning och ger stabil utg\u00e5ng.<\/li>\n<\/ol>\n","protected":false},"featured_media":23715,"comment_status":"closed","ping_status":"closed","template":"","meta":[],"product_brand":[],"product_cat":[5959],"product_tag":[],"class_list":{"0":"post-65626","1":"product","2":"type-product","3":"status-publish","4":"has-post-thumbnail","6":"product_cat-big-ultrasonic-cleaning-machine-sv","8":"first","9":"instock","10":"shipping-taxable","11":"product-type-external","12":"prodpage-classic"},"aioseo_notices":[],"_links":{"self":[{"href":"https:\/\/www.bjultrasonic.com\/sv\/wp-json\/wp\/v2\/product\/65626","targetHints":{"allow":["GET"]}}],"collection":[{"href":"https:\/\/www.bjultrasonic.com\/sv\/wp-json\/wp\/v2\/product"}],"about":[{"href":"https:\/\/www.bjultrasonic.com\/sv\/wp-json\/wp\/v2\/types\/product"}],"replies":[{"embeddable":true,"href":"https:\/\/www.bjultrasonic.com\/sv\/wp-json\/wp\/v2\/comments?post=65626"}],"wp:featuredmedia":[{"embeddable":true,"href":"https:\/\/www.bjultrasonic.com\/sv\/wp-json\/wp\/v2\/media\/23715"}],"wp:attachment":[{"href":"https:\/\/www.bjultrasonic.com\/sv\/wp-json\/wp\/v2\/media?parent=65626"}],"wp:term":[{"taxonomy":"product_brand","embeddable":true,"href":"https:\/\/www.bjultrasonic.com\/sv\/wp-json\/wp\/v2\/product_brand?post=65626"},{"taxonomy":"product_cat","embeddable":true,"href":"https:\/\/www.bjultrasonic.com\/sv\/wp-json\/wp\/v2\/product_cat?post=65626"},{"taxonomy":"product_tag","embeddable":true,"href":"https:\/\/www.bjultrasonic.com\/sv\/wp-json\/wp\/v2\/product_tag?post=65626"}],"curies":[{"name":"wp","href":"https:\/\/api.w.org\/{rel}","templated":true}]}}