{"id":65826,"date":"2018-12-17T06:32:26","date_gmt":"2018-12-17T11:32:26","guid":{"rendered":"https:\/\/www.bjultrasonic.com\/shop\/1-3l-mechanical-ultrasonic-cleaner-with-time-and-temperature-control\/"},"modified":"2026-03-28T20:53:19","modified_gmt":"2026-03-29T01:53:19","slug":"1-3l-mechanical-ultrasonic-cleaner-with-time-and-temperature-control","status":"publish","type":"product","link":"https:\/\/www.bjultrasonic.com\/sv\/shop\/1-3l-mechanical-ultrasonic-cleaner-with-time-and-temperature-control\/","title":{"rendered":"1,3L mekanisk ultraljudsreng\u00f6rare med tids- och temperaturkontroll"},"content":{"rendered":"<table class=\"table table-striped table-bordered\">\n<tbody>\n<tr>\n<td width=\"293\">\n<p>Typ<\/p>\n<\/td>\n<td width=\"356\">\n<p>BJUCMTH1.3<\/p>\n<\/td>\n<\/tr>\n<tr>\n<td width=\"293\">\n<p>Tankkapacitet<\/p>\n<\/td>\n<td width=\"356\">\n<p>1.3L<\/p>\n<\/td>\n<\/tr>\n<tr>\n<td width=\"293\">\n<p>Ultrasonisk effekt<\/p>\n<\/td>\n<td width=\"356\">\n<p>60W<\/p>\n<\/td>\n<\/tr>\n<tr>\n<td width=\"293\">\n<p>Frekvens<\/p>\n<\/td>\n<td width=\"356\">\n<p>40KHz<\/p>\n<\/td>\n<\/tr>\n<tr>\n<td width=\"293\">\n<p>V\u00e4rmeeffekt<\/p>\n<\/td>\n<td width=\"356\">\n<p>50w<\/p>\n<\/td>\n<\/tr>\n<tr>\n<td width=\"293\">\n<p>Tankstorlek (mm)<\/p>\n<\/td>\n<td width=\"356\">\n<p>150*140*65(L*B*H)<\/p>\n<\/td>\n<\/tr>\n<tr>\n<td width=\"293\">\n<p>Maskinstorlek (mm)<\/p>\n<\/td>\n<td width=\"356\">\n<p>180*170*140(L*B*H)<\/p>\n<\/td>\n<\/tr>\n<tr>\n<td width=\"293\">\n<p>Sp\u00e4nning<\/p>\n<\/td>\n<td width=\"356\">\n<p>110VAC\u2014240VAC<\/p>\n<\/td>\n<\/tr>\n<tr>\n<td width=\"293\">\n<p>Tidur<\/p>\n<\/td>\n<td width=\"356\">\n<p>0-30min<\/p>\n<\/td>\n<\/tr>\n<tr>\n<td width=\"293\">\n<p>Temperatur<\/p>\n<\/td>\n<td width=\"356\">\n<p>&lt; 80 grader C<\/p>\n<\/td>\n<\/tr>\n<tr>\n<td width=\"293\">\n<p>Lock<\/p>\n<\/td>\n<td width=\"356\">\n<p>Ja<\/p>\n<\/td>\n<\/tr>\n<tr>\n<td width=\"293\">\n<p>Avlopp<\/p>\n<\/td>\n<td width=\"356\">\n<p>NEJ<\/p>\n<\/td>\n<\/tr>\n<tr>\n<td width=\"293\">\n<p>Enhetsvikt<\/p>\n<\/td>\n<td width=\"356\">\n<p>2.5kg<\/p>\n<\/td>\n<\/tr>\n<\/tbody>\n<\/table>\n<h3>Funktioner<\/h3>\n<ul>\n<li>Tidur: 1-30 min justerbar.<\/li>\n<li>Temperatur: 20-80\u2103 justerbar.<\/li>\n<li>Material: Tank och maskin \u00e4r av rostfritt st\u00e5l.<\/li>\n<li>Produktf\u00f6rdelar: Reng\u00f6ringstank genom stansning, felfri svetsning.<\/li>\n<li>Komponentkvalitet: Anv\u00e4nder h\u00f6g kvalitet <a href=\"https:\/\/www.bjultrasonic.com\/sv\/category\/ultrasonic-transducer-sv\/\">ultraljudstransducer<\/a>. Stark effekt.<\/li>\n<li>H\u00f6g kvalitet p\u00e5 limningsprocessen. Limmer ultraljudstransducern med epoxylim.<\/li>\n<li>Drainagesystem: 6L och st\u00f6rre modeller \u00e4r f\u00f6rsedda med dr\u00e4neringskran.<\/li>\n<li>Kylsystem: 10L eller mer \u00e4r f\u00f6rsedda med h\u00f6gpresterande kylfl\u00e4kt.<\/li>\n<\/ul>\n<p><img loading=\"lazy\" decoding=\"async\" src=\"https:\/\/www.bjultrasonic.com\/wp-content\/uploads\/2018\/12\/Mechanical-Ultrasonic-Cleaner-With-Time-and-Temperature-Control-Package-2.jpg\" alt=\"Mekanisk ultraljudsrenare med tid- och temperaturkontrollpaket\" width=\"742\" height=\"309\" \/><\/p>\n","protected":false},"excerpt":{"rendered":"<p><a href=\"https:\/\/www.bjultrasonic.com\/sv\/category\/ultrasonic-cleaning-system-sv\/mechanical-ultrasonic-cleaner-sv\/\">Mekanisk ultraljudsreng\u00f6rare<\/a> tillverkad av Beijing Ultrasonic. Anv\u00e4nder h\u00f6gkvalitativa ultraljuds\u00f6verf\u00f6rare. Stark effekt.<\/p>\n","protected":false},"featured_media":20110,"comment_status":"open","ping_status":"closed","template":"","meta":[],"product_brand":[],"product_cat":[5975],"product_tag":[],"class_list":{"0":"post-65826","1":"product","2":"type-product","3":"status-publish","4":"has-post-thumbnail","6":"product_cat-mechanical-ultrasonic-cleaner-sv","8":"first","9":"instock","10":"shipping-taxable","11":"purchasable","12":"product-type-simple","13":"prodpage-classic"},"aioseo_notices":[],"_links":{"self":[{"href":"https:\/\/www.bjultrasonic.com\/sv\/wp-json\/wp\/v2\/product\/65826","targetHints":{"allow":["GET"]}}],"collection":[{"href":"https:\/\/www.bjultrasonic.com\/sv\/wp-json\/wp\/v2\/product"}],"about":[{"href":"https:\/\/www.bjultrasonic.com\/sv\/wp-json\/wp\/v2\/types\/product"}],"replies":[{"embeddable":true,"href":"https:\/\/www.bjultrasonic.com\/sv\/wp-json\/wp\/v2\/comments?post=65826"}],"wp:featuredmedia":[{"embeddable":true,"href":"https:\/\/www.bjultrasonic.com\/sv\/wp-json\/wp\/v2\/media\/20110"}],"wp:attachment":[{"href":"https:\/\/www.bjultrasonic.com\/sv\/wp-json\/wp\/v2\/media?parent=65826"}],"wp:term":[{"taxonomy":"product_brand","embeddable":true,"href":"https:\/\/www.bjultrasonic.com\/sv\/wp-json\/wp\/v2\/product_brand?post=65826"},{"taxonomy":"product_cat","embeddable":true,"href":"https:\/\/www.bjultrasonic.com\/sv\/wp-json\/wp\/v2\/product_cat?post=65826"},{"taxonomy":"product_tag","embeddable":true,"href":"https:\/\/www.bjultrasonic.com\/sv\/wp-json\/wp\/v2\/product_tag?post=65826"}],"curies":[{"name":"wp","href":"https:\/\/api.w.org\/{rel}","templated":true}]}}