{"id":65846,"date":"2018-12-17T06:18:56","date_gmt":"2018-12-17T11:18:56","guid":{"rendered":"https:\/\/www.bjultrasonic.com\/shop\/1-3l-mechanical-ultrasonic-cleaner-with-time-control\/"},"modified":"2026-03-28T20:53:18","modified_gmt":"2026-03-29T01:53:18","slug":"1-3l-mechanical-ultrasonic-cleaner-with-time-control","status":"publish","type":"product","link":"https:\/\/www.bjultrasonic.com\/sv\/shop\/1-3l-mechanical-ultrasonic-cleaner-with-time-control\/","title":{"rendered":"1,3L Mekanisk Ultrasonic Cleaner Med Tidskontroll"},"content":{"rendered":"<table class=\"table table-striped table-bordered\">\n<tbody>\n<tr>\n<td width=\"293\">Typ<\/td>\n<td width=\"356\">BJUCMT1.3<\/td>\n<\/tr>\n<tr>\n<td width=\"293\">Tankkapacitet<\/td>\n<td width=\"356\">1,3L<\/td>\n<\/tr>\n<tr>\n<td width=\"293\">Ultrasonisk effekt<\/td>\n<td width=\"356\">60W<\/td>\n<\/tr>\n<tr>\n<td width=\"293\">Frekvens<\/td>\n<td width=\"356\">40KHz<\/td>\n<\/tr>\n<tr>\n<td width=\"293\">Tankstorlek (mm)<\/td>\n<td width=\"356\">150*140*65(L*B*H)<\/td>\n<\/tr>\n<tr>\n<td width=\"293\">Maskinstorlek (mm)<\/td>\n<td width=\"356\">180*170*140(L*B*H)<\/td>\n<\/tr>\n<tr>\n<td width=\"293\">Sp\u00e4nning<\/td>\n<td width=\"356\">110VAC\u2014240VAC<\/td>\n<\/tr>\n<tr>\n<td width=\"293\">Timer<\/td>\n<td width=\"356\">0-30min<\/td>\n<\/tr>\n<tr>\n<td width=\"293\">Lock<\/td>\n<td width=\"356\">Ja<\/td>\n<\/tr>\n<tr>\n<td width=\"293\">Avlopp<\/td>\n<td width=\"356\">NEJ<\/td>\n<\/tr>\n<tr>\n<td width=\"293\">Enhetsvikt<\/td>\n<td width=\"356\">2,5kg<\/td>\n<\/tr>\n<\/tbody>\n<\/table>\n<h3>Funktioner<\/h3>\n<ul>\n<li>Timer: Justerbar 1-30 minuter.<\/li>\n<li>Material: Tank och maskin \u00e4r av rostfritt st\u00e5l.<\/li>\n<li>Produktf\u00f6rdelar: Ren tank genom stansning, felfri svetsning.<\/li>\n<li>Komponentkvalitet: Anv\u00e4nder h\u00f6g kvalitet <a href=\"https:\/\/www.bjultrasonic.com\/sv\/category\/ultrasonic-transducer-sv\/\">ultraljudstransducer<\/a>. Stark effekt.<\/li>\n<li>H\u00f6g kvalitet p\u00e5 limningsprocessen. Limma ultraljudstransducern med epoxylim.<\/li>\n<li>Drainagesystem: 6L och st\u00f6rre modeller \u00e4r f\u00f6rsedda med dr\u00e4neringskula.<\/li>\n<li>Kylsystem: 10L eller mer \u00e4r f\u00f6rsedda med h\u00f6gpresterande kylfl\u00e4kt.<\/li>\n<\/ul>\n<p><img loading=\"lazy\" decoding=\"async\" src=\"https:\/\/www.bjultrasonic.com\/wp-content\/uploads\/2018\/12\/Mechanical-Ultrasonic-Cleaner-With-Time-Control-Package-1.jpg\" alt=\"Mekanisk ultraljudsrenare med tidskontrollpaket\" width=\"742\" height=\"324\" \/><\/p>\n","protected":false},"excerpt":{"rendered":"<p><a href=\"https:\/\/www.bjultrasonic.com\/sv\/category\/ultrasonic-cleaning-system-sv\/mechanical-ultrasonic-cleaner-sv\/\">Mekanisk ultraljudsrenare<\/a> tillverkad av Beijing Ultrasonic. Anv\u00e4nder h\u00f6gkvalitativa ultraljudsaktorer. Stark effekt.<\/p>\n","protected":false},"featured_media":20027,"comment_status":"open","ping_status":"closed","template":"","meta":[],"product_brand":[],"product_cat":[5975],"product_tag":[],"class_list":{"0":"post-65846","1":"product","2":"type-product","3":"status-publish","4":"has-post-thumbnail","6":"product_cat-mechanical-ultrasonic-cleaner-sv","8":"first","9":"instock","10":"shipping-taxable","11":"purchasable","12":"product-type-simple","13":"prodpage-classic"},"aioseo_notices":[],"_links":{"self":[{"href":"https:\/\/www.bjultrasonic.com\/sv\/wp-json\/wp\/v2\/product\/65846","targetHints":{"allow":["GET"]}}],"collection":[{"href":"https:\/\/www.bjultrasonic.com\/sv\/wp-json\/wp\/v2\/product"}],"about":[{"href":"https:\/\/www.bjultrasonic.com\/sv\/wp-json\/wp\/v2\/types\/product"}],"replies":[{"embeddable":true,"href":"https:\/\/www.bjultrasonic.com\/sv\/wp-json\/wp\/v2\/comments?post=65846"}],"wp:featuredmedia":[{"embeddable":true,"href":"https:\/\/www.bjultrasonic.com\/sv\/wp-json\/wp\/v2\/media\/20027"}],"wp:attachment":[{"href":"https:\/\/www.bjultrasonic.com\/sv\/wp-json\/wp\/v2\/media?parent=65846"}],"wp:term":[{"taxonomy":"product_brand","embeddable":true,"href":"https:\/\/www.bjultrasonic.com\/sv\/wp-json\/wp\/v2\/product_brand?post=65846"},{"taxonomy":"product_cat","embeddable":true,"href":"https:\/\/www.bjultrasonic.com\/sv\/wp-json\/wp\/v2\/product_cat?post=65846"},{"taxonomy":"product_tag","embeddable":true,"href":"https:\/\/www.bjultrasonic.com\/sv\/wp-json\/wp\/v2\/product_tag?post=65846"}],"curies":[{"name":"wp","href":"https:\/\/api.w.org\/{rel}","templated":true}]}}