{"id":65906,"date":"2018-12-17T06:10:58","date_gmt":"2018-12-17T11:10:58","guid":{"rendered":"https:\/\/www.bjultrasonic.com\/shop\/2l-mechanical-ultrasonic-cleaner-with-time-control\/"},"modified":"2026-03-28T20:52:49","modified_gmt":"2026-03-29T01:52:49","slug":"2l-mechanical-ultrasonic-cleaner-with-time-control","status":"publish","type":"product","link":"https:\/\/www.bjultrasonic.com\/sv\/shop\/2l-mechanical-ultrasonic-cleaner-with-time-control\/","title":{"rendered":"2L Mekanisk Ultraljudsreng\u00f6rare Med Tidskontroll"},"content":{"rendered":"<table class=\"table table-striped table-bordered\">\n<tbody>\n<tr>\n<td width=\"284\">\n<p>Typ<\/p>\n<\/td>\n<td width=\"284\">\n<p>BJUCMT2<\/p>\n<\/td>\n<\/tr>\n<tr>\n<td width=\"284\">\n<p>Tankkapacitet<\/p>\n<\/td>\n<td width=\"284\">\n<p>2L<\/p>\n<\/td>\n<\/tr>\n<tr>\n<td width=\"284\">\n<p>Ultraljudseffekt<\/p>\n<\/td>\n<td width=\"284\">\n<p>80W<\/p>\n<\/td>\n<\/tr>\n<tr>\n<td width=\"284\">\n<p>Frekvens<\/p>\n<\/td>\n<td width=\"284\">\n<p>40KHZ<\/p>\n<\/td>\n<\/tr>\n<tr>\n<td width=\"284\">\n<p>Tidinst\u00e4llning<\/p>\n<\/td>\n<td width=\"284\">\n<p>0-30 min<\/p>\n<\/td>\n<\/tr>\n<tr>\n<td width=\"284\">\n<p>Temperatur<\/p>\n<\/td>\n<td width=\"284\">\n<p>&lt; 80\u00b0C<\/p>\n<\/td>\n<\/tr>\n<tr>\n<td width=\"284\">\n<p>Tankstorlek<\/p>\n<\/td>\n<td width=\"284\">\n<p>150*140*100 mm L*B*H<\/p>\n<\/td>\n<\/tr>\n<tr>\n<td width=\"284\">\n<p>Maskinstorlek<\/p>\n<\/td>\n<td width=\"284\">\n<p>180*170*180 mm L*B*H<\/p>\n<\/td>\n<\/tr>\n<tr>\n<td width=\"284\">\n<p>Avlopp<\/p>\n<\/td>\n<td width=\"284\">\n<p>EJ<\/p>\n<\/td>\n<\/tr>\n<tr>\n<td width=\"284\">\n<p>Lock<\/p>\n<\/td>\n<td width=\"284\">\n<p>Ja<\/p>\n<\/td>\n<\/tr>\n<tr>\n<td width=\"284\">\n<p>Enhetsvikt<\/p>\n<\/td>\n<td width=\"284\">\n<p>3kg<\/p>\n<\/td>\n<\/tr>\n<\/tbody>\n<\/table>\n<h3>Funktioner<\/h3>\n<ul>\n<li>Tidinst\u00e4llning: Justerbar 1-30 min.<\/li>\n<li>Material: Tank och maskin \u00e4r av rostfritt st\u00e5l.<\/li>\n<li>Produktf\u00f6rdelar: Tanken rengjord genom stansning, felfri svetsning.<\/li>\n<li>Komponentkvalitet: Anv\u00e4nder h\u00f6g kvalitet <a href=\"https:\/\/www.bjultrasonic.com\/sv\/category\/ultrasonic-transducer-sv\/\">ultraljudstransducer<\/a>. Stark effekt.<\/li>\n<li>H\u00f6g kvalitet p\u00e5 limningsprocessen. Ultraljudstransducern f\u00e4sts med epoxylim.<\/li>\n<li>Dr\u00e4neringssystem: Modeller p\u00e5 6L och upp\u00e5t \u00e4r f\u00f6rsedda med dr\u00e4neringskula.<\/li>\n<li>Kylsystem: 10L eller mer \u00e4r f\u00f6rsedda med h\u00f6gpresterande kylfl\u00e4kt.<\/li>\n<\/ul>\n<p><img loading=\"lazy\" decoding=\"async\" src=\"https:\/\/www.bjultrasonic.com\/wp-content\/uploads\/2018\/12\/Mechanical-Ultrasonic-Cleaner-With-Time-Control-Package-1.jpg\" alt=\"Mekanisk ultraljudsreng\u00f6rare med tidsinst\u00e4llning Paket\" width=\"742\" height=\"324\" \/><\/p>\n","protected":false},"excerpt":{"rendered":"<p><a href=\"https:\/\/www.bjultrasonic.com\/sv\/category\/ultrasonic-cleaning-system-sv\/mechanical-ultrasonic-cleaner-sv\/\">Mekanisk ultraljudsreng\u00f6rare<\/a> tillverkad av Beijing Ultrasonic. Anv\u00e4nder h\u00f6g kvalitet ultraljudstransducer. Stark effekt.<\/p>\n","protected":false},"featured_media":20031,"comment_status":"open","ping_status":"closed","template":"","meta":[],"product_brand":[],"product_cat":[5975],"product_tag":[],"class_list":{"0":"post-65906","1":"product","2":"type-product","3":"status-publish","4":"has-post-thumbnail","6":"product_cat-mechanical-ultrasonic-cleaner-sv","8":"first","9":"instock","10":"shipping-taxable","11":"purchasable","12":"product-type-simple","13":"prodpage-classic"},"aioseo_notices":[],"_links":{"self":[{"href":"https:\/\/www.bjultrasonic.com\/sv\/wp-json\/wp\/v2\/product\/65906","targetHints":{"allow":["GET"]}}],"collection":[{"href":"https:\/\/www.bjultrasonic.com\/sv\/wp-json\/wp\/v2\/product"}],"about":[{"href":"https:\/\/www.bjultrasonic.com\/sv\/wp-json\/wp\/v2\/types\/product"}],"replies":[{"embeddable":true,"href":"https:\/\/www.bjultrasonic.com\/sv\/wp-json\/wp\/v2\/comments?post=65906"}],"wp:featuredmedia":[{"embeddable":true,"href":"https:\/\/www.bjultrasonic.com\/sv\/wp-json\/wp\/v2\/media\/20031"}],"wp:attachment":[{"href":"https:\/\/www.bjultrasonic.com\/sv\/wp-json\/wp\/v2\/media?parent=65906"}],"wp:term":[{"taxonomy":"product_brand","embeddable":true,"href":"https:\/\/www.bjultrasonic.com\/sv\/wp-json\/wp\/v2\/product_brand?post=65906"},{"taxonomy":"product_cat","embeddable":true,"href":"https:\/\/www.bjultrasonic.com\/sv\/wp-json\/wp\/v2\/product_cat?post=65906"},{"taxonomy":"product_tag","embeddable":true,"href":"https:\/\/www.bjultrasonic.com\/sv\/wp-json\/wp\/v2\/product_tag?post=65906"}],"curies":[{"name":"wp","href":"https:\/\/api.w.org\/{rel}","templated":true}]}}