{"id":66206,"date":"2018-12-17T04:12:01","date_gmt":"2018-12-17T09:12:01","guid":{"rendered":"https:\/\/www.bjultrasonic.com\/shop\/2l-40khz-ultrasonic-cleaner\/"},"modified":"2026-03-28T20:50:06","modified_gmt":"2026-03-29T01:50:06","slug":"2l-40khz-ultrasonic-cleaner","status":"publish","type":"product","link":"https:\/\/www.bjultrasonic.com\/sv\/shop\/2l-40khz-ultrasonic-cleaner\/","title":{"rendered":"2L 40kHz Digital Ultrasonic Cleaner Med Tid- Och Temperaturkontroll"},"content":{"rendered":"<table class=\"table table-striped table-bordered\">\n<tbody>\n<tr>\n<td width=\"284\">\n<p>Typ<\/p>\n<\/td>\n<td width=\"284\">\n<p>BJUCDTH2<\/p>\n<\/td>\n<\/tr>\n<tr>\n<td width=\"284\">\n<p>Tankkapacitet<\/p>\n<\/td>\n<td width=\"284\">\n<p>2L<\/p>\n<\/td>\n<\/tr>\n<tr>\n<td width=\"284\">\n<p>Ultrasoneffekt<\/p>\n<\/td>\n<td width=\"284\">\n<p>80W<\/p>\n<\/td>\n<\/tr>\n<tr>\n<td width=\"284\">\n<p>V\u00e4rmeeffekt<\/p>\n<\/td>\n<td width=\"284\">\n<p>50W<\/p>\n<\/td>\n<\/tr>\n<tr>\n<td width=\"284\">\n<p>Frekvens<\/p>\n<\/td>\n<td width=\"284\">\n<p>40KHZ<\/p>\n<\/td>\n<\/tr>\n<tr>\n<td width=\"284\">\n<p>Tidinst\u00e4llning<\/p>\n<\/td>\n<td width=\"284\">\n<p>0-30 min<\/p>\n<\/td>\n<\/tr>\n<tr>\n<td width=\"284\">\n<p>Temperatur<\/p>\n<\/td>\n<td width=\"284\">\n<p>&lt; 80\u00b0C<\/p>\n<\/td>\n<\/tr>\n<tr>\n<td width=\"284\">\n<p>Tankstorlek<\/p>\n<\/td>\n<td width=\"284\">\n<p>150*140*100 mm L*B*H<\/p>\n<\/td>\n<\/tr>\n<tr>\n<td width=\"284\">\n<p>Maskinstorlek<\/p>\n<\/td>\n<td width=\"284\">\n<p>180*170*180 mm L*B*H<\/p>\n<\/td>\n<\/tr>\n<tr>\n<td width=\"284\">\n<p>Avlopp<\/p>\n<\/td>\n<td width=\"284\">\n<p>EJ<\/p>\n<\/td>\n<\/tr>\n<tr>\n<td width=\"284\">\n<p>Lock<\/p>\n<\/td>\n<td width=\"284\">\n<p>Ja<\/p>\n<\/td>\n<\/tr>\n<tr>\n<td width=\"284\">\n<p>Enhetsvikt<\/p>\n<\/td>\n<td width=\"284\">\n<p>3kg<\/p>\n<\/td>\n<\/tr>\n<\/tbody>\n<\/table>\n<h3>Funktion<\/h3>\n<ul>\n<li>Tidinst\u00e4llning: Justerbar 1-30 min.<\/li>\n<li>Temperatur: Justerbar 20-80\u2103\uff1b<\/li>\n<li>Displaypanel: Visar arbetstid och temperatur.<\/li>\n<li>Material: Tank och maskin \u00e4r av rostfritt st\u00e5l.<\/li>\n<li>Produktf\u00f6rdelar: Tanken rengjord genom stansning, felfri svetsning.<\/li>\n<li>Komponentkvalitet: Anv\u00e4nder h\u00f6g kvalitet <a href=\"https:\/\/www.bjultrasonic.com\/sv\/category\/ultrasonic-transducer-sv\/\">ultraljudstransducer<\/a>. Stark effekt.<\/li>\n<li>H\u00f6g kvalitet p\u00e5 limningsprocessen. Ultraljudstransducern limmas med epoxylim.<\/li>\n<li>Dr\u00e4neringssystem: 6L och st\u00f6rre modeller har installerad dr\u00e4neringskulspruta.<\/li>\n<li>Kylsystem: 10L eller mer har installerad h\u00f6gpresterande kylfl\u00e4kt.<\/li>\n<\/ul>\n<p><img loading=\"lazy\" decoding=\"async\" src=\"https:\/\/www.bjultrasonic.com\/wp-content\/uploads\/2018\/12\/40kHz-Digital-Ultrasonic-Cleaner-Package-2.jpg\" alt=\"40kHz Digital Ultrasonic Cleaner Package\" width=\"742\" height=\"315\" \/><\/p>\n","protected":false},"excerpt":{"rendered":"<p><a href=\"https:\/\/www.bjultrasonic.com\/sv\/category\/ultrasonic-cleaning-system-sv\/digital-ultrasonic-cleaner-sv\/\">40 kHz digital ultraljudsreng\u00f6rare<\/a> med tid- och temperaturkontroll.<\/p>\n","protected":false},"featured_media":19959,"comment_status":"open","ping_status":"closed","template":"","meta":[],"product_brand":[],"product_cat":[5850],"product_tag":[],"class_list":{"0":"post-66206","1":"product","2":"type-product","3":"status-publish","4":"has-post-thumbnail","6":"product_cat-digital-ultrasonic-cleaner-sv","8":"first","9":"instock","10":"shipping-taxable","11":"purchasable","12":"product-type-simple","13":"prodpage-classic"},"aioseo_notices":[],"_links":{"self":[{"href":"https:\/\/www.bjultrasonic.com\/sv\/wp-json\/wp\/v2\/product\/66206","targetHints":{"allow":["GET"]}}],"collection":[{"href":"https:\/\/www.bjultrasonic.com\/sv\/wp-json\/wp\/v2\/product"}],"about":[{"href":"https:\/\/www.bjultrasonic.com\/sv\/wp-json\/wp\/v2\/types\/product"}],"replies":[{"embeddable":true,"href":"https:\/\/www.bjultrasonic.com\/sv\/wp-json\/wp\/v2\/comments?post=66206"}],"wp:featuredmedia":[{"embeddable":true,"href":"https:\/\/www.bjultrasonic.com\/sv\/wp-json\/wp\/v2\/media\/19959"}],"wp:attachment":[{"href":"https:\/\/www.bjultrasonic.com\/sv\/wp-json\/wp\/v2\/media?parent=66206"}],"wp:term":[{"taxonomy":"product_brand","embeddable":true,"href":"https:\/\/www.bjultrasonic.com\/sv\/wp-json\/wp\/v2\/product_brand?post=66206"},{"taxonomy":"product_cat","embeddable":true,"href":"https:\/\/www.bjultrasonic.com\/sv\/wp-json\/wp\/v2\/product_cat?post=66206"},{"taxonomy":"product_tag","embeddable":true,"href":"https:\/\/www.bjultrasonic.com\/sv\/wp-json\/wp\/v2\/product_tag?post=66206"}],"curies":[{"name":"wp","href":"https:\/\/api.w.org\/{rel}","templated":true}]}}