{"id":66346,"date":"2018-12-11T03:49:46","date_gmt":"2018-12-11T08:49:46","guid":{"rendered":"https:\/\/www.bjultrasonic.com\/shop\/22l-dual-frequency-ultrasonic-cleaner\/"},"modified":"2026-03-28T20:48:48","modified_gmt":"2026-03-29T01:48:48","slug":"22l-dual-frequency-ultrasonic-cleaner","status":"publish","type":"product","link":"https:\/\/www.bjultrasonic.com\/sv\/shop\/22l-dual-frequency-ultrasonic-cleaner\/","title":{"rendered":"22L 28kHz och 40kHz Dubbelfrekvens Digital Ultraljudsreng\u00f6rare Med Tids- &#038; Temperaturkontroll"},"content":{"rendered":"<table class=\"table table-striped table-bordered\">\n<tbody>\n<tr>\n<td width=\"284\">\n<p>Typ<\/p>\n<\/td>\n<td width=\"284\">\n<p>BJUCDTHD22<\/p>\n<\/td>\n<\/tr>\n<tr>\n<td width=\"284\">\n<p>Tankkapacitet<\/p>\n<\/td>\n<td width=\"284\">\n<p>22L<\/p>\n<\/td>\n<\/tr>\n<tr>\n<td width=\"284\">\n<p>Ultrasonisk effekt<\/p>\n<\/td>\n<td width=\"284\">\n<p>480W<\/p>\n<\/td>\n<\/tr>\n<tr>\n<td width=\"284\">\n<p>V\u00e4rmeeffekt<\/p>\n<\/td>\n<td width=\"284\">\n<p>600W<\/p>\n<\/td>\n<\/tr>\n<tr>\n<td width=\"284\">\n<p>Frekvens<\/p>\n<\/td>\n<td width=\"284\">\n<p>28 kHz och 40 kHz<\/p>\n<\/td>\n<\/tr>\n<tr>\n<td width=\"284\">\n<p>Tidinst\u00e4llning<\/p>\n<\/td>\n<td width=\"284\">\n<p>0-30 min<\/p>\n<\/td>\n<\/tr>\n<tr>\n<td width=\"284\">\n<p>Temperatur<\/p>\n<\/td>\n<td width=\"284\">\n<p>&lt; 80 \u00b0C<\/p>\n<\/td>\n<\/tr>\n<tr>\n<td width=\"284\">\n<p>Tankstorlek<\/p>\n<\/td>\n<td width=\"284\">\n<p>500*300*150 mm L*B*H<\/p>\n<\/td>\n<\/tr>\n<tr>\n<td width=\"284\">\n<p>Maskinstorlek<\/p>\n<\/td>\n<td width=\"284\">\n<p>550*330*310 mm L*B*H<\/p>\n<\/td>\n<\/tr>\n<tr>\n<td width=\"284\">\n<p>Avlopp<\/p>\n<\/td>\n<td width=\"284\">\n<p>Finns<\/p>\n<\/td>\n<\/tr>\n<tr>\n<td width=\"284\">\n<p>Lock<\/p>\n<\/td>\n<td width=\"284\">\n<p>Finns<\/p>\n<\/td>\n<\/tr>\n<tr>\n<td width=\"284\">\n<p>Enhetsvikt<\/p>\n<\/td>\n<td width=\"284\">\n<p>14 kg<\/p>\n<\/td>\n<\/tr>\n<\/tbody>\n<\/table>\n<h3>Huvudfunktioner<\/h3>\n<ul>\n<li>Tidinst\u00e4llning: Justering 1-30 min.<\/li>\n<li>Temperatur: Justering 20-80\u2103.<\/li>\n<li>Displaypanel: Visar arbetstid och temperatur.<\/li>\n<li>Material: Tank och maskin \u00e4r helt i rostfritt st\u00e5l.<\/li>\n<li>Produktf\u00f6rdelar: Reng\u00f6ringstank genom stansning, felfri svetsning.<\/li>\n<li>Komponentkvalitet: Anv\u00e4nder h\u00f6gkvalitativa <a href=\"https:\/\/www.bjultrasonic.com\/sv\/category\/ultrasonic-transducer-sv\/\">ultraljudstransducerare<\/a>. Stark effekt.<\/li>\n<li>H\u00f6g kvalitet p\u00e5 limningsprocessen. Ultrasonisk transducer f\u00e4sts med epoxylim.<\/li>\n<li>Drainagesystem: Modeller p\u00e5 6 liter och upp\u00e5t \u00e4r f\u00f6rsedda med dr\u00e4neringskran.<\/li>\n<li>Kylsystem: 10L eller mer \u00e4r f\u00f6rsedda med h\u00f6gpresterande kylfl\u00e4kt.<\/li>\n<\/ul>\n<p><img loading=\"lazy\" decoding=\"async\" src=\"https:\/\/www.bjultrasonic.com\/wp-content\/uploads\/2018\/12\/Dual-Frequency-Ultrasonic-Cleaner-Package-2.jpg\" alt=\"Dubbelfrekvens ultraljudsrenare f\u00f6rpackning\" width=\"600\" height=\"868\" \/><\/p>\n","protected":false},"excerpt":{"rendered":"<p><a href=\"https:\/\/www.bjultrasonic.com\/sv\/category\/ultrasonic-cleaning-system-sv\/dual-frequency-ultrasonic-cleaner-sv\/\">Dubbelfrekvens digital ultraljudsreng\u00f6rare<\/a> med tid- och temperaturkontroll.<\/p>\n","protected":false},"featured_media":19845,"comment_status":"open","ping_status":"closed","template":"","meta":[],"product_brand":[],"product_cat":[5919],"product_tag":[],"class_list":{"0":"post-66346","1":"product","2":"type-product","3":"status-publish","4":"has-post-thumbnail","6":"product_cat-dual-frequency-ultrasonic-cleaner-sv","8":"first","9":"instock","10":"shipping-taxable","11":"purchasable","12":"product-type-simple","13":"prodpage-classic"},"aioseo_notices":[],"_links":{"self":[{"href":"https:\/\/www.bjultrasonic.com\/sv\/wp-json\/wp\/v2\/product\/66346","targetHints":{"allow":["GET"]}}],"collection":[{"href":"https:\/\/www.bjultrasonic.com\/sv\/wp-json\/wp\/v2\/product"}],"about":[{"href":"https:\/\/www.bjultrasonic.com\/sv\/wp-json\/wp\/v2\/types\/product"}],"replies":[{"embeddable":true,"href":"https:\/\/www.bjultrasonic.com\/sv\/wp-json\/wp\/v2\/comments?post=66346"}],"wp:featuredmedia":[{"embeddable":true,"href":"https:\/\/www.bjultrasonic.com\/sv\/wp-json\/wp\/v2\/media\/19845"}],"wp:attachment":[{"href":"https:\/\/www.bjultrasonic.com\/sv\/wp-json\/wp\/v2\/media?parent=66346"}],"wp:term":[{"taxonomy":"product_brand","embeddable":true,"href":"https:\/\/www.bjultrasonic.com\/sv\/wp-json\/wp\/v2\/product_brand?post=66346"},{"taxonomy":"product_cat","embeddable":true,"href":"https:\/\/www.bjultrasonic.com\/sv\/wp-json\/wp\/v2\/product_cat?post=66346"},{"taxonomy":"product_tag","embeddable":true,"href":"https:\/\/www.bjultrasonic.com\/sv\/wp-json\/wp\/v2\/product_tag?post=66346"}],"curies":[{"name":"wp","href":"https:\/\/api.w.org\/{rel}","templated":true}]}}