{"id":66526,"date":"2018-12-11T02:38:54","date_gmt":"2018-12-11T07:38:54","guid":{"rendered":"https:\/\/www.bjultrasonic.com\/shop\/38l-120khz-ultrasonic-cleaner\/"},"modified":"2026-03-28T20:47:01","modified_gmt":"2026-03-29T01:47:01","slug":"38l-120khz-ultrasonic-cleaner","status":"publish","type":"product","link":"https:\/\/www.bjultrasonic.com\/sv\/shop\/38l-120khz-ultrasonic-cleaner\/","title":{"rendered":"38L 120kHz digital ultraljudsreng\u00f6rare med tid-, temperatur- och effektkontroll"},"content":{"rendered":"<table class=\"table table-striped table-bordered\">\n<tbody>\n<tr>\n<td width=\"284\">Typ<\/td>\n<td width=\"284\">BJUCDPTH238<\/td>\n<\/tr>\n<tr>\n<td width=\"284\">Tankkapacitet<\/td>\n<td width=\"284\">38L<\/td>\n<\/tr>\n<tr>\n<td width=\"284\">Ultraljudseffekt<\/td>\n<td width=\"284\">720W<\/td>\n<\/tr>\n<tr>\n<td width=\"284\">V\u00e4rmeeffekt<\/td>\n<td width=\"284\">1000W<\/td>\n<\/tr>\n<tr>\n<td width=\"284\">Frekvens<\/td>\n<td width=\"284\">120KHZ<\/td>\n<\/tr>\n<tr>\n<td width=\"284\">Timer<\/td>\n<td width=\"284\">0-30 min<\/td>\n<\/tr>\n<tr>\n<td width=\"284\">Temperatur<\/td>\n<td width=\"284\">&lt; 80 \u00b0C<\/td>\n<\/tr>\n<tr>\n<td width=\"284\">Tankstorlek<\/td>\n<td width=\"284\">500*300*250 mm L*B*H<\/td>\n<\/tr>\n<tr>\n<td width=\"284\">Maskinstorlek<\/td>\n<td width=\"284\">600*350*480 mm L*B*H<\/td>\n<\/tr>\n<tr>\n<td width=\"284\">Avlopp<\/td>\n<td width=\"284\">Ja<\/td>\n<\/tr>\n<tr>\n<td width=\"284\">Lock<\/td>\n<td width=\"284\">Ja<\/td>\n<\/tr>\n<tr>\n<td width=\"284\">Enhetsvikt<\/td>\n<td width=\"284\">45kg<\/td>\n<\/tr>\n<\/tbody>\n<\/table>\n<h3>Huvudfunktioner<\/h3>\n<ul>\n<li>Timer: Justering 1-30 min.<\/li>\n<li>Temperatur: Justering 20-80\u2103.<\/li>\n<li>Tid: Justering av temperatur och effekt.<\/li>\n<li>Displaypanel: Visar arbetstid och temperatur.<\/li>\n<li>Material: Tank och maskin \u00e4r helt i rostfritt st\u00e5l.<\/li>\n<li>Produktf\u00f6rdelar: Reng\u00f6ringstank genom stansning, felsvets.<\/li>\n<li>Komponentkvalitet: Anv\u00e4nder h\u00f6gkvalitativa ultraljudsomvandlare. Stark effekt.<\/li>\n<li>H\u00f6g kvalitet p\u00e5 f\u00f6rbindningsprocessen. Ultraljudsomvandlarna f\u00e4sts med epoxylim.<\/li>\n<li>Kylsystem: 10L eller mer \u00e4r utrustade med h\u00f6gpresterande kylfl\u00e4kt.<\/li>\n<\/ul>\n<p><img loading=\"lazy\" decoding=\"async\" src=\"https:\/\/www.bjultrasonic.com\/wp-content\/uploads\/2018\/12\/120kHz-Ultrasonic-Cleaner-Package.jpg\" alt=\"120kHz Ultraljudsreng\u00f6ringspaket\" width=\"600\" height=\"863\" \/><\/p>\n","protected":false},"excerpt":{"rendered":"<p><a href=\"https:\/\/www.bjultrasonic.com\/sv\/category\/ultrasonic-cleaning-system-sv\/120khz-ultrasonic-cleaner-sv\/\">120kHz digital ultraljudsreng\u00f6rare<\/a> med tid-, temperatur- och effektkontroll.<\/p>\n","protected":false},"featured_media":19763,"comment_status":"open","ping_status":"closed","template":"","meta":[],"product_brand":[],"product_cat":[5888],"product_tag":[],"class_list":{"0":"post-66526","1":"product","2":"type-product","3":"status-publish","4":"has-post-thumbnail","6":"product_cat-120khz-ultrasonic-cleaner-sv","8":"first","9":"instock","10":"shipping-taxable","11":"purchasable","12":"product-type-simple","13":"prodpage-classic"},"aioseo_notices":[],"_links":{"self":[{"href":"https:\/\/www.bjultrasonic.com\/sv\/wp-json\/wp\/v2\/product\/66526","targetHints":{"allow":["GET"]}}],"collection":[{"href":"https:\/\/www.bjultrasonic.com\/sv\/wp-json\/wp\/v2\/product"}],"about":[{"href":"https:\/\/www.bjultrasonic.com\/sv\/wp-json\/wp\/v2\/types\/product"}],"replies":[{"embeddable":true,"href":"https:\/\/www.bjultrasonic.com\/sv\/wp-json\/wp\/v2\/comments?post=66526"}],"wp:featuredmedia":[{"embeddable":true,"href":"https:\/\/www.bjultrasonic.com\/sv\/wp-json\/wp\/v2\/media\/19763"}],"wp:attachment":[{"href":"https:\/\/www.bjultrasonic.com\/sv\/wp-json\/wp\/v2\/media?parent=66526"}],"wp:term":[{"taxonomy":"product_brand","embeddable":true,"href":"https:\/\/www.bjultrasonic.com\/sv\/wp-json\/wp\/v2\/product_brand?post=66526"},{"taxonomy":"product_cat","embeddable":true,"href":"https:\/\/www.bjultrasonic.com\/sv\/wp-json\/wp\/v2\/product_cat?post=66526"},{"taxonomy":"product_tag","embeddable":true,"href":"https:\/\/www.bjultrasonic.com\/sv\/wp-json\/wp\/v2\/product_tag?post=66526"}],"curies":[{"name":"wp","href":"https:\/\/api.w.org\/{rel}","templated":true}]}}