{"id":66766,"date":"2018-12-09T21:33:22","date_gmt":"2018-12-10T02:33:22","guid":{"rendered":"https:\/\/www.bjultrasonic.com\/shop\/10l-80khz-ultrasonic-cleaner\/"},"modified":"2026-03-28T20:45:09","modified_gmt":"2026-03-29T01:45:09","slug":"10l-80khz-ultrasonic-cleaner","status":"publish","type":"product","link":"https:\/\/www.bjultrasonic.com\/sv\/shop\/10l-80khz-ultrasonic-cleaner\/","title":{"rendered":"10L 80kHz Digital Ultrasonic Cleaner Med Tids-, Temperatur- &#038; Effektkontroll"},"content":{"rendered":"<table class=\"table table-striped table-bordered\">\n<tbody>\n<tr>\n<td width=\"284\">Typ<\/td>\n<td width=\"284\">BJUCDPTH810<\/td>\n<\/tr>\n<tr>\n<td width=\"284\">Tankkapacitet<\/td>\n<td width=\"284\">10L<\/td>\n<\/tr>\n<tr>\n<td width=\"284\">Ultrasonisk effekt<\/td>\n<td width=\"284\">240W<\/td>\n<\/tr>\n<tr>\n<td width=\"284\">V\u00e4rmeeffekt<\/td>\n<td width=\"284\">500W<\/td>\n<\/tr>\n<tr>\n<td width=\"284\">Frekvens<\/td>\n<td width=\"284\">80KHZ<\/td>\n<\/tr>\n<tr>\n<td width=\"284\">Timer<\/td>\n<td width=\"284\">0-30 min<\/td>\n<\/tr>\n<tr>\n<td width=\"284\">Temperatur<\/td>\n<td width=\"284\">&lt; 80\u00b0C<\/td>\n<\/tr>\n<tr>\n<td width=\"284\">Tankstorlek<\/td>\n<td width=\"284\">300*240*150 mm L*B*H<\/td>\n<\/tr>\n<tr>\n<td width=\"284\">Maskinstorlek<\/td>\n<td width=\"284\">400*300*330 mm L*B*H<\/td>\n<\/tr>\n<tr>\n<td width=\"284\">Avlopp<\/td>\n<td width=\"284\">Ja<\/td>\n<\/tr>\n<tr>\n<td width=\"284\">Lock<\/td>\n<td width=\"284\">Ja<\/td>\n<\/tr>\n<tr>\n<td width=\"284\">Enhetsvikt<\/td>\n<td width=\"284\">13kg<\/td>\n<\/tr>\n<\/tbody>\n<\/table>\n<h3>Huvudfunktioner hos 80kHz ultraljudsreng\u00f6rare<\/h3>\n<ul>\n<li>Timer: Justering 1-30 min.<\/li>\n<li>Temperatur: Justering 20-80\u2103;<\/li>\n<li>Justering av tid, temperatur och effekt<\/li>\n<li>Displaypanel: Visar arbetstid och temperatur.<\/li>\n<li>Material: Tank och maskin \u00e4r tillverkade av rostfritt st\u00e5l.<\/li>\n<li>Produktf\u00f6rdelar: Reng\u00f6ringstanken \u00e4r gjord genom stansning, med felsvetsar.<\/li>\n<li>Komponentkvalitet: Anv\u00e4nder h\u00f6gkvalitativa ultraljudstransduktorer. Stark effekt.<\/li>\n<li>H\u00f6g kvalitet p\u00e5 limningsprocessen. Ultraljudstransduktorer limmas med epoxylim.<\/li>\n<li>Drainagesystem: Modeller p\u00e5 6 liter och upp\u00e5t \u00e4r utrustade med dr\u00e4neringskulventil.<\/li>\n<li>Kylsystem: 10L eller mer \u00e4r utrustade med h\u00f6gpresterande kylfl\u00e4kt.<\/li>\n<\/ul>\n<p><img loading=\"lazy\" decoding=\"async\" src=\"https:\/\/www.bjultrasonic.com\/wp-content\/uploads\/2018\/12\/80kHz-Ultrasonic-Cleaner-Package.jpg\" alt=\"80kHz Ultraljudsreng\u00f6rare\" width=\"600\" height=\"868\" \/><\/p>\n","protected":false},"excerpt":{"rendered":"<p><a href=\"https:\/\/www.bjultrasonic.com\/sv\/category\/ultrasonic-cleaning-system-sv\/80khz-ultrasonic-cleaner-sv\/\">80kHz digital ultraljudsreng\u00f6rare<\/a> med tids-, temperatur- &#038; effektreglering, anv\u00e4nds ofta f\u00f6r reng\u00f6ring av smycken, klockor, halsband, \u00f6rh\u00e4ngen, ringar, armband, mynt, klockband, glas\u00f6gon, solglas\u00f6gon, kontaktlinsaccessoarer, tandproteser, kammar, tandborstar, bordsserviser med mera.<\/p>\n","protected":false},"featured_media":19678,"comment_status":"open","ping_status":"closed","template":"","meta":[],"product_brand":[],"product_cat":[5870],"product_tag":[],"class_list":{"0":"post-66766","1":"product","2":"type-product","3":"status-publish","4":"has-post-thumbnail","6":"product_cat-80khz-ultrasonic-cleaner-sv","8":"first","9":"instock","10":"shipping-taxable","11":"purchasable","12":"product-type-simple","13":"prodpage-classic"},"aioseo_notices":[],"_links":{"self":[{"href":"https:\/\/www.bjultrasonic.com\/sv\/wp-json\/wp\/v2\/product\/66766","targetHints":{"allow":["GET"]}}],"collection":[{"href":"https:\/\/www.bjultrasonic.com\/sv\/wp-json\/wp\/v2\/product"}],"about":[{"href":"https:\/\/www.bjultrasonic.com\/sv\/wp-json\/wp\/v2\/types\/product"}],"replies":[{"embeddable":true,"href":"https:\/\/www.bjultrasonic.com\/sv\/wp-json\/wp\/v2\/comments?post=66766"}],"wp:featuredmedia":[{"embeddable":true,"href":"https:\/\/www.bjultrasonic.com\/sv\/wp-json\/wp\/v2\/media\/19678"}],"wp:attachment":[{"href":"https:\/\/www.bjultrasonic.com\/sv\/wp-json\/wp\/v2\/media?parent=66766"}],"wp:term":[{"taxonomy":"product_brand","embeddable":true,"href":"https:\/\/www.bjultrasonic.com\/sv\/wp-json\/wp\/v2\/product_brand?post=66766"},{"taxonomy":"product_cat","embeddable":true,"href":"https:\/\/www.bjultrasonic.com\/sv\/wp-json\/wp\/v2\/product_cat?post=66766"},{"taxonomy":"product_tag","embeddable":true,"href":"https:\/\/www.bjultrasonic.com\/sv\/wp-json\/wp\/v2\/product_tag?post=66766"}],"curies":[{"name":"wp","href":"https:\/\/api.w.org\/{rel}","templated":true}]}}