{"id":66826,"date":"2018-08-16T05:43:28","date_gmt":"2018-08-16T10:43:28","guid":{"rendered":"https:\/\/www.bjultrasonic.com\/shop\/ultrasonic-atomizing-transducer-bja-900\/"},"modified":"2026-03-28T20:44:19","modified_gmt":"2026-03-29T01:44:19","slug":"ultrasonic-atomizing-transducer-bja-900","status":"publish","type":"product","link":"https:\/\/www.bjultrasonic.com\/sv\/shop\/ultrasonic-atomizing-transducer-bja-900\/","title":{"rendered":"900ML 3-huvud Ultrasonic Mist Maker Fogger Vattenfont\u00e4n"},"content":{"rendered":"<table class=\"table table-striped table-bordered\">\n<tbody>\n<tr>\n<td width=\"284\">Typ<\/td>\n<td width=\"284\">BJA900<\/td>\n<\/tr>\n<tr>\n<td width=\"284\">F\u00f6r\u00e5ngningskapacitet<\/td>\n<td width=\"284\">&gt;900 ml<\/td>\n<\/tr>\n<tr>\n<td width=\"284\">Storlek<\/td>\n<td width=\"284\">68 mm diameter, 27 mm h\u00f6jd<\/td>\n<\/tr>\n<tr>\n<td width=\"284\">Arbetsfrekvens<\/td>\n<td width=\"284\">1700\u00b150 (kHz)<\/td>\n<\/tr>\n<tr>\n<td width=\"284\">Diameter p\u00e5 piezokeramik<\/td>\n<td width=\"284\">20 mm<\/td>\n<\/tr>\n<tr>\n<td width=\"284\">Arbetstemperatur<\/td>\n<td width=\"284\">1\u201345 \u00b0C<\/td>\n<\/tr>\n<tr>\n<td width=\"284\">Vattenniv\u00e5<\/td>\n<td width=\"284\">40\u201380 mm<\/td>\n<\/tr>\n<tr>\n<td width=\"284\">Arbetssp\u00e4nning<\/td>\n<td width=\"284\">36 V AC<\/td>\n<\/tr>\n<tr>\n<td width=\"284\">Arbetsstr\u00f6m<\/td>\n<td width=\"284\">2,2 A<\/td>\n<\/tr>\n<tr>\n<td width=\"284\">Effekt:<\/td>\n<td width=\"284\">60 W<\/td>\n<\/tr>\n<tr>\n<td width=\"284\">Material<\/td>\n<td width=\"284\">Koppar och rostfritt st\u00e5l<\/td>\n<\/tr>\n<tr>\n<td width=\"284\">LED<\/td>\n<td width=\"284\">En<\/td>\n<\/tr>\n<tr>\n<td width=\"284\">Vattenniv\u00e5sensor<\/td>\n<td width=\"284\">H\u00f6jd 12 mm<\/td>\n<\/tr>\n<tr>\n<td width=\"284\">Kabel<\/td>\n<td width=\"284\">L\u00e4ngd 5 m<\/td>\n<\/tr>\n<tr>\n<td width=\"284\">Ing\u00e5ngssp\u00e4nning<\/td>\n<td width=\"284\">AC 220 V\/50 Hz<\/p>\n<p>120 V\/60 Hz<\/td>\n<\/tr>\n<\/tbody>\n<\/table>\n<h3>Huvudfunktioner<\/h3>\n<ul>\n<li>Kopparh\u00f6lje, f\u00f6rkromad, bra v\u00e4rmeavledning.<\/li>\n<li>Skydd vid vattenbrist och flyter p\u00e5 vattnet, flyter automatiskt p\u00e5 vattnet.<\/li>\n<li>L\u00e4mplig f\u00f6r industriell, jordbruks- och landskapsdimma m.m.<\/li>\n<li>Med f\u00e4rgade lampor och enkla lampor.<\/li>\n<li>Stor f\u00f6r\u00e5ngningskapacitet; Stabil prestanda; L\u00e5ng livsl\u00e4ngd;<\/li>\n<\/ul>\n<h3>Video<\/h3>\n<p><iframe loading=\"lazy\" title=\"900ml 3 Head Ultrasonic Mist Maker Fogger Water Fountain\" width=\"500\" height=\"281\" src=\"https:\/\/www.youtube.com\/embed\/Zc07JpAh8ic?feature=oembed\" frameborder=\"0\" allow=\"accelerometer; autoplay; clipboard-write; encrypted-media; gyroscope; picture-in-picture; web-share\" referrerpolicy=\"strict-origin-when-cross-origin\" allowfullscreen><\/iframe><\/p>\n<p><iframe loading=\"lazy\" title=\"Ultrasonic Humidifier\" width=\"500\" height=\"281\" src=\"https:\/\/www.youtube.com\/embed\/videoseries?list=PLLrjMYkO0_NEpofnqW3MnsGQ-KMwpBJul\" frameborder=\"0\" allow=\"accelerometer; autoplay; clipboard-write; encrypted-media; gyroscope; picture-in-picture; web-share\" referrerpolicy=\"strict-origin-when-cross-origin\" allowfullscreen><\/iframe><\/p>\n<h3>Vanliga fr\u00e5gor<\/h3>\n<p><strong>1. Kan vi justera f\u00f6r\u00e5ngningskapaciteten?<\/strong><\/p>\n<p>Nej, den kan endast \u00e4ndras genom vattenniv\u00e5n.<\/p>\n<p><strong>2. Kan vi st\u00e4nga av LED (om den har)?<\/strong><\/p>\n<p>Nej. Det \u00e4r b\u00e4ttre att v\u00e4lja ultraljudsf\u00f6r\u00e5ngare utan LED inomhus.<\/p>\n<p><strong>3. G\u00f6r den ljud?<\/strong><\/p>\n<p>Nej. De flesta <a href=\"https:\/\/www.bjultrasonic.com\/sv\/category\/ultrasonic-atomizer-sv\/\">ultraljudsfuktares<\/a> tenderar att vara tystare \u00e4n andra modeller. Det beror p\u00e5 att de inte har en fl\u00e4kt, som f\u00f6r\u00e5ngningsfuktare vanligtvis har. Detta h\u00e5ller ljudniv\u00e5erna nere.<\/p>\n<p><strong>4. L\u00e4cker den el?<\/strong><\/p>\n<p>Principen f\u00f6r ultraljudsf\u00f6r\u00e5ngare \u00e4r att ultraljudsvibration genererar dimma, r\u00f6r inte f\u00f6r\u00e5ngaren med handen n\u00e4r den \u00e4r i drift, kan ge en stickande k\u00e4nsla, men det \u00e4r inte el.<\/p>\n<h3>Allm\u00e4nna \u00f6verv\u00e4ganden<\/h3>\n<ol>\n<li>V\u00e4nd inte f\u00f6r\u00e5ngaren upp och ner efter att str\u00f6mmen har slagits p\u00e5, d\u00e5 kan f\u00f6r\u00e5ngaren skadas.<\/li>\n<li>Anv\u00e4nd den inte under l\u00e5ng tid eller mer \u00e4n 10 timmar.<\/li>\n<li>R\u00f6r inte f\u00f6r\u00e5ngningsplattan n\u00e4r f\u00f6r\u00e5ngaren \u00e4r i drift.<\/li>\n<li>S\u00e4kerst\u00e4ll vattenkvalitet. Anv\u00e4nd rent kranvatten. (F\u00f6rs\u00e4mrad vattenkvalitet p\u00e5verkar livsl\u00e4ngden)<\/li>\n<li>Koppla ur str\u00f6mmen innan du flyttar eller reparerar.<\/li>\n<li>F\u00f6r\u00e5ngad <a href=\"https:\/\/www.bjultrasonic.com\/sv\/category\/piezoelectric-ceramic-sv\/\">piezokeramik<\/a> tillh\u00f6r f\u00f6rbrukningsmaterial med en livsl\u00e4ngd p\u00e5 mer \u00e4n 3600 timmar. Om f\u00f6r\u00e5ngarens dimkapacitet minskar markant, reng\u00f6r den f\u00f6r\u00e5ngade piezokeramiken (utan n\u00e5got reng\u00f6ringsmedel) med bomullspinnar f\u00f6r att h\u00e5lla den ren. Om f\u00f6r\u00e5ngningsm\u00e4ngden fortfarande \u00e4r liten efter reng\u00f6ring, byt ut piezokeramiken. (rekommenderas att k\u00f6pa piezokeramik tillsammans)<\/li>\n<\/ol>\n<p><img loading=\"lazy\" decoding=\"async\" src=\"https:\/\/www.bjultrasonic.com\/wp-content\/uploads\/2018\/08\/Ultrasonic-Humidifier-with-LED.jpg\" alt=\"Ultrasonic-Humidifier-with-LED\" width=\"670\" height=\"925\" \/><\/p>\n","protected":false},"excerpt":{"rendered":"<p><a href=\"https:\/\/www.bjultrasonic.com\/sv\/category\/ultrasonic-atomizer-sv\/\">Ultrasonic humidifier<\/a> anv\u00e4nder ultraljudsenergi f\u00f6r att omvandla v\u00e4tskor till molnliknande partiklar. Ultrasonic humidifier kallas \u00e4ven <a href=\"https:\/\/www.bjultrasonic.com\/sv\/shop\/ultrasonic-atomizing-transducer\/\">ultrasonic atomizer<\/a>, ultrasonic mist maker, ultrasonic fogger.<\/p>\n","protected":false},"featured_media":19512,"comment_status":"open","ping_status":"closed","template":"","meta":[],"product_brand":[],"product_cat":[6211],"product_tag":[],"class_list":{"0":"post-66826","1":"product","2":"type-product","3":"status-publish","4":"has-post-thumbnail","6":"product_cat-ultrasonic-atomizer-sv","8":"first","9":"instock","10":"shipping-taxable","11":"purchasable","12":"product-type-simple","13":"prodpage-classic"},"aioseo_notices":[],"_links":{"self":[{"href":"https:\/\/www.bjultrasonic.com\/sv\/wp-json\/wp\/v2\/product\/66826","targetHints":{"allow":["GET"]}}],"collection":[{"href":"https:\/\/www.bjultrasonic.com\/sv\/wp-json\/wp\/v2\/product"}],"about":[{"href":"https:\/\/www.bjultrasonic.com\/sv\/wp-json\/wp\/v2\/types\/product"}],"replies":[{"embeddable":true,"href":"https:\/\/www.bjultrasonic.com\/sv\/wp-json\/wp\/v2\/comments?post=66826"}],"wp:featuredmedia":[{"embeddable":true,"href":"https:\/\/www.bjultrasonic.com\/sv\/wp-json\/wp\/v2\/media\/19512"}],"wp:attachment":[{"href":"https:\/\/www.bjultrasonic.com\/sv\/wp-json\/wp\/v2\/media?parent=66826"}],"wp:term":[{"taxonomy":"product_brand","embeddable":true,"href":"https:\/\/www.bjultrasonic.com\/sv\/wp-json\/wp\/v2\/product_brand?post=66826"},{"taxonomy":"product_cat","embeddable":true,"href":"https:\/\/www.bjultrasonic.com\/sv\/wp-json\/wp\/v2\/product_cat?post=66826"},{"taxonomy":"product_tag","embeddable":true,"href":"https:\/\/www.bjultrasonic.com\/sv\/wp-json\/wp\/v2\/product_tag?post=66826"}],"curies":[{"name":"wp","href":"https:\/\/api.w.org\/{rel}","templated":true}]}}