{"id":66866,"date":"2018-08-16T05:35:53","date_gmt":"2018-08-16T10:35:53","guid":{"rendered":"https:\/\/www.bjultrasonic.com\/shop\/ultrasonic-atomizing-transducer-bja500-12\/"},"modified":"2026-03-28T20:44:16","modified_gmt":"2026-03-29T01:44:16","slug":"ultrasonic-atomizing-transducer-bja500-12","status":"publish","type":"product","link":"https:\/\/www.bjultrasonic.com\/sv\/shop\/ultrasonic-atomizing-transducer-bja500-12\/","title":{"rendered":"500ML Ultrasonic Mist Maker Luftfuktare 12ST LED"},"content":{"rendered":"<table class=\"table table-striped table-bordered\">\n<tbody>\n<tr>\n<td width=\"214\">Typ<\/td>\n<td width=\"413\">BJA500-12<\/td>\n<\/tr>\n<tr>\n<td width=\"214\">F\u00f6r\u00e5ngningsm\u00e4ngd<\/td>\n<td width=\"413\">&gt;500ML<\/td>\n<\/tr>\n<tr>\n<td width=\"214\">Storlek<\/td>\n<td width=\"413\">Diameter 46 mm * h\u00f6jd 25 mm<\/td>\n<\/tr>\n<tr>\n<td width=\"214\">Arbetsfrekvens<\/td>\n<td width=\"413\">1700\u00b150(KHZ)<\/td>\n<\/tr>\n<tr>\n<td width=\"214\">Diameter p\u00e5 piezokeramik<\/td>\n<td width=\"413\">20mm<\/td>\n<\/tr>\n<tr>\n<td width=\"214\">Arbetstemperatur<\/td>\n<td width=\"413\">5\uff5e45\u2103<\/td>\n<\/tr>\n<tr>\n<td width=\"214\">Vattenniv\u00e5<\/td>\n<td width=\"413\">40mm-60mm<\/td>\n<\/tr>\n<tr>\n<td width=\"214\">Arbetssp\u00e4nning<\/td>\n<td width=\"413\">24V AC\/DC 700MA<\/td>\n<\/tr>\n<tr>\n<td width=\"214\">Effekt:<\/td>\n<td width=\"413\">24W<\/td>\n<\/tr>\n<tr>\n<td width=\"214\">Material<\/td>\n<td width=\"413\">Plast<\/td>\n<\/tr>\n<tr>\n<td width=\"214\">LED<\/td>\n<td width=\"413\">12 LED<\/p>\n<p>Dream7-f\u00e4rger, automatisk f\u00e4rg\u00e4ndring<\/td>\n<\/tr>\n<tr>\n<td width=\"214\">Vattenniv\u00e5sensor<\/td>\n<td width=\"413\">H\u00f6jd 12mm<\/td>\n<\/tr>\n<tr>\n<td width=\"214\">Kabel<\/td>\n<td width=\"413\">Svart 3.8mm PVC, L\u00e4ngd 1400\u00b120mm<\/td>\n<\/tr>\n<tr>\n<td width=\"214\">Kontakt<\/td>\n<td width=\"413\">5.5*2.5mm uttag<\/td>\n<\/tr>\n<\/tbody>\n<\/table>\n<h3>Video<\/h3>\n<p><iframe loading=\"lazy\" title=\"500ml Ultrasonic Mist Maker Humidifier 12PCs LED\" width=\"500\" height=\"281\" src=\"https:\/\/www.youtube.com\/embed\/ObKWUsnUC4Y?feature=oembed\" frameborder=\"0\" allow=\"accelerometer; autoplay; clipboard-write; encrypted-media; gyroscope; picture-in-picture; web-share\" referrerpolicy=\"strict-origin-when-cross-origin\" allowfullscreen><\/iframe><\/p>\n<p><iframe loading=\"lazy\" title=\"Ultrasonic Humidifier\" width=\"500\" height=\"281\" src=\"https:\/\/www.youtube.com\/embed\/videoseries?list=PLLrjMYkO0_NEpofnqW3MnsGQ-KMwpBJul\" frameborder=\"0\" allow=\"accelerometer; autoplay; clipboard-write; encrypted-media; gyroscope; picture-in-picture; web-share\" referrerpolicy=\"strict-origin-when-cross-origin\" allowfullscreen><\/iframe><\/p>\n<h3>Vanliga fr\u00e5gor<\/h3>\n<p><strong>1. Kan vi justera f\u00f6r\u00e5ngningsm\u00e4ngden?<\/strong><\/p>\n<p>Nej, den kan endast \u00e4ndras via vattenniv\u00e5n.<\/p>\n<p><strong>2. Kan vi st\u00e4nga av LED (om den finns)?<\/strong><\/p>\n<p>Nej. Det \u00e4r b\u00e4ttre att v\u00e4lja en ultraljudsf\u00f6r\u00e5ngare utan LED inomhus.<\/p>\n<p><strong>3. G\u00f6r den ljud?<\/strong><\/p>\n<p>Nej. De flesta <a href=\"https:\/\/www.bjultrasonic.com\/sv\/category\/ultrasonic-atomizer-sv\/\">ultraljudsfuktkare<\/a> tenderar att vara tystare \u00e4n andra modeller. Det beror p\u00e5 att de inte har en fl\u00e4kt, som f\u00f6r\u00e5ngningsfuktkare vanligtvis har. Detta h\u00e5ller ljudniv\u00e5erna nere.<\/p>\n<p><strong>4. L\u00e4cker den el?<\/strong><\/p>\n<p>Principen f\u00f6r ultraljudsf\u00f6r\u00e5ngare \u00e4r att ultraljudsvibrationer genererar dimma. R\u00f6r inte f\u00f6r\u00e5ngaren med handen n\u00e4r den \u00e4r ig\u00e5ng, du kan k\u00e4nna en stickande k\u00e4nsla, men det \u00e4r inte elektricitet.<\/p>\n<h3>Allm\u00e4nna \u00f6verv\u00e4ganden<\/h3>\n<ol>\n<li>V\u00e4nd inte f\u00f6r\u00e5ngaren upp och ner efter att str\u00f6mmen har slagits p\u00e5, detta kan skada f\u00f6r\u00e5ngaren.<\/li>\n<li>Anv\u00e4nd den inte under l\u00e5ng tid eller mer \u00e4n 10 timmar i str\u00e4ck.<\/li>\n<li>R\u00f6r inte f\u00f6r\u00e5ngningsplattan n\u00e4r f\u00f6r\u00e5ngaren \u00e4r ig\u00e5ng.<\/li>\n<li>S\u00e4kerst\u00e4ll vattenkvalitet. Anv\u00e4nd rent kranvatten. (F\u00f6rs\u00e4mrad vattenkvalitet p\u00e5verkar livsl\u00e4ngden)<\/li>\n<li>Koppla bort str\u00f6mmen innan du flyttar eller reparerar.<\/li>\n<li>F\u00f6r\u00e5ngad <a href=\"https:\/\/www.bjultrasonic.com\/sv\/category\/piezoelectric-ceramic-sv\/\">piezokeramik<\/a> tillh\u00f6r f\u00f6rbrukningsmaterial med en livsl\u00e4ngd p\u00e5 mer \u00e4n 3600 timmar. Om f\u00f6r\u00e5ngarens dimbildningsf\u00f6rm\u00e5ga avsev\u00e4rt minskar, reng\u00f6r den f\u00f6r\u00e5ngade piezokeramiken (utan n\u00e5got reng\u00f6ringsmedel) med bomullspinnar f\u00f6r att h\u00e5lla den ren. Om f\u00f6r\u00e5ngningsm\u00e4ngden fortfarande \u00e4r liten efter reng\u00f6ring, byt ut piezokeramiken. (Rekommenderas att k\u00f6pa piezokeramik samtidigt)<\/li>\n<\/ol>\n<p><img loading=\"lazy\" decoding=\"async\" src=\"https:\/\/www.bjultrasonic.com\/wp-content\/uploads\/2018\/08\/Ultrasonic-Humidifier-with-LED.jpg\" alt=\"Ultraljudsfuktkare med LED\" width=\"670\" height=\"925\" \/><\/p>\n","protected":false},"excerpt":{"rendered":"<p><a href=\"https:\/\/www.bjultrasonic.com\/sv\/category\/ultrasonic-atomizer-sv\/\">Ultrasonic humidifier<\/a> anv\u00e4nder ultraljudsenergi f\u00f6r att omvandla v\u00e4tskor till molnlika partiklar. Ultrasonic humidifier kallas ocks\u00e5 <a href=\"https:\/\/www.bjultrasonic.com\/sv\/shop\/ultrasonic-atomizing-transducer\/\">ultrasonic atomizer<\/a>, ultrasonic mist maker, ultrasonic fogger.<\/p>\n","protected":false},"featured_media":19505,"comment_status":"open","ping_status":"closed","template":"","meta":[],"product_brand":[],"product_cat":[6211],"product_tag":[],"class_list":{"0":"post-66866","1":"product","2":"type-product","3":"status-publish","4":"has-post-thumbnail","6":"product_cat-ultrasonic-atomizer-sv","8":"first","9":"instock","10":"shipping-taxable","11":"purchasable","12":"product-type-simple","13":"prodpage-classic"},"aioseo_notices":[],"_links":{"self":[{"href":"https:\/\/www.bjultrasonic.com\/sv\/wp-json\/wp\/v2\/product\/66866","targetHints":{"allow":["GET"]}}],"collection":[{"href":"https:\/\/www.bjultrasonic.com\/sv\/wp-json\/wp\/v2\/product"}],"about":[{"href":"https:\/\/www.bjultrasonic.com\/sv\/wp-json\/wp\/v2\/types\/product"}],"replies":[{"embeddable":true,"href":"https:\/\/www.bjultrasonic.com\/sv\/wp-json\/wp\/v2\/comments?post=66866"}],"wp:featuredmedia":[{"embeddable":true,"href":"https:\/\/www.bjultrasonic.com\/sv\/wp-json\/wp\/v2\/media\/19505"}],"wp:attachment":[{"href":"https:\/\/www.bjultrasonic.com\/sv\/wp-json\/wp\/v2\/media?parent=66866"}],"wp:term":[{"taxonomy":"product_brand","embeddable":true,"href":"https:\/\/www.bjultrasonic.com\/sv\/wp-json\/wp\/v2\/product_brand?post=66866"},{"taxonomy":"product_cat","embeddable":true,"href":"https:\/\/www.bjultrasonic.com\/sv\/wp-json\/wp\/v2\/product_cat?post=66866"},{"taxonomy":"product_tag","embeddable":true,"href":"https:\/\/www.bjultrasonic.com\/sv\/wp-json\/wp\/v2\/product_tag?post=66866"}],"curies":[{"name":"wp","href":"https:\/\/api.w.org\/{rel}","templated":true}]}}