{"id":67066,"date":"2018-08-04T01:32:40","date_gmt":"2018-08-04T06:32:40","guid":{"rendered":"https:\/\/www.bjultrasonic.com\/shop\/900w-ultrasonic-generator-pcb-below-45-khz\/"},"modified":"2026-03-28T20:42:25","modified_gmt":"2026-03-29T01:42:25","slug":"900w-ultrasonic-generator-pcb-below-45-khz","status":"publish","type":"product","link":"https:\/\/www.bjultrasonic.com\/sv\/shop\/900w-ultrasonic-generator-pcb-below-45-khz\/","title":{"rendered":"900W Ultraljudstransducerdrivare under 45 kHz"},"content":{"rendered":"<ul>\n<li>Arbetssp\u00e4nning: AC 220V\/110V 50\/60Hz \u00b110%<\/li>\n<li>Arbetsstr\u00f6m: Observera att utrustningen inte kan arbeta l\u00e5ng tid under drift n\u00e4r str\u00f6mmen \u00f6verstiger m\u00e4rkstr\u00f6mmen.<\/li>\n<li>Arbetsmilj\u00f6: Temperaturen \u00e4r 0\u2103- 40 \u2103<\/li>\n<li>Arbetsfuktighet: 40%- 90%<\/li>\n<li>Arbetsfrekvens: fr\u00e5n 17kHz till 135kHz<\/li>\n<li>Tid: 0-59 minuter och 59 sekunder<\/li>\n<\/ul>\n<p><strong>Obs:<\/strong><\/p>\n<ul>\n<li><a href=\"https:\/\/www.bjultrasonic.com\/sv\/category\/ultrasonic-generator-sv\/\">Den ultraljudsgenerator<\/a> kan inte sl\u00e5s p\u00e5 under tomg\u00e5ng<\/li>\n<li>Efter installation f\u00e5r vi inte sl\u00e5 p\u00e5 f\u00f6rr\u00e4n reng\u00f6ringsv\u00e4tska har lagts till<\/li>\n<li><a href=\"https:\/\/www.bjultrasonic.com\/sv\/category\/ultrasonic-transducer-sv\/\">Ultraljudstransduktorn<\/a> har tv\u00e5 \u00f6glor. Den positiva finns i mitten av tv\u00e5 keramikskivor. Den negativa finns n\u00e4ra den nedre metallkolonnen. Var noga med ledningsdragningen.<\/li>\n<li>Den st\u00f6rre sidan med g\u00e4ngat h\u00e5l p\u00e5 keramiktransduktorn, som har vibrationsfunktion, kan f\u00e4stas i botten av reng\u00f6ringsmaskinen. Se till att reng\u00f6ringsmaskinen \u00e4r s\u00e4kert jordad.<\/li>\n<li>Keramiktransduktorn ska limmas fast i botten av reng\u00f6ringsmaskinen med speciallim f\u00f6r transduktorer eller med AB-lim. Effekten \u00e4r dock n\u00e5got s\u00e4mre med AB-lim, eller anv\u00e4nd epoxiharts i proportionen 10:4.<\/li>\n<li>Kretskortets arbetssp\u00e4nning \u00e4r 600V. Sp\u00e4nningen som matas till transduktorn \u00e4r 1100V. Se till att reng\u00f6ringsmaskinen \u00e4r s\u00e4kert jordad. Se till att ett jordfelsbrytare \u00e4r monterad p\u00e5 str\u00f6mf\u00f6rs\u00f6rjningen f\u00f6r att s\u00e4kerst\u00e4lla s\u00e4kerhet.<\/li>\n<\/ul>\n<h3>Videospellista: Ultraljudstransduktordrivare<\/h3>\n<p><iframe loading=\"lazy\" width=\"560\" height=\"315\" src=\"https:\/\/www.youtube.com\/embed\/videoseries?list=PLLrjMYkO0_NG56zqmQN9W9F1Xf9eev6dc\" frameborder=\"0\" allow=\"autoplay; encrypted-media\" allowfullscreen><\/iframe><\/p>\n","protected":false},"excerpt":{"rendered":"<p>Ultrasonic generator krets, \u00e4ven kallad <a href=\"https:\/\/www.bjultrasonic.com\/sv\/category\/ultrasonic-transducer-sv\/\">ultraljudstransducer<\/a> drivkrets eller <a href=\"https:\/\/www.bjultrasonic.com\/sv\/category\/ultrasonic-generator-sv\/ultrasonic-generator-circuits-sv\/\">ultraljudsrenare effektdriverkort<\/a>. Den tillhandah\u00e5ller en <a href=\"https:\/\/www.bjultrasonic.com\/sv\/category\/ultrasonic-generator-sv\/\">ultraljudsfrekvens<\/a> f\u00f6r att driva ultraljudstransducerarna i <a href=\"https:\/\/www.bjultrasonic.com\/sv\/category\/ultrasonic-cleaning-system-sv\/\">ultraljudsrenare<\/a>.<\/p>\n","protected":false},"featured_media":19335,"comment_status":"open","ping_status":"closed","template":"","meta":[],"product_brand":[],"product_cat":[6095],"product_tag":[],"class_list":{"0":"post-67066","1":"product","2":"type-product","3":"status-publish","4":"has-post-thumbnail","6":"product_cat-ultrasonic-generator-circuits-sv","8":"first","9":"instock","10":"shipping-taxable","11":"purchasable","12":"product-type-simple","13":"prodpage-classic"},"aioseo_notices":[],"_links":{"self":[{"href":"https:\/\/www.bjultrasonic.com\/sv\/wp-json\/wp\/v2\/product\/67066","targetHints":{"allow":["GET"]}}],"collection":[{"href":"https:\/\/www.bjultrasonic.com\/sv\/wp-json\/wp\/v2\/product"}],"about":[{"href":"https:\/\/www.bjultrasonic.com\/sv\/wp-json\/wp\/v2\/types\/product"}],"replies":[{"embeddable":true,"href":"https:\/\/www.bjultrasonic.com\/sv\/wp-json\/wp\/v2\/comments?post=67066"}],"wp:featuredmedia":[{"embeddable":true,"href":"https:\/\/www.bjultrasonic.com\/sv\/wp-json\/wp\/v2\/media\/19335"}],"wp:attachment":[{"href":"https:\/\/www.bjultrasonic.com\/sv\/wp-json\/wp\/v2\/media?parent=67066"}],"wp:term":[{"taxonomy":"product_brand","embeddable":true,"href":"https:\/\/www.bjultrasonic.com\/sv\/wp-json\/wp\/v2\/product_brand?post=67066"},{"taxonomy":"product_cat","embeddable":true,"href":"https:\/\/www.bjultrasonic.com\/sv\/wp-json\/wp\/v2\/product_cat?post=67066"},{"taxonomy":"product_tag","embeddable":true,"href":"https:\/\/www.bjultrasonic.com\/sv\/wp-json\/wp\/v2\/product_tag?post=67066"}],"curies":[{"name":"wp","href":"https:\/\/api.w.org\/{rel}","templated":true}]}}