{"id":67106,"date":"2018-08-04T01:32:39","date_gmt":"2018-08-04T06:32:39","guid":{"rendered":"https:\/\/www.bjultrasonic.com\/shop\/2400w-ultrasonic-generator-pcb-below-45-khz\/"},"modified":"2026-03-28T20:41:57","modified_gmt":"2026-03-29T01:41:57","slug":"2400w-ultrasonic-generator-pcb-below-45-khz","status":"publish","type":"product","link":"https:\/\/www.bjultrasonic.com\/sv\/shop\/2400w-ultrasonic-generator-pcb-below-45-khz\/","title":{"rendered":"2400W Ultrasonic Transducer Driver Under 45 KHz"},"content":{"rendered":"<ul>\n<li>Arbetssp\u00e4nning: AC 220V\/110V 50\/60Hz \u00b110%<\/li>\n<li>Arbetsstr\u00f6m: observera att utrustningen inte kan arbeta l\u00e4nge under drift n\u00e4r str\u00f6mmen \u00f6verstiger den m\u00e4rkstr\u00f6m.<\/li>\n<li>Arbetsmilj\u00f6: temperaturen \u00e4r 0\u2103\u201340\u2103<\/li>\n<li>Arbetsfuktighet: 40%\u201390%<\/li>\n<li>Arbetsfrekvens: fr\u00e5n 17 kHz till 135 kHz<\/li>\n<li>Tid: 0\u201359 minuter och 59 sekunder<\/li>\n<\/ul>\n<p><strong>OBS:<\/strong><\/p>\n<ul>\n<li><a href=\"https:\/\/www.bjultrasonic.com\/sv\/category\/ultrasonic-generator-sv\/\">Ultrasondrivaren<\/a> f\u00e5r inte sl\u00e5s p\u00e5 under tomg\u00e5ng<\/li>\n<li>Efter installation f\u00e5r vi inte sl\u00e5 p\u00e5 f\u00f6rr\u00e4n reng\u00f6ringsv\u00e4tska har tillsatts<\/li>\n<li><a href=\"https:\/\/www.bjultrasonic.com\/sv\/category\/ultrasonic-transducer-sv\/\">Ultrasondrivaren<\/a> har tv\u00e5 \u00f6glor. Den positiva sitter i mitten av tv\u00e5 keramikskivor. Den negativa sitter n\u00e4ra den nedre metallpelaren. Var noga med att inte koppla fel vid ledningsdragning.<\/li>\n<li>Den st\u00f6rre sidan med skruvh\u00e5l p\u00e5 keramikomvandlaren, som har en vibrationsfunktion, kan f\u00e4stas i botten av reng\u00f6ringsmaskinen. Se till att reng\u00f6ringsmaskinen \u00e4r s\u00e4kert jordad.<\/li>\n<li>Keramikomvandlaren ska limmas fast i botten av reng\u00f6ringsmaskinen med speciallim f\u00f6r omvandlare eller med AB-limstav, men effekten \u00e4r n\u00e5got s\u00e4mre, eller anv\u00e4nd epoxiharts i proportionen 10:4.<\/li>\n<li>Arbetskretskortets sp\u00e4nning \u00e4r 600V. Sp\u00e4nningen som matas ut till omvandlaren \u00e4r 1100V. Se till att reng\u00f6ringsmaskinen \u00e4r s\u00e4kert jordad. Se till att jordfelsbrytare \u00e4r monterad p\u00e5 str\u00f6mf\u00f6rs\u00f6rjningen f\u00f6r att s\u00e4kerst\u00e4lla s\u00e4kerheten.<\/li>\n<\/ul>\n<h3>Videospellista: Drivkrets f\u00f6r ultraljudsomvandlare<\/h3>\n<p><iframe loading=\"lazy\" width=\"560\" height=\"315\" src=\"https:\/\/www.youtube.com\/embed\/videoseries?list=PLLrjMYkO0_NG56zqmQN9W9F1Xf9eev6dc\" frameborder=\"0\" allow=\"autoplay; encrypted-media\" allowfullscreen><\/iframe><\/p>\n","protected":false},"excerpt":{"rendered":"<p>Ultrasonisk generator krets, \u00e4ven kallad <a href=\"https:\/\/www.bjultrasonic.com\/sv\/category\/ultrasonic-transducer-sv\/\">ultrasonisk omvandlare<\/a> drivkrets eller <a href=\"https:\/\/www.bjultrasonic.com\/sv\/category\/ultrasonic-generator-sv\/ultrasonic-generator-circuits-sv\/\">ultraljudsreng\u00f6ring kraftdrivkort<\/a>. Den tillhandah\u00e5ller en <a href=\"https:\/\/www.bjultrasonic.com\/sv\/category\/ultrasonic-generator-sv\/\">ultraljudsfrekvens<\/a> f\u00f6r att driva de ultraljudsomvandlare som finns inuti <a href=\"https:\/\/www.bjultrasonic.com\/sv\/category\/ultrasonic-cleaning-system-sv\/\">ultraljudsreng\u00f6ringsapparater<\/a>.<\/p>\n","protected":false},"featured_media":19351,"comment_status":"open","ping_status":"closed","template":"","meta":[],"product_brand":[],"product_cat":[6095],"product_tag":[],"class_list":{"0":"post-67106","1":"product","2":"type-product","3":"status-publish","4":"has-post-thumbnail","6":"product_cat-ultrasonic-generator-circuits-sv","8":"first","9":"instock","10":"shipping-taxable","11":"purchasable","12":"product-type-simple","13":"prodpage-classic"},"aioseo_notices":[],"_links":{"self":[{"href":"https:\/\/www.bjultrasonic.com\/sv\/wp-json\/wp\/v2\/product\/67106","targetHints":{"allow":["GET"]}}],"collection":[{"href":"https:\/\/www.bjultrasonic.com\/sv\/wp-json\/wp\/v2\/product"}],"about":[{"href":"https:\/\/www.bjultrasonic.com\/sv\/wp-json\/wp\/v2\/types\/product"}],"replies":[{"embeddable":true,"href":"https:\/\/www.bjultrasonic.com\/sv\/wp-json\/wp\/v2\/comments?post=67106"}],"wp:featuredmedia":[{"embeddable":true,"href":"https:\/\/www.bjultrasonic.com\/sv\/wp-json\/wp\/v2\/media\/19351"}],"wp:attachment":[{"href":"https:\/\/www.bjultrasonic.com\/sv\/wp-json\/wp\/v2\/media?parent=67106"}],"wp:term":[{"taxonomy":"product_brand","embeddable":true,"href":"https:\/\/www.bjultrasonic.com\/sv\/wp-json\/wp\/v2\/product_brand?post=67106"},{"taxonomy":"product_cat","embeddable":true,"href":"https:\/\/www.bjultrasonic.com\/sv\/wp-json\/wp\/v2\/product_cat?post=67106"},{"taxonomy":"product_tag","embeddable":true,"href":"https:\/\/www.bjultrasonic.com\/sv\/wp-json\/wp\/v2\/product_tag?post=67106"}],"curies":[{"name":"wp","href":"https:\/\/api.w.org\/{rel}","templated":true}]}}