{"id":67266,"date":"2018-07-27T05:08:00","date_gmt":"2018-07-27T10:08:00","guid":{"rendered":"https:\/\/www.bjultrasonic.com\/shop\/120w-220v-ultrasonic-pcb-generator\/"},"modified":"2026-03-28T20:40:33","modified_gmt":"2026-03-29T01:40:33","slug":"120w-220v-ultrasonic-pcb-generator","status":"publish","type":"product","link":"https:\/\/www.bjultrasonic.com\/sv\/shop\/120w-220v-ultrasonic-pcb-generator\/","title":{"rendered":"220V 120W Ultrasonic Piezoelektrisk Transducer Driver Circuit"},"content":{"rendered":"<p><strong>Ultrasonic Circuit Board for Ultrasonic Transducer<\/strong><\/p>\n<p><strong>OBS: V\u00e4nligen tala om vilken frekvens du beh\u00f6ver.<\/strong><\/p>\n<ul>\n<li><a href=\"https:\/\/www.bjultrasonic.com\/sv\/category\/ultrasonic-generator-sv\/\">Ultrasonic generator<\/a> kan inte sl\u00e5s p\u00e5 under tomg\u00e5ng<\/li>\n<li>Efter installation kan vi inte sl\u00e5 p\u00e5 f\u00f6rr\u00e4n reng\u00f6ringsv\u00e4tska har lagts ut<\/li>\n<li><a href=\"https:\/\/www.bjultrasonic.com\/sv\/category\/ultrasonic-transducer-sv\/\">Ultrasonic transducer<\/a> har tv\u00e5 \u00f6glor. Den positiva ligger i mitten av tv\u00e5 keramikskivor. Den negativa ligger n\u00e4ra den nedre metallpelaren. Var v\u00e4nlig och g\u00f6r inget fel vid kablagning.<\/li>\n<li>Den st\u00f6rre sidan med skruvh\u00e5l i keramiktransducern, som har en vibrationsfunktion, kan fasts\u00e4ttas i botten av reng\u00f6ringsmaskinen. Se till att reng\u00f6ringsmaskinen \u00e4r s\u00e4kert jordad.<\/li>\n<li>Keramiktransducern ska limmas fast i botten av reng\u00f6ringsmaskinen med transducerspeciallim eller anv\u00e4nd AB-limpistol. Men effekten \u00e4r n\u00e5got s\u00e4mre, eller anv\u00e4nd epoxiharts i proportionen 10:4.<\/li>\n<li>Arbetssp\u00e4nningen f\u00f6r kretskortet \u00e4r 600V. Sp\u00e4nningen som levereras till transducern \u00e4r 1100V. Se till att reng\u00f6ringsmaskinen \u00e4r s\u00e4kert jordad. Se till att jordfelsbrytare \u00e4r monterad p\u00e5 str\u00f6mf\u00f6rs\u00f6rjningen f\u00f6r att s\u00e4kerst\u00e4lla s\u00e4kerhet.<\/li>\n<\/ul>\n<h3>Betalning<\/h3>\n<p>Vi accepterar Paypal, T\/T &#038; Western Union nu.<\/p>\n<h3 class=\"shipping-methods\">Frakt<\/h3>\n<p>Varor kommer att skeppas inom 48 timmar efter att full betalning har mottagits.<\/p>\n<ul>\n<li>Vi skickar varorna till adressen som anges i PayPal-betalningen. Se till att adressen i PayPal \u00e4r korrekt.<\/li>\n<li>Vi ger dig sp\u00e5rningsnumret efter att vi har skickat ut varorna, i allm\u00e4nhet kommer du att f\u00e5 varorna inom fem dagar.<\/li>\n<li>Om du har n\u00e5gra fr\u00e5gor, v\u00e4nligen kontakta oss via e-post (v\u00e5r e-postadress \u00e4r <a href=\"mailto:support@bjultrasonic.com\">support@bjultrasonic.com<\/a>)<\/li>\n<\/ul>\n<h3 align=\"left\">Produktgaranti<\/h3>\n<p>Produktgarantitiden \u00e4r ett \u00e5r. Inom garantitiden kan k\u00f6pta produkter f\u00e5 gratis reparation eller byte.<\/p>\n<h3>Videospellista: Ultrasonic Transducer Driver<\/h3>\n<p><iframe loading=\"lazy\" width=\"560\" height=\"315\" src=\"https:\/\/www.youtube.com\/embed\/videoseries?list=PLLrjMYkO0_NG56zqmQN9W9F1Xf9eev6dc\" frameborder=\"0\" allow=\"autoplay; encrypted-media\" allowfullscreen><\/iframe><\/p>\n","protected":false},"excerpt":{"rendered":"<p>Ultrasonisk generatorkrets, \u00e4ven kallad <a href=\"https:\/\/www.bjultrasonic.com\/sv\/category\/ultrasonic-transducer-sv\/\">ultraljudstransducer<\/a> drivkrets eller <a href=\"https:\/\/www.bjultrasonic.com\/sv\/category\/ultrasonic-generator-sv\/ultrasonic-generator-circuits-sv\/\">ultraljudsreng\u00f6ringsdrivkort<\/a>. Den tillhandah\u00e5ller en <a href=\"https:\/\/www.bjultrasonic.com\/sv\/category\/ultrasonic-generator-sv\/\">ultraljudsfrekvens<\/a> f\u00f6r att driva ultraljudstransducerarna inuti <a href=\"https:\/\/www.bjultrasonic.com\/sv\/category\/ultrasonic-cleaning-system-sv\/\">ultraljudsreng\u00f6rare<\/a>.<\/p>\n","protected":false},"featured_media":19280,"comment_status":"open","ping_status":"closed","template":"","meta":[],"product_brand":[],"product_cat":[6095],"product_tag":[],"class_list":{"0":"post-67266","1":"product","2":"type-product","3":"status-publish","4":"has-post-thumbnail","6":"product_cat-ultrasonic-generator-circuits-sv","8":"first","9":"instock","10":"shipping-taxable","11":"purchasable","12":"product-type-simple","13":"prodpage-classic"},"aioseo_notices":[],"_links":{"self":[{"href":"https:\/\/www.bjultrasonic.com\/sv\/wp-json\/wp\/v2\/product\/67266","targetHints":{"allow":["GET"]}}],"collection":[{"href":"https:\/\/www.bjultrasonic.com\/sv\/wp-json\/wp\/v2\/product"}],"about":[{"href":"https:\/\/www.bjultrasonic.com\/sv\/wp-json\/wp\/v2\/types\/product"}],"replies":[{"embeddable":true,"href":"https:\/\/www.bjultrasonic.com\/sv\/wp-json\/wp\/v2\/comments?post=67266"}],"wp:featuredmedia":[{"embeddable":true,"href":"https:\/\/www.bjultrasonic.com\/sv\/wp-json\/wp\/v2\/media\/19280"}],"wp:attachment":[{"href":"https:\/\/www.bjultrasonic.com\/sv\/wp-json\/wp\/v2\/media?parent=67266"}],"wp:term":[{"taxonomy":"product_brand","embeddable":true,"href":"https:\/\/www.bjultrasonic.com\/sv\/wp-json\/wp\/v2\/product_brand?post=67266"},{"taxonomy":"product_cat","embeddable":true,"href":"https:\/\/www.bjultrasonic.com\/sv\/wp-json\/wp\/v2\/product_cat?post=67266"},{"taxonomy":"product_tag","embeddable":true,"href":"https:\/\/www.bjultrasonic.com\/sv\/wp-json\/wp\/v2\/product_tag?post=67266"}],"curies":[{"name":"wp","href":"https:\/\/api.w.org\/{rel}","templated":true}]}}