{"id":67504,"date":"2018-07-27T02:52:18","date_gmt":"2018-07-27T07:52:18","guid":{"rendered":"https:\/\/www.bjultrasonic.com\/shop\/three-frequency-ultrasonic-generator\/"},"modified":"2026-03-28T20:38:12","modified_gmt":"2026-03-29T01:38:12","slug":"three-frequency-ultrasonic-generator","status":"publish","type":"product","link":"https:\/\/www.bjultrasonic.com\/sv\/shop\/three-frequency-ultrasonic-generator\/","title":{"rendered":"Tre-frekvens digital ultraljudsgenerator"},"content":{"rendered":"<p><strong>F\u00f6r denna typ av generator finns det tre frekvenser. V\u00e4nligen ber\u00e4tta vad dina krav \u00e4r. V\u00e5r ingenj\u00f6r kommer att anpassa dem \u00e5t dig.<\/strong><\/p>\n<h3>F\u00f6r att leverera varor i tid:<\/h3>\n<ul>\n<li>N\u00e4r du best\u00e4ller, v\u00e4nligen informera oss om vilken sp\u00e4nning (220v eller 120v) och vilken frekvens du beh\u00f6ver.<\/li>\n<li>V\u00e4nligen ange leveransadressen i detalj. Inkludera adress, postnummer och telefonnummer.<\/li>\n<li>Om din best\u00e4llning v\u00e4ger mer \u00e4n 21 kg, v\u00e4nligen kontakta oss f\u00f6r att f\u00e5 ekonomisk frakt.<\/li>\n<\/ul>\n<h3>Anm\u00e4rkningar<\/h3>\n<ul>\n<li><a href=\"https:\/\/www.bjultrasonic.com\/sv\/category\/ultrasonic-generator-sv\/\">Ultraljudsgeneratorer<\/a> \u00e4r anpassade produkter. F\u00f6r priset, v\u00e4nligen <a href=\"https:\/\/www.bjultrasonic.com\/contact\/\">kontakta v\u00e5r s\u00e4ljrepresentant<\/a>. Vi \u00e5terkommer till dig snart.<\/li>\n<li>Vi kan designa och anpassa olika ultraljudsgeneratorer baserat p\u00e5 <strong>frekvens<\/strong> och <strong>sp\u00e4nning<\/strong>.<\/li>\n<\/ul>\n<p>Ultraljudsgeneratorn \u00e4r en oumb\u00e4rlig del av <a href=\"https:\/\/www.bjultrasonic.com\/sv\/category\/ultrasonic-cleaning-system-sv\/\">ultraljudsreng\u00f6ringsmaskinen<\/a>. Kvaliteten p\u00e5 ultraljudsgeneratorn avg\u00f6r direkt reng\u00f6ringseffekten av ultraljudsreng\u00f6ringssystemet. Digitala ultraljudsgeneratorer \u00e4r sj\u00e4lvst\u00e4ndigt forskade och utvecklade av Beijing Ultrasonic.<br \/>\n<img loading=\"lazy\" decoding=\"async\" class=\"alignnone wp-image-5021\" title=\"Ultraljudssignalgenerator\" src=\"https:\/\/www.bjultrasonic.com\/wp-content\/uploads\/2012\/05\/Ultrasonic-Signal-Generator.jpg\" alt=\"Ultraljudssignalgenerator\" width=\"600\" height=\"450\" \/><\/p>\n<h3>Intern struktur av digital ultraljudsgenerator<\/h3>\n<p><img loading=\"lazy\" decoding=\"async\" src=\"https:\/\/www.bjultrasonic.com\/wp-content\/uploads\/2018\/07\/Internal-Structure-Of-Digital-Ultrasonic-Generator.png\" alt=\"Intern struktur av digital ultraljudsgenerator\" width=\"650\" height=\"578\" \/><\/p>\n<h3>Typiska egenskaper hos ultraljudsgenerator<\/h3>\n<ul>\n<li>Knappprogrammeringskontroll med digital display av inst\u00e4llningar, vi kan se arbetsf\u00f6rh\u00e5llandena p\u00e5 displaypanelen (som arbetsfrekvens, arbetsstr\u00f6m).<\/li>\n<li>Anv\u00e4nder digital kontrollteknik, perfekt kretsdesign, stabil effektutg\u00e5ng.<\/li>\n<li>\u00d6verstr\u00f6msskydd, \u00f6verhettningsskydd, \u00f6versp\u00e4nningsskydd.<\/li>\n<li>H\u00f6g- och l\u00e5gsp\u00e4nningskretsar \u00e4r helt separerade, s\u00e4ker drift.<\/li>\n<li>Ultraljudseffekten, timern och frekvensen kan justeras efter behov f\u00f6r att m\u00f6ta reng\u00f6ring av olika produkter.<br \/>\n(Tidskontroll: 0-59&#8217;59&#8221;)<br \/>\n(Effektkontrollomf\u00e5ng: 0-100%)<\/li>\n<li>Ett effektivt kylsystem.<\/li>\n<li>Svepfrekvensfunktion.<\/li>\n<\/ul>\n<h3>Video om ultraljudsfrekvensgenerator<\/h3>\n<p><iframe loading=\"lazy\" title=\"Ultrasonic Signal Generator Circuit - Beijing Ultrasonic\" width=\"500\" height=\"281\" src=\"https:\/\/www.youtube.com\/embed\/A9JdQN5e5G8?feature=oembed\" frameborder=\"0\" allow=\"accelerometer; autoplay; clipboard-write; encrypted-media; gyroscope; picture-in-picture; web-share\" referrerpolicy=\"strict-origin-when-cross-origin\" allowfullscreen><\/iframe><\/p>\n","protected":false},"excerpt":{"rendered":"<p>Digital <a href=\"https:\/\/www.bjultrasonic.com\/sv\/category\/ultrasonic-generator-sv\/\">ultraljudsgenerator<\/a>, \u00e4ven kallad ultraljudsgeneratorkit, anv\u00e4nder avancerad mikrodatorstyrningsteknik och ny kretstopologi. Du kan justera ultraljudsfrekvensen, timern och effekten efter dina \u00f6nskem\u00e5l.<\/p>\n","protected":false},"featured_media":19239,"comment_status":"open","ping_status":"closed","template":"","meta":[],"product_brand":[],"product_cat":[6047],"product_tag":[],"class_list":{"0":"post-67504","1":"product","2":"type-product","3":"status-publish","4":"has-post-thumbnail","6":"product_cat-ultrasonic-digital-generator-sv","8":"first","9":"instock","10":"shipping-taxable","11":"product-type-external","12":"prodpage-classic"},"aioseo_notices":[],"_links":{"self":[{"href":"https:\/\/www.bjultrasonic.com\/sv\/wp-json\/wp\/v2\/product\/67504","targetHints":{"allow":["GET"]}}],"collection":[{"href":"https:\/\/www.bjultrasonic.com\/sv\/wp-json\/wp\/v2\/product"}],"about":[{"href":"https:\/\/www.bjultrasonic.com\/sv\/wp-json\/wp\/v2\/types\/product"}],"replies":[{"embeddable":true,"href":"https:\/\/www.bjultrasonic.com\/sv\/wp-json\/wp\/v2\/comments?post=67504"}],"wp:featuredmedia":[{"embeddable":true,"href":"https:\/\/www.bjultrasonic.com\/sv\/wp-json\/wp\/v2\/media\/19239"}],"wp:attachment":[{"href":"https:\/\/www.bjultrasonic.com\/sv\/wp-json\/wp\/v2\/media?parent=67504"}],"wp:term":[{"taxonomy":"product_brand","embeddable":true,"href":"https:\/\/www.bjultrasonic.com\/sv\/wp-json\/wp\/v2\/product_brand?post=67504"},{"taxonomy":"product_cat","embeddable":true,"href":"https:\/\/www.bjultrasonic.com\/sv\/wp-json\/wp\/v2\/product_cat?post=67504"},{"taxonomy":"product_tag","embeddable":true,"href":"https:\/\/www.bjultrasonic.com\/sv\/wp-json\/wp\/v2\/product_tag?post=67504"}],"curies":[{"name":"wp","href":"https:\/\/api.w.org\/{rel}","templated":true}]}}