{"id":67804,"date":"2013-07-21T03:55:05","date_gmt":"2013-07-21T08:55:05","guid":{"rendered":"https:\/\/www.bjultrasonic.com\/shop\/130khz-50w-ultrasonic-transducer-135khz-50w-digital-ultrasonic-pcb-generator\/"},"modified":"2026-03-28T20:35:24","modified_gmt":"2026-03-29T01:35:24","slug":"130khz-50w-ultrasonic-transducer-135khz-50w-digital-ultrasonic-pcb-generator","status":"publish","type":"product","link":"https:\/\/www.bjultrasonic.com\/sv\/shop\/130khz-50w-ultrasonic-transducer-135khz-50w-digital-ultrasonic-pcb-generator\/","title":{"rendered":"135kHz 50W Ultraljuds Transducer &#038; 135kHz 50W Digital Ultraljuds Transducer Driver"},"content":{"rendered":"<p><strong>OBS: N\u00e4r du l\u00e4gger din best\u00e4llning.<\/strong><\/p>\n<ol>\n<li>L\u00e4mna ett meddelande om exakt sp\u00e4nningsstandard.<\/li>\n<li>Ange den exakta leveransadressen och kontakttelefonnummer.<\/li>\n<li>Meddela oss om du vill att vi ska deklarera ett l\u00e5gt v\u00e4rde till tullen.<\/li>\n<li>L\u00e4mna en giltig e-postadress. Vi skickar sp\u00e5rningsnumret via e-post s\u00e5 snart varorna \u00e4r skickade.<\/li>\n<\/ol>\n<p><strong>Specifikationer:<\/strong><\/p>\n<table class=\"table table-striped table-bordered\">\n<tbody>\n<tr>\n<td colspan=\"2\" width=\"568\">En digital 135kHz 50W ultraljuds-PCB-generator driver en 135kHz 50W ultraljuds transducer.<\/td>\n<\/tr>\n<tr>\n<td colspan=\"2\" width=\"568\">Ultraljuds transducer:<\/td>\n<\/tr>\n<tr>\n<td width=\"163\">Frekvens<\/td>\n<td width=\"405\">135kHz \u00b11 kHz<\/td>\n<\/tr>\n<tr>\n<td width=\"163\">Effekt<\/td>\n<td width=\"405\">50W<\/td>\n<\/tr>\n<tr>\n<td width=\"163\">Kapacitans<\/td>\n<td width=\"405\">4200pF (PZT4)<\/td>\n<\/tr>\n<tr>\n<td width=\"163\">Utstr\u00e5lningsyta<\/td>\n<td width=\"405\">36mm<\/td>\n<\/tr>\n<tr>\n<td width=\"163\">Resonansresistans<\/td>\n<td width=\"405\">10-20 \u03a9<\/td>\n<\/tr>\n<tr>\n<td width=\"163\">Storlek piezokeramik<\/td>\n<td width=\"405\">35*15*5 mm<\/td>\n<\/tr>\n<tr>\n<td width=\"163\">L\u00e4ngd<\/td>\n<td width=\"405\">54mm<\/td>\n<\/tr>\n<tr>\n<td colspan=\"2\" width=\"568\">Ultraljuds-PCB-generator<\/td>\n<\/tr>\n<tr>\n<td width=\"163\">Str\u00f6mf\u00f6rs\u00f6rjning<\/td>\n<td width=\"405\">Ing\u00e5ng: 200V-240V \/ 100V-120V<\/td>\n<\/tr>\n<tr>\n<td width=\"163\">Frekvens<\/td>\n<td width=\"405\">135kHz \u00b11 kHz<\/td>\n<\/tr>\n<tr>\n<td width=\"163\">Effekt<\/td>\n<td width=\"405\">50W<\/td>\n<\/tr>\n<tr>\n<td width=\"163\">Kapacitans<\/td>\n<td width=\"405\">4200pF<\/td>\n<\/tr>\n<tr>\n<td width=\"163\">Storlek<\/td>\n<td width=\"405\">18cm*13cm*6cm (l\u00e4ngd*bredd*h\u00f6jd)<\/td>\n<\/tr>\n<tr>\n<td colspan=\"2\" width=\"568\">Total bruttovikt: 4kg<\/td>\n<\/tr>\n<tr>\n<td colspan=\"2\" width=\"568\">OBS: Tiden och effekten p\u00e5 den digitala ultraljuds-PCB-generatorn kan justeras efter dina behov.<\/td>\n<\/tr>\n<\/tbody>\n<\/table>\n<p>F\u00f6ljande bilder visar hur man kopplar ihop dem:<\/p>\n<p><a href=\"https:\/\/www.bjultrasonic.com\/wp-content\/uploads\/2014\/05\/130kHz-50W-Ultrasonic-Transducer-135kHz-50W-Digital-Ultrasonic-PCB-Generator-1.jpg\"><img loading=\"lazy\" decoding=\"async\" class=\"alignnone wp-image-5668\" src=\"\/\/www.bjultrasonic.com\/wp-content\/uploads\/2014\/05\/130kHz-50W-Ultrasonic-Transducer-135kHz-50W-Digital-Ultrasonic-PCB-Generator-1.jpg\" alt=\"130kHz 50W Ultrasonic Transducer &amp; 135kHz 50W Digital Ultrasonic PCB Generator (1)\" width=\"589\" height=\"326\" \/><\/a> <a href=\"https:\/\/www.bjultrasonic.com\/wp-content\/uploads\/2014\/05\/130kHz-50W-Ultrasonic-Transducer-135kHz-50W-Digital-Ultrasonic-PCB-Generator-2.jpg\"><img loading=\"lazy\" decoding=\"async\" class=\"alignnone wp-image-5669\" src=\"\/\/www.bjultrasonic.com\/wp-content\/uploads\/2014\/05\/130kHz-50W-Ultrasonic-Transducer-135kHz-50W-Digital-Ultrasonic-PCB-Generator-2.jpg\" alt=\"130kHz 50W Ultrasonic Transducer &amp; 135kHz 50W Digital Ultrasonic PCB Generator (2)\" width=\"589\" height=\"533\" \/><\/a> <a href=\"https:\/\/www.bjultrasonic.com\/wp-content\/uploads\/2014\/05\/130kHz-50W-Ultrasonic-Transducer-135kHz-50W-Digital-Ultrasonic-PCB-Generator-3.jpg\"><img loading=\"lazy\" decoding=\"async\" class=\"alignnone wp-image-5670\" src=\"\/\/www.bjultrasonic.com\/wp-content\/uploads\/2014\/05\/130kHz-50W-Ultrasonic-Transducer-135kHz-50W-Digital-Ultrasonic-PCB-Generator-3.jpg\" alt=\"130kHz 50W Ultrasonic Transducer &amp; 135kHz 50W Digital Ultrasonic PCB Generator (3)\" width=\"591\" height=\"298\" \/><\/a> <a href=\"https:\/\/www.bjultrasonic.com\/wp-content\/uploads\/2014\/05\/130kHz-50W-Ultrasonic-Transducer-135kHz-50W-Digital-Ultrasonic-PCB-Generator-4.jpg\"><img loading=\"lazy\" decoding=\"async\" class=\"alignnone wp-image-5671\" src=\"\/\/www.bjultrasonic.com\/wp-content\/uploads\/2014\/05\/130kHz-50W-Ultrasonic-Transducer-135kHz-50W-Digital-Ultrasonic-PCB-Generator-4.jpg\" alt=\"130kHz 50W Ultrasonic Transducer &amp; 135kHz 50W Digital Ultrasonic PCB Generator (4)\" width=\"594\" height=\"329\" \/><\/a> <a href=\"https:\/\/www.bjultrasonic.com\/wp-content\/uploads\/2014\/05\/130kHz-50W-Ultrasonic-Transducer-135kHz-50W-Digital-Ultrasonic-PCB-Generator-5.jpg\"><img loading=\"lazy\" decoding=\"async\" class=\"alignnone wp-image-5672\" src=\"\/\/www.bjultrasonic.com\/wp-content\/uploads\/2014\/05\/130kHz-50W-Ultrasonic-Transducer-135kHz-50W-Digital-Ultrasonic-PCB-Generator-5.jpg\" alt=\"130kHz 50W Ultrasonic Transducer &amp; 135kHz 50W Digital Ultrasonic PCB Generator (5)\" width=\"594\" height=\"329\" \/><\/a> <a href=\"https:\/\/www.bjultrasonic.com\/wp-content\/uploads\/2014\/05\/130kHz-50W-Ultrasonic-Transducer-135kHz-50W-Digital-Ultrasonic-PCB-Generator-6.jpg\"><img loading=\"lazy\" decoding=\"async\" class=\"alignnone wp-image-5673\" src=\"\/\/www.bjultrasonic.com\/wp-content\/uploads\/2014\/05\/130kHz-50W-Ultrasonic-Transducer-135kHz-50W-Digital-Ultrasonic-PCB-Generator-6.jpg\" alt=\"130kHz 50W Ultrasonic Transducer &amp; 135kHz 50W Digital Ultrasonic PCB Generator (6)\" width=\"593\" height=\"328\" \/><\/a><\/p>\n","protected":false},"excerpt":{"rendered":"<p>Paket med <a href=\"https:\/\/www.bjultrasonic.com\/sv\/category\/ultrasonic-generator-sv\/ultrasonic-generator-circuits-sv\/\">ultraljudsreng\u00f6ringsdrivkort<\/a> med digital display &amp; <a href=\"https:\/\/www.bjultrasonic.com\/sv\/category\/ultrasonic-transducer-sv\/\">ultraljudsreng\u00f6ringsgivare<\/a>.<\/p>\n","protected":false},"featured_media":24654,"comment_status":"open","ping_status":"closed","template":"","meta":[],"product_brand":[],"product_cat":[6074],"product_tag":[],"class_list":{"0":"post-67804","1":"product","2":"type-product","3":"status-publish","4":"has-post-thumbnail","6":"product_cat-digital-ultrasonic-pcb-generator-transducer-sv","8":"first","9":"instock","10":"shipping-taxable","11":"purchasable","12":"product-type-simple","13":"prodpage-classic"},"aioseo_notices":[],"_links":{"self":[{"href":"https:\/\/www.bjultrasonic.com\/sv\/wp-json\/wp\/v2\/product\/67804","targetHints":{"allow":["GET"]}}],"collection":[{"href":"https:\/\/www.bjultrasonic.com\/sv\/wp-json\/wp\/v2\/product"}],"about":[{"href":"https:\/\/www.bjultrasonic.com\/sv\/wp-json\/wp\/v2\/types\/product"}],"replies":[{"embeddable":true,"href":"https:\/\/www.bjultrasonic.com\/sv\/wp-json\/wp\/v2\/comments?post=67804"}],"wp:featuredmedia":[{"embeddable":true,"href":"https:\/\/www.bjultrasonic.com\/sv\/wp-json\/wp\/v2\/media\/24654"}],"wp:attachment":[{"href":"https:\/\/www.bjultrasonic.com\/sv\/wp-json\/wp\/v2\/media?parent=67804"}],"wp:term":[{"taxonomy":"product_brand","embeddable":true,"href":"https:\/\/www.bjultrasonic.com\/sv\/wp-json\/wp\/v2\/product_brand?post=67804"},{"taxonomy":"product_cat","embeddable":true,"href":"https:\/\/www.bjultrasonic.com\/sv\/wp-json\/wp\/v2\/product_cat?post=67804"},{"taxonomy":"product_tag","embeddable":true,"href":"https:\/\/www.bjultrasonic.com\/sv\/wp-json\/wp\/v2\/product_tag?post=67804"}],"curies":[{"name":"wp","href":"https:\/\/api.w.org\/{rel}","templated":true}]}}