{"id":67864,"date":"2013-07-21T03:55:00","date_gmt":"2013-07-21T08:55:00","guid":{"rendered":"https:\/\/www.bjultrasonic.com\/shop\/68khz-60w-ultrasonic-transducer-54khz-60w-digital-ultrasonic-pcb-generator\/"},"modified":"2026-03-28T20:34:53","modified_gmt":"2026-03-29T01:34:53","slug":"68khz-60w-ultrasonic-transducer-54khz-60w-digital-ultrasonic-pcb-generator","status":"publish","type":"product","link":"https:\/\/www.bjultrasonic.com\/sv\/shop\/68khz-60w-ultrasonic-transducer-54khz-60w-digital-ultrasonic-pcb-generator\/","title":{"rendered":"68kHz 60W ultraljudstransducer &#038; 54kHz 60W digital ultraljudstransducerdriver"},"content":{"rendered":"<p><strong>OBS: N\u00e4r du l\u00e4gger din best\u00e4llning.<\/strong><\/p>\n<ol>\n<li>V\u00e4nligen l\u00e4mna ett meddelande om exakt sp\u00e4nningsstandard<\/li>\n<li>V\u00e4nligen ange den exakta leveransadressen och kontakttelefonnumret<\/li>\n<li>V\u00e4nligen meddela oss om du vill att vi deklarerar ett l\u00e5gt v\u00e4rde till tullen<\/li>\n<li>V\u00e4nligen l\u00e4mna en giltig e-postadress. Vi skickar sp\u00e5rningsnumret via e-post s\u00e5 snart varorna har skickats<\/li>\n<\/ol>\n<p><strong>Specifikation:<\/strong><\/p>\n<table class=\"table table-striped table-bordered\">\n<tbody>\n<tr>\n<td colspan=\"2\" width=\"568\">En 68kHz 60W ultraljuds PCB-generator driver en 68kHz 60W ultraljudstransducer<\/td>\n<\/tr>\n<tr>\n<td colspan=\"2\" width=\"568\">Ultraljudstransducer:<\/td>\n<\/tr>\n<tr>\n<td width=\"163\">Frekvens<\/td>\n<td width=\"405\">68kHz \u00b11 kHz<\/td>\n<\/tr>\n<tr>\n<td width=\"163\">Effekt<\/td>\n<td width=\"405\">60 W<\/td>\n<\/tr>\n<tr>\n<td width=\"163\">Kapacitans<\/td>\n<td width=\"405\">3800 pF (PZT4)<\/td>\n<\/tr>\n<tr>\n<td width=\"163\">Str\u00e5lningsyta<\/td>\n<td width=\"405\">49 mm<\/td>\n<\/tr>\n<tr>\n<td width=\"163\">Resonansresistans<\/td>\n<td width=\"405\">10-20 \u03a9<\/td>\n<\/tr>\n<tr>\n<td width=\"163\">Piezokeramisk storlek<\/td>\n<td width=\"405\">38*15*5 mm<\/td>\n<\/tr>\n<tr>\n<td width=\"163\">L\u00e4ngd<\/td>\n<td width=\"405\">80 mm<\/td>\n<\/tr>\n<tr>\n<td colspan=\"2\" width=\"568\">Ultraljuds PCB-generator<\/td>\n<\/tr>\n<tr>\n<td width=\"163\">Str\u00f6mf\u00f6rs\u00f6rjning<\/td>\n<td width=\"405\">Ing\u00e5ng: 200V-240V \/ 100V-120V<\/td>\n<\/tr>\n<tr>\n<td width=\"163\">Frekvens<\/td>\n<td width=\"405\">68kHz \u00b11 kHz<\/td>\n<\/tr>\n<tr>\n<td width=\"163\">Effekt<\/td>\n<td width=\"405\">60 W<\/td>\n<\/tr>\n<tr>\n<td width=\"163\">Kapacitans<\/td>\n<td width=\"405\">3800 pF<\/td>\n<\/tr>\n<tr>\n<td width=\"163\">Storlek<\/td>\n<td width=\"405\">18 cm * 13 cm * 6 cm (l\u00e4ngd*bredd*h\u00f6jd)<\/td>\n<\/tr>\n<tr>\n<td colspan=\"2\" width=\"568\">Total bruttovikt: 4 kg<\/td>\n<\/tr>\n<\/tbody>\n<\/table>\n<p>F\u00f6ljande bilder visar hur man kopplar ihop dem:<\/p>\n<p><a href=\"https:\/\/www.bjultrasonic.com\/wp-content\/uploads\/2014\/05\/68kHz-60W-Ultrasonic-Transducer-54kHz-60W-Ultrasonic-PCB-Generator-1.jpg\"><img loading=\"lazy\" decoding=\"async\" class=\"alignnone wp-image-5650\" src=\"\/\/www.bjultrasonic.com\/wp-content\/uploads\/2014\/05\/68kHz-60W-Ultrasonic-Transducer-54kHz-60W-Ultrasonic-PCB-Generator-1.jpg\" alt=\"68kHz 60W Ultrasonic Transducer &amp; 54kHz 60W Ultrasonic PCB Generator (1)\" width=\"583\" height=\"294\" \/><\/a> <a href=\"https:\/\/www.bjultrasonic.com\/wp-content\/uploads\/2014\/05\/68kHz-60W-Ultrasonic-Transducer-54kHz-60W-Ultrasonic-PCB-Generator-2.jpg\"><img loading=\"lazy\" decoding=\"async\" class=\"alignnone wp-image-5651\" src=\"\/\/www.bjultrasonic.com\/wp-content\/uploads\/2014\/05\/68kHz-60W-Ultrasonic-Transducer-54kHz-60W-Ultrasonic-PCB-Generator-2.jpg\" alt=\"68kHz 60W Ultrasonic Transducer &amp; 54kHz 60W Ultrasonic PCB Generator (2)\" width=\"584\" height=\"323\" \/><\/a> <a href=\"https:\/\/www.bjultrasonic.com\/wp-content\/uploads\/2014\/05\/68kHz-60W-Ultrasonic-Transducer-54kHz-60W-Ultrasonic-PCB-Generator-3.jpg\"><img loading=\"lazy\" decoding=\"async\" class=\"alignnone wp-image-5652\" src=\"\/\/www.bjultrasonic.com\/wp-content\/uploads\/2014\/05\/68kHz-60W-Ultrasonic-Transducer-54kHz-60W-Ultrasonic-PCB-Generator-3.jpg\" alt=\"68kHz 60W Ultrasonic Transducer &amp; 54kHz 60W Ultrasonic PCB Generator (3)\" width=\"582\" height=\"322\" \/><\/a> <a href=\"https:\/\/www.bjultrasonic.com\/wp-content\/uploads\/2014\/05\/68kHz-60W-Ultrasonic-Transducer-54kHz-60W-Ultrasonic-PCB-Generator-4.jpg\"><img loading=\"lazy\" decoding=\"async\" class=\"alignnone wp-image-5653\" src=\"\/\/www.bjultrasonic.com\/wp-content\/uploads\/2014\/05\/68kHz-60W-Ultrasonic-Transducer-54kHz-60W-Ultrasonic-PCB-Generator-4.jpg\" alt=\"68kHz 60W Ultrasonic Transducer &amp; 54kHz 60W Ultrasonic PCB Generator (4)\" width=\"580\" height=\"321\" \/><\/a> <a href=\"https:\/\/www.bjultrasonic.com\/wp-content\/uploads\/2014\/05\/68kHz-60W-Ultrasonic-Transducer-54kHz-60W-Ultrasonic-PCB-Generator-5.jpg\"><img loading=\"lazy\" decoding=\"async\" class=\"alignnone wp-image-5654\" src=\"\/\/www.bjultrasonic.com\/wp-content\/uploads\/2014\/05\/68kHz-60W-Ultrasonic-Transducer-54kHz-60W-Ultrasonic-PCB-Generator-5.jpg\" alt=\"68kHz 60W Ultrasonic Transducer &amp; 54kHz 60W Ultrasonic PCB Generator (5)\" width=\"578\" height=\"320\" \/><\/a> <a href=\"https:\/\/www.bjultrasonic.com\/wp-content\/uploads\/2014\/05\/68kHz-60W-Ultrasonic-Transducer-54kHz-60W-Ultrasonic-PCB-Generator-6.jpg\"><img loading=\"lazy\" decoding=\"async\" class=\"alignnone wp-image-5655\" src=\"\/\/www.bjultrasonic.com\/wp-content\/uploads\/2014\/05\/68kHz-60W-Ultrasonic-Transducer-54kHz-60W-Ultrasonic-PCB-Generator-6.jpg\" alt=\"68kHz 60W Ultrasonic Transducer &amp; 54kHz 60W Ultrasonic PCB Generator (6)\" width=\"577\" height=\"291\" \/><\/a><\/p>\n","protected":false},"excerpt":{"rendered":"<p>Paket med <a href=\"https:\/\/www.bjultrasonic.com\/sv\/category\/ultrasonic-generator-sv\/ultrasonic-generator-circuits-sv\/\">ultraljudsreng\u00f6ringsdrivkort<\/a> med digital display &amp; <a href=\"https:\/\/www.bjultrasonic.com\/sv\/category\/ultrasonic-transducer-sv\/\">ultraljudsreng\u00f6ringsomvandlare<\/a>.<\/p>\n","protected":false},"featured_media":24655,"comment_status":"open","ping_status":"closed","template":"","meta":[],"product_brand":[],"product_cat":[6074],"product_tag":[],"class_list":{"0":"post-67864","1":"product","2":"type-product","3":"status-publish","4":"has-post-thumbnail","6":"product_cat-digital-ultrasonic-pcb-generator-transducer-sv","8":"first","9":"instock","10":"shipping-taxable","11":"purchasable","12":"product-type-simple","13":"prodpage-classic"},"aioseo_notices":[],"_links":{"self":[{"href":"https:\/\/www.bjultrasonic.com\/sv\/wp-json\/wp\/v2\/product\/67864","targetHints":{"allow":["GET"]}}],"collection":[{"href":"https:\/\/www.bjultrasonic.com\/sv\/wp-json\/wp\/v2\/product"}],"about":[{"href":"https:\/\/www.bjultrasonic.com\/sv\/wp-json\/wp\/v2\/types\/product"}],"replies":[{"embeddable":true,"href":"https:\/\/www.bjultrasonic.com\/sv\/wp-json\/wp\/v2\/comments?post=67864"}],"wp:featuredmedia":[{"embeddable":true,"href":"https:\/\/www.bjultrasonic.com\/sv\/wp-json\/wp\/v2\/media\/24655"}],"wp:attachment":[{"href":"https:\/\/www.bjultrasonic.com\/sv\/wp-json\/wp\/v2\/media?parent=67864"}],"wp:term":[{"taxonomy":"product_brand","embeddable":true,"href":"https:\/\/www.bjultrasonic.com\/sv\/wp-json\/wp\/v2\/product_brand?post=67864"},{"taxonomy":"product_cat","embeddable":true,"href":"https:\/\/www.bjultrasonic.com\/sv\/wp-json\/wp\/v2\/product_cat?post=67864"},{"taxonomy":"product_tag","embeddable":true,"href":"https:\/\/www.bjultrasonic.com\/sv\/wp-json\/wp\/v2\/product_tag?post=67864"}],"curies":[{"name":"wp","href":"https:\/\/api.w.org\/{rel}","templated":true}]}}