{"id":67944,"date":"2013-06-21T02:03:29","date_gmt":"2013-06-21T07:03:29","guid":{"rendered":"https:\/\/www.bjultrasonic.com\/shop\/130khz-50w-ultrasonic-transducer-135khz-50w-ultrasonic-pcb-generator\/"},"modified":"2026-03-28T20:34:02","modified_gmt":"2026-03-29T01:34:02","slug":"130khz-50w-ultrasonic-transducer-135khz-50w-ultrasonic-pcb-generator","status":"publish","type":"product","link":"https:\/\/www.bjultrasonic.com\/sv\/shop\/130khz-50w-ultrasonic-transducer-135khz-50w-ultrasonic-pcb-generator\/","title":{"rendered":"130kHz 50W Ultraljudstransducer &#038; 135kHz 50W Ultraljudstransducerdriver"},"content":{"rendered":"<p><strong>Obs:<\/strong> N\u00e4r du l\u00e4gger din best\u00e4llning.<\/p>\n<ol>\n<li>V\u00e4nligen l\u00e4mna ett meddelande om exakt sp\u00e4nningsstandard<\/li>\n<li>V\u00e4nligen ange den exakta leveransadressen och kontakttelefonnumret.<\/li>\n<li>V\u00e4nligen tala om f\u00f6r oss om du vill att vi ska deklarera ett l\u00e5gt v\u00e4rde till tullen.<\/li>\n<li>V\u00e4nligen l\u00e4mna oss en giltig e-postadress. Vi kommer att skicka sp\u00e5rningsnumret till dig via e-post s\u00e5 snart vi skickar ut varorna.<\/li>\n<\/ol>\n<p><strong>Specifikation:<\/strong><\/p>\n<table class=\"table table-striped table-bordered\">\n<tbody>\n<tr>\n<td colspan=\"2\" width=\"568\">En 135 kHz 50 W ultraljuds-PCB-generator driver en 135 kHz 50 W ultraljudstransducer<\/td>\n<\/tr>\n<tr>\n<td colspan=\"2\" width=\"568\"><strong>Ultraljudstransducer:<\/strong><\/td>\n<\/tr>\n<tr>\n<td width=\"163\">Frekvens<\/td>\n<td width=\"405\">135 kHz \u00b1 1 kHz<\/td>\n<\/tr>\n<tr>\n<td width=\"163\">Effekt<\/td>\n<td width=\"405\">50 W<\/td>\n<\/tr>\n<tr>\n<td width=\"163\">Kapacitans<\/td>\n<td width=\"405\">4200 pF (PZT4)<\/td>\n<\/tr>\n<tr>\n<td width=\"163\">Utstr\u00e5lningsyta<\/td>\n<td width=\"405\">36 mm<\/td>\n<\/tr>\n<tr>\n<td width=\"163\">Resonansresistans<\/td>\n<td width=\"405\">10 &#8211; 20 \u03a9<\/td>\n<\/tr>\n<tr>\n<td width=\"163\">Storlek piezokeramik<\/td>\n<td width=\"405\">35 * 15 * 5 mm<\/td>\n<\/tr>\n<tr>\n<td width=\"163\">L\u00e4ngd<\/td>\n<td width=\"405\">54 mm<\/td>\n<\/tr>\n<tr>\n<td colspan=\"2\" width=\"568\"><strong>Ultraljuds-PCB-generator<\/strong><\/td>\n<\/tr>\n<tr>\n<td width=\"163\">Str\u00f6mf\u00f6rs\u00f6rjning<\/td>\n<td width=\"405\">Ing\u00e5ng: 200 V &#8211; 240 V \/ 100 V &#8211; 120 V<\/td>\n<\/tr>\n<tr>\n<td width=\"163\">Frekvens<\/td>\n<td width=\"405\">135 kHz \u00b1 1 kHz<\/td>\n<\/tr>\n<tr>\n<td width=\"163\">Effekt<\/td>\n<td width=\"405\">50 W<\/td>\n<\/tr>\n<tr>\n<td width=\"163\">Kapacitans<\/td>\n<td width=\"405\">4200 pF<\/td>\n<\/tr>\n<tr>\n<td width=\"163\">Storlek<\/td>\n<td width=\"405\">18 cm * 13 cm * 6 cm (l\u00e4ngd * bredd * h\u00f6jd)<\/td>\n<\/tr>\n<tr>\n<td colspan=\"2\" width=\"568\">Total bruttovikt: 4 kg<\/td>\n<\/tr>\n<\/tbody>\n<\/table>\n<p>F\u00f6ljande bilder visar hur man kopplar ihop dem:<\/p>\n<p><a href=\"https:\/\/www.bjultrasonic.com\/wp-content\/uploads\/2013\/06\/130kHz-50W-Ultrasonic-Transducer-135kHz-50W-Ultrasonic-PCB-Generator-1.jpg\"><img loading=\"lazy\" decoding=\"async\" class=\"alignnone  wp-image-5623\" src=\"\/\/www.bjultrasonic.com\/wp-content\/uploads\/2013\/06\/130kHz-50W-Ultrasonic-Transducer-135kHz-50W-Ultrasonic-PCB-Generator-1.jpg\" alt=\"130kHz 50W Ultrasonic Transducer &amp; 135kHz 50W Ultrasonic PCB Generator (1)\" width=\"591\" height=\"298\" \/><\/a> <a href=\"https:\/\/www.bjultrasonic.com\/wp-content\/uploads\/2013\/06\/130kHz-50W-Ultrasonic-Transducer-135kHz-50W-Ultrasonic-PCB-Generator-2.jpg\"><img loading=\"lazy\" decoding=\"async\" class=\"alignnone  wp-image-5624\" src=\"\/\/www.bjultrasonic.com\/wp-content\/uploads\/2013\/06\/130kHz-50W-Ultrasonic-Transducer-135kHz-50W-Ultrasonic-PCB-Generator-2.jpg\" alt=\"130kHz 50W Ultrasonic Transducer &amp; 135kHz 50W Ultrasonic PCB Generator (2)\" width=\"593\" height=\"328\" \/><\/a> <a href=\"https:\/\/www.bjultrasonic.com\/wp-content\/uploads\/2013\/06\/130kHz-50W-Ultrasonic-Transducer-135kHz-50W-Ultrasonic-PCB-Generator-3.jpg\"><img loading=\"lazy\" decoding=\"async\" class=\"alignnone  wp-image-5625\" src=\"\/\/www.bjultrasonic.com\/wp-content\/uploads\/2013\/06\/130kHz-50W-Ultrasonic-Transducer-135kHz-50W-Ultrasonic-PCB-Generator-3.jpg\" alt=\"130kHz 50W Ultrasonic Transducer &amp; 135kHz 50W Ultrasonic PCB Generator (3)\" width=\"596\" height=\"330\" \/><\/a> <a href=\"https:\/\/www.bjultrasonic.com\/wp-content\/uploads\/2013\/06\/130kHz-50W-Ultrasonic-Transducer-135kHz-50W-Ultrasonic-PCB-Generator-4.jpg\"><img loading=\"lazy\" decoding=\"async\" class=\"alignnone  wp-image-5626\" src=\"\/\/www.bjultrasonic.com\/wp-content\/uploads\/2013\/06\/130kHz-50W-Ultrasonic-Transducer-135kHz-50W-Ultrasonic-PCB-Generator-4.jpg\" alt=\"130kHz 50W Ultrasonic Transducer &amp; 135kHz 50W Ultrasonic PCB Generator (4)\" width=\"597\" height=\"441\" \/><\/a> <a href=\"https:\/\/www.bjultrasonic.com\/wp-content\/uploads\/2013\/06\/130kHz-50W-Ultrasonic-Transducer-135kHz-50W-Ultrasonic-PCB-Generator-5.jpg\"><img loading=\"lazy\" decoding=\"async\" class=\"alignnone  wp-image-5627\" src=\"\/\/www.bjultrasonic.com\/wp-content\/uploads\/2013\/06\/130kHz-50W-Ultrasonic-Transducer-135kHz-50W-Ultrasonic-PCB-Generator-5.jpg\" alt=\"130kHz 50W Ultrasonic Transducer &amp; 135kHz 50W Ultrasonic PCB Generator (5)\" width=\"596\" height=\"539\" \/><\/a><\/p>\n","protected":false},"excerpt":{"rendered":"<p>Paket med h\u00f6gkvalitativa [100-120V\/200-240V] <a href=\"https:\/\/www.bjultrasonic.com\/sv\/category\/ultrasonic-generator-sv\/ultrasonic-generator-circuits-sv\/\">ultraljudsreng\u00f6ringsdrivkort<\/a> &amp; <a href=\"https:\/\/www.bjultrasonic.com\/sv\/category\/ultrasonic-transducer-sv\/\">ultraljudsreng\u00f6ringstransduktorer<\/a>.<\/p>\n","protected":false},"featured_media":42293,"comment_status":"open","ping_status":"closed","template":"","meta":[],"product_brand":[],"product_cat":[6133],"product_tag":[],"class_list":{"0":"post-67944","1":"product","2":"type-product","3":"status-publish","4":"has-post-thumbnail","6":"product_cat-100-120v-200-240v-ultrasonic-generator-transducer-sv","8":"first","9":"instock","10":"shipping-taxable","11":"purchasable","12":"product-type-simple","13":"prodpage-classic"},"aioseo_notices":[],"_links":{"self":[{"href":"https:\/\/www.bjultrasonic.com\/sv\/wp-json\/wp\/v2\/product\/67944","targetHints":{"allow":["GET"]}}],"collection":[{"href":"https:\/\/www.bjultrasonic.com\/sv\/wp-json\/wp\/v2\/product"}],"about":[{"href":"https:\/\/www.bjultrasonic.com\/sv\/wp-json\/wp\/v2\/types\/product"}],"replies":[{"embeddable":true,"href":"https:\/\/www.bjultrasonic.com\/sv\/wp-json\/wp\/v2\/comments?post=67944"}],"wp:featuredmedia":[{"embeddable":true,"href":"https:\/\/www.bjultrasonic.com\/sv\/wp-json\/wp\/v2\/media\/42293"}],"wp:attachment":[{"href":"https:\/\/www.bjultrasonic.com\/sv\/wp-json\/wp\/v2\/media?parent=67944"}],"wp:term":[{"taxonomy":"product_brand","embeddable":true,"href":"https:\/\/www.bjultrasonic.com\/sv\/wp-json\/wp\/v2\/product_brand?post=67944"},{"taxonomy":"product_cat","embeddable":true,"href":"https:\/\/www.bjultrasonic.com\/sv\/wp-json\/wp\/v2\/product_cat?post=67944"},{"taxonomy":"product_tag","embeddable":true,"href":"https:\/\/www.bjultrasonic.com\/sv\/wp-json\/wp\/v2\/product_tag?post=67944"}],"curies":[{"name":"wp","href":"https:\/\/api.w.org\/{rel}","templated":true}]}}