{"id":67964,"date":"2013-06-21T02:03:08","date_gmt":"2013-06-21T07:03:08","guid":{"rendered":"https:\/\/www.bjultrasonic.com\/shop\/120khz-60w-ultrasonic-transducer-120khz-60w-ultrasonic-pcb-generator\/"},"modified":"2026-03-28T20:34:01","modified_gmt":"2026-03-29T01:34:01","slug":"120khz-60w-ultrasonic-transducer-120khz-60w-ultrasonic-pcb-generator","status":"publish","type":"product","link":"https:\/\/www.bjultrasonic.com\/sv\/shop\/120khz-60w-ultrasonic-transducer-120khz-60w-ultrasonic-pcb-generator\/","title":{"rendered":"120kHz 60W Ultrasonic Transducer &#038; 120kHz 60W Ultrasonic Transducer Driver"},"content":{"rendered":"<p><strong>OBS: N\u00e4r du l\u00e4gger din best\u00e4llning.<\/strong><\/p>\n<ol>\n<li>V\u00e4nligen l\u00e4mna ett meddelande om exakt sp\u00e4nningsstandard<\/li>\n<li>V\u00e4nligen ange den exakta leveransadressen och kontakttelefonnumret<\/li>\n<li>V\u00e4nligen tala om om du vill att vi deklarerar ett l\u00e5gt v\u00e4rde till tullen<\/li>\n<li>V\u00e4nligen l\u00e4mna en giltig e-postadress. Vi kommer att skicka sp\u00e5rningsnumret till dig via e-post s\u00e5 snart vi skickar ut varorna.<\/li>\n<\/ol>\n<p><strong>Specifikation:<\/strong><\/p>\n<p>F\u00f6ljande bilder visar hur man kopplar ihop dem:<\/p>\n<table class=\"table table-striped table-bordered\">\n<tbody>\n<tr>\n<td colspan=\"2\" width=\"568\">En 120kHz 60W ultraljuds-PCB-generator driver en 120kHz 60W ultraljudstransducer<\/td>\n<\/tr>\n<tr>\n<td colspan=\"2\" width=\"568\"><strong>Ultraljudstransducer:<\/strong><\/td>\n<\/tr>\n<tr>\n<td width=\"163\">Frekvens<\/td>\n<td width=\"405\">120kHz \u00b11 kHz<\/td>\n<\/tr>\n<tr>\n<td width=\"163\">Effekt<\/td>\n<td width=\"405\">60W<\/td>\n<\/tr>\n<tr>\n<td width=\"163\">Kapacitans<\/td>\n<td width=\"405\">5400pF (PZT4)<\/td>\n<\/tr>\n<tr>\n<td width=\"163\">Str\u00e5lningsyta<\/td>\n<td width=\"405\">40mm<\/td>\n<\/tr>\n<tr>\n<td width=\"163\">Resonansresistans<\/td>\n<td width=\"405\">10-20 \u03a9<\/td>\n<\/tr>\n<tr>\n<td width=\"163\">Storlek p\u00e5 piezokeramik<\/td>\n<td width=\"405\">38*15*5 mm<\/td>\n<\/tr>\n<tr>\n<td width=\"163\">L\u00e4ngd<\/td>\n<td width=\"405\">56mm<\/td>\n<\/tr>\n<tr>\n<td colspan=\"2\" width=\"568\"><strong>Ultraljuds-PCB-generator<\/strong><\/td>\n<\/tr>\n<tr>\n<td width=\"163\">Str\u00f6mf\u00f6rs\u00f6rjning<\/td>\n<td width=\"405\">Ing\u00e5ng: 200V-240V \/ 100V-120V<\/td>\n<\/tr>\n<tr>\n<td width=\"163\">Frekvens<\/td>\n<td width=\"405\">120kHz \u00b11 kHz<\/td>\n<\/tr>\n<tr>\n<td width=\"163\">Effekt<\/td>\n<td width=\"405\">60W<\/td>\n<\/tr>\n<tr>\n<td width=\"163\">Kapacitans<\/td>\n<td width=\"405\">5400pF<\/td>\n<\/tr>\n<tr>\n<td width=\"163\">Storlek<\/td>\n<td width=\"405\">18cm*13cm*6cm (l\u00e4ngd*bredd*h\u00f6jd)<\/td>\n<\/tr>\n<tr>\n<td colspan=\"2\" width=\"568\">Total bruttovikt: 4kg<\/td>\n<\/tr>\n<\/tbody>\n<\/table>\n<p>F\u00f6ljande bilder visar hur man kopplar ihop dem:<\/p>\n<p><a href=\"https:\/\/www.bjultrasonic.com\/wp-content\/uploads\/2013\/06\/120kHz-60W-Ultrasonic-Transducer-120kHz-60W-Ultrasonic-PCB-Generator-1.jpg\"><img loading=\"lazy\" decoding=\"async\" class=\"alignnone  wp-image-5618\" src=\"\/\/www.bjultrasonic.com\/wp-content\/uploads\/2013\/06\/120kHz-60W-Ultrasonic-Transducer-120kHz-60W-Ultrasonic-PCB-Generator-1.jpg\" alt=\"120kHz 60W Ultrasonic Transducer &amp; 120kHz 60W Ultrasonic PCB Generator (1)\" width=\"595\" height=\"300\" \/><\/a> <a href=\"https:\/\/www.bjultrasonic.com\/wp-content\/uploads\/2013\/06\/120kHz-60W-Ultrasonic-Transducer-120kHz-60W-Ultrasonic-PCB-Generator-2.jpg\"><img loading=\"lazy\" decoding=\"async\" class=\"alignnone  wp-image-5619\" src=\"\/\/www.bjultrasonic.com\/wp-content\/uploads\/2013\/06\/120kHz-60W-Ultrasonic-Transducer-120kHz-60W-Ultrasonic-PCB-Generator-2.jpg\" alt=\"120kHz 60W Ultrasonic Transducer &amp; 120kHz 60W Ultrasonic PCB Generator (2)\" width=\"584\" height=\"323\" \/><\/a> <a href=\"https:\/\/www.bjultrasonic.com\/wp-content\/uploads\/2013\/06\/120kHz-60W-Ultrasonic-Transducer-120kHz-60W-Ultrasonic-PCB-Generator-3.jpg\"><img loading=\"lazy\" decoding=\"async\" class=\"alignnone  wp-image-5620\" src=\"\/\/www.bjultrasonic.com\/wp-content\/uploads\/2013\/06\/120kHz-60W-Ultrasonic-Transducer-120kHz-60W-Ultrasonic-PCB-Generator-3.jpg\" alt=\"120kHz 60W Ultrasonic Transducer &amp; 120kHz 60W Ultrasonic PCB Generator (3)\" width=\"582\" height=\"322\" \/><\/a> <a href=\"https:\/\/www.bjultrasonic.com\/wp-content\/uploads\/2013\/06\/120kHz-60W-Ultrasonic-Transducer-120kHz-60W-Ultrasonic-PCB-Generator-4.jpg\"><img loading=\"lazy\" decoding=\"async\" class=\"alignnone  wp-image-5621\" src=\"\/\/www.bjultrasonic.com\/wp-content\/uploads\/2013\/06\/120kHz-60W-Ultrasonic-Transducer-120kHz-60W-Ultrasonic-PCB-Generator-4.jpg\" alt=\"120kHz 60W Ultrasonic Transducer &amp; 120kHz 60W Ultrasonic PCB Generator (4)\" width=\"581\" height=\"429\" \/><\/a> <a href=\"https:\/\/www.bjultrasonic.com\/wp-content\/uploads\/2013\/06\/120kHz-60W-Ultrasonic-Transducer-120kHz-60W-Ultrasonic-PCB-Generator-5.jpg\"><img loading=\"lazy\" decoding=\"async\" class=\"alignnone  wp-image-5622\" src=\"\/\/www.bjultrasonic.com\/wp-content\/uploads\/2013\/06\/120kHz-60W-Ultrasonic-Transducer-120kHz-60W-Ultrasonic-PCB-Generator-5.jpg\" alt=\"120kHz 60W Ultrasonic Transducer &amp; 120kHz 60W Ultrasonic PCB Generator (5)\" width=\"579\" height=\"524\" \/><\/a><\/p>\n","protected":false},"excerpt":{"rendered":"<p>Paket av h\u00f6gkvalitativa [100-120V\/200-240V] <a href=\"https:\/\/www.bjultrasonic.com\/sv\/category\/ultrasonic-generator-sv\/ultrasonic-generator-circuits-sv\/\">ultraljudsdrivkort f\u00f6r reng\u00f6ring<\/a> &amp; <a href=\"https:\/\/www.bjultrasonic.com\/sv\/category\/ultrasonic-transducer-sv\/\">ultraljudsgivare f\u00f6r reng\u00f6ring<\/a>.<\/p>\n","protected":false},"featured_media":42292,"comment_status":"open","ping_status":"closed","template":"","meta":[],"product_brand":[],"product_cat":[6133],"product_tag":[],"class_list":{"0":"post-67964","1":"product","2":"type-product","3":"status-publish","4":"has-post-thumbnail","6":"product_cat-100-120v-200-240v-ultrasonic-generator-transducer-sv","8":"first","9":"instock","10":"shipping-taxable","11":"purchasable","12":"product-type-simple","13":"prodpage-classic"},"aioseo_notices":[],"_links":{"self":[{"href":"https:\/\/www.bjultrasonic.com\/sv\/wp-json\/wp\/v2\/product\/67964","targetHints":{"allow":["GET"]}}],"collection":[{"href":"https:\/\/www.bjultrasonic.com\/sv\/wp-json\/wp\/v2\/product"}],"about":[{"href":"https:\/\/www.bjultrasonic.com\/sv\/wp-json\/wp\/v2\/types\/product"}],"replies":[{"embeddable":true,"href":"https:\/\/www.bjultrasonic.com\/sv\/wp-json\/wp\/v2\/comments?post=67964"}],"wp:featuredmedia":[{"embeddable":true,"href":"https:\/\/www.bjultrasonic.com\/sv\/wp-json\/wp\/v2\/media\/42292"}],"wp:attachment":[{"href":"https:\/\/www.bjultrasonic.com\/sv\/wp-json\/wp\/v2\/media?parent=67964"}],"wp:term":[{"taxonomy":"product_brand","embeddable":true,"href":"https:\/\/www.bjultrasonic.com\/sv\/wp-json\/wp\/v2\/product_brand?post=67964"},{"taxonomy":"product_cat","embeddable":true,"href":"https:\/\/www.bjultrasonic.com\/sv\/wp-json\/wp\/v2\/product_cat?post=67964"},{"taxonomy":"product_tag","embeddable":true,"href":"https:\/\/www.bjultrasonic.com\/sv\/wp-json\/wp\/v2\/product_tag?post=67964"}],"curies":[{"name":"wp","href":"https:\/\/api.w.org\/{rel}","templated":true}]}}