{"id":67984,"date":"2013-06-21T02:02:41","date_gmt":"2013-06-21T07:02:41","guid":{"rendered":"https:\/\/www.bjultrasonic.com\/shop\/80khz-60w-ultrasonic-transducer-80khz-60w-ultrasonic-pcb-generator\/"},"modified":"2026-03-28T20:33:36","modified_gmt":"2026-03-29T01:33:36","slug":"80khz-60w-ultrasonic-transducer-80khz-60w-ultrasonic-pcb-generator","status":"publish","type":"product","link":"https:\/\/www.bjultrasonic.com\/sv\/shop\/80khz-60w-ultrasonic-transducer-80khz-60w-ultrasonic-pcb-generator\/","title":{"rendered":"80kHz 60W Ultraljudsgivare &#038; 80kHz 60W Ultraljudsgivardrivare"},"content":{"rendered":"<p><strong>OBS: N\u00e4r du best\u00e4ller.<\/strong><\/p>\n<ol>\n<li>L\u00e4mna ett meddelande om exakt sp\u00e4nningsstandard<\/li>\n<li>Ange exakt leveransadress och kontakttelefonnummer<\/li>\n<li>Tala om om du vill att vi deklarerar l\u00e5gt v\u00e4rde till tullen<\/li>\n<li>L\u00e4mna en giltig e-postadress. Vi skickar sp\u00e5rningsnumret via e-post s\u00e5 snart varorna \u00e4r skickade<\/li>\n<\/ol>\n<p><strong>Specifikationer:<\/strong><\/p>\n<table class=\"table table-striped table-bordered\">\n<tbody>\n<tr>\n<td colspan=\"2\" width=\"568\">En 80 kHz 60 W ultraljuds-PCB-generator driver en 80 kHz 60 W ultraljuds transducer<\/td>\n<\/tr>\n<tr>\n<td colspan=\"2\" width=\"568\"><strong>Ultraljuds transducer:<\/strong><\/td>\n<\/tr>\n<tr>\n<td width=\"163\">Frekvens<\/td>\n<td width=\"405\">80 kHz \u00b1 1 kHz<\/td>\n<\/tr>\n<tr>\n<td width=\"163\">Effekt<\/td>\n<td width=\"405\">60 W<\/td>\n<\/tr>\n<tr>\n<td width=\"163\">Kapacitans<\/td>\n<td width=\"405\">5400 pF (PZT4)<\/td>\n<\/tr>\n<tr>\n<td width=\"163\">Str\u00e5lningsyta<\/td>\n<td width=\"405\">40 mm<\/td>\n<\/tr>\n<tr>\n<td width=\"163\">Resonansresistans<\/td>\n<td width=\"405\">10-20 \u03a9<\/td>\n<\/tr>\n<tr>\n<td width=\"163\">Piezokeramisk storlek<\/td>\n<td width=\"405\">38*15*5 mm<\/td>\n<\/tr>\n<tr>\n<td width=\"163\">L\u00e4ngd<\/td>\n<td width=\"405\">60 mm<\/td>\n<\/tr>\n<tr>\n<td colspan=\"2\" width=\"568\"><strong>Ultraljuds-PCB-generator<\/strong><\/td>\n<\/tr>\n<tr>\n<td width=\"163\">Str\u00f6mf\u00f6rs\u00f6rjning<\/td>\n<td width=\"405\">Ing\u00e5ng: 200 V-240 V \/ 100 V-120 V<\/td>\n<\/tr>\n<tr>\n<td width=\"163\">Frekvens<\/td>\n<td width=\"405\">80 kHz \u00b1 1 kHz<\/td>\n<\/tr>\n<tr>\n<td width=\"163\">Effekt<\/td>\n<td width=\"405\">60 W<\/td>\n<\/tr>\n<tr>\n<td width=\"163\">Kapacitans<\/td>\n<td width=\"405\">5400 pF<\/td>\n<\/tr>\n<tr>\n<td width=\"163\">Storlek<\/td>\n<td width=\"405\">18 cm * 13 cm * 6 cm (l\u00e4ngd*bredd*h\u00f6jd)<\/td>\n<\/tr>\n<tr>\n<td colspan=\"2\" width=\"568\">Total bruttovikt: 4 kg<\/td>\n<\/tr>\n<\/tbody>\n<\/table>\n<p>F\u00f6ljande bilder visar hur man kopplar ihop dem:<\/p>\n<p><a href=\"https:\/\/www.bjultrasonic.com\/wp-content\/uploads\/2013\/06\/80kHz-60W-Ultrasonic-Transducer-80kHz-60W-Ultrasonic-PCB-Generator-1.jpg\"><img loading=\"lazy\" decoding=\"async\" class=\"alignnone wp-image-5613\" src=\"\/\/www.bjultrasonic.com\/wp-content\/uploads\/2013\/06\/80kHz-60W-Ultrasonic-Transducer-80kHz-60W-Ultrasonic-PCB-Generator-1.jpg\" alt=\"80kHz 60W Ultrasonic Transducer &amp; 80kHz 60W Ultrasonic PCB Generator (1)\" width=\"593\" height=\"299\" \/><\/a> <a href=\"https:\/\/www.bjultrasonic.com\/wp-content\/uploads\/2013\/06\/80kHz-60W-Ultrasonic-Transducer-80kHz-60W-Ultrasonic-PCB-Generator-2.jpg\"><img loading=\"lazy\" decoding=\"async\" class=\"alignnone wp-image-5614\" src=\"\/\/www.bjultrasonic.com\/wp-content\/uploads\/2013\/06\/80kHz-60W-Ultrasonic-Transducer-80kHz-60W-Ultrasonic-PCB-Generator-2.jpg\" alt=\"80kHz 60W Ultrasonic Transducer &amp; 80kHz 60W Ultrasonic PCB Generator (2)\" width=\"592\" height=\"328\" \/><\/a> <a href=\"https:\/\/www.bjultrasonic.com\/wp-content\/uploads\/2013\/06\/80kHz-60W-Ultrasonic-Transducer-80kHz-60W-Ultrasonic-PCB-Generator-3.jpg\"><img loading=\"lazy\" decoding=\"async\" class=\"alignnone wp-image-5615\" src=\"\/\/www.bjultrasonic.com\/wp-content\/uploads\/2013\/06\/80kHz-60W-Ultrasonic-Transducer-80kHz-60W-Ultrasonic-PCB-Generator-3.jpg\" alt=\"80kHz 60W Ultrasonic Transducer &amp; 80kHz 60W Ultrasonic PCB Generator (3)\" width=\"587\" height=\"325\" \/><\/a> <a href=\"https:\/\/www.bjultrasonic.com\/wp-content\/uploads\/2013\/06\/80kHz-60W-Ultrasonic-Transducer-80kHz-60W-Ultrasonic-PCB-Generator-4.jpg\"><img loading=\"lazy\" decoding=\"async\" class=\"alignnone wp-image-5616\" src=\"\/\/www.bjultrasonic.com\/wp-content\/uploads\/2013\/06\/80kHz-60W-Ultrasonic-Transducer-80kHz-60W-Ultrasonic-PCB-Generator-4.jpg\" alt=\"80kHz 60W Ultrasonic Transducer &amp; 80kHz 60W Ultrasonic PCB Generator (4)\" width=\"585\" height=\"433\" \/><\/a> <a href=\"https:\/\/www.bjultrasonic.com\/wp-content\/uploads\/2013\/06\/80kHz-60W-Ultrasonic-Transducer-80kHz-60W-Ultrasonic-PCB-Generator-5.jpg\"><img loading=\"lazy\" decoding=\"async\" class=\"alignnone wp-image-5617\" src=\"\/\/www.bjultrasonic.com\/wp-content\/uploads\/2013\/06\/80kHz-60W-Ultrasonic-Transducer-80kHz-60W-Ultrasonic-PCB-Generator-5.jpg\" alt=\"80kHz 60W Ultrasonic Transducer &amp; 80kHz 60W Ultrasonic PCB Generator (5)\" width=\"585\" height=\"534\" \/><\/a><\/p>\n","protected":false},"excerpt":{"rendered":"<p>Bunt med h\u00f6gkvalitativa [100-120V\/200-240V] <a href=\"https:\/\/www.bjultrasonic.com\/sv\/category\/ultrasonic-generator-sv\/ultrasonic-generator-circuits-sv\/\">ultraljudsreng\u00f6ringskraftdrivkort<\/a> och <a href=\"https:\/\/www.bjultrasonic.com\/sv\/category\/ultrasonic-transducer-sv\/\">ultraljudsreng\u00f6ringstransducrar<\/a>.<\/p>\n","protected":false},"featured_media":42287,"comment_status":"open","ping_status":"closed","template":"","meta":[],"product_brand":[],"product_cat":[6133],"product_tag":[],"class_list":{"0":"post-67984","1":"product","2":"type-product","3":"status-publish","4":"has-post-thumbnail","6":"product_cat-100-120v-200-240v-ultrasonic-generator-transducer-sv","8":"first","9":"instock","10":"shipping-taxable","11":"purchasable","12":"product-type-simple","13":"prodpage-classic"},"aioseo_notices":[],"_links":{"self":[{"href":"https:\/\/www.bjultrasonic.com\/sv\/wp-json\/wp\/v2\/product\/67984","targetHints":{"allow":["GET"]}}],"collection":[{"href":"https:\/\/www.bjultrasonic.com\/sv\/wp-json\/wp\/v2\/product"}],"about":[{"href":"https:\/\/www.bjultrasonic.com\/sv\/wp-json\/wp\/v2\/types\/product"}],"replies":[{"embeddable":true,"href":"https:\/\/www.bjultrasonic.com\/sv\/wp-json\/wp\/v2\/comments?post=67984"}],"wp:featuredmedia":[{"embeddable":true,"href":"https:\/\/www.bjultrasonic.com\/sv\/wp-json\/wp\/v2\/media\/42287"}],"wp:attachment":[{"href":"https:\/\/www.bjultrasonic.com\/sv\/wp-json\/wp\/v2\/media?parent=67984"}],"wp:term":[{"taxonomy":"product_brand","embeddable":true,"href":"https:\/\/www.bjultrasonic.com\/sv\/wp-json\/wp\/v2\/product_brand?post=67984"},{"taxonomy":"product_cat","embeddable":true,"href":"https:\/\/www.bjultrasonic.com\/sv\/wp-json\/wp\/v2\/product_cat?post=67984"},{"taxonomy":"product_tag","embeddable":true,"href":"https:\/\/www.bjultrasonic.com\/sv\/wp-json\/wp\/v2\/product_tag?post=67984"}],"curies":[{"name":"wp","href":"https:\/\/api.w.org\/{rel}","templated":true}]}}