{"id":68004,"date":"2013-06-21T02:02:14","date_gmt":"2013-06-21T07:02:14","guid":{"rendered":"https:\/\/www.bjultrasonic.com\/shop\/68khz-60w-ultrasonic-transducer-54khz-60w-ultrasonic-pcb-generator\/"},"modified":"2026-03-28T20:33:35","modified_gmt":"2026-03-29T01:33:35","slug":"68khz-60w-ultrasonic-transducer-54khz-60w-ultrasonic-pcb-generator","status":"publish","type":"product","link":"https:\/\/www.bjultrasonic.com\/sv\/shop\/68khz-60w-ultrasonic-transducer-54khz-60w-ultrasonic-pcb-generator\/","title":{"rendered":"68kHz 60W ultraljudsgivare &#038; 54kHz 60W ultraljudsgivardrivare"},"content":{"rendered":"<p><strong>Obs: N\u00e4r du l\u00e4gger best\u00e4llningen.<\/strong><\/p>\n<ol>\n<li>V\u00e4nligen l\u00e4mna ett meddelande om exakt sp\u00e4nningsstandard<\/li>\n<li>V\u00e4nligen ge oss den exakta leveransadressen och kontakttelefonnumret.<\/li>\n<li>V\u00e4nligen meddela oss om du vill att vi deklarerar ett l\u00e5gt v\u00e4rde till tullen.<\/li>\n<li>V\u00e4nligen l\u00e4mna oss en giltig e-postadress. Vi kommer att skicka sp\u00e5rningsnumret via e-post s\u00e5 snart vi skickar ut varorna.<\/li>\n<\/ol>\n<p><strong>Specifikation:<\/strong><\/p>\n<table class=\"table table-striped table-bordered\">\n<tbody>\n<tr>\n<td colspan=\"2\" width=\"568\">En 68kHz 60W ultraljuds-PCB-generator driver en 68kHz 60W ultraljuds transducer<\/td>\n<\/tr>\n<tr>\n<td colspan=\"2\" width=\"568\"><strong>Ultraljuds transducer:<\/strong><\/td>\n<\/tr>\n<tr>\n<td width=\"163\">Frekvens<\/td>\n<td width=\"405\">68kHz \u00b1 1 kHz<\/td>\n<\/tr>\n<tr>\n<td width=\"163\">Effekt<\/td>\n<td width=\"405\">60W<\/td>\n<\/tr>\n<tr>\n<td width=\"163\">Kapacitans<\/td>\n<td width=\"405\">3800pF (PZT4)<\/td>\n<\/tr>\n<tr>\n<td width=\"163\">Str\u00e5lningsyta<\/td>\n<td width=\"405\">49mm<\/td>\n<\/tr>\n<tr>\n<td width=\"163\">Resonansresistans<\/td>\n<td width=\"405\">10-20 \u03a9<\/td>\n<\/tr>\n<tr>\n<td width=\"163\">Piezokeramisk storlek<\/td>\n<td width=\"405\">38*15*5 mm<\/td>\n<\/tr>\n<tr>\n<td width=\"163\">L\u00e4ngd<\/td>\n<td width=\"405\">80mm<\/td>\n<\/tr>\n<tr>\n<td colspan=\"2\" width=\"568\"><strong>Ultraljuds-PCB-generator<\/strong><\/td>\n<\/tr>\n<tr>\n<td width=\"163\">Str\u00f6mf\u00f6rs\u00f6rjning<\/td>\n<td width=\"405\">Ing\u00e5ng: 200V-240V \/ 100V-120V<\/td>\n<\/tr>\n<tr>\n<td width=\"163\">Frekvens<\/td>\n<td width=\"405\">68kHz \u00b1 1 kHz<\/td>\n<\/tr>\n<tr>\n<td width=\"163\">Effekt<\/td>\n<td width=\"405\">60W<\/td>\n<\/tr>\n<tr>\n<td width=\"163\">Kapacitans<\/td>\n<td width=\"405\">3800pF<\/td>\n<\/tr>\n<tr>\n<td width=\"163\">Storlek<\/td>\n<td width=\"405\">18cm * 13cm * 6cm (l\u00e4ngd * bredd * h\u00f6jd)<\/td>\n<\/tr>\n<tr>\n<td colspan=\"2\" width=\"568\">Total bruttovikt: 4kg<\/td>\n<\/tr>\n<\/tbody>\n<\/table>\n<p>F\u00f6ljande bilder visar hur man kopplar ihop dem:<\/p>\n<p><a href=\"https:\/\/www.bjultrasonic.com\/wp-content\/uploads\/2013\/06\/68kHz-60W-Ultrasonic-Transducer-54kHz-60W-Ultrasonic-PCB-Generator-1.jpg\"><img loading=\"lazy\" decoding=\"async\" class=\"alignnone  wp-image-5608\" src=\"\/\/www.bjultrasonic.com\/wp-content\/uploads\/2013\/06\/68kHz-60W-Ultrasonic-Transducer-54kHz-60W-Ultrasonic-PCB-Generator-1.jpg\" alt=\"68kHz 60W Ultrasonic Transducer &amp; 54kHz 60W Ultrasonic PCB Generator (1)\" width=\"587\" height=\"296\" \/><\/a> <a href=\"https:\/\/www.bjultrasonic.com\/wp-content\/uploads\/2013\/06\/68kHz-60W-Ultrasonic-Transducer-54kHz-60W-Ultrasonic-PCB-Generator-2.jpg\"><img loading=\"lazy\" decoding=\"async\" class=\"alignnone  wp-image-5609\" src=\"\/\/www.bjultrasonic.com\/wp-content\/uploads\/2013\/06\/68kHz-60W-Ultrasonic-Transducer-54kHz-60W-Ultrasonic-PCB-Generator-2.jpg\" alt=\"68kHz 60W Ultrasonic Transducer &amp; 54kHz 60W Ultrasonic PCB Generator (2)\" width=\"584\" height=\"323\" \/><\/a> <a href=\"https:\/\/www.bjultrasonic.com\/wp-content\/uploads\/2013\/06\/68kHz-60W-Ultrasonic-Transducer-54kHz-60W-Ultrasonic-PCB-Generator-3.jpg\"><img loading=\"lazy\" decoding=\"async\" class=\"alignnone  wp-image-5610\" src=\"\/\/www.bjultrasonic.com\/wp-content\/uploads\/2013\/06\/68kHz-60W-Ultrasonic-Transducer-54kHz-60W-Ultrasonic-PCB-Generator-3.jpg\" alt=\"68kHz 60W Ultrasonic Transducer &amp; 54kHz 60W Ultrasonic PCB Generator (3)\" width=\"583\" height=\"323\" \/><\/a> <a href=\"https:\/\/www.bjultrasonic.com\/wp-content\/uploads\/2013\/06\/68kHz-60W-Ultrasonic-Transducer-54kHz-60W-Ultrasonic-PCB-Generator-4.jpg\"><img loading=\"lazy\" decoding=\"async\" class=\"alignnone  wp-image-5611\" src=\"\/\/www.bjultrasonic.com\/wp-content\/uploads\/2013\/06\/68kHz-60W-Ultrasonic-Transducer-54kHz-60W-Ultrasonic-PCB-Generator-4.jpg\" alt=\"68kHz 60W Ultrasonic Transducer &amp; 54kHz 60W Ultrasonic PCB Generator (4)\" width=\"580\" height=\"429\" \/><\/a> <a href=\"https:\/\/www.bjultrasonic.com\/wp-content\/uploads\/2013\/06\/68kHz-60W-Ultrasonic-Transducer-54kHz-60W-Ultrasonic-PCB-Generator-5.jpg\"><img loading=\"lazy\" decoding=\"async\" class=\"alignnone  wp-image-5612\" src=\"\/\/www.bjultrasonic.com\/wp-content\/uploads\/2013\/06\/68kHz-60W-Ultrasonic-Transducer-54kHz-60W-Ultrasonic-PCB-Generator-5.jpg\" alt=\"68kHz 60W Ultrasonic Transducer &amp; 54kHz 60W Ultrasonic PCB Generator (5)\" width=\"577\" height=\"291\" \/><\/a><\/p>\n","protected":false},"excerpt":{"rendered":"<p>Paket med h\u00f6gkvalitativa [100-120V\/200-240V] <a href=\"https:\/\/www.bjultrasonic.com\/sv\/category\/ultrasonic-generator-sv\/ultrasonic-generator-circuits-sv\/\">ultraljudsdrivkort f\u00f6r reng\u00f6ring<\/a> &amp; <a href=\"https:\/\/www.bjultrasonic.com\/sv\/category\/ultrasonic-transducer-sv\/\">ultraljudsgivare f\u00f6r reng\u00f6ring<\/a>.<\/p>\n","protected":false},"featured_media":42291,"comment_status":"open","ping_status":"closed","template":"","meta":[],"product_brand":[],"product_cat":[6133],"product_tag":[],"class_list":{"0":"post-68004","1":"product","2":"type-product","3":"status-publish","4":"has-post-thumbnail","6":"product_cat-100-120v-200-240v-ultrasonic-generator-transducer-sv","8":"first","9":"instock","10":"shipping-taxable","11":"purchasable","12":"product-type-simple","13":"prodpage-classic"},"aioseo_notices":[],"_links":{"self":[{"href":"https:\/\/www.bjultrasonic.com\/sv\/wp-json\/wp\/v2\/product\/68004","targetHints":{"allow":["GET"]}}],"collection":[{"href":"https:\/\/www.bjultrasonic.com\/sv\/wp-json\/wp\/v2\/product"}],"about":[{"href":"https:\/\/www.bjultrasonic.com\/sv\/wp-json\/wp\/v2\/types\/product"}],"replies":[{"embeddable":true,"href":"https:\/\/www.bjultrasonic.com\/sv\/wp-json\/wp\/v2\/comments?post=68004"}],"wp:featuredmedia":[{"embeddable":true,"href":"https:\/\/www.bjultrasonic.com\/sv\/wp-json\/wp\/v2\/media\/42291"}],"wp:attachment":[{"href":"https:\/\/www.bjultrasonic.com\/sv\/wp-json\/wp\/v2\/media?parent=68004"}],"wp:term":[{"taxonomy":"product_brand","embeddable":true,"href":"https:\/\/www.bjultrasonic.com\/sv\/wp-json\/wp\/v2\/product_brand?post=68004"},{"taxonomy":"product_cat","embeddable":true,"href":"https:\/\/www.bjultrasonic.com\/sv\/wp-json\/wp\/v2\/product_cat?post=68004"},{"taxonomy":"product_tag","embeddable":true,"href":"https:\/\/www.bjultrasonic.com\/sv\/wp-json\/wp\/v2\/product_tag?post=68004"}],"curies":[{"name":"wp","href":"https:\/\/api.w.org\/{rel}","templated":true}]}}