{"id":68024,"date":"2013-06-21T02:01:48","date_gmt":"2013-06-21T07:01:48","guid":{"rendered":"https:\/\/www.bjultrasonic.com\/shop\/54khz-30w-ultrasonic-transducer-54khz-30w-ultrasonic-pcb-generator\/"},"modified":"2026-03-28T20:33:10","modified_gmt":"2026-03-29T01:33:10","slug":"54khz-30w-ultrasonic-transducer-54khz-30w-ultrasonic-pcb-generator","status":"publish","type":"product","link":"https:\/\/www.bjultrasonic.com\/sv\/shop\/54khz-30w-ultrasonic-transducer-54khz-30w-ultrasonic-pcb-generator\/","title":{"rendered":"54kHz 30W Ultraljudstransducer &#038; 54kHz 30W Ultraljudstransducer Driver"},"content":{"rendered":"<p><strong>OBS: N\u00e4r du l\u00e4gger din best\u00e4llning.<\/strong><\/p>\n<ol>\n<li>V\u00e4nligen l\u00e4mna ett meddelande om den exakta sp\u00e4nningsstandarden<\/li>\n<li>V\u00e4nligen ange den exakta leveransadressen och kontakttelefonnumret<\/li>\n<li>V\u00e4nligen meddela oss om du vill att vi ska deklarera ett l\u00e5gt v\u00e4rde till tullen.<\/li>\n<li>V\u00e4nligen l\u00e4mna oss en giltig e-postadress. Vi kommer att skicka sp\u00e5rningsnumret via e-post s\u00e5 snart vi skickar ut varorna.<\/li>\n<\/ol>\n<p><strong>Specifikationer:<\/strong><\/p>\n<table class=\"table table-striped table-bordered\">\n<tbody>\n<tr>\n<td colspan=\"2\" width=\"568\">En 54kHz 30W ultraljuds-PCB-generator driver en 54kHz 30W ultraljudsomvandlare<\/td>\n<\/tr>\n<tr>\n<td colspan=\"2\" width=\"568\"><strong>Ultraljudsomvandlare:<\/strong><\/td>\n<\/tr>\n<tr>\n<td width=\"163\">Frekvens<\/td>\n<td width=\"405\">54kHz \u00b11 kHz<\/td>\n<\/tr>\n<tr>\n<td width=\"163\">Effekt<\/td>\n<td width=\"405\">30W<\/td>\n<\/tr>\n<tr>\n<td width=\"163\">Kapacitans<\/td>\n<td width=\"405\">3100pF (PZT4)<\/td>\n<\/tr>\n<tr>\n<td width=\"163\">Utstr\u00e5lningsyta<\/td>\n<td width=\"405\">30mm<\/td>\n<\/tr>\n<tr>\n<td width=\"163\">Resonansresistans<\/td>\n<td width=\"405\">10-20 \u03a9<\/td>\n<\/tr>\n<tr>\n<td width=\"163\">Storlek piezokeramik<\/td>\n<td width=\"405\">38*15*5 mm<\/td>\n<\/tr>\n<tr>\n<td width=\"163\">L\u00e4ngd<\/td>\n<td width=\"405\">36mm<\/td>\n<\/tr>\n<tr>\n<td colspan=\"2\" width=\"568\"><strong>Ultraljuds-PCB-generator<\/strong><\/td>\n<\/tr>\n<tr>\n<td width=\"163\">Str\u00f6mf\u00f6rs\u00f6rjning<\/td>\n<td width=\"405\">Ing\u00e5ng: 200V-240V \/ 100V-120V<\/td>\n<\/tr>\n<tr>\n<td width=\"163\">Frekvens<\/td>\n<td width=\"405\">54kHz \u00b11 kHz<\/td>\n<\/tr>\n<tr>\n<td width=\"163\">Effekt<\/td>\n<td width=\"405\">30W<\/td>\n<\/tr>\n<tr>\n<td width=\"163\">Kapacitans<\/td>\n<td width=\"405\">3100pF<\/td>\n<\/tr>\n<tr>\n<td width=\"163\">Storlek<\/td>\n<td width=\"405\">18cm * 13cm * 6cm (l\u00e4ngd*bredd*h\u00f6jd)<\/td>\n<\/tr>\n<tr>\n<td colspan=\"2\" width=\"568\">Total bruttovikt: 4kg<\/td>\n<\/tr>\n<\/tbody>\n<\/table>\n<p>F\u00f6ljande bilder visar hur man kopplar ihop dem:<\/p>\n<p><a href=\"https:\/\/www.bjultrasonic.com\/wp-content\/uploads\/2013\/06\/54kHz-30W-Ultrasonic-Transducer-54kHz-30W-Ultrasonic-PCB-Generator-6.jpg\"><img loading=\"lazy\" decoding=\"async\" class=\"alignnone  wp-image-5607\" src=\"\/\/www.bjultrasonic.com\/wp-content\/uploads\/2013\/06\/54kHz-30W-Ultrasonic-Transducer-54kHz-30W-Ultrasonic-PCB-Generator-6.jpg\" alt=\"54kHz 30W Ultrasonic Transducer &amp; 54kHz 30W Ultrasonic PCB Generator (6)\" width=\"591\" height=\"437\" \/><\/a> <a href=\"https:\/\/www.bjultrasonic.com\/wp-content\/uploads\/2013\/06\/54kHz-30W-Ultrasonic-Transducer-54kHz-30W-Ultrasonic-PCB-Generator-5.jpg\"><img loading=\"lazy\" decoding=\"async\" class=\"alignnone  wp-image-5606\" src=\"\/\/www.bjultrasonic.com\/wp-content\/uploads\/2013\/06\/54kHz-30W-Ultrasonic-Transducer-54kHz-30W-Ultrasonic-PCB-Generator-5.jpg\" alt=\"54kHz 30W Ultrasonic Transducer &amp; 54kHz 30W Ultrasonic PCB Generator (5)\" width=\"597\" height=\"352\" \/><\/a> <a href=\"https:\/\/www.bjultrasonic.com\/wp-content\/uploads\/2013\/06\/54kHz-30W-Ultrasonic-Transducer-54kHz-30W-Ultrasonic-PCB-Generator-4.jpg\"><img loading=\"lazy\" decoding=\"async\" class=\"alignnone  wp-image-5605\" src=\"\/\/www.bjultrasonic.com\/wp-content\/uploads\/2013\/06\/54kHz-30W-Ultrasonic-Transducer-54kHz-30W-Ultrasonic-PCB-Generator-4.jpg\" alt=\"54kHz 30W Ultrasonic Transducer &amp; 54kHz 30W Ultrasonic PCB Generator (4)\" width=\"596\" height=\"351\" \/><\/a> <a href=\"https:\/\/www.bjultrasonic.com\/wp-content\/uploads\/2013\/06\/54kHz-30W-Ultrasonic-Transducer-54kHz-30W-Ultrasonic-PCB-Generator-3.jpg\"><img loading=\"lazy\" decoding=\"async\" class=\"alignnone  wp-image-5604\" src=\"\/\/www.bjultrasonic.com\/wp-content\/uploads\/2013\/06\/54kHz-30W-Ultrasonic-Transducer-54kHz-30W-Ultrasonic-PCB-Generator-3.jpg\" alt=\"54kHz 30W Ultrasonic Transducer &amp; 54kHz 30W Ultrasonic PCB Generator (3)\" width=\"596\" height=\"330\" \/><\/a> <a href=\"https:\/\/www.bjultrasonic.com\/wp-content\/uploads\/2013\/06\/54kHz-30W-Ultrasonic-Transducer-54kHz-30W-Ultrasonic-PCB-Generator-2.jpg\"><img loading=\"lazy\" decoding=\"async\" class=\"alignnone  wp-image-5603\" src=\"\/\/www.bjultrasonic.com\/wp-content\/uploads\/2013\/06\/54kHz-30W-Ultrasonic-Transducer-54kHz-30W-Ultrasonic-PCB-Generator-2.jpg\" alt=\"54kHz 30W Ultrasonic Transducer &amp; 54kHz 30W Ultrasonic PCB Generator (2)\" width=\"600\" height=\"332\" \/><\/a> <a href=\"https:\/\/www.bjultrasonic.com\/wp-content\/uploads\/2013\/06\/54kHz-30W-Ultrasonic-Transducer-54kHz-30W-Ultrasonic-PCB-Generator-1.jpg\"><img loading=\"lazy\" decoding=\"async\" class=\"alignnone  wp-image-5602\" src=\"\/\/www.bjultrasonic.com\/wp-content\/uploads\/2013\/06\/54kHz-30W-Ultrasonic-Transducer-54kHz-30W-Ultrasonic-PCB-Generator-1.jpg\" alt=\"54kHz 30W Ultrasonic Transducer &amp; 54kHz 30W Ultrasonic PCB Generator (1)\" width=\"605\" height=\"305\" \/><\/a><\/p>\n","protected":false},"excerpt":{"rendered":"<p>Paket med h\u00f6gkvalitativa [100-120V\/200-240V] <a href=\"https:\/\/www.bjultrasonic.com\/sv\/category\/ultrasonic-generator-sv\/ultrasonic-generator-circuits-sv\/\">ultraljudsreng\u00f6ringsdrivkort<\/a> &amp; <a href=\"https:\/\/www.bjultrasonic.com\/sv\/category\/ultrasonic-transducer-sv\/\">ultraljudsreng\u00f6ringstransducrar<\/a>.<\/p>\n","protected":false},"featured_media":42290,"comment_status":"open","ping_status":"closed","template":"","meta":[],"product_brand":[],"product_cat":[6133],"product_tag":[],"class_list":{"0":"post-68024","1":"product","2":"type-product","3":"status-publish","4":"has-post-thumbnail","6":"product_cat-100-120v-200-240v-ultrasonic-generator-transducer-sv","8":"first","9":"instock","10":"shipping-taxable","11":"purchasable","12":"product-type-simple","13":"prodpage-classic"},"aioseo_notices":[],"_links":{"self":[{"href":"https:\/\/www.bjultrasonic.com\/sv\/wp-json\/wp\/v2\/product\/68024","targetHints":{"allow":["GET"]}}],"collection":[{"href":"https:\/\/www.bjultrasonic.com\/sv\/wp-json\/wp\/v2\/product"}],"about":[{"href":"https:\/\/www.bjultrasonic.com\/sv\/wp-json\/wp\/v2\/types\/product"}],"replies":[{"embeddable":true,"href":"https:\/\/www.bjultrasonic.com\/sv\/wp-json\/wp\/v2\/comments?post=68024"}],"wp:featuredmedia":[{"embeddable":true,"href":"https:\/\/www.bjultrasonic.com\/sv\/wp-json\/wp\/v2\/media\/42290"}],"wp:attachment":[{"href":"https:\/\/www.bjultrasonic.com\/sv\/wp-json\/wp\/v2\/media?parent=68024"}],"wp:term":[{"taxonomy":"product_brand","embeddable":true,"href":"https:\/\/www.bjultrasonic.com\/sv\/wp-json\/wp\/v2\/product_brand?post=68024"},{"taxonomy":"product_cat","embeddable":true,"href":"https:\/\/www.bjultrasonic.com\/sv\/wp-json\/wp\/v2\/product_cat?post=68024"},{"taxonomy":"product_tag","embeddable":true,"href":"https:\/\/www.bjultrasonic.com\/sv\/wp-json\/wp\/v2\/product_tag?post=68024"}],"curies":[{"name":"wp","href":"https:\/\/api.w.org\/{rel}","templated":true}]}}