{"id":68064,"date":"2013-06-21T02:00:36","date_gmt":"2013-06-21T07:00:36","guid":{"rendered":"https:\/\/www.bjultrasonic.com\/shop\/20khz-100w-ultrasonic-transducer-20khz-100w-ultrasonic-pcb-generator\/"},"modified":"2026-03-28T20:33:08","modified_gmt":"2026-03-29T01:33:08","slug":"20khz-100w-ultrasonic-transducer-20khz-100w-ultrasonic-pcb-generator","status":"publish","type":"product","link":"https:\/\/www.bjultrasonic.com\/sv\/shop\/20khz-100w-ultrasonic-transducer-20khz-100w-ultrasonic-pcb-generator\/","title":{"rendered":"20kHz 100W Ultraljudstransducer &#038; 20kHz 100W Ultraljudstransducer Driver"},"content":{"rendered":"<p><strong>OBS: N\u00e4r du l\u00e4gger din best\u00e4llning.<\/strong><\/p>\n<ol>\n<li>V\u00e4nligen l\u00e4mna ett meddelande om exakt sp\u00e4nningsstandard<\/li>\n<li>V\u00e4nligen ge oss den exakta leveransadressen och kontakttelefonnumret.<\/li>\n<li>V\u00e4nligen meddela oss om du vill att vi deklarerar ett l\u00e5gt v\u00e4rde till tullen.<\/li>\n<li>V\u00e4nligen l\u00e4mna oss en giltig e-postadress. Vi kommer att skicka sp\u00e5rningsnumret till dig via e-post s\u00e5 snart vi skickar ut varorna.<\/li>\n<\/ol>\n<p><strong>Specifikation:<\/strong><\/p>\n<table class=\"table table-striped table-bordered\">\n<tbody>\n<tr>\n<td colspan=\"2\" width=\"568\">En 20kHz 100W ultraljuds-PCB-generator driver en 20kHz 100W ultraljudstransducer<\/td>\n<\/tr>\n<tr>\n<td colspan=\"2\" width=\"568\"><strong>Ultraljudstransducer:<\/strong><\/td>\n<\/tr>\n<tr>\n<td width=\"163\">Frekvens<\/td>\n<td width=\"405\">20kHz \u00b11 kHz<\/td>\n<\/tr>\n<tr>\n<td width=\"163\">Effekt<\/td>\n<td width=\"405\">100W<\/td>\n<\/tr>\n<tr>\n<td width=\"163\">Kapacitans<\/td>\n<td width=\"405\">5100pF (PZT85)<\/td>\n<\/tr>\n<tr>\n<td width=\"163\">Str\u00e5lningsyta<\/td>\n<td width=\"405\">68mm<\/td>\n<\/tr>\n<tr>\n<td width=\"163\">Resonansresistans<\/td>\n<td width=\"405\">10-20 \u03a9<\/td>\n<\/tr>\n<tr>\n<td width=\"163\">Piezokeramisk storlek<\/td>\n<td width=\"405\">45*15*5 mm<\/td>\n<\/tr>\n<tr>\n<td width=\"163\">L\u00e4ngd<\/td>\n<td width=\"405\">95mm<\/td>\n<\/tr>\n<tr>\n<td colspan=\"2\" width=\"568\"><strong>Ultraljuds-PCB-generator<\/strong><\/td>\n<\/tr>\n<tr>\n<td width=\"163\">Str\u00f6mf\u00f6rs\u00f6rjning<\/td>\n<td width=\"405\">Ing\u00e5ng: 200V-240V \/ 100V-120V<\/td>\n<\/tr>\n<tr>\n<td width=\"163\">Frekvens<\/td>\n<td width=\"405\">20kHz \u00b11 kHz<\/td>\n<\/tr>\n<tr>\n<td width=\"163\">Effekt<\/td>\n<td width=\"405\">100W<\/td>\n<\/tr>\n<tr>\n<td width=\"163\">Kapacitans<\/td>\n<td width=\"405\">5100pF<\/td>\n<\/tr>\n<tr>\n<td width=\"163\">Storlek<\/td>\n<td width=\"405\">18cm*13cm*6cm (l\u00e4ngd*bredd*h\u00f6jd)<\/td>\n<\/tr>\n<tr>\n<td colspan=\"2\" width=\"568\">Total bruttovikt: 4kg<\/td>\n<\/tr>\n<\/tbody>\n<\/table>\n<p><strong>F\u00f6ljande bilder visar hur man kopplar ihop dem:<\/strong><\/p>\n<p><a href=\"https:\/\/www.bjultrasonic.com\/wp-content\/uploads\/2013\/06\/20kHz-100W-Ultrasonic-Transducer-20kHz-100W-Ultrasonic-PCB-Generator-1.jpg\"><img loading=\"lazy\" decoding=\"async\" class=\"alignnone wp-image-5593\" src=\"\/\/www.bjultrasonic.com\/wp-content\/uploads\/2013\/06\/20kHz-100W-Ultrasonic-Transducer-20kHz-100W-Ultrasonic-PCB-Generator-1.jpg\" alt=\"20kHz 100W Ultraljudstransducer &amp; 20kHz 100W Ultraljuds-PCB-generator (1)\" width=\"593\" height=\"328\" \/><\/a> <a href=\"https:\/\/www.bjultrasonic.com\/wp-content\/uploads\/2013\/06\/20kHz-100W-Ultrasonic-Transducer-20kHz-100W-Ultrasonic-PCB-Generator-2.jpg\"><img loading=\"lazy\" decoding=\"async\" class=\"alignnone wp-image-5594\" src=\"\/\/www.bjultrasonic.com\/wp-content\/uploads\/2013\/06\/20kHz-100W-Ultrasonic-Transducer-20kHz-100W-Ultrasonic-PCB-Generator-2.jpg\" alt=\"20kHz 100W Ultraljudstransducer &amp; 20kHz 100W Ultraljuds-PCB-generator (2)\" width=\"594\" height=\"412\" \/><\/a> <a href=\"https:\/\/www.bjultrasonic.com\/wp-content\/uploads\/2013\/06\/20kHz-100W-Ultrasonic-Transducer-20kHz-100W-Ultrasonic-PCB-Generator-3.jpg\"><img loading=\"lazy\" decoding=\"async\" class=\"alignnone wp-image-5595 \" src=\"\/\/www.bjultrasonic.com\/wp-content\/uploads\/2013\/06\/20kHz-100W-Ultrasonic-Transducer-20kHz-100W-Ultrasonic-PCB-Generator-3.jpg\" alt=\"20kHz 100W Ultraljudstransducer &amp; 20kHz 100W Ultraljuds-PCB-generator (3)\" width=\"598\" height=\"335\" \/><\/a> <a href=\"https:\/\/www.bjultrasonic.com\/wp-content\/uploads\/2013\/06\/20kHz-100W-Ultrasonic-Transducer-20kHz-100W-Ultrasonic-PCB-Generator-4.jpg\"><img loading=\"lazy\" decoding=\"async\" class=\"alignnone wp-image-5596\" src=\"\/\/www.bjultrasonic.com\/wp-content\/uploads\/2013\/06\/20kHz-100W-Ultrasonic-Transducer-20kHz-100W-Ultrasonic-PCB-Generator-4.jpg\" alt=\"20kHz 100W Ultraljudstransducer &amp; 20kHz 100W Ultraljuds-PCB-generator (4)\" width=\"598\" height=\"441\" \/><\/a> <a href=\"https:\/\/www.bjultrasonic.com\/wp-content\/uploads\/2013\/06\/20kHz-100W-Ultrasonic-Transducer-20kHz-100W-Ultrasonic-PCB-Generator-5.jpg\"><img loading=\"lazy\" decoding=\"async\" class=\"alignnone wp-image-5597 \" src=\"\/\/www.bjultrasonic.com\/wp-content\/uploads\/2013\/06\/20kHz-100W-Ultrasonic-Transducer-20kHz-100W-Ultrasonic-PCB-Generator-5.jpg\" alt=\"20kHz 100W Ultraljudstransducer &amp; 20kHz 100W Ultraljuds-PCB-generator (5)\" width=\"598\" height=\"331\" \/><\/a><\/p>\n","protected":false},"excerpt":{"rendered":"<p>Paket med h\u00f6gkvalitativa [100-120V\/200-240V] <a href=\"https:\/\/www.bjultrasonic.com\/sv\/category\/ultrasonic-generator-sv\/ultrasonic-generator-circuits-sv\/\">ultraljudsreng\u00f6ringsdrivkort<\/a> och <a href=\"https:\/\/www.bjultrasonic.com\/sv\/category\/ultrasonic-transducer-sv\/\">ultraljudsreng\u00f6ringstransducrar<\/a>.<\/p>\n","protected":false},"featured_media":42288,"comment_status":"open","ping_status":"closed","template":"","meta":[],"product_brand":[],"product_cat":[6133],"product_tag":[],"class_list":{"0":"post-68064","1":"product","2":"type-product","3":"status-publish","4":"has-post-thumbnail","6":"product_cat-100-120v-200-240v-ultrasonic-generator-transducer-sv","8":"first","9":"instock","10":"shipping-taxable","11":"purchasable","12":"product-type-simple","13":"prodpage-classic"},"aioseo_notices":[],"_links":{"self":[{"href":"https:\/\/www.bjultrasonic.com\/sv\/wp-json\/wp\/v2\/product\/68064","targetHints":{"allow":["GET"]}}],"collection":[{"href":"https:\/\/www.bjultrasonic.com\/sv\/wp-json\/wp\/v2\/product"}],"about":[{"href":"https:\/\/www.bjultrasonic.com\/sv\/wp-json\/wp\/v2\/types\/product"}],"replies":[{"embeddable":true,"href":"https:\/\/www.bjultrasonic.com\/sv\/wp-json\/wp\/v2\/comments?post=68064"}],"wp:featuredmedia":[{"embeddable":true,"href":"https:\/\/www.bjultrasonic.com\/sv\/wp-json\/wp\/v2\/media\/42288"}],"wp:attachment":[{"href":"https:\/\/www.bjultrasonic.com\/sv\/wp-json\/wp\/v2\/media?parent=68064"}],"wp:term":[{"taxonomy":"product_brand","embeddable":true,"href":"https:\/\/www.bjultrasonic.com\/sv\/wp-json\/wp\/v2\/product_brand?post=68064"},{"taxonomy":"product_cat","embeddable":true,"href":"https:\/\/www.bjultrasonic.com\/sv\/wp-json\/wp\/v2\/product_cat?post=68064"},{"taxonomy":"product_tag","embeddable":true,"href":"https:\/\/www.bjultrasonic.com\/sv\/wp-json\/wp\/v2\/product_tag?post=68064"}],"curies":[{"name":"wp","href":"https:\/\/api.w.org\/{rel}","templated":true}]}}