{"id":68204,"date":"2013-05-20T09:25:09","date_gmt":"2013-05-20T14:25:09","guid":{"rendered":"https:\/\/www.bjultrasonic.com\/shop\/200-240v-28khz-120w-ultrasonic-transducer-28khz-120w-ultrasonic-generator\/"},"modified":"2026-03-28T20:31:45","modified_gmt":"2026-03-29T01:31:45","slug":"200-240v-28khz-120w-ultrasonic-transducer-28khz-120w-ultrasonic-generator","status":"publish","type":"product","link":"https:\/\/www.bjultrasonic.com\/sv\/shop\/200-240v-28khz-120w-ultrasonic-transducer-28khz-120w-ultrasonic-generator\/","title":{"rendered":"[200-240V] 28kHz 120W Ultrasonisk transducer &#038; 28kHz 120W Piezoelektrisk transducer drivkrets"},"content":{"rendered":"<p><strong>OBS: N\u00e4r du l\u00e4gger best\u00e4llningen.<\/strong><\/p>\n<ol>\n<li>L\u00e4mna ett meddelande om exakt sp\u00e4nningsstandard<\/li>\n<li>Ge oss den exakta leveransadressen och kontakttelefonnummer<\/li>\n<li>Tala om f\u00f6r oss om du vill att vi deklarerar ett l\u00e5gt v\u00e4rde f\u00f6r tullen<\/li>\n<li>L\u00e4mna en giltig e-postadress. Vi skickar sp\u00e5rningsnumret via e-post s\u00e5 snart varorna har skickats<\/li>\n<\/ol>\n<p><strong>Specifikation:<\/strong><\/p>\n<table class=\"table table-striped table-bordered\">\n<tbody>\n<tr>\n<td colspan=\"2\" width=\"568\">En 120W ultraljuds-PCB-generator <strong>driver<\/strong> en 28kHz 120W ultraljudstransducer<\/td>\n<\/tr>\n<tr>\n<td colspan=\"2\" width=\"568\"><strong>Ultraljudstransducer:<\/strong><\/td>\n<\/tr>\n<tr>\n<td width=\"163\">Frekvens<\/td>\n<td width=\"405\">28kHz \u00b11 kHz<\/td>\n<\/tr>\n<tr>\n<td width=\"163\">Effekt<\/td>\n<td width=\"405\">120W<\/td>\n<\/tr>\n<tr>\n<td width=\"163\">Kapacitans<\/td>\n<td width=\"405\">7800pF (PZT4)<\/td>\n<\/tr>\n<tr>\n<td width=\"163\">Str\u00e5lningsyta<\/td>\n<td width=\"405\">50mm<\/td>\n<\/tr>\n<tr>\n<td width=\"163\">Resonansresistans<\/td>\n<td width=\"405\">10-20 \u03a9<\/td>\n<\/tr>\n<tr>\n<td width=\"163\">Piezokeramikstorlek<\/td>\n<td width=\"405\">45*15*5 mm<\/td>\n<\/tr>\n<tr>\n<td width=\"163\">L\u00e4ngd<\/td>\n<td width=\"405\">66mm<\/td>\n<\/tr>\n<tr>\n<td colspan=\"2\" width=\"568\"><strong>Ultraljuds-PCB-generator:<\/strong><\/td>\n<\/tr>\n<tr>\n<td width=\"163\">Str\u00f6mf\u00f6rs\u00f6rjning<\/td>\n<td width=\"405\">Ing\u00e5ng: 200V-240V<\/td>\n<\/tr>\n<tr>\n<td width=\"163\">Frekvens<\/td>\n<td width=\"405\">28kHz \u00b11 kHz<\/td>\n<\/tr>\n<tr>\n<td width=\"163\">Effekt<\/td>\n<td width=\"405\">60W<\/td>\n<\/tr>\n<tr>\n<td width=\"163\">Kapacitans<\/td>\n<td width=\"405\">4100pF (PZT4)<\/td>\n<\/tr>\n<tr>\n<td width=\"163\">Storlek<\/td>\n<td width=\"405\">52cm*34.5cm*17cm (l\u00e4ngd*bredd*h\u00f6jd)<\/td>\n<\/tr>\n<tr>\n<td colspan=\"2\" width=\"568\">Total bruttovikt: 2kg<\/td>\n<\/tr>\n<\/tbody>\n<\/table>\n<p><strong>F\u00f6ljande bilder visar hur man kopplar ihop dem.<\/strong><\/p>\n<p><a href=\"https:\/\/www.bjultrasonic.com\/wp-content\/uploads\/2013\/05\/Connection-Method-200V-240V-Ultrasonic-Transducer-Ultrasonic-Generator-1.jpg\"><img loading=\"lazy\" decoding=\"async\" class=\"alignnone wp-image-5581\" src=\"\/\/www.bjultrasonic.com\/wp-content\/uploads\/2013\/05\/Connection-Method-200V-240V-Ultrasonic-Transducer-Ultrasonic-Generator-1.jpg\" alt=\"200V 240V Ultrasonic Transducer &amp; Ultrasonic Generator (1)\" width=\"588\" height=\"373\" \/><\/a><\/p>\n<p><a href=\"https:\/\/www.bjultrasonic.com\/wp-content\/uploads\/2013\/05\/Connection-Method-200V-240V-Ultrasonic-Transducer-Ultrasonic-Generator-2.jpg\"><img loading=\"lazy\" decoding=\"async\" class=\"alignnone wp-image-5582\" src=\"\/\/www.bjultrasonic.com\/wp-content\/uploads\/2013\/05\/Connection-Method-200V-240V-Ultrasonic-Transducer-Ultrasonic-Generator-2.jpg\" alt=\"200V 240V Ultrasonic Transducer &amp; Ultrasonic Generator (2)\" width=\"592\" height=\"344\" \/><\/a><\/p>\n<p><a href=\"https:\/\/www.bjultrasonic.com\/wp-content\/uploads\/2013\/05\/Connection-Method-200V-240V-Ultrasonic-Transducer-Ultrasonic-Generator-3.jpg\"><img loading=\"lazy\" decoding=\"async\" class=\"alignnone wp-image-5583\" src=\"\/\/www.bjultrasonic.com\/wp-content\/uploads\/2013\/05\/Connection-Method-200V-240V-Ultrasonic-Transducer-Ultrasonic-Generator-3.jpg\" alt=\"200V 240V Ultrasonic Transducer &amp; Ultrasonic Generator (3)\" width=\"591\" height=\"388\" \/><\/a><\/p>\n","protected":false},"excerpt":{"rendered":"<p>Paket med h\u00f6gkvalitativa 200-240V <a href=\"https:\/\/www.bjultrasonic.com\/sv\/category\/ultrasonic-generator-sv\/ultrasonic-generator-circuits-sv\/\">ultraljudsreng\u00f6ringsdrivkort<\/a> &amp; <a href=\"https:\/\/www.bjultrasonic.com\/sv\/category\/ultrasonic-transducer-sv\/\">ultraljudsreng\u00f6ringstransduktorer<\/a>.<\/p>\n","protected":false},"featured_media":5583,"comment_status":"open","ping_status":"closed","template":"","meta":[],"product_brand":[],"product_cat":[6182],"product_tag":[],"class_list":{"0":"post-68204","1":"product","2":"type-product","3":"status-publish","4":"has-post-thumbnail","6":"product_cat-200-240v-ultrasonic-generator-transducer-sv","8":"first","9":"instock","10":"shipping-taxable","11":"purchasable","12":"product-type-simple","13":"prodpage-classic"},"aioseo_notices":[],"_links":{"self":[{"href":"https:\/\/www.bjultrasonic.com\/sv\/wp-json\/wp\/v2\/product\/68204","targetHints":{"allow":["GET"]}}],"collection":[{"href":"https:\/\/www.bjultrasonic.com\/sv\/wp-json\/wp\/v2\/product"}],"about":[{"href":"https:\/\/www.bjultrasonic.com\/sv\/wp-json\/wp\/v2\/types\/product"}],"replies":[{"embeddable":true,"href":"https:\/\/www.bjultrasonic.com\/sv\/wp-json\/wp\/v2\/comments?post=68204"}],"wp:featuredmedia":[{"embeddable":true,"href":"https:\/\/www.bjultrasonic.com\/sv\/wp-json\/wp\/v2\/media\/5583"}],"wp:attachment":[{"href":"https:\/\/www.bjultrasonic.com\/sv\/wp-json\/wp\/v2\/media?parent=68204"}],"wp:term":[{"taxonomy":"product_brand","embeddable":true,"href":"https:\/\/www.bjultrasonic.com\/sv\/wp-json\/wp\/v2\/product_brand?post=68204"},{"taxonomy":"product_cat","embeddable":true,"href":"https:\/\/www.bjultrasonic.com\/sv\/wp-json\/wp\/v2\/product_cat?post=68204"},{"taxonomy":"product_tag","embeddable":true,"href":"https:\/\/www.bjultrasonic.com\/sv\/wp-json\/wp\/v2\/product_tag?post=68204"}],"curies":[{"name":"wp","href":"https:\/\/api.w.org\/{rel}","templated":true}]}}