{"id":68344,"date":"2013-05-14T17:09:47","date_gmt":"2013-05-14T22:09:47","guid":{"rendered":"https:\/\/www.bjultrasonic.com\/shop\/ultrasonic-horn\/"},"modified":"2026-03-28T20:30:23","modified_gmt":"2026-03-29T01:30:23","slug":"ultrasonic-horn","status":"publish","type":"product","link":"https:\/\/www.bjultrasonic.com\/sv\/shop\/ultrasonic-horn\/","title":{"rendered":"Ultraljudsvibrationshorn"},"content":{"rendered":"<p>Ultraljudsvetshorn \/ Ultraljudssonotrode \/ Ultraljudsvetsform anv\u00e4nds i stor utstr\u00e4ckning i <a href=\"https:\/\/www.bjultrasonic.com\/sv\/shop\/ultrasonic-welding-machine\/\">ultraljudsvetsmaskiner<\/a>. Det \u00e4r nyckeln f\u00f6r att svetsa olika plastprodukter, metallprodukter eller textilprodukter. Samtidigt \u00e4r Ultraljudsvetsmaskinen en ultraljudsvetsare som \u00e4r utformad f\u00f6r att svetsa olika plaster (ABS, PVC, PP, PE, PC, PS, HDPE, LDPE, PET, PMMA, Acetal, etc.) och textilier (Polyester, nonwoven, Nylon, etc.). Vi kan tillverka st\u00e5l- och titansvetshuvuden och spetsar i valfri frekvens, och de kan anpassas till andra f\u00f6retags produkter. Vi kan tillhandah\u00e5lla anpassade former enligt dina krav.<\/p>\n<p><img loading=\"lazy\" decoding=\"async\" class=\"alignnone size-full wp-image-24647\" src=\"https:\/\/www.bjultrasonic.com\/wp-content\/uploads\/2013\/05\/Ultrasonic-Welding-Horn-4.jpg\" alt=\"Ultrasonic Welding Horn (4)\" width=\"559\" height=\"578\" \/><\/p>\n<h3>V\u00e5ra f\u00f6rdelar<\/h3>\n<ul>\n<li>Olika specifikationer f\u00f6r olika typer av ultraljudsvetsutrustning.<\/li>\n<li>H\u00f6gre svetsnoggrannhet<\/li>\n<li>B\u00e4ttre anv\u00e4ndarupplevelse<\/li>\n<li>Stabil prestanda<\/li>\n<li>H\u00f6gre produktionskapacitet<\/li>\n<li>Effektiv och stabil, l\u00e5ng garanti och snabb leverans<\/li>\n<\/ul>\n<p>&nbsp;<\/p>\n<p><iframe loading=\"lazy\" title=\"Ultrasonic Welding Machine for Face Mask Manufacturing\" width=\"500\" height=\"375\" src=\"https:\/\/www.youtube.com\/embed\/6luA2gpAZdU?feature=oembed\" frameborder=\"0\" allow=\"accelerometer; autoplay; clipboard-write; encrypted-media; gyroscope; picture-in-picture; web-share\" referrerpolicy=\"strict-origin-when-cross-origin\" allowfullscreen><\/iframe><\/p>\n<p><iframe loading=\"lazy\" title=\"Ultrasonic Plastic Welder | Ultrasonic Plastic Welding\" width=\"500\" height=\"281\" src=\"https:\/\/www.youtube.com\/embed\/3H2GRdGeOGM?feature=oembed\" frameborder=\"0\" allow=\"accelerometer; autoplay; clipboard-write; encrypted-media; gyroscope; picture-in-picture; web-share\" referrerpolicy=\"strict-origin-when-cross-origin\" allowfullscreen><\/iframe><\/p>\n<h3>Principer f\u00f6r ultraljudsbearbetning<\/h3>\n<p>Ultraljudsbearbetning \u00e4r en bearbetningsteknik som anv\u00e4nder en slipsl\u00e4mning som tillf\u00f6rs mellan arbetsstycket och ett verktyg som vibrerar med en ultraljudsfrekvens. Ultraljudsbearbetningsutrustning best\u00e5r av <a href=\"https:\/\/www.bjultrasonic.com\/sv\/shop\/ultrasonic-welding-generator\/\" target=\"_blank\" rel=\"noopener noreferrer\">Ultraljudsvetsgenerator<\/a> , <a href=\"https:\/\/www.bjultrasonic.com\/sv\/category\/ultrasonic-transducer-sv\/\" target=\"_blank\" rel=\"noopener noreferrer\">Ultraljudsomvandlare<\/a> &amp; <strong>Ultraljudshorn<\/strong>.<\/p>\n<p><img loading=\"lazy\" decoding=\"async\" class=\"size-full wp-image-1577 alignnone\" title=\"Principles of Ultrasonic Machining\" src=\"\/\/www.bjultrasonic.com\/wp-content\/uploads\/2013\/05\/Principles-of-Ultrasonic-Machining.jpg\" alt=\"Principles of Ultrasonic Machining\" width=\"650\" height=\"371\" \/><\/p>\n<h3>Betalning<\/h3>\n<p>Vi accepterar Paypal, T\/T &amp; Western Union nu.<\/p>\n<h3 class=\"shipping-methods\">Frakt<\/h3>\n<p>Varor skickas inom 48 timmar efter att full betalning har mottagits.<\/p>\n<ul>\n<li>Vi skickar varorna till den adress som anges i PayPal-betalningen. Se till att adressen i PayPal \u00e4r korrekt.<\/li>\n<li>Vi ger dig sp\u00e5rningsnumret efter att vi har skickat varorna, i allm\u00e4nhet f\u00e5r du varorna inom fem dagar.<\/li>\n<li>Om du har n\u00e5gra fr\u00e5gor, v\u00e4nligen kontakta oss via e-post (v\u00e5r e-postadress \u00e4r <a href=\"mailto:support@bjultrasonic.com\">support@bjultrasonic.com<\/a>)<\/li>\n<\/ul>\n<h3 align=\"left\">Produktgaranti<\/h3>\n<p>Produktens garantiperiod \u00e4r ett \u00e5r. Inom garantitiden kan k\u00f6pta produkter f\u00e5 gratis underh\u00e5ll eller byte.<\/p>\n","protected":false},"excerpt":{"rendered":"<p>En ultraljudsv\u00e4lt (\u00e4ven k\u00e4nd som akustisk v\u00e4lt, sonotrode, akustisk v\u00e5gledare, ultraljudsprobe) \u00e4r en avsmalnande metallst\u00e5ng som vanligtvis anv\u00e4nds f\u00f6r att <strong>f\u00f6rstora amplituden av oscillationsf\u00f6rskjutning<\/strong> vid <strong>ultraljudssvetsning<\/strong> och <strong>ultraljudsbearbetning<\/strong>.<\/p>\n<p>Vi kan anpassa ultraljudsv\u00e4ltar i olika storlekar och frekvenser enligt krav.<\/p>\n","protected":false},"featured_media":42269,"comment_status":"open","ping_status":"closed","template":"","meta":[],"product_brand":[],"product_cat":[5635],"product_tag":[],"class_list":{"0":"post-68344","1":"product","2":"type-product","3":"status-publish","4":"has-post-thumbnail","6":"product_cat-ultrasonic-welding-equipment-sv","8":"first","9":"instock","10":"shipping-taxable","11":"product-type-external","12":"prodpage-classic"},"aioseo_notices":[],"_links":{"self":[{"href":"https:\/\/www.bjultrasonic.com\/sv\/wp-json\/wp\/v2\/product\/68344","targetHints":{"allow":["GET"]}}],"collection":[{"href":"https:\/\/www.bjultrasonic.com\/sv\/wp-json\/wp\/v2\/product"}],"about":[{"href":"https:\/\/www.bjultrasonic.com\/sv\/wp-json\/wp\/v2\/types\/product"}],"replies":[{"embeddable":true,"href":"https:\/\/www.bjultrasonic.com\/sv\/wp-json\/wp\/v2\/comments?post=68344"}],"wp:featuredmedia":[{"embeddable":true,"href":"https:\/\/www.bjultrasonic.com\/sv\/wp-json\/wp\/v2\/media\/42269"}],"wp:attachment":[{"href":"https:\/\/www.bjultrasonic.com\/sv\/wp-json\/wp\/v2\/media?parent=68344"}],"wp:term":[{"taxonomy":"product_brand","embeddable":true,"href":"https:\/\/www.bjultrasonic.com\/sv\/wp-json\/wp\/v2\/product_brand?post=68344"},{"taxonomy":"product_cat","embeddable":true,"href":"https:\/\/www.bjultrasonic.com\/sv\/wp-json\/wp\/v2\/product_cat?post=68344"},{"taxonomy":"product_tag","embeddable":true,"href":"https:\/\/www.bjultrasonic.com\/sv\/wp-json\/wp\/v2\/product_tag?post=68344"}],"curies":[{"name":"wp","href":"https:\/\/api.w.org\/{rel}","templated":true}]}}