{"id":68364,"date":"2013-05-14T02:32:29","date_gmt":"2013-05-14T07:32:29","guid":{"rendered":"https:\/\/www.bjultrasonic.com\/shop\/ultrasonic-welding-generator\/"},"modified":"2026-03-28T20:30:22","modified_gmt":"2026-03-29T01:30:22","slug":"ultrasonic-welding-generator","status":"publish","type":"product","link":"https:\/\/www.bjultrasonic.com\/sv\/shop\/ultrasonic-welding-generator\/","title":{"rendered":"Ultrasonisk Svetsgenerator"},"content":{"rendered":"<p><iframe loading=\"lazy\" title=\"Ultrasonic Welding Generator\" width=\"500\" height=\"281\" src=\"https:\/\/www.youtube.com\/embed\/AieAouAI6i4?feature=oembed\" frameborder=\"0\" allow=\"accelerometer; autoplay; clipboard-write; encrypted-media; gyroscope; picture-in-picture; web-share\" referrerpolicy=\"strict-origin-when-cross-origin\" allowfullscreen><\/iframe><\/p>\n<p><iframe loading=\"lazy\" title=\"Ultrasonic Welding Machine for Face Mask Manufacturing\" width=\"500\" height=\"375\" src=\"https:\/\/www.youtube.com\/embed\/6luA2gpAZdU?feature=oembed\" frameborder=\"0\" allow=\"accelerometer; autoplay; clipboard-write; encrypted-media; gyroscope; picture-in-picture; web-share\" referrerpolicy=\"strict-origin-when-cross-origin\" allowfullscreen><\/iframe><\/p>\n<p><strong>Ultrasonic Welding Generator<\/strong> anv\u00e4nds av en m\u00e4ngd olika kvalitetsprodukter, till exempel <strong>termoplastsvetsmaskiner, punktsvetsning, maskiner f\u00f6r inl\u00e4ggning av delar mellan metall och plast, ultraljudsmaskiner, ultraljudsslipmaskiner och ultraljudsplastprocessorer.<\/strong><\/p>\n<h3>Specifikationer f\u00f6r Ultrasonic Welding Generator<\/h3>\n<table class=\"table table-striped table-bordered\">\n<tbody>\n<tr>\n<td valign=\"top\" width=\"194\">Standardutg\u00e5ngseffekt<\/td>\n<td valign=\"top\" width=\"420\">500W, 1000W, 1400W, 1800W, 2200W, 2600W<\/td>\n<\/tr>\n<tr>\n<td valign=\"top\" width=\"194\">Ing\u00e5ngssp\u00e4nning<\/td>\n<td valign=\"top\" width=\"420\">220V ~ 230Vac \u00b110% \/ 110v ~ 130Vac \u00b110%<\/td>\n<\/tr>\n<tr>\n<td valign=\"top\" width=\"194\">Arbetsfrekvens<\/td>\n<td valign=\"top\" width=\"420\">15KHz, 20KHz, 30KHZ, 35KHZ, 38KHZ<\/td>\n<\/tr>\n<tr>\n<td valign=\"top\" width=\"194\">Indikering<\/td>\n<td valign=\"top\" width=\"420\">\n<ul>\n<li>Indikering f\u00f6r effektamplitudf\u00f6rlust. Indikering f\u00f6r amplitud\u00f6verbelastning.<\/li>\n<li>Indikering f\u00f6r str\u00f6m P\u00c5\/AV.<\/li>\n<\/ul>\n<\/td>\n<\/tr>\n<tr>\n<td valign=\"top\" width=\"194\">\u00d6verbelastningsskydd<\/td>\n<td valign=\"top\" width=\"420\">\n<ul>\n<li>Termisk \u00f6verbelastning<\/li>\n<li>Str\u00f6m\u00f6verbelastning<\/li>\n<li>\u00d6versp\u00e4nning<\/li>\n<\/ul>\n<\/td>\n<\/tr>\n<tr>\n<td valign=\"top\" width=\"194\">Kontrollinst\u00e4llningar<\/td>\n<td valign=\"top\" width=\"420\">\n<ul>\n<li>Digital timer f\u00f6r svetstidskontroll. Digital timer f\u00f6r h\u00e5lltidskontroll.<\/li>\n<li>Digital timer f\u00f6r f\u00f6rdr\u00f6jningstidskontroll. Frekvenskontrollknapp.<\/li>\n<li>Reglerknapp f\u00f6r frekvensinst\u00e4llning.<\/li>\n<\/ul>\n<\/td>\n<\/tr>\n<tr>\n<td valign=\"top\" width=\"194\">Driftstemperatur<\/td>\n<td valign=\"top\" width=\"420\">0 ~ 50\u2103<\/td>\n<\/tr>\n<tr>\n<td valign=\"top\" width=\"194\">Driftsfuktighet<\/td>\n<td valign=\"top\" width=\"420\">0 ~ 80%<\/td>\n<\/tr>\n<tr>\n<td valign=\"top\" width=\"194\">Vikt<\/td>\n<td valign=\"top\" width=\"420\">32kg<\/td>\n<\/tr>\n<\/tbody>\n<\/table>\n<p><img loading=\"lazy\" decoding=\"async\" class=\"alignnone size-full wp-image-5271\" src=\"\/\/www.bjultrasonic.com\/wp-content\/uploads\/2013\/05\/Ultrasonic-Welding-Generator1.jpg\" alt=\"Ultrasonic Welding Generator\" width=\"558\" height=\"334\" \/><\/p>\n<p>En av de k\u00e4nda teknikerna p\u00e5 industriell niv\u00e5 \u00e4r ultraljudssvetsning, d\u00e4r h\u00f6gfrekventa vibrationer appliceras, under h\u00f6gt tryck, p\u00e5 materialbitarna som beh\u00f6ver f\u00f6renas eller sammanfogas intimt. P\u00e5 detta s\u00e4tt skapas en ny svets. Denna metod anv\u00e4nds f\u00f6r plaster och material av olika slag. I denna moderna teknik beh\u00f6ver man inte muttrar, bultar eller l\u00f6dmaterial f\u00f6r att svetsa bitarna.<\/p>\n<p><iframe loading=\"lazy\" title=\"Ultrasonic Metal Welding - Beijing Ultrasonic\" width=\"500\" height=\"281\" src=\"https:\/\/www.youtube.com\/embed\/vjeLMI_nqdA?feature=oembed\" frameborder=\"0\" allow=\"accelerometer; autoplay; clipboard-write; encrypted-media; gyroscope; picture-in-picture; web-share\" referrerpolicy=\"strict-origin-when-cross-origin\" allowfullscreen><\/iframe><\/p>\n<p>F\u00e4rdigheten i ultraljudssvetsning anv\u00e4nds i stor utstr\u00e4ckning inom olika omr\u00e5den. En av de huvudsakliga anv\u00e4ndningarna \u00e4r att svetsa termoplaster inom livsmedels-, textil-, kemikalie-, olje- och vattenindustrin. Den har ocks\u00e5 stor anv\u00e4ndning inom materialavfall samt svetsning och borrning av metaller. Ultraljudskraftenheter anv\u00e4nds ocks\u00e5 i omvandlare. Nuf\u00f6rtiden har kretsdesigner f\u00f6rb\u00e4ttrats; nya topologier har utvecklats och ultraljudskraftenheter har gjorts mer tillf\u00f6rlitliga. Lastanpassningsf\u00f6rm\u00e5gan har f\u00f6rb\u00e4ttrats och produktkonsistensen \u00e4r ocks\u00e5 b\u00e4ttre. Effekteffektiviteten \u00e4r ocks\u00e5 en of\u00f6rgl\u00f6mlig milstolpe tillsammans med minskningen av apparaternas volym. Automatisk frekvensskanning, detektering och sp\u00e5rning har ocks\u00e5 uppn\u00e5tts. Fel\u00f6vervakning och detektering \u00e4r ocks\u00e5 automatiserad. Justering av effekt och impedans \u00e4r ocks\u00e5 m\u00f6jlig. M\u00e4nniska-maskin-dialog, mjukvaruuppgraderingar och andra funktioner har ocks\u00e5 utvecklats.<\/p>\n<h3>Principer f\u00f6r ultraljudssvetsning<\/h3>\n<p><img loading=\"lazy\" decoding=\"async\" class=\"size-full wp-image-1578 alignnone\" title=\"Principles of Ultrasonic Welding\" src=\"\/\/www.bjultrasonic.com\/wp-content\/uploads\/2012\/08\/Principles-of-Ultrasonic-Welding.jpg\" alt=\"Principles of Ultrasonic Welding\" width=\"573\" height=\"266\" \/><\/p>\n<p><strong>Ultraljudssvetsutrustning<\/strong> best\u00e5r av en maskinpress, <strong>Ultrasonic Welding Generator<\/strong>, <a href=\"https:\/\/www.bjultrasonic.com\/sv\/shop\/ultrasonic-welding-transducer\/\" target=\"_blank\" rel=\"noopener\">Ultrasonic Welding Transducer<\/a>, <a href=\"https:\/\/www.bjultrasonic.com\/sv\/shop\/ultrasonic-horn\/\" target=\"_blank\" rel=\"noopener\">Ultrasonic Horn<\/a>, och komponentst\u00f6dverktyg samt f\u00f6rst\u00e4rkare.<\/p>\n<h3>Funktioner hos Ultrasonic Welding Generator:<\/h3>\n<ul>\n<li>Automatisk frekvenssp\u00e5rning (manuell justering \u00e4r ocks\u00e5 tillg\u00e4nglig)<\/li>\n<li>Dubbelt skyddsfunktion f\u00f6r \u00f6verdriven belastning, med transducerfel.<\/li>\n<li>Utg\u00e5ngseffekten justeras i enlighet med lasten<\/li>\n<li>Olika parametrar f\u00f6r transducers \u00e4r ocks\u00e5 implementerade<\/li>\n<li>Dubbel sm\u00f6rjning och vertikal organisation<\/li>\n<\/ul>\n<h3>Betalning<\/h3>\n<p>Vi accepterar Paypal, T\/T &#038; Western Union nu.<\/p>\n<h3 class=\"shipping-methods\">Frakt<\/h3>\n<p>Varor kommer att skeppas inom 48 timmar efter att full betalning har mottagits.<\/p>\n<ul>\n<li>Vi skickar varorna till adressen som anges i PayPal-betalningen. Se till att adressen i PayPal \u00e4r korrekt.<\/li>\n<li>Vi ger dig sp\u00e5rningsnumret efter att vi har skickat varorna, i allm\u00e4nhet kommer du att f\u00e5 varorna inom fem dagar.<\/li>\n<li>Om du har n\u00e5gra fr\u00e5gor, v\u00e4nligen kontakta oss via e-post (v\u00e5r e-postadress \u00e4r <a href=\"mailto:support@bjultrasonic.com\">support@bjultrasonic.com<\/a>)<\/li>\n<\/ul>\n<h3 align=\"left\">Produktgaranti<\/h3>\n<p>Produktgarantitiden \u00e4r ett \u00e5r. Inom garantitiden kan k\u00f6pta produkter f\u00e5 gratis underh\u00e5ll eller utbyte.<\/p>\n","protected":false},"excerpt":{"rendered":"<p>Ultrasonic Welding Generator anv\u00e4nds av en m\u00e4ngd olika kvalitetsprodukter, till exempel termoplastsvetsmaskiner, punktsvetsning, maskiner f\u00f6r inl\u00e4ggning av delar mellan metall och plast, ultraljudsmaskiner, ultraljudsslipmaskiner och ultraljudsplastprocessorer. Specifikationer f\u00f6r Ultrasonic Welding Generator Standardutg\u00e5ngseffekt 500W, 1000W, 1400W, 1800W, 2200W, 2600W Ing\u00e5ngssp\u00e4nning 220V ~ 230Vac \u00b110% \/ 110v ~ 130Vac \u00b110% Arbetsfrekvens 15KHz, 20KHz, 30KHZ, 35KHZ, 38KHZ Indikering<\/p>\n","protected":false},"featured_media":42271,"comment_status":"open","ping_status":"closed","template":"","meta":[],"product_brand":[],"product_cat":[5635],"product_tag":[],"class_list":{"0":"post-68364","1":"product","2":"type-product","3":"status-publish","4":"has-post-thumbnail","6":"product_cat-ultrasonic-welding-equipment-sv","8":"first","9":"instock","10":"shipping-taxable","11":"product-type-external","12":"prodpage-classic"},"aioseo_notices":[],"_links":{"self":[{"href":"https:\/\/www.bjultrasonic.com\/sv\/wp-json\/wp\/v2\/product\/68364","targetHints":{"allow":["GET"]}}],"collection":[{"href":"https:\/\/www.bjultrasonic.com\/sv\/wp-json\/wp\/v2\/product"}],"about":[{"href":"https:\/\/www.bjultrasonic.com\/sv\/wp-json\/wp\/v2\/types\/product"}],"replies":[{"embeddable":true,"href":"https:\/\/www.bjultrasonic.com\/sv\/wp-json\/wp\/v2\/comments?post=68364"}],"wp:featuredmedia":[{"embeddable":true,"href":"https:\/\/www.bjultrasonic.com\/sv\/wp-json\/wp\/v2\/media\/42271"}],"wp:attachment":[{"href":"https:\/\/www.bjultrasonic.com\/sv\/wp-json\/wp\/v2\/media?parent=68364"}],"wp:term":[{"taxonomy":"product_brand","embeddable":true,"href":"https:\/\/www.bjultrasonic.com\/sv\/wp-json\/wp\/v2\/product_brand?post=68364"},{"taxonomy":"product_cat","embeddable":true,"href":"https:\/\/www.bjultrasonic.com\/sv\/wp-json\/wp\/v2\/product_cat?post=68364"},{"taxonomy":"product_tag","embeddable":true,"href":"https:\/\/www.bjultrasonic.com\/sv\/wp-json\/wp\/v2\/product_tag?post=68364"}],"curies":[{"name":"wp","href":"https:\/\/api.w.org\/{rel}","templated":true}]}}