{"id":68804,"date":"2013-03-27T01:21:38","date_gmt":"2013-03-27T06:21:38","guid":{"rendered":"https:\/\/www.bjultrasonic.com\/shop\/5pcs-703010-piezoceramic-rings\/"},"modified":"2026-03-28T20:26:18","modified_gmt":"2026-03-29T01:26:18","slug":"5pcs-703010-piezoceramic-rings","status":"publish","type":"product","link":"https:\/\/www.bjultrasonic.com\/sv\/shop\/5pcs-703010-piezoceramic-rings\/","title":{"rendered":"10 ST 70*30*10 piezokeramiska ringar"},"content":{"rendered":"<p><iframe loading=\"lazy\" title=\"Piezoelectric Ceramics | Piezoceramics\" width=\"500\" height=\"281\" src=\"https:\/\/www.youtube.com\/embed\/1Z8-9WdJKhQ?feature=oembed\" frameborder=\"0\" allow=\"accelerometer; autoplay; clipboard-write; encrypted-media; gyroscope; picture-in-picture; web-share\" referrerpolicy=\"strict-origin-when-cross-origin\" allowfullscreen><\/iframe><\/p>\n<h3>Vi kan anpassa olika piezoelektriska keramer efter behov.<\/h3>\n<p>Materialet i piezoelektriska keramer: PZT8<\/p>\n<h2>Specifikation f\u00f6r 5ST 70*30*10 Piezoelektrisk Keramisk Ring<\/h2>\n<table class=\"table table-striped table-bordered\"   id=\"wp-table-reloaded-id-51-no-1\">\n<tbody>\n<tr>\n<td>Storlek (Ytterdiameter*Innandiameter*Tjocklek)<\/td>\n<td>70*30*10<\/td>\n<\/tr>\n<tr>\n<td>Kapacitet (pF)<\/td>\n<td>2640\u00b110%<\/td>\n<\/tr>\n<tr>\n<td>Radial frekvens fr (kHz)<\/td>\n<td>24.5\u00b15%<\/td>\n<\/tr>\n<tr>\n<td>Resonansimpedans zm<\/td>\n<td>\u226415<\/td>\n<\/tr>\n<tr>\n<td>Dielektrisk f\u00f6rlustfaktor tan\u03b4 (%)<\/td>\n<td>0.3<\/td>\n<\/tr>\n<tr>\n<td>Kopplingsmodul Kr (%)<\/td>\n<td>\u226555<\/td>\n<\/tr>\n<tr>\n<td>Kvalitetsfaktor (Qm)<\/td>\n<td>\u2265800<\/td>\n<\/tr>\n<tr>\n<td>Vikten f\u00f6r 5 st<\/td>\n<td>2 kg<\/td>\n<\/tr>\n<\/tbody>\n<\/table>\n<h3>Anv\u00e4ndningsomr\u00e5den f\u00f6r piezokeramik:<\/h3>\n<ul>\n<li>Ultraljudssensor<\/li>\n<li>Ultraljudstransducer<\/li>\n<li>Medicinsk sensor<\/li>\n<li>Vibrationssensor<\/li>\n<li>Trycksensor<\/li>\n<li>Kompressionssensor och andra<\/li>\n<\/ul>\n<h3>Anv\u00e4ndning av piezokeramisk ring f\u00f6r elgenerering<\/h3>\n<p><iframe loading=\"lazy\" title=\"Piezoelectric Ceramics\" src=\"https:\/\/player.vimeo.com\/video\/48632857?dnt=1&amp;app_id=122963\" width=\"500\" height=\"333\" frameborder=\"0\" allow=\"autoplay; fullscreen; picture-in-picture; clipboard-write; encrypted-media\"><\/iframe><\/p>\n<p><strong>OBS: Skicka oss ett e-postmeddelande f\u00f6r att f\u00e5 r\u00e5d om du inte hittar l\u00e4mplig storlek f\u00f6r din f\u00f6rfr\u00e5gan<\/strong><\/p>\n<h3>Betalning<\/h3>\n<p>Vi accepterar PayPal, T\/T &#038; Western Union f\u00f6r n\u00e4rvarande.<\/p>\n<h3 class=\"shipping-methods\">Frakt<\/h3>\n<p>Varorna kommer att skeppas inom 48 timmar efter att full betalning har mottagits.<\/p>\n<ul>\n<li>Vi skickar varorna till den adress som anges i PayPal-betalningen. Se till att adressen i PayPal \u00e4r korrekt.<\/li>\n<li>vi kommer att ge dig sp\u00e5rningsnumret efter att vi har skickat ut varorna, i allm\u00e4nhet kommer du att ta emot varorna inom fem dagar.<\/li>\n<li>Om du har n\u00e5gra fr\u00e5gor, v\u00e4nligen kontakta oss via e-post (v\u00e5r e-postadress \u00e4r <a href=\"mailto:support@bjultrasonic.com\">support@bjultrasonic.com<\/a>)<\/li>\n<\/ul>\n<h3 align=\"left\">Produktgaranti<\/h3>\n<p>Produktens garantitid \u00e4r ett \u00e5r. Inom garantitiden kan k\u00f6pta produkter f\u00e5 gratis reparation eller byte.<\/p>\n","protected":false},"excerpt":{"rendered":"<p><a href=\"https:\/\/www.bjultrasonic.com\/sv\/category\/piezoelectric-ceramic-sv\/ring-piezoelectric-ceramics-sv\/\">Piezoelektrisk keramisk ring<\/a> (piezokeramisk ring) tillverkad av Beijing Ultrasonic \u2013 professionell <a href=\"https:\/\/www.bjultrasonic.com\/sv\/category\/piezoelectric-ceramic-sv\/\">piezoelektrisk keramik<\/a> leverant\u00f6r &amp; tillverkare.<\/p>\n","protected":false},"featured_media":23765,"comment_status":"open","ping_status":"closed","template":"","meta":[],"product_brand":[],"product_cat":[5658,5740],"product_tag":[],"class_list":{"0":"post-68804","1":"product","2":"type-product","3":"status-publish","4":"has-post-thumbnail","6":"product_cat-piezoelectric-ceramic-sv","7":"product_cat-ring-piezoelectric-ceramics-sv","9":"first","10":"instock","11":"shipping-taxable","12":"purchasable","13":"product-type-simple","14":"prodpage-classic"},"aioseo_notices":[],"_links":{"self":[{"href":"https:\/\/www.bjultrasonic.com\/sv\/wp-json\/wp\/v2\/product\/68804","targetHints":{"allow":["GET"]}}],"collection":[{"href":"https:\/\/www.bjultrasonic.com\/sv\/wp-json\/wp\/v2\/product"}],"about":[{"href":"https:\/\/www.bjultrasonic.com\/sv\/wp-json\/wp\/v2\/types\/product"}],"replies":[{"embeddable":true,"href":"https:\/\/www.bjultrasonic.com\/sv\/wp-json\/wp\/v2\/comments?post=68804"}],"wp:featuredmedia":[{"embeddable":true,"href":"https:\/\/www.bjultrasonic.com\/sv\/wp-json\/wp\/v2\/media\/23765"}],"wp:attachment":[{"href":"https:\/\/www.bjultrasonic.com\/sv\/wp-json\/wp\/v2\/media?parent=68804"}],"wp:term":[{"taxonomy":"product_brand","embeddable":true,"href":"https:\/\/www.bjultrasonic.com\/sv\/wp-json\/wp\/v2\/product_brand?post=68804"},{"taxonomy":"product_cat","embeddable":true,"href":"https:\/\/www.bjultrasonic.com\/sv\/wp-json\/wp\/v2\/product_cat?post=68804"},{"taxonomy":"product_tag","embeddable":true,"href":"https:\/\/www.bjultrasonic.com\/sv\/wp-json\/wp\/v2\/product_tag?post=68804"}],"curies":[{"name":"wp","href":"https:\/\/api.w.org\/{rel}","templated":true}]}}