{"id":69024,"date":"2013-02-17T23:02:58","date_gmt":"2013-02-18T04:02:58","guid":{"rendered":"https:\/\/www.bjultrasonic.com\/shop\/biologics-ultrasonic-homogenizer-bjed-20150\/"},"modified":"2026-03-28T20:24:00","modified_gmt":"2026-03-29T01:24:00","slug":"biologics-ultrasonic-homogenizer-bjed-20150","status":"publish","type":"product","link":"https:\/\/www.bjultrasonic.com\/sv\/shop\/biologics-ultrasonic-homogenizer-bjed-20150\/","title":{"rendered":"Ultrasonisk Cell Disruptor Homogenizer BJED-20150"},"content":{"rendered":"<table class=\"table table-striped table-bordered\" border=\"0\" cellspacing=\"0\" cellpadding=\"0\">\n<tbody>\n<tr>\n<td valign=\"top\" width=\"158\">TYP<\/td>\n<td valign=\"top\" width=\"145\">Frekvens (Khz)<\/td>\n<td valign=\"top\" width=\"136\">Effekt (W)<\/td>\n<td valign=\"top\" width=\"130\">Butikspris (USD)<\/td>\n<\/tr>\n<tr>\n<td valign=\"top\" width=\"158\">BJED-20150<\/td>\n<td valign=\"top\" width=\"145\">20<\/td>\n<td valign=\"top\" width=\"136\">150<\/td>\n<td valign=\"top\" width=\"130\">$1750<\/td>\n<\/tr>\n<\/tbody>\n<\/table>\n<p>F\u00f6r anpassning och OEM-produktion av Biologics ultraljudshomogenisator, bes\u00f6k<\/p>\n<blockquote class=\"wp-embedded-content\" data-secret=\"ks5FNCHkjr\"><p><a href=\"https:\/\/www.bjultrasonic.com\/ms\/shop\/ultrasonic-cell-disruptor\/\">Ultrasonic Cell Disruptors &#038; Homogenizers<\/a><\/p><\/blockquote>\n<p><iframe loading=\"lazy\" class=\"wp-embedded-content\" sandbox=\"allow-scripts\" security=\"restricted\" style=\"position: absolute; visibility: hidden;\" title=\"&#8220;Ultrasonic Cell Disruptors &#038; Homogenizers&#8221; &#8212; Beijing Ultrasonic\" src=\"https:\/\/www.bjultrasonic.com\/ms\/shop\/ultrasonic-cell-disruptor\/embed\/#?secret=zePSVUk1lX#?secret=ks5FNCHkjr\" data-secret=\"ks5FNCHkjr\" width=\"500\" height=\"282\" frameborder=\"0\" marginwidth=\"0\" marginheight=\"0\" scrolling=\"no\"><\/iframe><\/p>\n<p><strong>Typiska till\u00e4mpningar av Biologics ultraljudshomogenisator<\/strong><\/p>\n<ul>\n<li>Anv\u00e4nds f\u00f6r att bryta ner m\u00e5nga typer av djur- och v\u00e4xtceller, virusceller.<\/li>\n<li>Emulgering, separation, sm\u00e4ltning, extraktion, intensiv extraktion, tv\u00e4tt och p\u00e5skyndande av kemiska reaktioner etc.<\/li>\n<li>Anv\u00e4nds i stor utstr\u00e4ckning inom omr\u00e5den som biokemi, mikrobiologi, medicinsk kemi, ytkemi, fysik, zoologi, etc.<\/li>\n<\/ul>\n<p><iframe loading=\"lazy\" title=\"Ultrasonic Liquid Processor Systems Manufacturers &amp; Suppliers\" width=\"500\" height=\"281\" src=\"https:\/\/www.youtube.com\/embed\/D4drd2L5wrk?feature=oembed\" frameborder=\"0\" allow=\"accelerometer; autoplay; clipboard-write; encrypted-media; gyroscope; picture-in-picture; web-share\" referrerpolicy=\"strict-origin-when-cross-origin\" allowfullscreen><\/iframe><\/p>\n<p><iframe loading=\"lazy\" title=\"Ultrasonic Processor | Biologics Ultrasonic Homogenizer\" width=\"500\" height=\"375\" src=\"https:\/\/www.youtube.com\/embed\/T0snVNfFYIs?feature=oembed\" frameborder=\"0\" allow=\"accelerometer; autoplay; clipboard-write; encrypted-media; gyroscope; picture-in-picture; web-share\" referrerpolicy=\"strict-origin-when-cross-origin\" allowfullscreen><\/iframe><\/p>\n<p>&nbsp;<\/p>\n","protected":false},"excerpt":{"rendered":"<p><a href=\"https:\/\/www.bjultrasonic.com\/sv\/category\/ultrasonic-processors-sv\/cell-sv\/\">Ultraljudscelldisruptorer<\/a> f\u00f6rb\u00e4ttrar den \u00f6vergripande enhetligheten och stabiliteten hos blandningar genom att minska partikelstorlekar i v\u00e4tskor. De ultraljudsdrivna celldisruptorerna \u00e4r effektiva f\u00f6r DNA\/RNA-klippning, homogenisering, celllysa, nanopartikelspridning, proteinextraktion och allm\u00e4n provberedning.<\/p>\n","protected":false},"featured_media":5355,"comment_status":"open","ping_status":"closed","template":"","meta":[],"product_brand":[],"product_cat":[6304,6238],"product_tag":[],"class_list":{"0":"post-69024","1":"product","2":"type-product","3":"status-publish","4":"has-post-thumbnail","6":"product_cat-cell-sv","7":"product_cat-ultrasonic-processors-sv","9":"first","10":"instock","11":"shipping-taxable","12":"purchasable","13":"product-type-simple","14":"prodpage-classic"},"aioseo_notices":[],"_links":{"self":[{"href":"https:\/\/www.bjultrasonic.com\/sv\/wp-json\/wp\/v2\/product\/69024","targetHints":{"allow":["GET"]}}],"collection":[{"href":"https:\/\/www.bjultrasonic.com\/sv\/wp-json\/wp\/v2\/product"}],"about":[{"href":"https:\/\/www.bjultrasonic.com\/sv\/wp-json\/wp\/v2\/types\/product"}],"replies":[{"embeddable":true,"href":"https:\/\/www.bjultrasonic.com\/sv\/wp-json\/wp\/v2\/comments?post=69024"}],"wp:featuredmedia":[{"embeddable":true,"href":"https:\/\/www.bjultrasonic.com\/sv\/wp-json\/wp\/v2\/media\/5355"}],"wp:attachment":[{"href":"https:\/\/www.bjultrasonic.com\/sv\/wp-json\/wp\/v2\/media?parent=69024"}],"wp:term":[{"taxonomy":"product_brand","embeddable":true,"href":"https:\/\/www.bjultrasonic.com\/sv\/wp-json\/wp\/v2\/product_brand?post=69024"},{"taxonomy":"product_cat","embeddable":true,"href":"https:\/\/www.bjultrasonic.com\/sv\/wp-json\/wp\/v2\/product_cat?post=69024"},{"taxonomy":"product_tag","embeddable":true,"href":"https:\/\/www.bjultrasonic.com\/sv\/wp-json\/wp\/v2\/product_tag?post=69024"}],"curies":[{"name":"wp","href":"https:\/\/api.w.org\/{rel}","templated":true}]}}