{"id":69124,"date":"2013-02-16T03:03:49","date_gmt":"2013-02-16T08:03:49","guid":{"rendered":"https:\/\/www.bjultrasonic.com\/shop\/ultrasonic-biodiesel-reactor-bjr-1200\/"},"modified":"2026-03-28T20:23:07","modified_gmt":"2026-03-29T01:23:07","slug":"ultrasonic-biodiesel-reactor-bjr-1200","status":"publish","type":"product","link":"https:\/\/www.bjultrasonic.com\/sv\/shop\/ultrasonic-biodiesel-reactor-bjr-1200\/","title":{"rendered":"Ultrasonisk Biodiesel Reaktor BJR-1200"},"content":{"rendered":"<p>F\u00f6r anpassning av ultraljudsreaktorer och OEM-produktion, g\u00e5 till<\/p>\n<blockquote class=\"wp-embedded-content\" data-secret=\"m7roG6Ghjk\"><p><a href=\"https:\/\/www.bjultrasonic.com\/shop\/ultrasonic-biodiesel-reactor\/\">Ultrasonic Biodiesel Reactor<\/a><\/p><\/blockquote>\n<p><iframe loading=\"lazy\" class=\"wp-embedded-content\" sandbox=\"allow-scripts\" security=\"restricted\" style=\"position: absolute; visibility: hidden;\" title=\"&#8220;Ultrasonic Biodiesel Reactor&#8221; &#8212; Beijing Ultrasonic\" src=\"https:\/\/www.bjultrasonic.com\/shop\/ultrasonic-biodiesel-reactor\/embed\/#?secret=8sTjX6li3E#?secret=m7roG6Ghjk\" data-secret=\"m7roG6Ghjk\" width=\"500\" height=\"282\" frameborder=\"0\" marginwidth=\"0\" marginheight=\"0\" scrolling=\"no\"><\/iframe><\/p>\n<p>Det detaljhandelspriset f\u00f6r <strong>Ultrasonic Biodiesel Reactor BJR-1200<\/strong> inkluderar <strong>Ultrasonic Reactor<\/strong> och <strong>Digital Ultrasonic Generator.<\/strong><\/p>\n<table class=\"table table-striped table-bordered\" border=\"0\" cellspacing=\"0\" cellpadding=\"0\">\n<tbody>\n<tr>\n<td valign=\"top\" width=\"82\">Typ<\/td>\n<td valign=\"top\" width=\"81\">Frekvens<br \/>\n(KHz)<\/td>\n<td valign=\"top\" width=\"60\">Effekt<\/td>\n<td valign=\"top\" width=\"60\">Diameter<br \/>\n(mm)<\/td>\n<td valign=\"top\" width=\"63\">L\u00e4ngd<br \/>\n(mm)<\/td>\n<td valign=\"top\" width=\"90\">Statisk kapacitet (pF\u00b110%)<\/td>\n<\/tr>\n<tr>\n<td valign=\"top\" width=\"82\">BJR-1200<\/td>\n<td valign=\"top\" width=\"81\">27<\/td>\n<td valign=\"top\" width=\"68\">1200<\/td>\n<td valign=\"top\" width=\"90\">\u03a673<\/td>\n<td valign=\"top\" width=\"63\">790<\/td>\n<td valign=\"top\" width=\"80\">68000<\/td>\n<\/tr>\n<\/tbody>\n<\/table>\n<p><img loading=\"lazy\" decoding=\"async\" class=\"alignnone size-full wp-image-5340\" src=\"\/\/www.bjultrasonic.com\/wp-content\/uploads\/2013\/02\/Ultrasonic-Reactor-and-Digital-Ultrasonic-Generator.jpg\" alt=\"Ultrasonic Reactor and Digital Ultrasonic Generator\" width=\"600\" height=\"400\" \/><\/p>\n<p>En ultraljudsbiodieselreaktor producerar biodiesel p\u00e5 kortast m\u00f6jliga tid och p\u00e5 det mest effektiva s\u00e4ttet. Ultraljudsv\u00e5gor verkar p\u00e5 de blandade ingredienserna, vilket orsakar produktion och implosion av m\u00e5nga sm\u00e5 bubblor. Detta kallas kavitation. Kavitation blandar och v\u00e4rmer blandningen samtidigt. Dessa tv\u00e5 processer orsakar transesterifiering. Eftersom en ultraljudsbiodieselreaktor blandar och v\u00e4rmer blandningen samtidigt, minskas tiden som beh\u00f6vs f\u00f6r att producera biodiesel avsev\u00e4rt. S\u00e5 ist\u00e4llet f\u00f6r att bearbeta blandningar i satser, vilket tar mycket tid, bearbetas blandningar genom inline-transesterifiering.<\/p>\n<p><iframe loading=\"lazy\" title=\"Biodiesel Processor Kits - Beijing Ultrasonic\" width=\"500\" height=\"281\" src=\"https:\/\/www.youtube.com\/embed\/OpgcM3CcI90?feature=oembed\" frameborder=\"0\" allow=\"accelerometer; autoplay; clipboard-write; encrypted-media; gyroscope; picture-in-picture; web-share\" referrerpolicy=\"strict-origin-when-cross-origin\" allowfullscreen><\/iframe><\/p>\n<p>&nbsp;<\/p>\n","protected":false},"excerpt":{"rendered":"<p><a href=\"https:\/\/www.bjultrasonic.com\/sv\/category\/ultrasonic-processors-sv\/\">Ultrasoundprocessorer<\/a> f\u00f6r biodieseltillverkning. <a href=\"https:\/\/www.bjultrasonic.com\/sv\/category\/ultrasonic-processors-sv\/biodiesel-sv\/\">Ultrasoundbiodieselreaktor<\/a> producerar biodiesel p\u00e5 kortast m\u00f6jliga tid och p\u00e5 det mest effektiva s\u00e4ttet.<\/p>\n","protected":false},"featured_media":5341,"comment_status":"open","ping_status":"closed","template":"","meta":[],"product_brand":[],"product_cat":[6280,6238],"product_tag":[],"class_list":{"0":"post-69124","1":"product","2":"type-product","3":"status-publish","4":"has-post-thumbnail","6":"product_cat-biodiesel-sv","7":"product_cat-ultrasonic-processors-sv","9":"first","10":"instock","11":"featured","12":"shipping-taxable","13":"purchasable","14":"product-type-simple","15":"prodpage-classic"},"aioseo_notices":[],"_links":{"self":[{"href":"https:\/\/www.bjultrasonic.com\/sv\/wp-json\/wp\/v2\/product\/69124","targetHints":{"allow":["GET"]}}],"collection":[{"href":"https:\/\/www.bjultrasonic.com\/sv\/wp-json\/wp\/v2\/product"}],"about":[{"href":"https:\/\/www.bjultrasonic.com\/sv\/wp-json\/wp\/v2\/types\/product"}],"replies":[{"embeddable":true,"href":"https:\/\/www.bjultrasonic.com\/sv\/wp-json\/wp\/v2\/comments?post=69124"}],"wp:featuredmedia":[{"embeddable":true,"href":"https:\/\/www.bjultrasonic.com\/sv\/wp-json\/wp\/v2\/media\/5341"}],"wp:attachment":[{"href":"https:\/\/www.bjultrasonic.com\/sv\/wp-json\/wp\/v2\/media?parent=69124"}],"wp:term":[{"taxonomy":"product_brand","embeddable":true,"href":"https:\/\/www.bjultrasonic.com\/sv\/wp-json\/wp\/v2\/product_brand?post=69124"},{"taxonomy":"product_cat","embeddable":true,"href":"https:\/\/www.bjultrasonic.com\/sv\/wp-json\/wp\/v2\/product_cat?post=69124"},{"taxonomy":"product_tag","embeddable":true,"href":"https:\/\/www.bjultrasonic.com\/sv\/wp-json\/wp\/v2\/product_tag?post=69124"}],"curies":[{"name":"wp","href":"https:\/\/api.w.org\/{rel}","templated":true}]}}