{"id":69164,"date":"2013-02-16T03:03:46","date_gmt":"2013-02-16T08:03:46","guid":{"rendered":"https:\/\/www.bjultrasonic.com\/shop\/ultrasonic-biodiesel-reactor-bjr-1000\/"},"modified":"2026-03-28T20:23:04","modified_gmt":"2026-03-29T01:23:04","slug":"ultrasonic-biodiesel-reactor-bjr-1000","status":"publish","type":"product","link":"https:\/\/www.bjultrasonic.com\/sv\/shop\/ultrasonic-biodiesel-reactor-bjr-1000\/","title":{"rendered":"Ultrasonisk Biodiesel Reaktor BJR-1000"},"content":{"rendered":"<p>F\u00f6r anpassning av ultraljudsreaktorer och OEM-tillverkning, bes\u00f6k<\/p>\n<blockquote class=\"wp-embedded-content\" data-secret=\"5BxDLtqaz4\"><p><a href=\"https:\/\/www.bjultrasonic.com\/shop\/ultrasonic-biodiesel-reactor\/\">Ultrasonic Biodiesel Reactor<\/a><\/p><\/blockquote>\n<p><iframe loading=\"lazy\" class=\"wp-embedded-content\" sandbox=\"allow-scripts\" security=\"restricted\" style=\"position: absolute; visibility: hidden;\" title=\"&#8220;Ultrasonic Biodiesel Reactor&#8221; &#8212; Beijing Ultrasonic\" src=\"https:\/\/www.bjultrasonic.com\/shop\/ultrasonic-biodiesel-reactor\/embed\/#?secret=lirYeEnD3k#?secret=5BxDLtqaz4\" data-secret=\"5BxDLtqaz4\" width=\"500\" height=\"282\" frameborder=\"0\" marginwidth=\"0\" marginheight=\"0\" scrolling=\"no\"><\/iframe><\/p>\n<p>Detaljhandelspriset f\u00f6r <strong>Ultraljuds Biodieselreaktor BJR-1000<\/strong> inkluderar <strong>Ultraljudsreaktor<\/strong> och <strong>Digital Ultraljudsgenerator.<\/strong><\/p>\n<table class=\"table table-striped table-bordered\" border=\"0\" cellspacing=\"0\" cellpadding=\"0\">\n<tbody>\n<tr>\n<td valign=\"top\" width=\"82\">Typ<\/td>\n<td valign=\"top\" width=\"81\">Frekvens<br \/>\n(KHz)<\/td>\n<td valign=\"top\" width=\"60\">Effekt<\/td>\n<td valign=\"top\" width=\"60\">Diameter<br \/>\n(mm)<\/td>\n<td valign=\"top\" width=\"63\">L\u00e4ngd<br \/>\n(mm)<\/td>\n<td valign=\"top\" width=\"90\">Statisk Kapacitet (pF\u00b110%)<\/td>\n<\/tr>\n<tr>\n<td valign=\"top\" width=\"82\">BJR-1000<\/td>\n<td valign=\"top\" width=\"81\">27<\/td>\n<td valign=\"top\" width=\"68\">1000<\/td>\n<td valign=\"top\" width=\"90\">\u03a673<\/td>\n<td valign=\"top\" width=\"63\">458<\/td>\n<td valign=\"top\" width=\"80\">68000<\/td>\n<\/tr>\n<\/tbody>\n<\/table>\n<p><img loading=\"lazy\" decoding=\"async\" class=\"alignnone size-full wp-image-5340\" alt=\"Ultraljudsreaktor och Digital Ultraljudsgenerator\" src=\"\/\/www.bjultrasonic.com\/wp-content\/uploads\/2013\/02\/Ultrasonic-Reactor-and-Digital-Ultrasonic-Generator.jpg\" width=\"600\" height=\"400\" \/><\/p>\n<p>Ultraljuds biodieselreaktor producerar biodiesel p\u00e5 kortast m\u00f6jliga tid och p\u00e5 det mest effektiva s\u00e4ttet. Ultraljudsv\u00e5gor verkar p\u00e5 de blandade ingredienserna, vilket orsakar produktion och implosion av m\u00e5nga sm\u00e5 bubblor. Detta kallas kavitation. Kavitation blandar och v\u00e4rmer blandningen samtidigt. Dessa tv\u00e5 processer orsakar transesterifiering. Eftersom en ultraljuds biodieselreaktor blandar och v\u00e4rmer blandningen samtidigt, minskas tiden som beh\u00f6vs f\u00f6r att producera biodiesel avsev\u00e4rt. S\u00e5 ist\u00e4llet f\u00f6r att bearbeta blandningar i satser, vilket tar mycket tid, behandlas blandningar genom inline-transesterifiering.<\/p>\n<p><iframe loading=\"lazy\" title=\"Ultrasonic Reactor for Biodiesel Production - Beijing Ultrasonic\" width=\"500\" height=\"281\" src=\"https:\/\/www.youtube.com\/embed\/hE7vesbbphk?feature=oembed\" frameborder=\"0\" allow=\"accelerometer; autoplay; clipboard-write; encrypted-media; gyroscope; picture-in-picture; web-share\" referrerpolicy=\"strict-origin-when-cross-origin\" allowfullscreen><\/iframe><\/p>\n","protected":false},"excerpt":{"rendered":"<p><a href=\"https:\/\/www.bjultrasonic.com\/sv\/category\/ultrasonic-processors-sv\/\">Ultrasoundprocessorer<\/a> f\u00f6r biodieselproduktion. <a href=\"https:\/\/www.bjultrasonic.com\/sv\/category\/ultrasonic-processors-sv\/biodiesel-sv\/\">Ultrasound biodieselreaktor<\/a> producerar biodiesel p\u00e5 kortast m\u00f6jliga tid och p\u00e5 det mest effektiva s\u00e4ttet.<\/p>\n","protected":false},"featured_media":5341,"comment_status":"open","ping_status":"closed","template":"","meta":[],"product_brand":[],"product_cat":[6280,6238],"product_tag":[],"class_list":{"0":"post-69164","1":"product","2":"type-product","3":"status-publish","4":"has-post-thumbnail","6":"product_cat-biodiesel-sv","7":"product_cat-ultrasonic-processors-sv","9":"first","10":"instock","11":"shipping-taxable","12":"purchasable","13":"product-type-simple","14":"prodpage-classic"},"aioseo_notices":[],"_links":{"self":[{"href":"https:\/\/www.bjultrasonic.com\/sv\/wp-json\/wp\/v2\/product\/69164","targetHints":{"allow":["GET"]}}],"collection":[{"href":"https:\/\/www.bjultrasonic.com\/sv\/wp-json\/wp\/v2\/product"}],"about":[{"href":"https:\/\/www.bjultrasonic.com\/sv\/wp-json\/wp\/v2\/types\/product"}],"replies":[{"embeddable":true,"href":"https:\/\/www.bjultrasonic.com\/sv\/wp-json\/wp\/v2\/comments?post=69164"}],"wp:featuredmedia":[{"embeddable":true,"href":"https:\/\/www.bjultrasonic.com\/sv\/wp-json\/wp\/v2\/media\/5341"}],"wp:attachment":[{"href":"https:\/\/www.bjultrasonic.com\/sv\/wp-json\/wp\/v2\/media?parent=69164"}],"wp:term":[{"taxonomy":"product_brand","embeddable":true,"href":"https:\/\/www.bjultrasonic.com\/sv\/wp-json\/wp\/v2\/product_brand?post=69164"},{"taxonomy":"product_cat","embeddable":true,"href":"https:\/\/www.bjultrasonic.com\/sv\/wp-json\/wp\/v2\/product_cat?post=69164"},{"taxonomy":"product_tag","embeddable":true,"href":"https:\/\/www.bjultrasonic.com\/sv\/wp-json\/wp\/v2\/product_tag?post=69164"}],"curies":[{"name":"wp","href":"https:\/\/api.w.org\/{rel}","templated":true}]}}