{"id":69184,"date":"2013-02-16T01:46:01","date_gmt":"2013-02-16T06:46:01","guid":{"rendered":"https:\/\/www.bjultrasonic.com\/shop\/ultrasonic-biodiesel-reactor-bjr-500\/"},"modified":"2026-03-28T20:22:36","modified_gmt":"2026-03-29T01:22:36","slug":"ultrasonic-biodiesel-reactor-bjr-500","status":"publish","type":"product","link":"https:\/\/www.bjultrasonic.com\/sv\/shop\/ultrasonic-biodiesel-reactor-bjr-500\/","title":{"rendered":"Ultrasonisk Biodieselreaktor BJR-500"},"content":{"rendered":"<p>F\u00f6r anpassning av ultraljudsreaktorer och OEM-produktion, bes\u00f6k<\/p>\n<blockquote class=\"wp-embedded-content\" data-secret=\"4sRDmcAbo1\"><p><a href=\"https:\/\/www.bjultrasonic.com\/shop\/ultrasonic-biodiesel-reactor\/\">Ultrasonic Biodiesel Reactor<\/a><\/p><\/blockquote>\n<p><iframe loading=\"lazy\" class=\"wp-embedded-content\" sandbox=\"allow-scripts\" security=\"restricted\" style=\"position: absolute; visibility: hidden;\" title=\"&#8220;Ultrasonic Biodiesel Reactor&#8221; &#8212; Beijing Ultrasonic\" src=\"https:\/\/www.bjultrasonic.com\/shop\/ultrasonic-biodiesel-reactor\/embed\/#?secret=MGD6rp1mzN#?secret=4sRDmcAbo1\" data-secret=\"4sRDmcAbo1\" width=\"500\" height=\"282\" frameborder=\"0\" marginwidth=\"0\" marginheight=\"0\" scrolling=\"no\"><\/iframe><\/p>\n<p>Det detaljhandelspris f\u00f6r <strong>Ultraljuds Biodieselreaktor BJR-500<\/strong> inkluderar <strong>Ultraljudsreaktor<\/strong> och <strong>Digital Ultraljudsgenerator.<\/strong><\/p>\n<table class=\"table table-striped table-bordered\" border=\"0\" cellspacing=\"0\" cellpadding=\"0\">\n<tbody>\n<tr>\n<td valign=\"top\" width=\"82\">Typ<\/td>\n<td valign=\"top\" width=\"81\">Frekvens<br \/>\n(KHz)<\/td>\n<td valign=\"top\" width=\"60\">Effekt<\/td>\n<td valign=\"top\" width=\"60\">Diameter<br \/>\n(mm)<\/td>\n<td valign=\"top\" width=\"63\">L\u00e4ngd<br \/>\n(mm)<\/td>\n<td valign=\"top\" width=\"90\">Statisk Kapacitet (pF\u00b110%)<\/td>\n<\/tr>\n<tr>\n<td valign=\"top\" width=\"82\">BJR-500<\/td>\n<td valign=\"top\" width=\"81\">27<\/td>\n<td valign=\"top\" width=\"68\">500<\/td>\n<td valign=\"top\" width=\"90\">\u03a673<\/td>\n<td valign=\"top\" width=\"63\">323<\/td>\n<td valign=\"top\" width=\"80\">68000<\/td>\n<\/tr>\n<\/tbody>\n<\/table>\n<p><img loading=\"lazy\" decoding=\"async\" class=\"alignnone size-full wp-image-5340\" alt=\"Ultraljudsreaktor och Digital Ultraljudsgenerator\" src=\"\/\/www.bjultrasonic.com\/wp-content\/uploads\/2013\/02\/Ultrasonic-Reactor-and-Digital-Ultrasonic-Generator.jpg\" width=\"600\" height=\"400\" \/><\/p>\n<p>Ultraljudsbiodieselreaktorn producerar biodiesel p\u00e5 kortast m\u00f6jliga tid och p\u00e5 det mest effektiva s\u00e4ttet. Ultraljudsv\u00e5gor verkar p\u00e5 de blandade ingredienserna, vilket orsakar produktion och implosion av m\u00e5nga sm\u00e5 bubblor. Detta kallas kavitation. Kavitation blandar och v\u00e4rmer blandningen samtidigt. Dessa tv\u00e5 processer orsakar transesterifiering. Eftersom en ultraljudsbiodieselreaktor blandar och v\u00e4rmer blandningen samtidigt minskas den tid som beh\u00f6vs f\u00f6r att producera biodiesel avsev\u00e4rt. S\u00e5 ist\u00e4llet f\u00f6r att bearbeta blandningar i satser, vilket tar mycket tid, bearbetas blandningar genom inline-transesterifiering.<\/p>\n<p><iframe loading=\"lazy\" title=\"Ultrasonic Reactor for Biodiesel Production - Beijing Ultrasonic\" width=\"500\" height=\"281\" src=\"https:\/\/www.youtube.com\/embed\/hE7vesbbphk?feature=oembed\" frameborder=\"0\" allow=\"accelerometer; autoplay; clipboard-write; encrypted-media; gyroscope; picture-in-picture; web-share\" referrerpolicy=\"strict-origin-when-cross-origin\" allowfullscreen><\/iframe><\/p>\n","protected":false},"excerpt":{"rendered":"<p><a href=\"https:\/\/www.bjultrasonic.com\/sv\/category\/ultrasonic-processors-sv\/\">Ultraljudsprocessorer<\/a> f\u00f6r biodieselproduktion. <a href=\"https:\/\/www.bjultrasonic.com\/sv\/category\/ultrasonic-processors-sv\/biodiesel-sv\/\">Ultraljuds biodieselreaktor<\/a> producerar biodiesel p\u00e5 kortast m\u00f6jliga tid och p\u00e5 mest effektiva s\u00e4tt.<\/p>\n","protected":false},"featured_media":5341,"comment_status":"open","ping_status":"closed","template":"","meta":[],"product_brand":[],"product_cat":[6280,6238],"product_tag":[],"class_list":{"0":"post-69184","1":"product","2":"type-product","3":"status-publish","4":"has-post-thumbnail","6":"product_cat-biodiesel-sv","7":"product_cat-ultrasonic-processors-sv","9":"first","10":"instock","11":"shipping-taxable","12":"purchasable","13":"product-type-simple","14":"prodpage-classic"},"aioseo_notices":[],"_links":{"self":[{"href":"https:\/\/www.bjultrasonic.com\/sv\/wp-json\/wp\/v2\/product\/69184","targetHints":{"allow":["GET"]}}],"collection":[{"href":"https:\/\/www.bjultrasonic.com\/sv\/wp-json\/wp\/v2\/product"}],"about":[{"href":"https:\/\/www.bjultrasonic.com\/sv\/wp-json\/wp\/v2\/types\/product"}],"replies":[{"embeddable":true,"href":"https:\/\/www.bjultrasonic.com\/sv\/wp-json\/wp\/v2\/comments?post=69184"}],"wp:featuredmedia":[{"embeddable":true,"href":"https:\/\/www.bjultrasonic.com\/sv\/wp-json\/wp\/v2\/media\/5341"}],"wp:attachment":[{"href":"https:\/\/www.bjultrasonic.com\/sv\/wp-json\/wp\/v2\/media?parent=69184"}],"wp:term":[{"taxonomy":"product_brand","embeddable":true,"href":"https:\/\/www.bjultrasonic.com\/sv\/wp-json\/wp\/v2\/product_brand?post=69184"},{"taxonomy":"product_cat","embeddable":true,"href":"https:\/\/www.bjultrasonic.com\/sv\/wp-json\/wp\/v2\/product_cat?post=69184"},{"taxonomy":"product_tag","embeddable":true,"href":"https:\/\/www.bjultrasonic.com\/sv\/wp-json\/wp\/v2\/product_tag?post=69184"}],"curies":[{"name":"wp","href":"https:\/\/api.w.org\/{rel}","templated":true}]}}