{"id":69444,"date":"2012-12-06T06:13:05","date_gmt":"2012-12-06T11:13:05","guid":{"rendered":"https:\/\/www.bjultrasonic.com\/shop\/20khz-100w-110v220v-ultrasonic-generator-pcb-circuit\/"},"modified":"2026-03-28T20:20:18","modified_gmt":"2026-03-29T01:20:18","slug":"20khz-100w-110v220v-ultrasonic-generator-pcb-circuit","status":"publish","type":"product","link":"https:\/\/www.bjultrasonic.com\/sv\/shop\/20khz-100w-110v220v-ultrasonic-generator-pcb-circuit\/","title":{"rendered":"20KHz 100W Ultrasonisk Transducer Driver"},"content":{"rendered":"<h2>Specifikation f\u00f6r 20KHz 100W 110V\/220V Ultrasonisk Generatorkrets<\/h2>\n<table id=\"wp-table-reloaded-id-131-no-1\" class=\"table table-striped table-bordered\">\n<tbody>\n<tr>\n<td>Frekvens<\/td>\n<td>20 kHz<\/td>\n<\/tr>\n<tr>\n<td>Effekt<\/td>\n<td>100 W<\/td>\n<\/tr>\n<tr>\n<td>Drivar omvandlare<\/td>\n<td>20 kHz ultraljudsomvandlare<\/td>\n<\/tr>\n<tr>\n<td>Str\u00f6mf\u00f6rs\u00f6rjning<\/td>\n<td>Ing\u00e5ng: 110V AC eller 220V AC<\/td>\n<\/tr>\n<tr>\n<td>Vikt<\/td>\n<td>300 g\/st<\/td>\n<\/tr>\n<\/tbody>\n<\/table>\n<h3>Notera<\/h3>\n<ul>\n<li><a href=\"https:\/\/www.bjultrasonic.com\/sv\/category\/ultrasonic-generator-sv\/\">Den ultraljudsgeneratorn<\/a> kan inte sl\u00e5s p\u00e5 under tomg\u00e5ng<\/li>\n<li>Efter installation f\u00e5r vi inte sl\u00e5 p\u00e5 den f\u00f6rr\u00e4n reng\u00f6ringsv\u00e4tska har lagts ut<\/li>\n<li><a href=\"https:\/\/www.bjultrasonic.com\/sv\/category\/ultrasonic-transducer-sv\/\">Ultraljudsomvandlaren<\/a> har tv\u00e5 \u00f6glor. Den positiva ligger i mitten av tv\u00e5 keramikskivor. Den negativa ligger n\u00e4ra den nedre metallpelaren. Var v\u00e4nlig g\u00f6r inga fel vid kablagning.<\/li>\n<li>Den st\u00f6rre sidan med skruvh\u00e5l i keramikomvandlaren, som har en vibrationsfunktion, kan fasts\u00e4ttas i botten av reng\u00f6ringsmaskinen. Och se till att reng\u00f6ringsmaskinen \u00e4r s\u00e4kert jordad.<\/li>\n<li>Keramikomvandlaren ska limmas fast i botten av reng\u00f6ringsmaskinen med speciallim f\u00f6r omvandlare eller anv\u00e4nd AB-limstav. Men effekten \u00e4r n\u00e5got s\u00e4mre, eller anv\u00e4nd epoxiharts i proportionen 10:4.<\/li>\n<li>Arbetskretskortets sp\u00e4nning \u00e4r 600V. Sp\u00e4nningen som matas ut till omvandlaren \u00e4r 1100V. Se till att reng\u00f6ringsmaskinen \u00e4r s\u00e4kert jordad. Se till att ett l\u00e4ckageskydd \u00e4r installerat p\u00e5 str\u00f6mf\u00f6rs\u00f6rjningen f\u00f6r att s\u00e4kerst\u00e4lla s\u00e4kerhet.<\/li>\n<\/ul>\n<h3>Hur man ansluter ultraljudsomvandlare till ultraljudsgeneratorkrets<\/h3>\n<p><img loading=\"lazy\" decoding=\"async\" class=\"alignnone size-full wp-image-19292\" src=\"https:\/\/www.bjultrasonic.com\/wp-content\/uploads\/2012\/12\/Connect-Ultrasonic-Transducer-with-Ultrasonic-Generator-Circuit.jpg\" alt=\"\" width=\"748\" height=\"1500\" \/><\/p>\n<h3>Betalning<\/h3>\n<p>Vi accepterar Paypal, T\/T &amp; Western Union nu.<\/p>\n<p><iframe loading=\"lazy\" title=\"Ultrasonic Signal Generator Circuit - Beijing Ultrasonic\" width=\"500\" height=\"281\" src=\"https:\/\/www.youtube.com\/embed\/A9JdQN5e5G8?feature=oembed\" frameborder=\"0\" allow=\"accelerometer; autoplay; clipboard-write; encrypted-media; gyroscope; picture-in-picture; web-share\" referrerpolicy=\"strict-origin-when-cross-origin\" allowfullscreen><\/iframe><\/p>\n<h3 class=\"shipping-methods\">Frakt<\/h3>\n<p>Varor kommer att skeppas inom 48 timmar efter att full betalning har mottagits.<\/p>\n<ul>\n<li>Vi skickar varorna till adressen som anges i PayPal-betalningen. Var v\u00e4nlig se till att adressen i PayPal \u00e4r korrekt.<\/li>\n<li>Vi ger dig sp\u00e5rningsnumret efter att vi har skickat varorna, i allm\u00e4nhet kommer du att f\u00e5 varorna inom fem dagar.<\/li>\n<li>Om du har n\u00e5gra fr\u00e5gor, var v\u00e4nlig kontakta oss via e-post (v\u00e5r e-postadress \u00e4r <a href=\"mailto:support@bjultrasonic.com\">support@bjultrasonic.com<\/a>)<\/li>\n<\/ul>\n<h3 align=\"left\">Produktgaranti<\/h3>\n<p>Produktens garantiperiod \u00e4r ett \u00e5r. Inom garantitiden kan k\u00f6pta produkter f\u00e5 gratis reparation eller utbyte.<\/p>\n<h3>Videospelista: Ultraljudsomvandlaranslutning<\/h3>\n<p><iframe loading=\"lazy\" width=\"560\" height=\"315\" src=\"https:\/\/www.youtube.com\/embed\/videoseries?list=PLLrjMYkO0_NG56zqmQN9W9F1Xf9eev6dc\" frameborder=\"0\" allow=\"autoplay; encrypted-media\" allowfullscreen><\/iframe><\/p>\n","protected":false},"excerpt":{"rendered":"<p>Ultrasonisk generator krets, \u00e4ven kallad <a href=\"https:\/\/www.bjultrasonic.com\/sv\/category\/ultrasonic-transducer-sv\/\">ultrasonisk omvandlare<\/a> drivkrets eller <a href=\"https:\/\/www.bjultrasonic.com\/sv\/category\/ultrasonic-generator-sv\/ultrasonic-generator-circuits-sv\/\">ultraljudsrenare kraftdrivkort<\/a>. Den tillhandah\u00e5ller en <a href=\"https:\/\/www.bjultrasonic.com\/sv\/category\/ultrasonic-generator-sv\/\">ultraljudsfrekvens<\/a> f\u00f6r att driva de ultraljudsomvandlare som finns i <a href=\"https:\/\/www.bjultrasonic.com\/sv\/category\/ultrasonic-cleaning-system-sv\/\">ultraljudsrenare<\/a>.<\/p>\n","protected":false},"featured_media":19293,"comment_status":"open","ping_status":"closed","template":"","meta":[],"product_brand":[],"product_cat":[6095],"product_tag":[],"class_list":{"0":"post-69444","1":"product","2":"type-product","3":"status-publish","4":"has-post-thumbnail","6":"product_cat-ultrasonic-generator-circuits-sv","8":"first","9":"instock","10":"shipping-taxable","11":"purchasable","12":"product-type-simple","13":"prodpage-classic"},"aioseo_notices":[],"_links":{"self":[{"href":"https:\/\/www.bjultrasonic.com\/sv\/wp-json\/wp\/v2\/product\/69444","targetHints":{"allow":["GET"]}}],"collection":[{"href":"https:\/\/www.bjultrasonic.com\/sv\/wp-json\/wp\/v2\/product"}],"about":[{"href":"https:\/\/www.bjultrasonic.com\/sv\/wp-json\/wp\/v2\/types\/product"}],"replies":[{"embeddable":true,"href":"https:\/\/www.bjultrasonic.com\/sv\/wp-json\/wp\/v2\/comments?post=69444"}],"wp:featuredmedia":[{"embeddable":true,"href":"https:\/\/www.bjultrasonic.com\/sv\/wp-json\/wp\/v2\/media\/19293"}],"wp:attachment":[{"href":"https:\/\/www.bjultrasonic.com\/sv\/wp-json\/wp\/v2\/media?parent=69444"}],"wp:term":[{"taxonomy":"product_brand","embeddable":true,"href":"https:\/\/www.bjultrasonic.com\/sv\/wp-json\/wp\/v2\/product_brand?post=69444"},{"taxonomy":"product_cat","embeddable":true,"href":"https:\/\/www.bjultrasonic.com\/sv\/wp-json\/wp\/v2\/product_cat?post=69444"},{"taxonomy":"product_tag","embeddable":true,"href":"https:\/\/www.bjultrasonic.com\/sv\/wp-json\/wp\/v2\/product_tag?post=69444"}],"curies":[{"name":"wp","href":"https:\/\/api.w.org\/{rel}","templated":true}]}}