{"id":69484,"date":"2012-10-01T23:18:05","date_gmt":"2012-10-02T04:18:05","guid":{"rendered":"https:\/\/www.bjultrasonic.com\/shop\/high-frequency-ultrasonic-generator-pcb-circuit\/"},"modified":"2026-03-28T20:19:47","modified_gmt":"2026-03-29T01:19:47","slug":"high-frequency-ultrasonic-generator-pcb-circuit","status":"publish","type":"product","link":"https:\/\/www.bjultrasonic.com\/sv\/shop\/high-frequency-ultrasonic-generator-pcb-circuit\/","title":{"rendered":"54KHz~135KHz H\u00f6gfrekvent Ultrasonic Generator Kretsschema"},"content":{"rendered":"<h2>Specifikation f\u00f6r h\u00f6gfrekvent ultraljudsgenerator PCB<\/h2>\n<table id=\"wp-table-reloaded-id-129-no-1\" class=\"table table-striped table-bordered\">\n<tbody>\n<tr>\n<td>Frekvens<\/td>\n<td>Fr\u00e5n 54 kHz till 135 kHz<\/td>\n<\/tr>\n<tr>\n<td>Effekt<\/td>\n<td>Fr\u00e5n 100 W till 2400 W<\/td>\n<\/tr>\n<tr>\n<td>Drivomvandlare<\/td>\n<td>54 kHz ultraljudsomvandlare<br \/>\n68 kHz ultraljudsomvandlare<br \/>\n120 kHz ultraljudsomvandlare<br \/>\n135 kHz ultraljudsomvandlare<br \/>\n80 kHz ultraljudsomvandlare<br \/>\nEller annan ultraljudsomvandlare<\/td>\n<\/tr>\n<tr>\n<td>Str\u00f6mf\u00f6rs\u00f6rjning<\/td>\n<td>Ing\u00e5ng: 110 V AC eller 220 V AC<\/td>\n<\/tr>\n<tr>\n<td>Vikt<\/td>\n<td>400 g\/st<\/td>\n<\/tr>\n<\/tbody>\n<\/table>\n<h3>Observera: v\u00e4nligen ange vilken frekvens du beh\u00f6ver n\u00e4r du k\u00f6per Ultraljudsgenerator PCB<\/h3>\n<h3>Betalning<\/h3>\n<p>Vi accepterar nu Paypal, T\/T &#038; Western Union.<\/p>\n<p><iframe loading=\"lazy\" title=\"Ultrasonic Signal Generator Circuit - Beijing Ultrasonic\" width=\"500\" height=\"281\" src=\"https:\/\/www.youtube.com\/embed\/A9JdQN5e5G8?feature=oembed\" frameborder=\"0\" allow=\"accelerometer; autoplay; clipboard-write; encrypted-media; gyroscope; picture-in-picture; web-share\" referrerpolicy=\"strict-origin-when-cross-origin\" allowfullscreen><\/iframe><\/p>\n<h3 class=\"shipping-methods\">Frakt<\/h3>\n<p>Varorna kommer att skeppas inom 48 timmar efter att full betalning har mottagits.<\/p>\n<ul>\n<li>Vi skickar varorna till den adress som anges i PayPal-betalningen. Se till att adressen i PayPal \u00e4r korrekt.<\/li>\n<li>vi ger dig sp\u00e5rningsnumret efter att vi har skickat varorna, i allm\u00e4nhet kommer du att f\u00e5 varorna inom fem dagar.<\/li>\n<li>Om du har n\u00e5gra fr\u00e5gor, v\u00e4nligen kontakta oss via e-post (v\u00e5r e-postadress \u00e4r <a href=\"mailto:support@bjultrasonic.com\">support@bjultrasonic.com<\/a>)<\/li>\n<\/ul>\n<h3 align=\"left\">Produktgaranti<\/h3>\n<p>Produktens garantitid \u00e4r ett \u00e5r. Inom garantitiden kan k\u00f6pta produkter f\u00e5 gratis reparation eller utbyte.<\/p>\n<h3>Videospellista: Ultraljudsomvandlardrivare<\/h3>\n<p><iframe loading=\"lazy\" width=\"560\" height=\"315\" src=\"https:\/\/www.youtube.com\/embed\/videoseries?list=PLLrjMYkO0_NG56zqmQN9W9F1Xf9eev6dc\" frameborder=\"0\" allow=\"autoplay; encrypted-media\" allowfullscreen><\/iframe><\/p>\n","protected":false},"excerpt":{"rendered":"<p>Ultrasonisk generator krets, \u00e4ven kallad <a href=\"https:\/\/www.bjultrasonic.com\/sv\/category\/ultrasonic-transducer-sv\/\">ultraljuds transducer<\/a> drivkrets eller <a href=\"https:\/\/www.bjultrasonic.com\/sv\/category\/ultrasonic-generator-sv\/ultrasonic-generator-circuits-sv\/\">ultraljudsreng\u00f6rare kraftdrivkort<\/a>. Den tillhandah\u00e5ller en <a href=\"https:\/\/www.bjultrasonic.com\/sv\/category\/ultrasonic-generator-sv\/\">ultraljudsfrekvens<\/a> f\u00f6r att driva ultraljuds transducererna inuti <a href=\"https:\/\/www.bjultrasonic.com\/sv\/category\/ultrasonic-cleaning-system-sv\/\">ultraljudsreng\u00f6rare<\/a>.<\/p>\n","protected":false},"featured_media":1310,"comment_status":"open","ping_status":"closed","template":"","meta":[],"product_brand":[],"product_cat":[6095],"product_tag":[],"class_list":{"0":"post-69484","1":"product","2":"type-product","3":"status-publish","4":"has-post-thumbnail","6":"product_cat-ultrasonic-generator-circuits-sv","8":"first","9":"instock","10":"shipping-taxable","11":"product-type-external","12":"prodpage-classic"},"aioseo_notices":[],"_links":{"self":[{"href":"https:\/\/www.bjultrasonic.com\/sv\/wp-json\/wp\/v2\/product\/69484","targetHints":{"allow":["GET"]}}],"collection":[{"href":"https:\/\/www.bjultrasonic.com\/sv\/wp-json\/wp\/v2\/product"}],"about":[{"href":"https:\/\/www.bjultrasonic.com\/sv\/wp-json\/wp\/v2\/types\/product"}],"replies":[{"embeddable":true,"href":"https:\/\/www.bjultrasonic.com\/sv\/wp-json\/wp\/v2\/comments?post=69484"}],"wp:featuredmedia":[{"embeddable":true,"href":"https:\/\/www.bjultrasonic.com\/sv\/wp-json\/wp\/v2\/media\/1310"}],"wp:attachment":[{"href":"https:\/\/www.bjultrasonic.com\/sv\/wp-json\/wp\/v2\/media?parent=69484"}],"wp:term":[{"taxonomy":"product_brand","embeddable":true,"href":"https:\/\/www.bjultrasonic.com\/sv\/wp-json\/wp\/v2\/product_brand?post=69484"},{"taxonomy":"product_cat","embeddable":true,"href":"https:\/\/www.bjultrasonic.com\/sv\/wp-json\/wp\/v2\/product_cat?post=69484"},{"taxonomy":"product_tag","embeddable":true,"href":"https:\/\/www.bjultrasonic.com\/sv\/wp-json\/wp\/v2\/product_tag?post=69484"}],"curies":[{"name":"wp","href":"https:\/\/api.w.org\/{rel}","templated":true}]}}