{"id":69724,"date":"2012-08-08T03:46:30","date_gmt":"2012-08-08T08:46:30","guid":{"rendered":"https:\/\/www.bjultrasonic.com\/shop\/ultrasonic-welding-transducer\/"},"modified":"2026-03-28T20:17:33","modified_gmt":"2026-03-29T01:17:33","slug":"ultrasonic-welding-transducer","status":"publish","type":"product","link":"https:\/\/www.bjultrasonic.com\/sv\/shop\/ultrasonic-welding-transducer\/","title":{"rendered":"Ultraljudssvetsningsomvandlare"},"content":{"rendered":"<p><strong>Ultrasoniska svetsomvandlare<\/strong> \u00e4r utformade f\u00f6r att fungera vid en specifik frekvens fr\u00e5n 15 till 300 kHz f\u00f6r olika system och till\u00e4mpningar. De flesta metallsvetssystem arbetar vid 20 till 70 kHz, d\u00e4r 20 kHz \u00e4r den vanligaste frekvensen.<br \/>\n<img loading=\"lazy\" decoding=\"async\" class=\"alignnone size-full wp-image-5273\" src=\"\/\/www.bjultrasonic.com\/wp-content\/uploads\/2012\/08\/Ultrasonic-Welding-Transducer.jpg\" alt=\"Ultrasonic Welding Transducer\" width=\"700\" height=\"419\" \/><\/p>\n<h3>Vad \u00e4r ultraljudssvetsning?<\/h3>\n<p>Ultraljudssvetsning \u00e4r en industriell teknik d\u00e4r h\u00f6gfrekventa ultraljudsvibrationer appliceras lokalt p\u00e5 arbetsstycken som h\u00e5lls samman under tryck f\u00f6r att skapa en fastl\u00f6dning. Den anv\u00e4nds vanligtvis f\u00f6r plaster och s\u00e4rskilt f\u00f6r att sammanfoga olika material. Vid ultraljudssvetsning beh\u00f6vs inga anslutande bultar, spikar, l\u00f6d\u00e4mnen eller lim f\u00f6r att binda ihop materialen.<\/p>\n<p><img loading=\"lazy\" decoding=\"async\" class=\"size-full wp-image-1578 alignnone\" title=\"Ultrasonic welding equipment\" src=\"\/\/www.bjultrasonic.com\/wp-content\/uploads\/2012\/08\/Principles-of-Ultrasonic-Welding.jpg\" alt=\"Ultrasonic welding equipment\" width=\"573\" height=\"266\" \/><\/p>\n<p><strong>Ultraljudssvetsutrustning<\/strong> best\u00e5r av en maskinpress, <a href=\"https:\/\/www.bjultrasonic.com\/sv\/shop\/ultrasonic-welding-generator\/\" target=\"_blank\" rel=\"noopener\">ultraljudssvetsgenerator<\/a>, <strong>ultraljudssvetsomvandlare<\/strong>, <a href=\"https:\/\/www.bjultrasonic.com\/sv\/shop\/ultrasonic-horn\/\" target=\"_blank\" rel=\"noopener\">ultraljudshorn<\/a> samt komponentst\u00f6dverktyg och f\u00f6rst\u00e4rkare.<\/p>\n<h2>Specifikationer f\u00f6r ultraljudssvetsomvandlare<\/h2>\n<table id=\"wp-table-reloaded-id-126-no-1\" class=\"table table-striped table-bordered\">\n<tbody>\n<tr>\n<td>Typ<\/td>\n<td>Kapacitet<br \/>\n(pF)<\/td>\n<td>Resonans-<br \/>\nimpedans<br \/>\n(\u03a9)<\/td>\n<td>Total l\u00e4ngd<br \/>\n(mm)<\/td>\n<td>G\u00e4ngad anslutning<br \/>\n(mm)<\/td>\n<td>Frekvens<br \/>\n(kHz)<\/td>\n<td>Inmatningseffekt (W)<\/td>\n<\/tr>\n<tr>\n<td>BJW-152500F-70S PZT8<\/td>\n<td>13000<\/td>\n<td>15<\/td>\n<td>153<\/td>\n<td>M20\u00d71.5<\/td>\n<td>15<\/td>\n<td>2500<\/td>\n<\/tr>\n<tr>\n<td>BJW-152000F-60S PZT8<\/td>\n<td>9500<\/td>\n<td>10<\/td>\n<td>167<\/td>\n<td>M20\u00d71.5<\/td>\n<td>15<\/td>\n<td>2000<\/td>\n<\/tr>\n<tr>\n<td>BJW-151500F-50S PZT8<\/td>\n<td>12500<\/td>\n<td>12<\/td>\n<td>171<\/td>\n<td>M18\u00d71.5<\/td>\n<td>15<\/td>\n<td>1500<\/td>\n<\/tr>\n<tr>\n<td>BJW-201800F-60S PZT4<\/td>\n<td>15000<\/td>\n<td>15<\/td>\n<td>118<\/td>\n<td>M20\u00d71.5<\/td>\n<td>20<\/td>\n<td>1800<\/td>\n<\/tr>\n<tr>\n<td>BJW-202000F-55SPZT8<\/td>\n<td>11000<\/td>\n<td>10<\/td>\n<td>128<\/td>\n<td>M18\u00d71<\/td>\n<td>20<\/td>\n<td>2000<\/td>\n<\/tr>\n<tr>\n<td>BJW-201500F-50SPZT8<\/td>\n<td>10000<\/td>\n<td>12<\/td>\n<td>124<\/td>\n<td>M18\u00d71.5<\/td>\n<td>20<\/td>\n<td>1500<\/td>\n<\/tr>\n<tr>\n<td>BJW-20700F-40SHPZT8<\/td>\n<td>9000<\/td>\n<td>15<\/td>\n<td>112<\/td>\n<td>1\/2-20 UNF<\/td>\n<td>20<\/td>\n<td>700<\/td>\n<\/tr>\n<tr>\n<td>BJW-20900F-40SH PZT8<\/td>\n<td>10000<\/td>\n<td>15<\/td>\n<td>133<\/td>\n<td>1\/2-20 UNF<\/td>\n<td>20<\/td>\n<td>900<\/td>\n<\/tr>\n<tr>\n<td>BJW-20600D-50D PZT8<\/td>\n<td>6000<\/td>\n<td>15<\/td>\n<td>121<\/td>\n<td>M18\u00d71.5<\/td>\n<td>20<\/td>\n<td>600<\/td>\n<\/tr>\n<tr>\n<td>BJW-30500F-30S PZT8<\/td>\n<td>5500<\/td>\n<td>5<\/td>\n<td>77<\/td>\n<td>M10\u00d71.5<\/td>\n<td>30<\/td>\n<td>500<\/td>\n<\/tr>\n<tr>\n<td>BJW-28200D-30S PZT4<\/td>\n<td>3000<\/td>\n<td>20<\/td>\n<td>92.1<\/td>\n<td>M10\u00d71<\/td>\n<td>28<\/td>\n<td>200<\/td>\n<\/tr>\n<tr>\n<td>BJW-28100D-25S PZT8<\/td>\n<td>2200<\/td>\n<td>25<\/td>\n<td>91<\/td>\n<td>M8\u00d71<\/td>\n<td>28<\/td>\n<td>100<\/td>\n<\/tr>\n<tr>\n<td>BJW-28250D-38SPZT8<\/td>\n<td>4000<\/td>\n<td>20<\/td>\n<td>94<\/td>\n<td>1\/2-20 UNF<\/td>\n<td>28<\/td>\n<td>250<\/td>\n<\/tr>\n<tr>\n<td>BJW-202000L-50HPZT8<\/td>\n<td>20000<\/td>\n<td>10<\/td>\n<td>128<\/td>\n<td>1\/2-20 UNF<\/td>\n<td>20<\/td>\n<td>2000<\/td>\n<\/tr>\n<tr>\n<td>BJW-201500L-40HPZT8<\/td>\n<td>16000<\/td>\n<td>10<\/td>\n<td>124<\/td>\n<td>1\/2-20 UNF<\/td>\n<td>20<\/td>\n<td>1500<\/td>\n<\/tr>\n<tr>\n<td>BJW-201300F-50HPZT8<\/td>\n<td>12500<\/td>\n<td>10<\/td>\n<td>128<\/td>\n<td>1\/2-20 UNF<\/td>\n<td>20<\/td>\n<td>1300<\/td>\n<\/tr>\n<tr>\n<td>BJW-201500F-50HPZT8<\/td>\n<td>11000<\/td>\n<td>10<\/td>\n<td>132<\/td>\n<td>1\/2-20 UNF<\/td>\n<td>20<\/td>\n<td>1500<\/td>\n<\/tr>\n<tr>\n<td>BJW-209000F2040HPZT8<\/td>\n<td>9500<\/td>\n<td>10<\/td>\n<td>123<\/td>\n<td>1\/2-20 UNF<\/td>\n<td>20<\/td>\n<td>900<\/td>\n<\/tr>\n<tr>\n<td>BJW-152000F-60HPZT4<\/td>\n<td>10000<\/td>\n<td>12<\/td>\n<td>171<\/td>\n<td>M18\u00d71.5<\/td>\n<td>15<\/td>\n<td>2000<\/td>\n<\/tr>\n<tr>\n<td>BJW-35100D-25SHPZT8<\/td>\n<td>2200<\/td>\n<td>25<\/td>\n<td>71<\/td>\n<td>M8\u00d71<\/td>\n<td>35<\/td>\n<td>100<\/td>\n<\/tr>\n<tr>\n<td>BJW-38100D-20SHPZT8<\/td>\n<td>1200<\/td>\n<td>40<\/td>\n<td>66<\/td>\n<td>M8\u00d71.25<\/td>\n<td>38<\/td>\n<td>100<\/td>\n<\/tr>\n<tr>\n<td>BJW-38200D-30H PZT4<\/td>\n<td>3300<\/td>\n<td>14<\/td>\n<td>65<\/td>\n<td>M8\u00d71<\/td>\n<td>38<\/td>\n<td><\/td>\n<\/tr>\n<\/tbody>\n<\/table>\n<h3>Videor om ultraljudssvetsmaskiner<\/h3>\n<p><iframe loading=\"lazy\" title=\"Ultrasonic Welding Machine Wholesale - Beijing Ultrasonic\" width=\"500\" height=\"281\" src=\"https:\/\/www.youtube.com\/embed\/v8iNkjdDut4?feature=oembed\" frameborder=\"0\" allow=\"accelerometer; autoplay; clipboard-write; encrypted-media; gyroscope; picture-in-picture; web-share\" referrerpolicy=\"strict-origin-when-cross-origin\" allowfullscreen><\/iframe><\/p>\n<h3>Betalning<\/h3>\n<p>Vi accepterar PayPal, bank\u00f6verf\u00f6ring (T\/T) och Western Union.<\/p>\n<h3 class=\"shipping-methods\">Frakt<\/h3>\n<p>Varorna skickas inom 48 timmar efter att full betalning har mottagits.<\/p>\n<ul>\n<li>Vi skickar varorna till den adress som anges i PayPal-betalningen. Se till att adressen i PayPal \u00e4r korrekt.<\/li>\n<li>Vi ger dig sp\u00e5rningsnumret efter att vi har skickat varorna, i allm\u00e4nhet kommer du att f\u00e5 varorna inom fem dagar.<\/li>\n<li>Om du har n\u00e5gra fr\u00e5gor, v\u00e4nligen kontakta oss via e-post (v\u00e5r e-postadress \u00e4r <a href=\"mailto:support@bjultrasonic.com\">support@bjultrasonic.com<\/a>)<\/li>\n<\/ul>\n<h3>Produktgaranti<\/h3>\n<p>Produktgarantitiden \u00e4r ett \u00e5r. Under garantitiden kan k\u00f6pta produkter f\u00e5 gratis reparation eller byte.<\/p>\n","protected":false},"excerpt":{"rendered":"<p>Ultrasoniska svetsomvandlare \u00e4r utformade f\u00f6r att fungera vid en specifik frekvens fr\u00e5n 15 till 300 kHz f\u00f6r olika system och till\u00e4mpningar. De flesta metallsvetssystem arbetar vid 20 till 70 kHz, d\u00e4r 20 kHz \u00e4r den vanligaste frekvensen. Vad \u00e4r ultraljudssvetsning? Ultraljudssvetsning \u00e4r en industriell teknik d\u00e4r h\u00f6gfrekventa ultraljudsvibrationer appliceras lokalt p\u00e5 arbetsstycken som h\u00e5lls samman<\/p>\n","protected":false},"featured_media":42268,"comment_status":"open","ping_status":"closed","template":"","meta":[],"product_brand":[],"product_cat":[5635],"product_tag":[],"class_list":{"0":"post-69724","1":"product","2":"type-product","3":"status-publish","4":"has-post-thumbnail","6":"product_cat-ultrasonic-welding-equipment-sv","8":"first","9":"instock","10":"shipping-taxable","11":"product-type-external","12":"prodpage-classic"},"aioseo_notices":[],"_links":{"self":[{"href":"https:\/\/www.bjultrasonic.com\/sv\/wp-json\/wp\/v2\/product\/69724","targetHints":{"allow":["GET"]}}],"collection":[{"href":"https:\/\/www.bjultrasonic.com\/sv\/wp-json\/wp\/v2\/product"}],"about":[{"href":"https:\/\/www.bjultrasonic.com\/sv\/wp-json\/wp\/v2\/types\/product"}],"replies":[{"embeddable":true,"href":"https:\/\/www.bjultrasonic.com\/sv\/wp-json\/wp\/v2\/comments?post=69724"}],"wp:featuredmedia":[{"embeddable":true,"href":"https:\/\/www.bjultrasonic.com\/sv\/wp-json\/wp\/v2\/media\/42268"}],"wp:attachment":[{"href":"https:\/\/www.bjultrasonic.com\/sv\/wp-json\/wp\/v2\/media?parent=69724"}],"wp:term":[{"taxonomy":"product_brand","embeddable":true,"href":"https:\/\/www.bjultrasonic.com\/sv\/wp-json\/wp\/v2\/product_brand?post=69724"},{"taxonomy":"product_cat","embeddable":true,"href":"https:\/\/www.bjultrasonic.com\/sv\/wp-json\/wp\/v2\/product_cat?post=69724"},{"taxonomy":"product_tag","embeddable":true,"href":"https:\/\/www.bjultrasonic.com\/sv\/wp-json\/wp\/v2\/product_tag?post=69724"}],"curies":[{"name":"wp","href":"https:\/\/api.w.org\/{rel}","templated":true}]}}