{"id":69784,"date":"2012-08-06T10:13:16","date_gmt":"2012-08-06T15:13:16","guid":{"rendered":"https:\/\/www.bjultrasonic.com\/shop\/ultrasonic-biodiesel-reactor\/"},"modified":"2026-03-28T20:17:04","modified_gmt":"2026-03-29T01:17:04","slug":"ultrasonic-biodiesel-reactor","status":"publish","type":"product","link":"https:\/\/www.bjultrasonic.com\/sv\/shop\/ultrasonic-biodiesel-reactor\/","title":{"rendered":"Ultrasonisk Biodieselreaktor"},"content":{"rendered":"<table class=\"table table-striped table-bordered\" border=\"0\" cellspacing=\"0\" cellpadding=\"0\">\n<tbody>\n<tr>\n<td valign=\"top\" width=\"82\">Typ<\/td>\n<td valign=\"top\" width=\"81\">Frekvens<br \/>\n(KHz)<\/td>\n<td valign=\"top\" width=\"60\">Effekt<\/td>\n<td valign=\"top\" width=\"60\">Diameter<br \/>\n(mm)<\/td>\n<td valign=\"top\" width=\"63\">L\u00e4ngd<br \/>\n(mm)<\/td>\n<td valign=\"top\" width=\"90\">Statisk kapacitet (pF\u00b110%)<\/td>\n<\/tr>\n<tr>\n<td valign=\"top\" width=\"82\"><a href=\"https:\/\/www.bjultrasonic.com\/sv\/shop\/ultrasonic-biodiesel-reactor-bjr-500\/\">BJR-500<\/a><\/td>\n<td valign=\"top\" width=\"81\">27<\/td>\n<td valign=\"top\" width=\"68\">500<\/td>\n<td valign=\"top\" width=\"90\">\u03a673<\/td>\n<td valign=\"top\" width=\"63\">323<\/td>\n<td valign=\"top\" width=\"80\">68000<\/td>\n<\/tr>\n<tr>\n<td valign=\"top\" width=\"82\"><a href=\"https:\/\/www.bjultrasonic.com\/sv\/shop\/ultrasonic-biodiesel-reactor-bjr-1000\/\">BJR-1000<\/a><\/td>\n<td valign=\"top\" width=\"81\">27<\/td>\n<td valign=\"top\" width=\"68\">1000<\/td>\n<td valign=\"top\" width=\"90\">\u03a673<\/td>\n<td valign=\"top\" width=\"63\">458<\/td>\n<td valign=\"top\" width=\"80\">68000<\/td>\n<\/tr>\n<tr>\n<td valign=\"top\" width=\"82\"><a href=\"https:\/\/www.bjultrasonic.com\/sv\/shop\/ultrasonic-biodiesel-reactor-bjr-1100\/\">BJR-1100<\/a><\/td>\n<td valign=\"top\" width=\"81\">27<\/td>\n<td valign=\"top\" width=\"68\">1100<\/td>\n<td valign=\"top\" width=\"90\">\u03a673<\/td>\n<td valign=\"top\" width=\"63\">624<\/td>\n<td valign=\"top\" width=\"80\">68000<\/td>\n<\/tr>\n<tr>\n<td valign=\"top\" width=\"82\"><a href=\"https:\/\/www.bjultrasonic.com\/sv\/shop\/ultrasonic-biodiesel-reactor-bjr-1200\/\">BJR-1200<\/a><\/td>\n<td valign=\"top\" width=\"81\">27<\/td>\n<td valign=\"top\" width=\"68\">1200<\/td>\n<td valign=\"top\" width=\"90\">\u03a673<\/td>\n<td valign=\"top\" width=\"63\">790<\/td>\n<td valign=\"top\" width=\"80\">68000<\/td>\n<\/tr>\n<tr>\n<td valign=\"top\" width=\"82\"><a href=\"https:\/\/www.bjultrasonic.com\/sv\/shop\/ultrasonic-biodiesel-reactor-bjr-1300\/\">BJR-1300<\/a><\/td>\n<td valign=\"top\" width=\"81\">27<\/td>\n<td valign=\"top\" width=\"68\">1300<\/td>\n<td valign=\"top\" width=\"90\">\u03a673<\/td>\n<td valign=\"top\" width=\"63\">957<\/td>\n<td valign=\"top\" width=\"80\">68000<\/td>\n<\/tr>\n<tr>\n<td valign=\"top\" width=\"82\"><a href=\"https:\/\/www.bjultrasonic.com\/sv\/shop\/ultrasonic-biodiesel-reactor-bjr-1500\/\">BJR-1500<\/a><\/td>\n<td valign=\"top\" width=\"81\">27<\/td>\n<td valign=\"top\" width=\"68\">1500<\/td>\n<td valign=\"top\" width=\"90\">\u03a673<\/td>\n<td valign=\"top\" width=\"63\">1123<\/td>\n<td valign=\"top\" width=\"80\">68000<\/td>\n<\/tr>\n<tr>\n<td valign=\"top\" width=\"82\"><a href=\"https:\/\/www.bjultrasonic.com\/sv\/shop\/ultrasonic-biodiesel-reactor-bjr-2000\/\">BJR-2000<\/a><\/td>\n<td valign=\"top\" width=\"81\">27<\/td>\n<td valign=\"top\" width=\"68\">2000<\/td>\n<td valign=\"top\" width=\"90\">\u03a673<\/td>\n<td valign=\"top\" width=\"63\">910<\/td>\n<td valign=\"top\" width=\"80\">132000<\/td>\n<\/tr>\n<\/tbody>\n<\/table>\n<h3>Varf\u00f6r de b\u00e4sta biodieselprocessors\u00e4tten anv\u00e4nder ultraljudsbiodieselreaktor<\/h3>\n<p>Intresset f\u00f6r biodieselprocessor-kit har \u00f6kat kraftigt under de senaste \u00e5ren. Att kunna producera sin egen biodiesel \u00e4r en stor f\u00f6rdel, s\u00e4rskilt nu n\u00e4r priserna p\u00e5 petroleumbr\u00e4nsle \u00e4r mycket h\u00f6ga. Biodiesel anses vara det b\u00e4sta alternativet till petroleumbr\u00e4nsle, inte bara f\u00f6r sitt relativt l\u00e4gre pris. Biodiesel \u00e4r milj\u00f6v\u00e4nlig. Den \u00e4r giftfri. Den \u00e4r ocks\u00e5 biologiskt nedbrytbar.<\/p>\n<p>Genom att anv\u00e4nda biodieselprocessor-kit kan br\u00e4nsle som kan anv\u00e4ndas i n\u00e4stan alla dieselmotorer enkelt tillverkas hemma. Ingredienserna f\u00f6r att producera biodiesel \u00e4r l\u00e4tta att f\u00e5 tag p\u00e5, och huvudingredienserna finns troligen redan i ditt hem. Huvudingrediensen i biodiesel \u00e4r vegetabilisk olja. Oavsett om vegetabiliska oljan i ditt k\u00f6k \u00e4r ny eller anv\u00e4nd, kan den omvandlas till biodiesel.<\/p>\n<p>Ingredienserna genomg\u00e5r flera processer. De blandas ihop, separeras, v\u00e4rms upp, tv\u00e4ttas, torkas och filtreras. Alla dessa processer utf\u00f6rs av biodieselprocessorn. Du beh\u00f6ver bara h\u00e4lla ingredienserna i processorn och starta maskinen. N\u00e4r biodieseln \u00e4r klar kan du antingen ta ut den om du redan beh\u00f6ver den eller l\u00e5ta den vara kvar i processorn tills du har anv\u00e4ndning f\u00f6r den. Att f\u00f6rvara biodiesel i en biodieselprocessor \u00e4r ett bra s\u00e4tt att lagra br\u00e4nslet. Processorn kan bevara kvaliteten p\u00e5 den producerade biodieseln.<\/p>\n<p><img loading=\"lazy\" decoding=\"async\" title=\"Biodiesel Processor Kits\" src=\"\/\/www.bjultrasonic.com\/wp-content\/uploads\/2012\/08\/Biodiesel-Processor-Kits.jpg\" alt=\"Biodiesel Processor Kits\" width=\"628\" height=\"295\" \/><\/p>\n<p>Att producera biodiesel \u00e4r inget att vara r\u00e4dd f\u00f6r. Det \u00e4r enkelt och s\u00e4kert. Alla ingredienser \u00e4r giftfria och alla processer utf\u00f6rs av biodieselprocessorn p\u00e5 ett s\u00e4kert och effektivt s\u00e4tt. S\u00e5 l\u00e4nge du inte tar av locket p\u00e5 processorn medan biodieseltillverkningen p\u00e5g\u00e5r, kommer inga olyckliga h\u00e4ndelser att intr\u00e4ffa. Under uppv\u00e4rmningsprocessen \u00e4r temperaturen inuti processorn extremt h\u00f6g. Om oljan spiller eller kommer i kontakt med din hud, kommer din hud att br\u00e4nnas.<\/p>\n<p>Biodieselprocessor-kit \u00e4r inte dyra. De kostar mindre \u00e4n tusen dollar. M\u00e5nga \u00e4r till och med prissatta till bara n\u00e5gra hundra dollar. Priset p\u00e5 en biodieselprocessor \u00e4r ingenting j\u00e4mf\u00f6rt med de pengar du kommer att spara. Priserna p\u00e5 petroleumbr\u00e4nsle \u00e4r h\u00f6ga och kommer bara att bli h\u00f6gre. \u00c5 andra sidan \u00e4r ingredienserna f\u00f6r att producera biodiesel billiga. Om den vegetabiliska oljan du anv\u00e4nder inte \u00e4r ny, kommer dina besparingar att vara \u00e4nnu st\u00f6rre. Priset p\u00e5 biodiesel du kommer att producera \u00e4r bara n\u00e5gra cent per liter. Det \u00e4r mycket l\u00e4gre \u00e4n priserna p\u00e5 petroleumbr\u00e4nsle.<\/p>\n<p>Varje biodieselprocessor inneh\u00e5ller en biodieselreaktor. Det \u00e4r biodieselreaktorn som p\u00e5skyndar produktionen av biodiesel. Den orsakar esterifiering och transesterifiering, de kemiska reaktioner som omvandlar ingredienserna till biodiesel. Det finns tv\u00e5 typer av biodieselreaktorer. Dessa \u00e4r ultraljudsbiodieselreaktor och skjuvbiodieselreaktor. Mellan de tv\u00e5 typerna av biodieselreaktorer \u00e4r ultraljudsbiodieselreaktorn b\u00e4ttre.<\/p>\n<p>Ultraljudsbiodieselreaktor producerar biodiesel p\u00e5 kortast m\u00f6jliga tid och p\u00e5 det mest effektiva s\u00e4ttet. Ultraljudsv\u00e5gor verkar p\u00e5 de blandade ingredienserna och orsakar produktion och implosion av m\u00e5nga sm\u00e5 bubblor. Detta kallas kavitation. Kavitation blandar och v\u00e4rmer blandningen samtidigt. Dessa tv\u00e5 processer orsakar transesterifiering. Eftersom en ultraljudsbiodieselreaktor blandar och v\u00e4rmer blandningen samtidigt, minskas tiden som beh\u00f6vs f\u00f6r att producera biodiesel avsev\u00e4rt. D\u00e4rf\u00f6r, ist\u00e4llet f\u00f6r att bearbeta blandningar i batchar, vilket tar mycket tid, bearbetas blandningar genom inline-transesterifiering.<\/p>\n<p>Ultraljudsv\u00e5gor spelar en mycket viktig roll i produktionen av biodiesel. De \u00e4r mycket effektiva f\u00f6r att blanda ingredienser som \u00e4r sv\u00e5ra att kombinera. F\u00f6r att producera biodiesel m\u00e5ste ingredienserna blandas grundligt. Om ingredienserna inte blandas ordentligt, kommer antingen ingen biodiesel att produceras eller s\u00e5 kommer den biodiesel som produceras att vara av l\u00e5g kvalitet.<\/p>\n<p>Ultraljudsv\u00e5gor blandar och v\u00e4rmer ingredienser. N\u00e4r v\u00e5gorna kommer i kontakt med ingredienserna f\u00e5r de ingredienserna att vibrera kraftigt. Dessa vibrationer orsakar att kavitationsbubblor bildas. N\u00e4r bubblorna imploderar drar ingredienserna ihop sig och blandas ihop. Denna aktivitet \u00f6kar temperaturen p\u00e5 blandningen. \u00c4ven om temperatur\u00f6kningen inte \u00e4r stor, \u00e4r den tillr\u00e4cklig f\u00f6r att f\u00e5 blandningen att reagera och f\u00f6r att g\u00f6ra reaktionstiden kortare \u00e4n vanligt. Med hj\u00e4lp av ultraljudsv\u00e5gor sparas energi eftersom temperaturen inte beh\u00f6ver h\u00f6jas.<\/p>\n<p>En biodieselprocessor med ultraljudsbiodieselreaktor \u00e4r perfekt f\u00f6r alla som inte beh\u00f6ver tillverka miljontals liter biodiesel. Det \u00e4r den perfekta processorn f\u00f6r dig om du bara beh\u00f6ver tillverka n\u00e5gra f\u00e5 liter biodiesel \u00e5t g\u00e5ngen.<\/p>\n<h3>F\u00f6rdelar<\/h3>\n<p><b>1. Reaktionstiden Reduceras<\/b><\/p>\n<p>En ultraljudsdriven biodieselreaktor minskar reaktionstiden f\u00f6r ingredienserna avsev\u00e4rt. Detta \u00e5stadkoms genom att omr\u00f6ra ingredienserna. N\u00e4r ingredienserna omr\u00f6ras minskas metanolhalten. Detta f\u00e5r ingredienserna att f\u00e4sta vid varandra och blanda sig ordentligt. Vanligtvis kr\u00e4vs en timme f\u00f6r att grundligt blanda ingredienserna. Med hj\u00e4lp av ultraljudsv\u00e5gor reduceras den n\u00f6dv\u00e4ndiga tiden till mindre \u00e4n en minut. N\u00e4r ordentlig blandning har utf\u00f6rts intr\u00e4ffar reaktionen. Omr\u00f6rningen orsakad av ultraljudsv\u00e5gor \u00f6kar ocks\u00e5 kvaliteten och m\u00e4ngden producerad biodiesel.<\/p>\n<p>Varje ultraljudsdriven biodieselreaktor vi har p\u00e5 Beijing Ultrasonic kan utf\u00f6ra esterifiering och transestrifiering. V\u00e5ra ultraljudsreaktorer orsakar molekyl\u00e4r kavitation. Detta blandar ingredienserna grundligt och leder till en fullst\u00e4ndig reaktion. Ordentlig blandning och reaktion resulterar i en st\u00f6rre m\u00e4ngd producerad biodiesel.<\/p>\n<p><b>2. In-line Reaktorer \u00c4r Justerbara<\/b><\/p>\n<p>En in-line ultraljudsdriven biodieselreaktor \u00f6kar m\u00e4ngden producerad biodiesel genom att anv\u00e4nda kontinuerlig fl\u00f6desprocessering ist\u00e4llet f\u00f6r den tidskr\u00e4vande satsvisa processeringen. Kontinuerlig fl\u00f6desprocessering \u00e4r mer effektiv. Den kr\u00e4ver l\u00e4gre driftskostnader.<\/p>\n<p>F\u00f6r att passa dina behov kan storleken och kapaciteten hos v\u00e5ra in-line ultraljudsdrivna biodieselreaktorer justeras. Antalet reaktorer som kommer att kopplas samman beror p\u00e5 m\u00e4ngden biodiesel som ska produceras. Om mer \u00e4n en ultraljudsreaktor beh\u00f6vs, kopplas reaktorerna i serie.<\/p>\n<h3>Till\u00e4mpningar<\/h3>\n<p>En ultraljudsdriven biodieselreaktor har flera anv\u00e4ndningsomr\u00e5den. Tre av dess huvudsakliga anv\u00e4ndningsomr\u00e5den \u00e4r f\u00f6ljande:<\/p>\n<ul>\n<li>Att bearbeta vegetabilisk olja, alkohol och en katalysator f\u00f6r att producera biodiesel<\/li>\n<li>Att reng\u00f6ra tankar och r\u00f6rledningar<\/li>\n<li>Att framst\u00e4lla kemiska reaktioner som syntes och separation<\/li>\n<\/ul>\n<h3>Video<\/h3>\n<p><iframe loading=\"lazy\" title=\"Ultrasonic Reactors for Biodiesel Production\" width=\"500\" height=\"281\" src=\"https:\/\/www.youtube.com\/embed\/oe1tAvpuUjw?feature=oembed\" frameborder=\"0\" allow=\"accelerometer; autoplay; clipboard-write; encrypted-media; gyroscope; picture-in-picture; web-share\" referrerpolicy=\"strict-origin-when-cross-origin\" allowfullscreen><\/iframe><\/p>\n<p><iframe loading=\"lazy\" title=\"Biodiesel Processor Kits - Beijing Ultrasonic\" width=\"500\" height=\"281\" src=\"https:\/\/www.youtube.com\/embed\/OpgcM3CcI90?feature=oembed\" frameborder=\"0\" allow=\"accelerometer; autoplay; clipboard-write; encrypted-media; gyroscope; picture-in-picture; web-share\" referrerpolicy=\"strict-origin-when-cross-origin\" allowfullscreen><\/iframe><\/p>\n<h3>Relaterade Artiklar<\/h3>\n<ul>\n<li><a href=\"https:\/\/www.bjultrasonic.com\/sv\/learn-to-design-a-packed-bed-tubular-reactor\/\" target=\"_blank\" rel=\"noopener\">L\u00e4r dig att designa en packad b\u00e4dd-r\u00f6rreaktor<\/a><\/li>\n<li><a href=\"https:\/\/www.bjultrasonic.com\/sv\/how-to-grow-algae-cheap-biodiesel-fuel\/\" target=\"_blank\" rel=\"noopener\">Hur man odlar alger \u2013 Billigt Biodieselbr\u00e4nsle<\/a><\/li>\n<li><a href=\"https:\/\/www.bjultrasonic.com\/sv\/what-is-the-difference-between-diesel-and-biodiesel\/\" target=\"_blank\" rel=\"noopener\">Skillnaden Mellan Diesel och Biodiesel <\/a><\/li>\n<li><a href=\"https:\/\/www.bjultrasonic.com\/sv\/what-is-a-biodiesel-reactor\/\" target=\"_blank\" rel=\"noopener\">Vad \u00e4r en Biodieselreaktor <\/a><\/li>\n<li><a href=\"https:\/\/www.bjultrasonic.com\/sv\/15-easy-steps-to-make-your-own-biodiesel-processor\/\" target=\"_blank\" rel=\"noopener\">15 Enkla Steg f\u00f6r att G\u00f6r Din Egen Biodieselprocessor<\/a><\/li>\n<\/ul>\n<h3>Betalning<\/h3>\n<p>Vi accepterar paypal, T\/T &#038; Western Union nu.<\/p>\n<h3 class=\"shipping-methods\">Frakt<\/h3>\n<p>Varor kommer att skeppas inom 48 timmar efter att full betalning har mottagits.<\/p>\n<ul>\n<li>Vi skickar varorna till adressen som anges i PayPal-betalningen. Se till att adressen i PayPal \u00e4r korrekt.<\/li>\n<li>Vi ger dig sp\u00e5rningsnumret efter att vi har skickat varorna, i allm\u00e4nhet kommer du att ta emot varorna inom fem dagar.<\/li>\n<li>Om du har n\u00e5gra fr\u00e5gor, v\u00e4nligen kontakta oss via e-post (v\u00e5r e-postadress \u00e4r <a href=\"mailto:support@bjultrasonic.com\">support@bjultrasonic.com<\/a>)<\/li>\n<\/ul>\n<h3>Produktgaranti<\/h3>\n<p>Produktgarantitiden \u00e4r ett \u00e5r. Inom garantitiden kan k\u00f6pta produkter f\u00e5 gratis reparation eller utbyte.<\/p>\n","protected":false},"excerpt":{"rendered":"<p>Ultraljudsprocessorer f\u00f6r biodieselproduktion. Ultrasonisk biodieselreaktor producerar biodiesel p\u00e5 kortast m\u00f6jliga tid och p\u00e5 det mest effektiva s\u00e4ttet.<\/p>\n","protected":false},"featured_media":42435,"comment_status":"open","ping_status":"closed","template":"","meta":[],"product_brand":[],"product_cat":[6280,6238],"product_tag":[],"class_list":{"0":"post-69784","1":"product","2":"type-product","3":"status-publish","4":"has-post-thumbnail","6":"product_cat-biodiesel-sv","7":"product_cat-ultrasonic-processors-sv","9":"first","10":"instock","11":"shipping-taxable","12":"product-type-external","13":"prodpage-classic"},"aioseo_notices":[],"_links":{"self":[{"href":"https:\/\/www.bjultrasonic.com\/sv\/wp-json\/wp\/v2\/product\/69784","targetHints":{"allow":["GET"]}}],"collection":[{"href":"https:\/\/www.bjultrasonic.com\/sv\/wp-json\/wp\/v2\/product"}],"about":[{"href":"https:\/\/www.bjultrasonic.com\/sv\/wp-json\/wp\/v2\/types\/product"}],"replies":[{"embeddable":true,"href":"https:\/\/www.bjultrasonic.com\/sv\/wp-json\/wp\/v2\/comments?post=69784"}],"wp:featuredmedia":[{"embeddable":true,"href":"https:\/\/www.bjultrasonic.com\/sv\/wp-json\/wp\/v2\/media\/42435"}],"wp:attachment":[{"href":"https:\/\/www.bjultrasonic.com\/sv\/wp-json\/wp\/v2\/media?parent=69784"}],"wp:term":[{"taxonomy":"product_brand","embeddable":true,"href":"https:\/\/www.bjultrasonic.com\/sv\/wp-json\/wp\/v2\/product_brand?post=69784"},{"taxonomy":"product_cat","embeddable":true,"href":"https:\/\/www.bjultrasonic.com\/sv\/wp-json\/wp\/v2\/product_cat?post=69784"},{"taxonomy":"product_tag","embeddable":true,"href":"https:\/\/www.bjultrasonic.com\/sv\/wp-json\/wp\/v2\/product_tag?post=69784"}],"curies":[{"name":"wp","href":"https:\/\/api.w.org\/{rel}","templated":true}]}}