{"id":69824,"date":"2012-07-12T23:52:11","date_gmt":"2012-07-13T04:52:11","guid":{"rendered":"https:\/\/www.bjultrasonic.com\/shop\/cylinder-piezoelectric-ceramics\/"},"modified":"2026-03-28T20:16:39","modified_gmt":"2026-03-29T01:16:39","slug":"cylinder-piezoelectric-ceramics","status":"publish","type":"product","link":"https:\/\/www.bjultrasonic.com\/sv\/shop\/cylinder-piezoelectric-ceramics\/","title":{"rendered":"Piezokeramisk Cylinder"},"content":{"rendered":"<p><iframe loading=\"lazy\" title=\"Piezoelectric Ceramics | Piezoceramics\" width=\"500\" height=\"281\" src=\"https:\/\/www.youtube.com\/embed\/1Z8-9WdJKhQ?feature=oembed\" frameborder=\"0\" allow=\"accelerometer; autoplay; clipboard-write; encrypted-media; gyroscope; picture-in-picture; web-share\" referrerpolicy=\"strict-origin-when-cross-origin\" allowfullscreen><\/iframe><\/p>\n<h3>Vi kan anpassa olika piezoelektriska keramiker efter behov.<\/h3>\n<p>Materialet f\u00f6r piezokeramisk cylinder: PZT4, PZT5, PZT8 eller annat \u00f6nskat piezoelektriskt material.<\/p>\n<p><img loading=\"lazy\" decoding=\"async\" class=\"alignnone size-full wp-image-23760\" src=\"https:\/\/www.bjultrasonic.com\/wp-content\/uploads\/2012\/07\/Piezoceramic-Cylinder.jpg\" alt=\"Piezoceramic Cylinder\" width=\"700\" height=\"700\" srcset=\"https:\/\/www.bjultrasonic.com\/wp-content\/uploads\/2012\/07\/Piezoceramic-Cylinder.jpg 700w, https:\/\/www.bjultrasonic.com\/wp-content\/uploads\/2012\/07\/Piezoceramic-Cylinder-600x600.jpg 600w, https:\/\/www.bjultrasonic.com\/wp-content\/uploads\/2012\/07\/Piezoceramic-Cylinder-100x100.jpg 100w\" sizes=\"auto, (max-width: 700px) 100vw, 700px\" \/><\/p>\n<h2>Till\u00e4mpningar av piezoelektrisk keramisk cylinder<\/h2>\n<table id=\"wp-table-reloaded-id-117-no-1\" class=\"table table-striped table-bordered\">\n<tbody>\n<tr>\n<td>Hydrofon<\/td>\n<td>Ultraljudssensor<\/td>\n<td>Kompressionssensor<\/td>\n<\/tr>\n<tr>\n<td>Biomedicinsk sonar<\/td>\n<td>Vibrationssensor<\/td>\n<td>St\u00e4lldon<\/td>\n<\/tr>\n<tr>\n<td>Materialdispersion<\/td>\n<td>Trycksensor<\/td>\n<td>Ultraljudsblandning<\/td>\n<\/tr>\n<tr>\n<td>Ultraljudstrycksensor<\/td>\n<td>H\u00f6gkraftiga st\u00e4lldon<\/td>\n<td>Fler andra till\u00e4mpningar<\/td>\n<\/tr>\n<\/tbody>\n<\/table>\n<p>Storleksintervall f\u00f6r cylindrisk piezoelektrisk keramik:<\/p>\n<ul>\n<li>Diameterintervall: 2 mm &#8212; 20 mm<\/li>\n<li>H\u00f6jdsintervall: 3 mm \u2014 40 mm<\/li>\n<\/ul>\n<h3>Betalning<\/h3>\n<p>Vi accepterar PayPal, T\/T &#038; Western Union.<\/p>\n<h3 class=\"shipping-methods\">Frakt<\/h3>\n<p>Varorna skickas inom 48 timmar efter mottagandet av full betalning.<\/p>\n<ul>\n<li>Vi skickar varorna till den adress som anges i PayPal-betalningen. Se till att adressen i PayPal \u00e4r korrekt.<\/li>\n<li>Vi ger dig sp\u00e5rningsnumret efter att vi skickat varorna. I allm\u00e4nhet f\u00e5r du varorna inom fem dagar.<\/li>\n<li>Om du har n\u00e5gra fr\u00e5gor, v\u00e4nligen kontakta oss via e-post (v\u00e5r e-postadress \u00e4r <a href=\"mailto:support@bjultrasonic.com\">support@bjultrasonic.com<\/a>)<\/li>\n<\/ul>\n<h3>Produktgaranti<\/h3>\n<p>Produktgarantitiden \u00e4r ett \u00e5r. Inom garantitiden kan k\u00f6pta produkter f\u00e5 gratis reparation eller utbyte.<\/p>\n","protected":false},"excerpt":{"rendered":"<p>Vi kan anpassa olika piezoelektriska keramiker efter behov. Materialet f\u00f6r piezokeramisk cylinder: PZT4, PZT5, PZT8 eller annat \u00f6nskat piezoelektriskt material. Till\u00e4mpningar av piezoelektrisk keramisk cylinder Hydrofon Ultraljudssensor Kompressionssensor Biomedicinsk sonar Vibrationssensor St\u00e4lldon Materialdispersion Trycksensor Ultraljudsblandning Ultraljudstrycksensor H\u00f6gkraftiga st\u00e4lldon Fler andra till\u00e4mpningar Storleksintervall f\u00f6r cylindrisk piezoelektrisk keramik: Diameterintervall: 2 mm &#8212; 20 mm H\u00f6jdsintervall: 3 mm<\/p>\n","protected":false},"featured_media":23760,"comment_status":"open","ping_status":"closed","template":"","meta":[],"product_brand":[],"product_cat":[5658,5696],"product_tag":[],"class_list":{"0":"post-69824","1":"product","2":"type-product","3":"status-publish","4":"has-post-thumbnail","6":"product_cat-piezoelectric-ceramic-sv","7":"product_cat-cylinder-piezoelectric-ceramics-sv","9":"first","10":"instock","11":"shipping-taxable","12":"product-type-external","13":"prodpage-classic"},"aioseo_notices":[],"_links":{"self":[{"href":"https:\/\/www.bjultrasonic.com\/sv\/wp-json\/wp\/v2\/product\/69824","targetHints":{"allow":["GET"]}}],"collection":[{"href":"https:\/\/www.bjultrasonic.com\/sv\/wp-json\/wp\/v2\/product"}],"about":[{"href":"https:\/\/www.bjultrasonic.com\/sv\/wp-json\/wp\/v2\/types\/product"}],"replies":[{"embeddable":true,"href":"https:\/\/www.bjultrasonic.com\/sv\/wp-json\/wp\/v2\/comments?post=69824"}],"wp:featuredmedia":[{"embeddable":true,"href":"https:\/\/www.bjultrasonic.com\/sv\/wp-json\/wp\/v2\/media\/23760"}],"wp:attachment":[{"href":"https:\/\/www.bjultrasonic.com\/sv\/wp-json\/wp\/v2\/media?parent=69824"}],"wp:term":[{"taxonomy":"product_brand","embeddable":true,"href":"https:\/\/www.bjultrasonic.com\/sv\/wp-json\/wp\/v2\/product_brand?post=69824"},{"taxonomy":"product_cat","embeddable":true,"href":"https:\/\/www.bjultrasonic.com\/sv\/wp-json\/wp\/v2\/product_cat?post=69824"},{"taxonomy":"product_tag","embeddable":true,"href":"https:\/\/www.bjultrasonic.com\/sv\/wp-json\/wp\/v2\/product_tag?post=69824"}],"curies":[{"name":"wp","href":"https:\/\/api.w.org\/{rel}","templated":true}]}}