{"id":69844,"date":"2012-07-12T22:49:31","date_gmt":"2012-07-13T03:49:31","guid":{"rendered":"https:\/\/www.bjultrasonic.com\/shop\/disc-piezoelectric-ceramics\/"},"modified":"2026-03-28T20:16:37","modified_gmt":"2026-03-29T01:16:37","slug":"disc-piezoelectric-ceramics","status":"publish","type":"product","link":"https:\/\/www.bjultrasonic.com\/sv\/shop\/disc-piezoelectric-ceramics\/","title":{"rendered":"Piezokeramisk skiva"},"content":{"rendered":"<p><iframe loading=\"lazy\" title=\"Piezoelectric Ceramics | Piezoceramics\" width=\"500\" height=\"281\" src=\"https:\/\/www.youtube.com\/embed\/1Z8-9WdJKhQ?feature=oembed\" frameborder=\"0\" allow=\"accelerometer; autoplay; clipboard-write; encrypted-media; gyroscope; picture-in-picture; web-share\" referrerpolicy=\"strict-origin-when-cross-origin\" allowfullscreen><\/iframe><\/p>\n<h3>Vi kan anpassa olika Piezokeramiska skivor efter behov.<\/h3>\n<p>Materialet f\u00f6r 8&#215;2 Piezokeramiska skivor: <strong>PZT5<\/strong><\/p>\n<p><img loading=\"lazy\" decoding=\"async\" class=\"alignnone wp-image-23759 size-full\" src=\"https:\/\/www.bjultrasonic.com\/wp-content\/uploads\/2012\/07\/Piezoceramic-Disc-2.jpg\" alt=\"Piezoceramic-Disc 2\" width=\"700\" height=\"525\" \/><\/p>\n<p><img loading=\"lazy\" decoding=\"async\" class=\"alignnone size-full wp-image-5007\" src=\"\/\/www.bjultrasonic.com\/wp-content\/uploads\/2012\/07\/Piezoelectric-Ceramic-Disc-4.jpg\" alt=\"Piezoelectric Ceramic Disc (4)\" width=\"600\" height=\"359\" \/><\/p>\n<h2>Till\u00e4mpningar av Piezokeramiska skivor<\/h2>\n<table id=\"wp-table-reloaded-id-115-no-1\" class=\"table table-striped table-bordered\">\n<tbody>\n<tr>\n<td>Piezotransducer vibration<\/td>\n<td>atomiseringsomvandlare<\/td>\n<td>materialdispersion<\/td>\n<\/tr>\n<tr>\n<td>sonartransducer<\/td>\n<td>Ultraljudssensor<\/td>\n<td>v\u00e4ggtjocklek sensor<\/td>\n<\/tr>\n<tr>\n<td>materialsp\u00e4nningssensor<\/td>\n<td>trycksensor,<\/td>\n<td>biomedicinsk sond<\/td>\n<\/tr>\n<tr>\n<td>piezoelektrisk energih\u00e4mtning<\/td>\n<td>fiskdetektor transducer<\/td>\n<td>kompressionssensor<\/td>\n<\/tr>\n<tr>\n<td>piezo expansionssensor<\/td>\n<td>sk\u00f6nhetsomvandlare<\/td>\n<td>Ultraljudsblandning<\/td>\n<\/tr>\n<tr>\n<td>ultraljudsmedicinsk<\/td>\n<td>Ultraljudsreng\u00f6ring<\/td>\n<td>Fler andra till\u00e4mpningar<\/td>\n<\/tr>\n<\/tbody>\n<\/table>\n<h2>Standard specifikation f\u00f6r Piezokeramiska skivor<\/h2>\n<table id=\"wp-table-reloaded-id-116-no-1\" class=\"table table-striped table-bordered\">\n<tbody>\n<tr>\n<td>Storlek<br \/>\n(mm)<\/td>\n<td>Tjockleksfrekvens<br \/>\nft(MHz)(\u00b15%)<\/td>\n<td>KapacitansC<br \/>\n(pf)(\u00b115%)<\/td>\n<td>ImpedansZt<br \/>\n(\u03a9)<\/td>\n<td>Elektromekanisk<br \/>\nKopplingskoefficientKt (%)<\/td>\n<td>Piezoelektriskt<br \/>\nMaterial<\/td>\n<\/tr>\n<tr>\n<td>8\u00d71<\/td>\n<td>2.0<\/td>\n<td>530<\/td>\n<td><\/td>\n<td>\u226543<\/td>\n<td>PZT5<\/td>\n<\/tr>\n<tr>\n<td>8\u00d72<\/td>\n<td>1.0<\/td>\n<td>263<\/td>\n<td><\/td>\n<td>\u226543<\/td>\n<td>PZT5<\/td>\n<\/tr>\n<tr>\n<td>10\u00d71<\/td>\n<td>2.0<\/td>\n<td>840<\/td>\n<td><\/td>\n<td>\u226544<\/td>\n<td>PZT5<\/td>\n<\/tr>\n<tr>\n<td>10\u00d72<\/td>\n<td>1.0<\/td>\n<td>420<\/td>\n<td><\/td>\n<td>\u226544<\/td>\n<td>PZT5<\/td>\n<\/tr>\n<tr>\n<td>15\u00d71<\/td>\n<td>2.0<\/td>\n<td>1970<\/td>\n<td><\/td>\n<td>\u226543<\/td>\n<td>PZT5<\/td>\n<\/tr>\n<tr>\n<td>15\u00d72<\/td>\n<td>1.0<\/td>\n<td>980<\/td>\n<td><\/td>\n<td>\u226543<\/td>\n<td>PZT5<\/td>\n<\/tr>\n<tr>\n<td>16\u00d71<\/td>\n<td>2.0<\/td>\n<td>2200<\/td>\n<td><\/td>\n<td>\u226545<\/td>\n<td>PZT5<\/td>\n<\/tr>\n<tr>\n<td>16\u00d72<\/td>\n<td>1.0<\/td>\n<td>1100<\/td>\n<td><\/td>\n<td>\u226545<\/td>\n<td>PZT5<\/td>\n<\/tr>\n<tr>\n<td>20\u00d71<\/td>\n<td>2.0<\/td>\n<td>3560<\/td>\n<td><\/td>\n<td>\u226543<\/td>\n<td>PZT5<\/td>\n<\/tr>\n<tr>\n<td>20\u00d72<\/td>\n<td>1.0<\/td>\n<td>1780<\/td>\n<td><\/td>\n<td>\u226543<\/td>\n<td>PZT5<\/td>\n<\/tr>\n<tr>\n<td>25\u00d71<\/td>\n<td>2.0<\/td>\n<td>4600<\/td>\n<td><\/td>\n<td>\u226543<\/td>\n<td>PZT5<\/td>\n<\/tr>\n<tr>\n<td>25\u00d72<\/td>\n<td>1.0<\/td>\n<td>2300<\/td>\n<td><\/td>\n<td>\u226543<\/td>\n<td>PZT5<\/td>\n<\/tr>\n<tr>\n<td>16\u00d70.4<\/td>\n<td>5.0<\/td>\n<td>5400<\/td>\n<td>\u22645<\/td>\n<td>\u226545<\/td>\n<td>PZT4<\/td>\n<\/tr>\n<tr>\n<td>16\u00d72.1<\/td>\n<td>1.0<\/td>\n<td>1000<\/td>\n<td>\u22644<\/td>\n<td>\u226545<\/td>\n<td>PZT4<\/td>\n<\/tr>\n<tr>\n<td>20\u00d72.0<\/td>\n<td>1.0<\/td>\n<td>1650<\/td>\n<td>\u22644<\/td>\n<td>\u226545<\/td>\n<td>PZT4<\/td>\n<\/tr>\n<tr>\n<td>25\u00d70.4<\/td>\n<td>5.0<\/td>\n<td>12800<\/td>\n<td>\u22644<\/td>\n<td>\u226545<\/td>\n<td>PZT4<\/td>\n<\/tr>\n<tr>\n<td>25\u00d71.0<\/td>\n<td>2.0<\/td>\n<td>5800<\/td>\n<td>\u22644<\/td>\n<td>\u226545<\/td>\n<td>PZT4<\/td>\n<\/tr>\n<tr>\n<td>25\u00d72.0<\/td>\n<td>1.0<\/td>\n<td>2700<\/td>\n<td>\u22644<\/td>\n<td>\u226545<\/td>\n<td>PZT4<\/td>\n<\/tr>\n<tr>\n<td>28\u00d71.0<\/td>\n<td>1.0<\/td>\n<td>6940<\/td>\n<td>\u22644<\/td>\n<td>\u226545<\/td>\n<td>PZT4<\/td>\n<\/tr>\n<tr>\n<td>28\u00d71.7<\/td>\n<td>1.2<\/td>\n<td>3880<\/td>\n<td>\u22643<\/td>\n<td>\u226545<\/td>\n<td>PZT4<\/td>\n<\/tr>\n<tr>\n<td>28\u00d72.0<\/td>\n<td>1.0<\/td>\n<td>3300<\/td>\n<td>\u22643<\/td>\n<td>\u226545<\/td>\n<td>PZT4<\/td>\n<\/tr>\n<tr>\n<td>50\u00d72.0<\/td>\n<td>1.0<\/td>\n<td>10000<\/td>\n<td>\u22643<\/td>\n<td>\u226545<\/td>\n<td>PZT4<\/td>\n<\/tr>\n<tr>\n<td>60\u00d72.0<\/td>\n<td>1.0<\/td>\n<td>14500<\/td>\n<td>\u22643<\/td>\n<td>\u226545<\/td>\n<td>PZT4<\/td>\n<\/tr>\n<tr>\n<td>Ytterdiameteromr\u00e5de: 3mm&#8212;80mm<br \/>\nTjockleksomr\u00e5de: 0.1mm&#8212;20mmAnm\u00e4rkning:<br \/>\nVi kan designa och anpassa olika storlekar p\u00e5 skivformade piezoelektriska keramikprodukter efter behov.<\/td>\n<td><\/td>\n<td><\/td>\n<td><\/td>\n<td><\/td>\n<td><\/td>\n<\/tr>\n<\/tbody>\n<\/table>\n<p><iframe loading=\"lazy\" title=\"Piezoelectric Ceramic Discs | Piezoceramic Disk\" width=\"500\" height=\"281\" src=\"https:\/\/www.youtube.com\/embed\/jV2Q1wB3p-k?feature=oembed\" frameborder=\"0\" allow=\"accelerometer; autoplay; clipboard-write; encrypted-media; gyroscope; picture-in-picture; web-share\" referrerpolicy=\"strict-origin-when-cross-origin\" allowfullscreen><\/iframe><\/p>\n<h3>Betalning<\/h3>\n<p>Vi accepterar PayPal, T\/T &#038; Western Union.<\/p>\n<h3 class=\"shipping-methods\">Frakt<\/h3>\n<p>Varorna kommer att skeppas inom 48 timmar efter att full betalning har mottagits.<\/p>\n<ul>\n<li>Vi skickar varorna till den adress som anges i PayPal-betalningen. Se till att adressen i PayPal \u00e4r korrekt.<\/li>\n<li>Vi ger dig sp\u00e5rningsnumret efter att vi skickat varorna, vanligtvis f\u00e5r du varorna inom fem dagar.<\/li>\n<li>Om du har n\u00e5gra fr\u00e5gor, v\u00e4nligen kontakta oss via e-post (v\u00e5r e-postadress \u00e4r <a href=\"mailto:support@bjultrasonic.com\">support@bjultrasonic.com<\/a>)<\/li>\n<\/ul>\n<h3>Produktgaranti<\/h3>\n<p>Produktgarantitiden \u00e4r ett \u00e5r. Inom garantitiden kan k\u00f6pta produkter f\u00e5 gratis reparation eller utbyte.<\/p>\n","protected":false},"excerpt":{"rendered":"<p><a href=\"https:\/\/www.bjultrasonic.com\/sv\/category\/piezoelectric-ceramic-sv\/piezoceramic-discs-sv\/\">Piezokeramiska skivor<\/a> f\u00f6r <a href=\"https:\/\/www.bjultrasonic.com\/sv\/shop\/ultrasonic-beauty-transducer\/\">sk\u00f6nhetsomvandlare<\/a>, <a href=\"https:\/\/www.bjultrasonic.com\/sv\/category\/ultrasonic-atomizer-sv\/\">ultraljudsf\u00f6r\u00e5ngare<\/a>, <a href=\"https:\/\/www.bjultrasonic.com\/sv\/category\/ultrasonic-cleaning-system-sv\/\">ultraljudsreng\u00f6rare<\/a> och andra till\u00e4mpningar.<\/p>\n","protected":false},"featured_media":23764,"comment_status":"open","ping_status":"closed","template":"","meta":[],"product_brand":[],"product_cat":[5658,5726],"product_tag":[],"class_list":{"0":"post-69844","1":"product","2":"type-product","3":"status-publish","4":"has-post-thumbnail","6":"product_cat-piezoelectric-ceramic-sv","7":"product_cat-piezoceramic-discs-sv","9":"first","10":"instock","11":"shipping-taxable","12":"product-type-external","13":"prodpage-classic"},"aioseo_notices":[],"_links":{"self":[{"href":"https:\/\/www.bjultrasonic.com\/sv\/wp-json\/wp\/v2\/product\/69844","targetHints":{"allow":["GET"]}}],"collection":[{"href":"https:\/\/www.bjultrasonic.com\/sv\/wp-json\/wp\/v2\/product"}],"about":[{"href":"https:\/\/www.bjultrasonic.com\/sv\/wp-json\/wp\/v2\/types\/product"}],"replies":[{"embeddable":true,"href":"https:\/\/www.bjultrasonic.com\/sv\/wp-json\/wp\/v2\/comments?post=69844"}],"wp:featuredmedia":[{"embeddable":true,"href":"https:\/\/www.bjultrasonic.com\/sv\/wp-json\/wp\/v2\/media\/23764"}],"wp:attachment":[{"href":"https:\/\/www.bjultrasonic.com\/sv\/wp-json\/wp\/v2\/media?parent=69844"}],"wp:term":[{"taxonomy":"product_brand","embeddable":true,"href":"https:\/\/www.bjultrasonic.com\/sv\/wp-json\/wp\/v2\/product_brand?post=69844"},{"taxonomy":"product_cat","embeddable":true,"href":"https:\/\/www.bjultrasonic.com\/sv\/wp-json\/wp\/v2\/product_cat?post=69844"},{"taxonomy":"product_tag","embeddable":true,"href":"https:\/\/www.bjultrasonic.com\/sv\/wp-json\/wp\/v2\/product_tag?post=69844"}],"curies":[{"name":"wp","href":"https:\/\/api.w.org\/{rel}","templated":true}]}}