{"id":69864,"date":"2012-07-12T22:36:05","date_gmt":"2012-07-13T03:36:05","guid":{"rendered":"https:\/\/www.bjultrasonic.com\/shop\/square-rectangular-piezoelectric-ceramics\/"},"modified":"2026-03-28T20:16:36","modified_gmt":"2026-03-29T01:16:36","slug":"square-rectangular-piezoelectric-ceramics","status":"publish","type":"product","link":"https:\/\/www.bjultrasonic.com\/sv\/shop\/square-rectangular-piezoelectric-ceramics\/","title":{"rendered":"Piezokeramisk Fyrkant \/ Rektangul\u00e4r"},"content":{"rendered":"<p><iframe loading=\"lazy\" title=\"Piezoelectric Ceramics | Piezoceramics\" width=\"500\" height=\"281\" src=\"https:\/\/www.youtube.com\/embed\/1Z8-9WdJKhQ?feature=oembed\" frameborder=\"0\" allow=\"accelerometer; autoplay; clipboard-write; encrypted-media; gyroscope; picture-in-picture; web-share\" referrerpolicy=\"strict-origin-when-cross-origin\" allowfullscreen><\/iframe><\/p>\n<h3>Vi kan anpassa olika piezoelektriska keramikprodukter efter behov.<\/h3>\n<p>Material f\u00f6r kvadratisk\/rektangul\u00e4r piezoelektrisk keramik: PZT4, PZT5, PZT8 eller annat \u00f6nskat piezoelektriskt material.<\/p>\n<div id=\"attachment_5014\" style=\"width: 610px\" class=\"wp-caption alignnone\"><img loading=\"lazy\" decoding=\"async\" aria-describedby=\"caption-attachment-5014\" class=\" wp-image-5014 \" title=\"Piezoelectric Ceramic Rectangular\" src=\"\/\/www.bjultrasonic.com\/wp-content\/uploads\/2012\/07\/Piezoelectric-Ceramic-Square-Rectangular-1.jpg\" alt=\"Piezoelectric Ceramic Rectangular\" width=\"600\" height=\"359\" \/><p id=\"caption-attachment-5014\" class=\"wp-caption-text\">Piezoelektrisk Keramik Rektangul\u00e4r<\/p><\/div>\n<h2>Till\u00e4mpningar av Piezoelektrisk Keramik Kvadratisk\/Rektangul\u00e4r<\/h2>\n<table id=\"wp-table-reloaded-id-113-no-1\" class=\"table table-striped table-bordered\">\n<tbody>\n<tr>\n<td>medicinsk B-ultraljudsutrustning<\/td>\n<td>Ultrasonisk sensor<\/td>\n<td>Kompressionssensor<\/td>\n<\/tr>\n<tr>\n<td>Materialsp\u00e4nningssensor<\/td>\n<td>Vibrationssensor<\/td>\n<td>Energi\/elgenerering<\/td>\n<\/tr>\n<tr>\n<td>Bultkl\u00e4md ultraljudstransducer<\/td>\n<td>Trycksensor<\/td>\n<td>Ultrasonisk blandning<\/td>\n<\/tr>\n<tr>\n<td>Ultrasonisk presssensor<\/td>\n<td>H\u00f6gkraftiga aktuatorer<\/td>\n<td>fler andra till\u00e4mpningar<\/td>\n<\/tr>\n<\/tbody>\n<\/table>\n<h2>Standard Specifikation f\u00f6r Piezoelektrisk Keramik Kvadratisk\/Rektangul\u00e4r<\/h2>\n<table id=\"wp-table-reloaded-id-114-no-1\" class=\"table table-striped table-bordered\">\n<tbody>\n<tr>\n<td>Storlek L\u00e4ngd*bredd*h\u00f6jd (mm)<\/td>\n<td>Fr (MHZ)<\/td>\n<td>K31<\/td>\n<td>E T 3(r)<\/td>\n<\/tr>\n<tr>\n<td>(80&#8211;130)\u00d7(13&#8211;16)\u00d70.4<\/td>\n<td>3.5<\/td>\n<td>\u22650.37<\/td>\n<td>2200-3000<\/td>\n<\/tr>\n<tr>\n<td>(60-110)\u00d7(12-15)\u00d70.3<\/td>\n<td>5.0<\/td>\n<td>\u22650.36<\/td>\n<td>2200-3000<\/td>\n<\/tr>\n<tr>\n<td>(50-100)\u00d7(10-14)\u00d70.2<\/td>\n<td>7.5<\/td>\n<td>\u22650.35<\/td>\n<td>2200-3000<\/td>\n<\/tr>\n<tr>\n<td>L\u00e4ngdomr\u00e5de: 5mm&#8212;140mm<br \/>\nBreddomr\u00e5de: 1.5mm&#8212;80mm<br \/>\nH\u00f6jdomr\u00e5de: 0.2mm&#8212;20mm<br \/>\nAnm\u00e4rkning:<br \/>\nVi kan designa och anpassa olika storlekar p\u00e5 kvadratisk\/rektangul\u00e4r piezoelektrisk keramik efter behov<\/td>\n<td><\/td>\n<td><\/td>\n<td><\/td>\n<\/tr>\n<\/tbody>\n<\/table>\n<p><iframe loading=\"lazy\" title=\"Piezoceramic Square\/ Rectangular  - Beijing Ultrasonic\" width=\"500\" height=\"281\" src=\"https:\/\/www.youtube.com\/embed\/mZQfCd5CFV8?feature=oembed\" frameborder=\"0\" allow=\"accelerometer; autoplay; clipboard-write; encrypted-media; gyroscope; picture-in-picture; web-share\" referrerpolicy=\"strict-origin-when-cross-origin\" allowfullscreen><\/iframe><\/p>\n<h3>Betalning<\/h3>\n<p>Vi accepterar PayPal, T\/T &#038; Western Union nu.<\/p>\n<h3 class=\"shipping-methods\">Frakt<\/h3>\n<p>Varor kommer att skeppas inom 48 timmar efter att full betalning har mottagits.<\/p>\n<ul>\n<li>Vi skickar varorna till adressen som anges i PayPal-betalningen. V\u00e4nligen se till att adressen i PayPal \u00e4r korrekt.<\/li>\n<li>Vi ger dig sp\u00e5rningsnumret efter att vi har skickat varorna, generellt sett kommer du att ta emot varorna inom fem dagar.<\/li>\n<li>Om du har n\u00e5gra fr\u00e5gor, v\u00e4nligen kontakta oss via e-post (v\u00e5r e-postadress \u00e4r <a href=\"mailto:support@bjultrasonic.com\">support@bjultrasonic.com<\/a>)<\/li>\n<\/ul>\n<h3>Produktgaranti<\/h3>\n<p>Produktens garantiperiod \u00e4r ett \u00e5r. Inom garantitiden kan k\u00f6pta produkter f\u00e5 gratis reparation eller byte.<\/p>\n","protected":false},"excerpt":{"rendered":"<p>Vi kan anpassa olika piezoelektriska keramikprodukter efter behov. Material f\u00f6r kvadratisk\/rektangul\u00e4r piezoelektrisk keramik: PZT4, PZT5, PZT8 eller annat \u00f6nskat piezoelektriskt material. Till\u00e4mpningar av Piezoelektrisk Keramik Kvadratisk\/Rektangul\u00e4r medicinsk B-ultraljudsutrustning Ultrasonisk sensor Kompressionssensor Materialsp\u00e4nningssensor Vibrationssensor Energi\/elgenerering Bultkl\u00e4md ultraljudstransducer Trycksensor Ultrasonisk blandning Ultrasonisk presssensor H\u00f6gkraftiga aktuatorer fler andra till\u00e4mpningar Standard Specifikation f\u00f6r Piezoelektrisk Keramik Kvadratisk\/Rektangul\u00e4r Storlek L\u00e4ngd*bredd*h\u00f6jd (mm)<\/p>\n","protected":false},"featured_media":23762,"comment_status":"open","ping_status":"closed","template":"","meta":[],"product_brand":[],"product_cat":[5658,5775],"product_tag":[],"class_list":{"0":"post-69864","1":"product","2":"type-product","3":"status-publish","4":"has-post-thumbnail","6":"product_cat-piezoelectric-ceramic-sv","7":"product_cat-square-rectangular-piezoelectric-ceramics-sv","9":"first","10":"instock","11":"shipping-taxable","12":"product-type-external","13":"prodpage-classic"},"aioseo_notices":[],"_links":{"self":[{"href":"https:\/\/www.bjultrasonic.com\/sv\/wp-json\/wp\/v2\/product\/69864","targetHints":{"allow":["GET"]}}],"collection":[{"href":"https:\/\/www.bjultrasonic.com\/sv\/wp-json\/wp\/v2\/product"}],"about":[{"href":"https:\/\/www.bjultrasonic.com\/sv\/wp-json\/wp\/v2\/types\/product"}],"replies":[{"embeddable":true,"href":"https:\/\/www.bjultrasonic.com\/sv\/wp-json\/wp\/v2\/comments?post=69864"}],"wp:featuredmedia":[{"embeddable":true,"href":"https:\/\/www.bjultrasonic.com\/sv\/wp-json\/wp\/v2\/media\/23762"}],"wp:attachment":[{"href":"https:\/\/www.bjultrasonic.com\/sv\/wp-json\/wp\/v2\/media?parent=69864"}],"wp:term":[{"taxonomy":"product_brand","embeddable":true,"href":"https:\/\/www.bjultrasonic.com\/sv\/wp-json\/wp\/v2\/product_brand?post=69864"},{"taxonomy":"product_cat","embeddable":true,"href":"https:\/\/www.bjultrasonic.com\/sv\/wp-json\/wp\/v2\/product_cat?post=69864"},{"taxonomy":"product_tag","embeddable":true,"href":"https:\/\/www.bjultrasonic.com\/sv\/wp-json\/wp\/v2\/product_tag?post=69864"}],"curies":[{"name":"wp","href":"https:\/\/api.w.org\/{rel}","templated":true}]}}