{"id":69904,"date":"2012-07-12T16:42:35","date_gmt":"2012-07-12T21:42:35","guid":{"rendered":"https:\/\/www.bjultrasonic.com\/shop\/ultrasonic-vibrating-screen-transducer\/"},"modified":"2026-03-28T20:16:09","modified_gmt":"2026-03-29T01:16:09","slug":"ultrasonic-vibrating-screen-transducer","status":"publish","type":"product","link":"https:\/\/www.bjultrasonic.com\/sv\/shop\/ultrasonic-vibrating-screen-transducer\/","title":{"rendered":"Ultraljudsvibrationsomvandlare"},"content":{"rendered":"<p>En ultraljudsvibrationstransducer best\u00e5r av packning, <a href=\"https:\/\/www.bjultrasonic.com\/sv\/category\/piezoelectric-ceramic-sv\/\">piezoelektrisk keramik<\/a>, elektrodskiva, str\u00e5lningshuvud, f\u00f6rsp\u00e4nda skruvar och isolerande h\u00f6lje.<\/p>\n<h3>Egenskaper hos ultraljudsvibrerande transducer f\u00f6r finpulversiktning<\/h3>\n<ul>\n<li>Uppn\u00e5 h\u00f6g precision och h\u00f6g mesh-siktning samtidigt, kontrollera ett smalt partikelstorleksintervall.<\/li>\n<li>Kan vara enkelskikt och flerskikt.<\/li>\n<li>Sikt sj\u00e4lvreng\u00f6ringsfunktion: st\u00f6rre \u00e4n 500 mesh-s\u00e5ll, ingen n\u00e4tblockering, ingen minskning av siktningseffektivitet.<\/li>\n<li>L\u00f6ser problem med stark adsorption, l\u00e4tt \u00e5terf\u00f6rening, statisk elektricitet, h\u00f6g precision, h\u00f6g densitet, h\u00f6g specifik vikt och andra siktproblem.<\/li>\n<li>Siktningsprecision kan f\u00f6rb\u00e4ttras med 1-70%, utbyte kan \u00f6ka 0,5 till 10 g\u00e5nger.<\/li>\n<\/ul>\n<h3>Till\u00e4mpning<\/h3>\n<ul>\n<li>Kemisk industri: hartser, f\u00e4rger, industrier, medicin, kosmetika, lack, pulver, etc.<\/li>\n<li>Livsmedelsindustrin: sockerpulver, st\u00e4rkelse, salt, rismj\u00f6l, mj\u00f6lkpulver, sojamj\u00f6lk, \u00e4ggpulver, soja, juice, etc.<\/li>\n<li>Metall, metallurgi, gruvdrift, aluminiumpulver, blypulver, kopparpulver, malm, elektrodpulver, legeringspulver, mangandioxid, elektrolytkopparpulver, elektromagnetiskt material, polermedel, eldfast material, kaolin, kalk, aluminiumoxid, tung kalciumkarbonat, kvartssand, etc.<\/li>\n<li>F\u00f6roreningsbehandling, avfallsolja, avloppsvatten, f\u00e4rgningsavloppsvatten, tillsatser, aktivt kol, etc.<\/li>\n<\/ul>\n<h3>Ultraljudsvibrerande siktmaskin<\/h3>\n<p><iframe loading=\"lazy\" title=\"Ultrasonic Vibrating Sieve Machine - Beijing Ultrasonic\" width=\"500\" height=\"281\" src=\"https:\/\/www.youtube.com\/embed\/PEkryRhyJXY?feature=oembed\" frameborder=\"0\" allow=\"accelerometer; autoplay; clipboard-write; encrypted-media; gyroscope; picture-in-picture; web-share\" referrerpolicy=\"strict-origin-when-cross-origin\" allowfullscreen><\/iframe><\/p>\n<h3>Betalning<\/h3>\n<p>Vi accepterar PayPal, T\/T &#038; Western Union nu.<\/p>\n<h3>Frakt<\/h3>\n<p>Varorna kommer att skeppas inom 48 timmar efter att full betalning har mottagits.<\/p>\n<ul>\n<li>Vi skickar varorna till adressen som anges i PayPal-betalningen. Var god se till att adressen i PayPal \u00e4r korrekt.<\/li>\n<li>Vi kommer att ge dig sp\u00e5rningsnumret efter att vi skickat ut varorna, i allm\u00e4nhet kommer du att f\u00e5 varorna inom fem dagar.<\/li>\n<li>Om du har n\u00e5gra fr\u00e5gor, var god kontakta oss via e-post (v\u00e5r e-postadress \u00e4r <a href=\"mailto:support@bjultrasonic.com\">support@bjultrasonic.com<\/a>)<\/li>\n<\/ul>\n<h3>Produktgaranti<\/h3>\n<p>Produktens garantiperiod \u00e4r ett \u00e5r. Inom garantitiden kan k\u00f6pta produkter f\u00e5 gratis reparation eller byte.<\/p>\n","protected":false},"excerpt":{"rendered":"<p>Ultrasonisk vibrationsomvandlare best\u00e5r av packning, piezokeramik, elektrodbit, str\u00e5lhuvud, f\u00f6rsp\u00e4nda skruvar och isolerande h\u00f6lje.<\/p>\n","protected":false},"featured_media":4845,"comment_status":"open","ping_status":"closed","template":"","meta":[],"product_brand":[],"product_cat":[6314],"product_tag":[],"class_list":{"0":"post-69904","1":"product","2":"type-product","3":"status-publish","4":"has-post-thumbnail","6":"product_cat-ultrasonic-transducer-sv","8":"first","9":"instock","10":"shipping-taxable","11":"product-type-external","12":"prodpage-classic"},"aioseo_notices":[],"_links":{"self":[{"href":"https:\/\/www.bjultrasonic.com\/sv\/wp-json\/wp\/v2\/product\/69904","targetHints":{"allow":["GET"]}}],"collection":[{"href":"https:\/\/www.bjultrasonic.com\/sv\/wp-json\/wp\/v2\/product"}],"about":[{"href":"https:\/\/www.bjultrasonic.com\/sv\/wp-json\/wp\/v2\/types\/product"}],"replies":[{"embeddable":true,"href":"https:\/\/www.bjultrasonic.com\/sv\/wp-json\/wp\/v2\/comments?post=69904"}],"wp:featuredmedia":[{"embeddable":true,"href":"https:\/\/www.bjultrasonic.com\/sv\/wp-json\/wp\/v2\/media\/4845"}],"wp:attachment":[{"href":"https:\/\/www.bjultrasonic.com\/sv\/wp-json\/wp\/v2\/media?parent=69904"}],"wp:term":[{"taxonomy":"product_brand","embeddable":true,"href":"https:\/\/www.bjultrasonic.com\/sv\/wp-json\/wp\/v2\/product_brand?post=69904"},{"taxonomy":"product_cat","embeddable":true,"href":"https:\/\/www.bjultrasonic.com\/sv\/wp-json\/wp\/v2\/product_cat?post=69904"},{"taxonomy":"product_tag","embeddable":true,"href":"https:\/\/www.bjultrasonic.com\/sv\/wp-json\/wp\/v2\/product_tag?post=69904"}],"curies":[{"name":"wp","href":"https:\/\/api.w.org\/{rel}","templated":true}]}}