{"id":69944,"date":"2012-07-12T02:28:05","date_gmt":"2012-07-12T07:28:05","guid":{"rendered":"https:\/\/www.bjultrasonic.com\/shop\/ultrasonic-cell-disruptor\/"},"modified":"2026-03-28T20:15:35","modified_gmt":"2026-03-29T01:15:35","slug":"ultrasonic-cell-disruptor","status":"publish","type":"product","link":"https:\/\/www.bjultrasonic.com\/sv\/shop\/ultrasonic-cell-disruptor\/","title":{"rendered":"Ultraljudshomogenisatorer"},"content":{"rendered":"<p>En ultraljudscelldisruptor (ultraljudsv\u00e4tskeprocessor, biologisk ultraljudshomogenisator) kan bryta ner de flesta celler, bakterier, sporer eller v\u00e4vnader.<\/p>\n<h2>Specifikation f\u00f6r ultraljudscelldisruptor<\/h2>\n<table class=\"table table-striped table-bordered\">\n<tbody>\n<tr>\n<td valign=\"top\" width=\"158\">TYP<\/td>\n<td valign=\"top\" width=\"145\">Frekvens (kHz)<\/td>\n<td valign=\"top\" width=\"136\">Effekt (W)<\/td>\n<\/tr>\n<tr>\n<td valign=\"top\" width=\"158\"><a href=\"https:\/\/www.bjultrasonic.com\/sv\/shop\/biologics-ultrasonic-homogenizer-bjed-20100\/\">BJED-20100<\/a><\/td>\n<td valign=\"top\" width=\"145\">20<\/td>\n<td valign=\"top\" width=\"136\">100<\/td>\n<\/tr>\n<tr>\n<td valign=\"top\" width=\"158\"><a href=\"https:\/\/www.bjultrasonic.com\/sv\/shop\/biologics-ultrasonic-homogenizer-bjed-20150\/\">BJED-20150<\/a><\/td>\n<td valign=\"top\" width=\"145\">20<\/td>\n<td valign=\"top\" width=\"136\">150<\/td>\n<\/tr>\n<tr>\n<td valign=\"top\" width=\"158\"><a href=\"https:\/\/www.bjultrasonic.com\/sv\/shop\/biologics-ultrasonic-homogenizer-bjed-20250\/\">BJED-20250<\/a><\/td>\n<td valign=\"top\" width=\"145\">20<\/td>\n<td valign=\"top\" width=\"136\">250<\/td>\n<\/tr>\n<tr>\n<td valign=\"top\" width=\"158\"><a href=\"https:\/\/www.bjultrasonic.com\/sv\/shop\/biologics-ultrasonic-homogenizer-bjed-20500\/\">BJED-20500<\/a><\/td>\n<td valign=\"top\" width=\"145\">20<\/td>\n<td valign=\"top\" width=\"136\">500<\/td>\n<\/tr>\n<tr>\n<td valign=\"top\" width=\"158\"><a href=\"https:\/\/www.bjultrasonic.com\/sv\/shop\/biologics-ultrasonic-homogenizer-bjed-20800\/\">BJED-20800<\/a><\/td>\n<td valign=\"top\" width=\"145\">20<\/td>\n<td valign=\"top\" width=\"136\">800<\/td>\n<\/tr>\n<tr>\n<td valign=\"top\" width=\"158\"><a href=\"https:\/\/www.bjultrasonic.com\/sv\/shop\/biologics-ultrasonic-homogenizer-bjed-20950\/\">BJED-20950<\/a><\/td>\n<td valign=\"top\" width=\"145\">20<\/td>\n<td valign=\"top\" width=\"136\">950<\/td>\n<\/tr>\n<tr>\n<td valign=\"top\" width=\"158\"><a href=\"https:\/\/www.bjultrasonic.com\/sv\/shop\/biologics-ultrasonic-homogenizer-bjed-201200\/\">BJED-201200<\/a><\/td>\n<td valign=\"top\" width=\"145\">20<\/td>\n<td valign=\"top\" width=\"136\">1200<\/td>\n<\/tr>\n<\/tbody>\n<\/table>\n<h3>Typisk till\u00e4mpning av ultraljudscelldisruptor<\/h3>\n<ul>\n<li>Anv\u00e4nds f\u00f6r att bryta ner m\u00e5nga sorters djur- och v\u00e4xtceller, virusceller.<\/li>\n<li>Emulgering, separation, sm\u00e4ltning, dragning, mjukg\u00f6ring, tv\u00e4tt och p\u00e5skyndande av kemiska reaktioner etc.<\/li>\n<li>Anv\u00e4nds i stor utstr\u00e4ckning inom omr\u00e5den som biokemi, mikrobiologi, medicinsk kemi, ytkemi, fysik, zoologi etc.<\/li>\n<\/ul>\n<h3>Video om ultraljudscelldisruptor<\/h3>\n<p><iframe loading=\"lazy\" title=\"Ultrasonic Processor | Biologics Ultrasonic Homogenizer\" width=\"500\" height=\"375\" src=\"https:\/\/www.youtube.com\/embed\/T0snVNfFYIs?feature=oembed\" frameborder=\"0\" allow=\"accelerometer; autoplay; clipboard-write; encrypted-media; gyroscope; picture-in-picture; web-share\" referrerpolicy=\"strict-origin-when-cross-origin\" allowfullscreen><\/iframe><\/p>\n<h3>Huvudfunktioner hos ultraljudscelldisruptor<\/h3>\n<ul>\n<li>Automatisk frekvenssp\u00e5rning.<\/li>\n<li>Automatisk kompensation av utamplitud.<\/li>\n<li>Har s\u00e4kerhetsinst\u00e4llning f\u00f6r uteffekt f\u00f6r att undvika skador p\u00e5 ultraljudstransformatorer.<\/li>\n<li>Utamplituden \u00e4r justerbar fr\u00e5n 0 till 100, enkel drift, intuitiv och effektiv.<\/li>\n<li>Finns i tv\u00e5 arbetsl\u00e4gen: intermitterande puls och kontinuerlig utsignal.<\/li>\n<li>Med externt kontrollgr\u00e4nssnitt f\u00f6r bekv\u00e4m avancerad drift.<\/li>\n<li>Med separat extern pedalkontakt f\u00f6r direkt drift.<\/li>\n<\/ul>\n<h3>Betalning<\/h3>\n<p>Vi accepterar PayPal, T\/T &#038; Western Union.<\/p>\n<h3 class=\"shipping-methods\">Frakt<\/h3>\n<p>Varorna skickas inom 48 timmar efter att full betalning har mottagits.<\/p>\n<ul>\n<li>Vi skickar varorna till den adress som anges i PayPal-betalningen. Se till att adressen i PayPal \u00e4r korrekt.<\/li>\n<li>Vi ger dig sp\u00e5rningsnumret efter att vi skickat varorna, vanligtvis f\u00e5r du varorna inom fem dagar.<\/li>\n<li>Om du har n\u00e5gra fr\u00e5gor, v\u00e4nligen kontakta oss via e-post (v\u00e5r e-postadress \u00e4r <a href=\"mailto:support@bjultrasonic.com\">support@bjultrasonic.com<\/a>)<\/li>\n<\/ul>\n<h3>Produktgaranti<\/h3>\n<p>Produktens garantitid \u00e4r ett \u00e5r. Inom garantitiden kan k\u00f6pta produkter f\u00e5 gratis reparation eller byte.<\/p>\n","protected":false},"excerpt":{"rendered":"<p>Ultrasoniska homogenisatorer, ultraljudscelldisruptorer eller sonikatorer f\u00f6rb\u00e4ttrar den totala enhetligheten och stabiliteten hos blandningar genom att minska partikelstorlekar i v\u00e4tskor. De \u00e4r effektiva f\u00f6r DNA\/RNA-s\u00f6nderdelning, homogenisering, celllyser, nanopartikelspridning, proteinextraktion och allm\u00e4n provberedning.<\/p>\n","protected":false},"featured_media":5355,"comment_status":"open","ping_status":"closed","template":"","meta":[],"product_brand":[],"product_cat":[6304,6238],"product_tag":[],"class_list":{"0":"post-69944","1":"product","2":"type-product","3":"status-publish","4":"has-post-thumbnail","6":"product_cat-cell-sv","7":"product_cat-ultrasonic-processors-sv","9":"first","10":"instock","11":"featured","12":"shipping-taxable","13":"product-type-external","14":"prodpage-classic"},"aioseo_notices":[],"_links":{"self":[{"href":"https:\/\/www.bjultrasonic.com\/sv\/wp-json\/wp\/v2\/product\/69944","targetHints":{"allow":["GET"]}}],"collection":[{"href":"https:\/\/www.bjultrasonic.com\/sv\/wp-json\/wp\/v2\/product"}],"about":[{"href":"https:\/\/www.bjultrasonic.com\/sv\/wp-json\/wp\/v2\/types\/product"}],"replies":[{"embeddable":true,"href":"https:\/\/www.bjultrasonic.com\/sv\/wp-json\/wp\/v2\/comments?post=69944"}],"wp:featuredmedia":[{"embeddable":true,"href":"https:\/\/www.bjultrasonic.com\/sv\/wp-json\/wp\/v2\/media\/5355"}],"wp:attachment":[{"href":"https:\/\/www.bjultrasonic.com\/sv\/wp-json\/wp\/v2\/media?parent=69944"}],"wp:term":[{"taxonomy":"product_brand","embeddable":true,"href":"https:\/\/www.bjultrasonic.com\/sv\/wp-json\/wp\/v2\/product_brand?post=69944"},{"taxonomy":"product_cat","embeddable":true,"href":"https:\/\/www.bjultrasonic.com\/sv\/wp-json\/wp\/v2\/product_cat?post=69944"},{"taxonomy":"product_tag","embeddable":true,"href":"https:\/\/www.bjultrasonic.com\/sv\/wp-json\/wp\/v2\/product_tag?post=69944"}],"curies":[{"name":"wp","href":"https:\/\/api.w.org\/{rel}","templated":true}]}}