{"id":70124,"date":"2012-04-30T03:13:59","date_gmt":"2012-04-30T08:13:59","guid":{"rendered":"https:\/\/www.bjultrasonic.com\/shop\/27l-digital-ultrasonic-cleaner-with-timer-and-heating\/"},"modified":"2026-03-28T20:13:41","modified_gmt":"2026-03-29T01:13:41","slug":"27l-digital-ultrasonic-cleaner-with-timer-and-heating","status":"publish","type":"product","link":"https:\/\/www.bjultrasonic.com\/sv\/shop\/27l-digital-ultrasonic-cleaner-with-timer-and-heating\/","title":{"rendered":"27L Digital Ultrasonic Cleaner med Timer och V\u00e4rmeelement"},"content":{"rendered":"<h2>Specifikationer f\u00f6r 27L Digital Ultraljudsreng\u00f6rare med Timer och V\u00e4rme<\/h2>\n<table class=\"table table-striped table-bordered\" id=\"wp-table-reloaded-id-99-no-1\">\n<tbody>\n<tr>\n<td>Typ<\/td>\n<td>BJUCDTH27<\/td>\n<\/tr>\n<tr>\n<td>Tankkapacitet<\/td>\n<td>27L<\/td>\n<\/tr>\n<tr>\n<td>Effekt<\/td>\n<td>480W<\/td>\n<\/tr>\n<tr>\n<td>Frekvens<\/td>\n<td>40kHz<\/td>\n<\/tr>\n<tr>\n<td>Tankstorlek (mm)<\/td>\n<td>530*325*200 (L*B*H)<\/td>\n<\/tr>\n<tr>\n<td>Maskinstorlek (mm)<\/td>\n<td>550*330*360 (L*B*H)<\/td>\n<\/tr>\n<tr>\n<td>Sp\u00e4nning<\/td>\n<td>110VAC\u2014240VAC<\/td>\n<\/tr>\n<tr>\n<td>Funktioner<\/td>\n<td>Timer (1-99 min), V\u00e4rme (0-80\u2103)<\/td>\n<\/tr>\n<tr>\n<td>Korg<\/td>\n<td>Rostfri st\u00e5lkorg<\/td>\n<\/tr>\n<tr>\n<td>Enhetsvikt<\/td>\n<td>17.1kg<\/td>\n<\/tr>\n<\/tbody>\n<\/table>\n<h3>Beskrivning av Digital Ultraljudsreng\u00f6rare<\/h3>\n<ul>\n<li>Hela ultraljudsreng\u00f6raren \u00e4r i rostfritt st\u00e5l, estetisk och praktisk.<\/li>\n<li>Anv\u00e4nder h\u00f6gkvalitativa ultraljudstransducrar med stark effekt.<\/li>\n<li>H\u00f6g kvalitet p\u00e5 limningsprocessen. Ultraljudstransducrarna f\u00e4sts med epoxilim.<\/li>\n<li>Effektiv v\u00e4rmeelement. Har ett oberoende digitalt visnings- och temperaturkontrollsystem f\u00f6r varje bass\u00e4ng och automatisk temperaturreglerande v\u00e4rmenhet.<\/li>\n<li>Tiden och v\u00e4rmen kan justeras efter behov.<\/li>\n<\/ul>\n<h3>Video om Digital Ultraljudsreng\u00f6rare med Timer och V\u00e4rme<\/h3>\n<p><iframe loading=\"lazy\" title=\"Digital Ultrasonic Cleaner with Timer and Heater\" width=\"500\" height=\"281\" src=\"https:\/\/www.youtube.com\/embed\/SdW_EZ2X140?feature=oembed\" frameborder=\"0\" allow=\"accelerometer; autoplay; clipboard-write; encrypted-media; gyroscope; picture-in-picture; web-share\" referrerpolicy=\"strict-origin-when-cross-origin\" allowfullscreen><\/iframe><\/p>\n<h3>Anv\u00e4ndningsomr\u00e5den f\u00f6r Ultraljudsreng\u00f6rare<\/h3>\n<ul>\n<li><strong>Maskinindustri<\/strong>: avl\u00e4gsnande av rostskyddsolja; reng\u00f6ring av m\u00e4tverktyg; reng\u00f6ring av maskindelar, motor, f\u00f6rgasare och fordonsdelar;<\/li>\n<li><strong>Ytbehandlingsindustri<\/strong>: avl\u00e4gsnande av olja eller rost f\u00f6re galvanisering; reng\u00f6ring f\u00f6re jonbel\u00e4ggning; fosfatering; avkolning; avl\u00e4gsnande av oxidskikt; avl\u00e4gsnande av polermedel; aktivering av metallytor p\u00e5 arbetsstycken, etc.<\/li>\n<li><strong>Instrumentindustri<\/strong>: reng\u00f6ring med h\u00f6g renhetsgrad av precisionsdelar f\u00f6re montering.<\/li>\n<li><strong>Elektronikindustri<\/strong>: avl\u00e4gsnande av k\u00e5da fr\u00e5n kretskort, l\u00f6dpunkter; reng\u00f6ring av h\u00f6gsp\u00e4nningskontakter och andra mekaniska och elektroniska komponenter, etc.<\/li>\n<li><strong>Medicinsk industri<\/strong>: reng\u00f6ring och desinfektion, sterilisering av medicinsk utrustning, reng\u00f6ring av laboratoriek\u00e4rl, etc.<\/li>\n<li><strong>Halvledarindustri<\/strong>: reng\u00f6ring med h\u00f6g renhetsgrad av halvledarskivor.<\/li>\n<li><strong>Urmakeri\/smyckesindustri<\/strong>: avl\u00e4gsnande av olja, smuts, oxidlager, polermedel, etc.<\/li>\n<li><strong>Kemisk, Biologisk industri<\/strong>: Reng\u00f6ring av laboratoriek\u00e4rl.<\/li>\n<li><strong>Optisk industri<\/strong>: avl\u00e4gsnande av olja, svett, damm etc. fr\u00e5n optiska komponenter.<\/li>\n<li><strong>Textil- och tryckeriindustri<\/strong>: reng\u00f6ring av textilspolar, spinnmunstycken, etc.<\/li>\n<li><strong>Olje- och kemisk industri<\/strong>: reng\u00f6ring och rensning av metalln\u00e4t, kemiska beh\u00e5llare, ventiler, etc.<\/li>\n<\/ul>\n<h3>Betalning<\/h3>\n<p>Vi accepterar f\u00f6r n\u00e4rvarande PayPal, T\/T &#038; Western Union.<\/p>\n<h3 class=\"shipping-methods\">Frakt<\/h3>\n<p>Varorna skickas inom 48 timmar efter att full betalning har mottagits.<\/p>\n<ul>\n<li>Vi skickar varorna till den adress som anges i PayPal-betalningen. Se till att adressen i PayPal \u00e4r korrekt.<\/li>\n<li>Vi ger dig sp\u00e5rningsnumret efter att vi skickat varorna. I allm\u00e4nhet f\u00e5r du varorna inom fem dagar.<\/li>\n<li>Om du har n\u00e5gra fr\u00e5gor, v\u00e4nligen kontakta oss via e-post (v\u00e5r e-postadress \u00e4r <a href=\"mailto:support@bjultrasonic.com\">support@bjultrasonic.com<\/a>)<\/li>\n<\/ul>\n<h3>Produktgaranti<\/h3>\n<p>Produktens garantiperiod \u00e4r ett \u00e5r. Inom garantitiden kan k\u00f6pta produkter f\u00e5 gratis reparation eller byte.<\/p>\n","protected":false},"excerpt":{"rendered":"<p><a href=\"https:\/\/www.bjultrasonic.com\/sv\/category\/ultrasonic-cleaning-system-sv\/digital-ultrasonic-cleaner-sv\/\">Digitala ultraljudsreng\u00f6rare<\/a> anv\u00e4nds i stor utstr\u00e4ckning f\u00f6r att reng\u00f6ra smycken, klockor, halsband, \u00f6rh\u00e4ngen, ringar, armband, mynt, klockband, glas\u00f6gon, solglas\u00f6gon, kontaktlinsaccessoarer, tandproteser, kamar, tandborstar, bestick och s\u00e5 vidare.<\/p>\n","protected":false},"featured_media":1153,"comment_status":"open","ping_status":"closed","template":"","meta":[],"product_brand":[],"product_cat":[5850],"product_tag":[],"class_list":{"0":"post-70124","1":"product","2":"type-product","3":"status-publish","4":"has-post-thumbnail","6":"product_cat-digital-ultrasonic-cleaner-sv","8":"first","9":"outofstock","10":"shipping-taxable","11":"purchasable","12":"product-type-simple","13":"prodpage-classic"},"aioseo_notices":[],"_links":{"self":[{"href":"https:\/\/www.bjultrasonic.com\/sv\/wp-json\/wp\/v2\/product\/70124","targetHints":{"allow":["GET"]}}],"collection":[{"href":"https:\/\/www.bjultrasonic.com\/sv\/wp-json\/wp\/v2\/product"}],"about":[{"href":"https:\/\/www.bjultrasonic.com\/sv\/wp-json\/wp\/v2\/types\/product"}],"replies":[{"embeddable":true,"href":"https:\/\/www.bjultrasonic.com\/sv\/wp-json\/wp\/v2\/comments?post=70124"}],"wp:featuredmedia":[{"embeddable":true,"href":"https:\/\/www.bjultrasonic.com\/sv\/wp-json\/wp\/v2\/media\/1153"}],"wp:attachment":[{"href":"https:\/\/www.bjultrasonic.com\/sv\/wp-json\/wp\/v2\/media?parent=70124"}],"wp:term":[{"taxonomy":"product_brand","embeddable":true,"href":"https:\/\/www.bjultrasonic.com\/sv\/wp-json\/wp\/v2\/product_brand?post=70124"},{"taxonomy":"product_cat","embeddable":true,"href":"https:\/\/www.bjultrasonic.com\/sv\/wp-json\/wp\/v2\/product_cat?post=70124"},{"taxonomy":"product_tag","embeddable":true,"href":"https:\/\/www.bjultrasonic.com\/sv\/wp-json\/wp\/v2\/product_tag?post=70124"}],"curies":[{"name":"wp","href":"https:\/\/api.w.org\/{rel}","templated":true}]}}