{"id":70284,"date":"2012-04-30T02:47:05","date_gmt":"2012-04-30T07:47:05","guid":{"rendered":"https:\/\/www.bjultrasonic.com\/shop\/6l-digital-ultrasonic-cleaner-with-timer-and-heating\/"},"modified":"2026-03-28T20:12:19","modified_gmt":"2026-03-29T01:12:19","slug":"6l-digital-ultrasonic-cleaner-with-timer-and-heating","status":"publish","type":"product","link":"https:\/\/www.bjultrasonic.com\/sv\/shop\/6l-digital-ultrasonic-cleaner-with-timer-and-heating\/","title":{"rendered":"6L Digital Ultrasonic Cleaner med Timer och V\u00e4rmare"},"content":{"rendered":"<h2>Specifikation f\u00f6r 6L digital ultraljudsreng\u00f6rare med timer och v\u00e4rmare<\/h2>\n<table class=\"table table-striped table-bordered\" id=\"wp-table-reloaded-id-91-no-1\">\n<tbody>\n<tr>\n<td>Typ<\/td>\n<td>BJUCDTH6<\/td>\n<\/tr>\n<tr>\n<td>Tankkapacitet<\/td>\n<td>6L<\/td>\n<\/tr>\n<tr>\n<td>Effekt<\/td>\n<td>180W<\/td>\n<\/tr>\n<tr>\n<td>Frekvens<\/td>\n<td>40khz<\/td>\n<\/tr>\n<tr>\n<td>Tankstorlek(mm)<\/td>\n<td>300*155*150(L*B*H)<\/td>\n<\/tr>\n<tr>\n<td>Maskinstorlek(mm)<\/td>\n<td>330*180*310(L*B*H)<\/td>\n<\/tr>\n<tr>\n<td>Sp\u00e4nning<\/td>\n<td>110VAC\u2014240VAC<\/td>\n<\/tr>\n<tr>\n<td>Funktioner<\/td>\n<td>Timer(1-99 min), V\u00e4rmning(0-80\u2103)<\/td>\n<\/tr>\n<tr>\n<td>Korg<\/td>\n<td>Rostfri st\u00e5lkorg<\/td>\n<\/tr>\n<tr>\n<td>Enhetsvikt<\/td>\n<td>7.6kg<\/td>\n<\/tr>\n<\/tbody>\n<\/table>\n<h3>Beskrivning av digital ultraljudsreng\u00f6rare<\/h3>\n<ul>\n<li>Hela ultraljudsreng\u00f6ringsmaskinen har helt rostfritt st\u00e5lkonstruktion, estetisk och praktisk.<\/li>\n<li>Anv\u00e4nder h\u00f6gkvalitativa ultraljuds\u00f6verf\u00f6rare. Stark effekt.<\/li>\n<li>H\u00f6g kvalitet p\u00e5 bindningsprocessen. Ultraljuds\u00f6verf\u00f6raren f\u00e4sts med epoxilim.<\/li>\n<li>Effektiv v\u00e4rmare. Har ett oberoende digitalt visnings- och temperaturkontrollsystem f\u00f6r varje tr\u00e5g och automatisk temperaturreglerande v\u00e4rmaranordning.<\/li>\n<li>Tiden och v\u00e4rmningen kan justeras efter behov.<\/li>\n<\/ul>\n<h3>Video f\u00f6r digital ultraljudsreng\u00f6rare med timer och v\u00e4rmare<\/h3>\n<p><iframe loading=\"lazy\" title=\"Digital Ultrasonic Cleaner with Timer and Heater\" width=\"500\" height=\"281\" src=\"https:\/\/www.youtube.com\/embed\/SdW_EZ2X140?feature=oembed\" frameborder=\"0\" allow=\"accelerometer; autoplay; clipboard-write; encrypted-media; gyroscope; picture-in-picture; web-share\" referrerpolicy=\"strict-origin-when-cross-origin\" allowfullscreen><\/iframe><\/p>\n<h3> Till\u00e4mpning av ultraljudsreng\u00f6rare<\/h3>\n<ul>\n<li><strong>Maskinindustrin<\/strong>: avl\u00e4gsnande av rostskyddsolja; Reng\u00f6ring av m\u00e4tverktyg; Reng\u00f6ring av maskindelar, motor, f\u00f6rgasare och fordonsdelar;<\/li>\n<li><strong>Ytbehandlingsindustrin<\/strong>: avl\u00e4gsnande av olja\/rost f\u00f6re galvanisering; Reng\u00f6ring f\u00f6re jonbel\u00e4ggning; Fosforbehandling; Avkolning; Avl\u00e4gsnande av oxidskikt; Avl\u00e4gsnande av polermedel; Aktiveringsbehandling av arbetsstyckens metallytor, etc.<\/li>\n<li><strong>Instrumentindustrin<\/strong>: h\u00f6grena reng\u00f6ring av precisionsdelar f\u00f6re montering.<\/li>\n<li><strong>Elektronikindustrin<\/strong>: avl\u00e4gsnande av kolofonium fr\u00e5n kretskort, l\u00f6dpunkter; Reng\u00f6ring av h\u00f6gtryckskontakter och andra mekaniska och elektroniska komponenter, etc.<\/li>\n<li><strong>Medicinsk industri<\/strong>: reng\u00f6ring och desinfektion, sterilisering av medicinsk utrustning, reng\u00f6ring av laboratoriek\u00e4rl, etc.<\/li>\n<li><strong>Halvledarindustrin<\/strong>: h\u00f6grena reng\u00f6ring av halvledarwafers.<\/li>\n<li><strong>Ur- och smyckesindustrin<\/strong>: avl\u00e4gsnande av olja, smuts, oxidlager, polermedel, etc.<\/li>\n<li><strong>Kemisk, biologisk industri<\/strong>: Reng\u00f6ring av laboratoriek\u00e4rl.<\/li>\n<li> <strong>Optisk industri<\/strong>: avl\u00e4gsnande av olja, svett, damm etc. fr\u00e5n optiska komponenter.<\/li>\n<li> <strong>Textil- och tryckindustrin<\/strong>: reng\u00f6ring av textilspolar, spinnhuvuden, etc.<\/li>\n<li> <strong>Olje- och kemisk industri<\/strong>: reng\u00f6ring och rensning av metalln\u00e4t, kemiska beh\u00e5llare, ventiler, etc.<\/li>\n<\/ul>\n<h3>Betalning<\/h3>\n<p>Vi accepterar PayPal, T\/T &#038; Western Union.<\/p>\n<h3 class=\"shipping-methods\">Frakt<\/h3>\n<p>Varor skickas inom 48 timmar efter att full betalning har mottagits.<\/p>\n<ul>\n<li>Vi skickar varorna till den adress som anges i PayPal-betalningen. Se till att adressen i PayPal \u00e4r korrekt.<\/li>\n<li>Vi ger dig sp\u00e5rningsnumret efter att vi skickat varorna, i allm\u00e4nhet f\u00e5r du varorna inom fem dagar.<\/li>\n<li>Om du har n\u00e5gra fr\u00e5gor, v\u00e4nligen kontakta oss via e-post (v\u00e5r e-postadress \u00e4r <a href=\"mailto:support@bjultrasonic.com\">support@bjultrasonic.com<\/a>)<\/li>\n<\/ul>\n<h3>Produktgaranti<\/h3>\n<p>Produktens garantiperiod \u00e4r ett \u00e5r. Inom garantitiden kan k\u00f6pta produkter f\u00e5 gratis reparation eller byte.<\/p>\n","protected":false},"excerpt":{"rendered":"<p><a href=\"https:\/\/www.bjultrasonic.com\/sv\/category\/ultrasonic-cleaning-system-sv\/digital-ultrasonic-cleaner-sv\/\">Digitala ultraljudsreng\u00f6rare<\/a> anv\u00e4nds i stor utstr\u00e4ckning f\u00f6r att reng\u00f6ra smycken, klockor, halsband, \u00f6rh\u00e4ngen, ringar, armband, mynt, klockband, glas\u00f6gon, solglas\u00f6gon, kontaktlinsaccessoarer, tandproteser, kamar, tandborstar, bordsserviser med mera.<\/p>\n","protected":false},"featured_media":1111,"comment_status":"open","ping_status":"closed","template":"","meta":[],"product_brand":[],"product_cat":[5850],"product_tag":[],"class_list":{"0":"post-70284","1":"product","2":"type-product","3":"status-publish","4":"has-post-thumbnail","6":"product_cat-digital-ultrasonic-cleaner-sv","8":"first","9":"outofstock","10":"shipping-taxable","11":"purchasable","12":"product-type-simple","13":"prodpage-classic"},"aioseo_notices":[],"_links":{"self":[{"href":"https:\/\/www.bjultrasonic.com\/sv\/wp-json\/wp\/v2\/product\/70284","targetHints":{"allow":["GET"]}}],"collection":[{"href":"https:\/\/www.bjultrasonic.com\/sv\/wp-json\/wp\/v2\/product"}],"about":[{"href":"https:\/\/www.bjultrasonic.com\/sv\/wp-json\/wp\/v2\/types\/product"}],"replies":[{"embeddable":true,"href":"https:\/\/www.bjultrasonic.com\/sv\/wp-json\/wp\/v2\/comments?post=70284"}],"wp:featuredmedia":[{"embeddable":true,"href":"https:\/\/www.bjultrasonic.com\/sv\/wp-json\/wp\/v2\/media\/1111"}],"wp:attachment":[{"href":"https:\/\/www.bjultrasonic.com\/sv\/wp-json\/wp\/v2\/media?parent=70284"}],"wp:term":[{"taxonomy":"product_brand","embeddable":true,"href":"https:\/\/www.bjultrasonic.com\/sv\/wp-json\/wp\/v2\/product_brand?post=70284"},{"taxonomy":"product_cat","embeddable":true,"href":"https:\/\/www.bjultrasonic.com\/sv\/wp-json\/wp\/v2\/product_cat?post=70284"},{"taxonomy":"product_tag","embeddable":true,"href":"https:\/\/www.bjultrasonic.com\/sv\/wp-json\/wp\/v2\/product_tag?post=70284"}],"curies":[{"name":"wp","href":"https:\/\/api.w.org\/{rel}","templated":true}]}}