{"id":70424,"date":"2012-04-30T02:19:42","date_gmt":"2012-04-30T07:19:42","guid":{"rendered":"https:\/\/www.bjultrasonic.com\/shop\/3l-digital-ultrasonic-cleaner-with-timer\/"},"modified":"2026-03-28T20:10:57","modified_gmt":"2026-03-29T01:10:57","slug":"3l-digital-ultrasonic-cleaner-with-timer","status":"publish","type":"product","link":"https:\/\/www.bjultrasonic.com\/sv\/shop\/3l-digital-ultrasonic-cleaner-with-timer\/","title":{"rendered":"3L Digitalt Ultraljudsreng\u00f6ringsverktyg med Timer"},"content":{"rendered":"<h2>Specifikationer f\u00f6r 3L digital ultraljudsreng\u00f6rare med timer<\/h2>\n<table class=\"table table-striped table-bordered\"   id=\"wp-table-reloaded-id-84-no-1\">\n<tbody>\n<tr>\n<td>Typ<\/td>\n<td>BJUCDT3<\/td>\n<\/tr>\n<tr>\n<td>Beh\u00e5llarkapacitet<\/td>\n<td>3L<\/td>\n<\/tr>\n<tr>\n<td>Effekt<\/td>\n<td>120W<\/td>\n<\/tr>\n<tr>\n<td>Frekvens<\/td>\n<td>40kHz<\/td>\n<\/tr>\n<tr>\n<td>Beh\u00e5llarm\u00e5tt (mm)<\/td>\n<td>240*140*100 (L*B*H)<\/td>\n<\/tr>\n<tr>\n<td>Maskinens m\u00e5tt (mm)<\/td>\n<td>270*170*240 (L*B*H)<\/td>\n<\/tr>\n<tr>\n<td>Sp\u00e4nning<\/td>\n<td>110VAC\u2014240VAC<\/td>\n<\/tr>\n<tr>\n<td>Funktioner<\/td>\n<td>Timer (1-99 minuter),<\/td>\n<\/tr>\n<tr>\n<td>Korg<\/td>\n<td>Rostfri st\u00e5lkorg<\/td>\n<\/tr>\n<tr>\n<td>Enhetsvikt<\/td>\n<td>3,8 kg<\/td>\n<\/tr>\n<\/tbody>\n<\/table>\n<h3>Digital Ultraljudsreng\u00f6rare Beskrivning<\/h3>\n<ul>\n<li>Hela ultraljudsreng\u00f6raren \u00e4r i rostfritt st\u00e5l, estetisk och praktisk.<\/li>\n<li>Anv\u00e4nder h\u00f6gkvalitativa ultraljudstransduktorer. Stark effekt.<\/li>\n<li>H\u00f6g kvalitet p\u00e5 limningsprocessen. Ultraljudstransduktorn f\u00e4sts med epoxylim.<\/li>\n<li>Tiden kan justeras efter behov.<\/li>\n<\/ul>\n<h3>\u00a0Ultraljudsreng\u00f6rare Till\u00e4mpningar<\/h3>\n<ul>\n<li><strong>Maskinindustrin<\/strong>: avl\u00e4gsnande av rostskyddsolja; Reng\u00f6ring av m\u00e4tverktyg; Reng\u00f6ring av maskindelar, motor, f\u00f6rgasare och fordonsdelar;<\/li>\n<li><strong>Ytbehandlingsindustrin<\/strong>: avl\u00e4gsnande av olja\/rost f\u00f6re galvanisering; Reng\u00f6ring f\u00f6re jonbel\u00e4ggning; Fosfateringsbehandling; Avkolning; Avl\u00e4gsnande av oxidskikt; Avl\u00e4gsnande av polermedel; Aktiveringsbehandling av arbetsstyckens metalliska ytor, etc.<\/li>\n<li><strong>Instrumentindustrin<\/strong>: reng\u00f6ring med h\u00f6g renhetsgrad av precisionsdelar f\u00f6re montering.<\/li>\n<li><strong>Elektronikindustrin<\/strong>: avl\u00e4gsnande av harts fr\u00e5n kretskort, l\u00f6dpunkter; Reng\u00f6ring av h\u00f6gsp\u00e4nningskontakter och andra mekaniska och elektroniska komponenter, etc.<\/li>\n<li><strong>Medicinsk industri<\/strong>: reng\u00f6ring och desinfektion, sterilisering av medicinsk utrustning, reng\u00f6ring av laboratoriek\u00e4rl, etc.<\/li>\n<li><strong>Halvledarindustrin<\/strong>: reng\u00f6ring med h\u00f6g renhetsgrad av halvledarwafers.<\/li>\n<li><strong>Urmakeri\/smyckesindustrin<\/strong>: avl\u00e4gsnande av olja, smuts, oxidlager, polermedel, etc.<\/li>\n<li><strong>Kemisk, Biologisk industri<\/strong>: Reng\u00f6ring av laboratoriek\u00e4rl.<\/li>\n<li>\u00a0<strong>Optisk industri<\/strong>: avl\u00e4gsnande av olja, svett, damm etc. fr\u00e5n optiska komponenter.<\/li>\n<li>\u00a0<strong>Textil- och tryckindustrin<\/strong>: reng\u00f6ring av textilspolar, spinnsprutor, etc.<\/li>\n<li>\u00a0<strong>Olje- och kemisk industri<\/strong>: reng\u00f6ring och rensning av metalln\u00e4t, kemiska beh\u00e5llare, ventiler, etc.<\/li>\n<\/ul>\n<h3>Digital Ultraljudsreng\u00f6rare med Timer och V\u00e4rmeelement Video<\/h3>\n<p><iframe loading=\"lazy\" title=\"Digital Ultrasonic Cleaner with Timer and Heater\" width=\"500\" height=\"281\" src=\"https:\/\/www.youtube.com\/embed\/SdW_EZ2X140?feature=oembed\" frameborder=\"0\" allow=\"accelerometer; autoplay; clipboard-write; encrypted-media; gyroscope; picture-in-picture; web-share\" referrerpolicy=\"strict-origin-when-cross-origin\" allowfullscreen><\/iframe><\/p>\n<h3>Betalning<\/h3>\n<p>Vi accepterar f\u00f6r n\u00e4rvarande PayPal, T\/T &#038; Western Union.<\/p>\n<h3 class=\"shipping-methods\">Frakt<\/h3>\n<p>Varorna skickas inom 48 timmar efter att full betalning har mottagits.<\/p>\n<ul>\n<li>Vi skickar varorna till den adress som anges i PayPal-betalningen. Se till att adressen i PayPal \u00e4r korrekt.<\/li>\n<li>Vi ger dig sp\u00e5rningsnumret efter att vi skickat varorna, i allm\u00e4nhet kommer du att f\u00e5 varorna inom fem dagar.<\/li>\n<li>Om du har n\u00e5gra fr\u00e5gor, v\u00e4nligen kontakta oss via e-post (v\u00e5r e-postadress \u00e4r <a href=\"mailto:support@bjultrasonic.com\">support@bjultrasonic.com<\/a>)<\/li>\n<\/ul>\n<h3>Produktgaranti<\/h3>\n<p>Produktens garantitid \u00e4r ett \u00e5r. Inom garantitiden kan ink\u00f6pta produkter f\u00e5 gratis reparation eller byte.<\/p>\n","protected":false},"excerpt":{"rendered":"<p><a href=\"https:\/\/www.bjultrasonic.com\/sv\/category\/ultrasonic-cleaning-system-sv\/digital-ultrasonic-cleaner-sv\/\">Digitala ultraljudsreng\u00f6rare<\/a> anv\u00e4nds i stor utstr\u00e4ckning f\u00f6r att reng\u00f6ra smycken, klockor, halsband, \u00f6rh\u00e4ngen, ringar, armband, mynt, klockband, glas\u00f6gon, solglas\u00f6gon, kontaktlinsaccessoarer, tandproteser, h\u00e5rborstar, tandborstar, matbestick och s\u00e5 vidare.<\/p>\n","protected":false},"featured_media":1075,"comment_status":"open","ping_status":"closed","template":"","meta":[],"product_brand":[],"product_cat":[5850],"product_tag":[],"class_list":{"0":"post-70424","1":"product","2":"type-product","3":"status-publish","4":"has-post-thumbnail","6":"product_cat-digital-ultrasonic-cleaner-sv","8":"first","9":"outofstock","10":"shipping-taxable","11":"purchasable","12":"product-type-simple","13":"prodpage-classic"},"aioseo_notices":[],"_links":{"self":[{"href":"https:\/\/www.bjultrasonic.com\/sv\/wp-json\/wp\/v2\/product\/70424","targetHints":{"allow":["GET"]}}],"collection":[{"href":"https:\/\/www.bjultrasonic.com\/sv\/wp-json\/wp\/v2\/product"}],"about":[{"href":"https:\/\/www.bjultrasonic.com\/sv\/wp-json\/wp\/v2\/types\/product"}],"replies":[{"embeddable":true,"href":"https:\/\/www.bjultrasonic.com\/sv\/wp-json\/wp\/v2\/comments?post=70424"}],"wp:featuredmedia":[{"embeddable":true,"href":"https:\/\/www.bjultrasonic.com\/sv\/wp-json\/wp\/v2\/media\/1075"}],"wp:attachment":[{"href":"https:\/\/www.bjultrasonic.com\/sv\/wp-json\/wp\/v2\/media?parent=70424"}],"wp:term":[{"taxonomy":"product_brand","embeddable":true,"href":"https:\/\/www.bjultrasonic.com\/sv\/wp-json\/wp\/v2\/product_brand?post=70424"},{"taxonomy":"product_cat","embeddable":true,"href":"https:\/\/www.bjultrasonic.com\/sv\/wp-json\/wp\/v2\/product_cat?post=70424"},{"taxonomy":"product_tag","embeddable":true,"href":"https:\/\/www.bjultrasonic.com\/sv\/wp-json\/wp\/v2\/product_tag?post=70424"}],"curies":[{"name":"wp","href":"https:\/\/api.w.org\/{rel}","templated":true}]}}