{"id":70524,"date":"2012-04-30T01:49:48","date_gmt":"2012-04-30T06:49:48","guid":{"rendered":"https:\/\/www.bjultrasonic.com\/shop\/1-3l-digital-ultrasonic-cleaner-with-timer\/"},"modified":"2026-03-28T20:09:59","modified_gmt":"2026-03-29T01:09:59","slug":"1-3l-digital-ultrasonic-cleaner-with-timer","status":"publish","type":"product","link":"https:\/\/www.bjultrasonic.com\/sv\/shop\/1-3l-digital-ultrasonic-cleaner-with-timer\/","title":{"rendered":"1,3L Digitalt ultraljudsrenare med timer"},"content":{"rendered":"<h2>Specifikation f\u00f6r 1.3L digital ultraljudsreng\u00f6rare med timer<\/h2>\n<table class=\"table table-striped table-bordered\"   id=\"wp-table-reloaded-id-79-no-1\">\n<tbody>\n<tr>\n<td>Typ<\/td>\n<td>BJUCDT1.3<\/td>\n<\/tr>\n<tr>\n<td>Tankkapacitet<\/td>\n<td>1.3L<\/td>\n<\/tr>\n<tr>\n<td>Effekt<\/td>\n<td>60W<\/td>\n<\/tr>\n<tr>\n<td>Frekvens<\/td>\n<td>40khz<\/td>\n<\/tr>\n<tr>\n<td>Tankstorlek(mm)<\/td>\n<td>150*140*65(L*B*H)<\/td>\n<\/tr>\n<tr>\n<td>Maskinstorlek(mm)<\/td>\n<td>190*170*185(L*B*H)<\/td>\n<\/tr>\n<tr>\n<td>Sp\u00e4nning<\/td>\n<td>110VAC\u2014240VAC<\/td>\n<\/tr>\n<tr>\n<td>Funktioner<\/td>\n<td>Timer(1-99 min)<\/td>\n<\/tr>\n<tr>\n<td>Korg<\/td>\n<td>Korg i rostfritt st\u00e5l<\/td>\n<\/tr>\n<tr>\n<td>Enhetsvikt<\/td>\n<td>2kg<\/td>\n<\/tr>\n<\/tbody>\n<\/table>\n<h3>Digital ultraljudsreng\u00f6rare Beskrivning<\/h3>\n<ul>\n<li>Hela ultraljudsreng\u00f6ringsmaskinen \u00e4r helt i rostfritt st\u00e5l, estetisk och praktisk.<\/li>\n<li>Anv\u00e4nder h\u00f6g-Q ultraljudstransducerare. Stark effekt.<\/li>\n<li>H\u00f6g kvalitet p\u00e5 bindningsprocessen. F\u00e4st ultraljudstransduceraren med epoxylim.<\/li>\n<li>Tiden kan justeras mellan 0-99 minuter efter behov.<\/li>\n<\/ul>\n<p><iframe loading=\"lazy\" title=\"Digital Ultrasonic Cleaner with Timer and Heater\" width=\"500\" height=\"281\" src=\"https:\/\/www.youtube.com\/embed\/SdW_EZ2X140?feature=oembed\" frameborder=\"0\" allow=\"accelerometer; autoplay; clipboard-write; encrypted-media; gyroscope; picture-in-picture; web-share\" referrerpolicy=\"strict-origin-when-cross-origin\" allowfullscreen><\/iframe><\/p>\n<h3>\u00a0Ultraljudsreng\u00f6rare Till\u00e4mpning<\/h3>\n<ul>\n<li><strong>Maskinindustri<\/strong>: borttagning av rostskyddsolja; Reng\u00f6ring av m\u00e4tverktyg; Reng\u00f6ring av maskindelar, motor, f\u00f6rgasare och fordonsdelar;<\/li>\n<li><strong>Ytbehandlingsindustri<\/strong>: f\u00f6re f\u00f6rkromning borttagning av olja och rost; Reng\u00f6ring f\u00f6re jonbel\u00e4ggning; Fosforbehandling; Borttagning av kol; Borttagning av oxidhinna; Borttagning av polermedel; Aktivering av metallytor p\u00e5 arbetsstycken, etc.<\/li>\n<li><strong>Instrumentindustri<\/strong>: reng\u00f6ring av precisionsdelar med h\u00f6g renhetsgrad f\u00f6re montering.<\/li>\n<li><strong>Elektronikindustri<\/strong>: borttagning av harts fr\u00e5n kretskort, l\u00f6dpunkter; Reng\u00f6ring av h\u00f6gtryckskontakter och andra mekaniska och elektroniska komponenter, etc.<\/li>\n<li><strong>Medicinsk industri<\/strong>: reng\u00f6ring och desinfektion, sterilisering av medicinsk utrustning, reng\u00f6ring av laboratoriek\u00e4rl, etc.<\/li>\n<li><strong>Halvledarindustri<\/strong>: reng\u00f6ring av halvledarwafers med h\u00f6g renhetsgrad.<\/li>\n<li><strong>Urmakeri och smyckesindustri<\/strong>: borttagning av olja, smuts, oxidlager, polermedel, etc.<\/li>\n<li><strong>Kemisk, Biologisk Industri<\/strong>: Reng\u00f6ring av laboratoriek\u00e4rl.<\/li>\n<li>\u00a0<strong>Optisk industri<\/strong>: borttagning av olja fr\u00e5n optiska enheter, borttagning av svett, reng\u00f6ring av damm, etc.<\/li>\n<li>\u00a0<strong>Textil- och tryckindustri<\/strong>: reng\u00f6ring av textilspolar, spinnhuvuden, etc.<\/li>\n<li>\u00a0<strong>Oljekemisk Industri<\/strong>: reng\u00f6ring och rensning av metalln\u00e4t, kemiska beh\u00e5llare, reng\u00f6ring av ventiler, etc.<\/li>\n<\/ul>\n<h3>Betalning<\/h3>\n<p>Vi accepterar PayPal, T\/T &#038; Western Union f\u00f6r n\u00e4rvarande.<\/p>\n<h3 class=\"shipping-methods\">Frakt<\/h3>\n<p>Varorna kommer att skeppas inom 48 timmar efter att full betalning har mottagits.<\/p>\n<ul>\n<li>Vi skickar varorna till adressen som anges i PayPal-betalningen. Se till att adressen i PayPal \u00e4r korrekt.<\/li>\n<li>Vi kommer att ge dig sp\u00e5rningsnumret efter att vi har skickat varorna, vanligtvis kommer du att f\u00e5 varorna inom fem dagar.<\/li>\n<li>Om du har n\u00e5gra fr\u00e5gor, v\u00e4nligen kontakta oss via e-post (v\u00e5r e-postadress \u00e4r <a href=\"mailto:support@bjultrasonic.com\">support@bjultrasonic.com<\/a>)<\/li>\n<\/ul>\n<h3>Produktgaranti<\/h3>\n<p>Produktens garantitid \u00e4r ett \u00e5r. Inom garantitiden kan k\u00f6pta produkter f\u00e5 gratis reparation eller utbyte.<\/p>\n","protected":false},"excerpt":{"rendered":"<p><a href=\"https:\/\/www.bjultrasonic.com\/sv\/category\/ultrasonic-cleaning-system-sv\/digital-ultrasonic-cleaner-sv\/\">Digitala ultraljudsreng\u00f6rare<\/a> anv\u00e4nds i stor utstr\u00e4ckning f\u00f6r att reng\u00f6ra smycken, klockor, halsband, \u00f6rh\u00e4ngen, ringar, armband, mynt, klockarmband, glas\u00f6gon, solglas\u00f6gon, kontaktlinsaccessoarer, tandproteser, kamar, tandborstar, matbestick med mera.<\/p>\n","protected":false},"featured_media":1049,"comment_status":"open","ping_status":"closed","template":"","meta":[],"product_brand":[],"product_cat":[5850],"product_tag":[],"class_list":{"0":"post-70524","1":"product","2":"type-product","3":"status-publish","4":"has-post-thumbnail","6":"product_cat-digital-ultrasonic-cleaner-sv","8":"first","9":"outofstock","10":"shipping-taxable","11":"purchasable","12":"product-type-simple","13":"prodpage-classic"},"aioseo_notices":[],"_links":{"self":[{"href":"https:\/\/www.bjultrasonic.com\/sv\/wp-json\/wp\/v2\/product\/70524","targetHints":{"allow":["GET"]}}],"collection":[{"href":"https:\/\/www.bjultrasonic.com\/sv\/wp-json\/wp\/v2\/product"}],"about":[{"href":"https:\/\/www.bjultrasonic.com\/sv\/wp-json\/wp\/v2\/types\/product"}],"replies":[{"embeddable":true,"href":"https:\/\/www.bjultrasonic.com\/sv\/wp-json\/wp\/v2\/comments?post=70524"}],"wp:featuredmedia":[{"embeddable":true,"href":"https:\/\/www.bjultrasonic.com\/sv\/wp-json\/wp\/v2\/media\/1049"}],"wp:attachment":[{"href":"https:\/\/www.bjultrasonic.com\/sv\/wp-json\/wp\/v2\/media?parent=70524"}],"wp:term":[{"taxonomy":"product_brand","embeddable":true,"href":"https:\/\/www.bjultrasonic.com\/sv\/wp-json\/wp\/v2\/product_brand?post=70524"},{"taxonomy":"product_cat","embeddable":true,"href":"https:\/\/www.bjultrasonic.com\/sv\/wp-json\/wp\/v2\/product_cat?post=70524"},{"taxonomy":"product_tag","embeddable":true,"href":"https:\/\/www.bjultrasonic.com\/sv\/wp-json\/wp\/v2\/product_tag?post=70524"}],"curies":[{"name":"wp","href":"https:\/\/api.w.org\/{rel}","templated":true}]}}