{"id":70564,"date":"2012-04-29T07:22:45","date_gmt":"2012-04-29T12:22:45","guid":{"rendered":"https:\/\/www.bjultrasonic.com\/shop\/0-4l-digital-ultrasonic-cleaner-with-timer\/"},"modified":"2026-03-28T20:09:57","modified_gmt":"2026-03-29T01:09:57","slug":"0-4l-digital-ultrasonic-cleaner-with-timer","status":"publish","type":"product","link":"https:\/\/www.bjultrasonic.com\/sv\/shop\/0-4l-digital-ultrasonic-cleaner-with-timer\/","title":{"rendered":"0,4L digital ultraljudsreng\u00f6rare med timer"},"content":{"rendered":"<h2>Specifikation f\u00f6r 0.4L Digital Ultraljudsrenare med Timer<\/h2>\n<table class=\"table table-striped table-bordered\"   id=\"wp-table-reloaded-id-77-no-1\">\n<tbody>\n<tr>\n<td>Typ<\/td>\n<td>BJUCDT0.4<\/td>\n<\/tr>\n<tr>\n<td>Tankvolym<\/td>\n<td>0.4L<\/td>\n<\/tr>\n<tr>\n<td>Effekt<\/td>\n<td>35W<\/td>\n<\/tr>\n<tr>\n<td>Frekvens<\/td>\n<td>40kHz<\/td>\n<\/tr>\n<tr>\n<td>Tankstorlek (mm)<\/td>\n<td>155 x 80 x 40mm (L*B*H)<\/td>\n<\/tr>\n<tr>\n<td>Maskinstorlek (mm)<\/td>\n<td>205*115*90mm<\/td>\n<\/tr>\n<tr>\n<td>Sp\u00e4nning<\/td>\n<td>220V\/110V<\/td>\n<\/tr>\n<tr>\n<td>Funktioner<\/td>\n<td>Timer (0-3 min)<\/td>\n<\/tr>\n<tr>\n<td>Enhetsvikt<\/td>\n<td>0.8kg<\/td>\n<\/tr>\n<\/tbody>\n<\/table>\n<h3>Anm\u00e4rkningar<\/h3>\n<p>V\u00e4nligen meddela oss vilken sp\u00e4nning du beh\u00f6ver n\u00e4r du l\u00e4gger din best\u00e4llning.<\/p>\n<h3>Digital Ultraljudsrenare Beskrivning<\/h3>\n<ul>\n<li>Anv\u00e4nder h\u00f6gkvalitativa ultraljudstransduktorer med h\u00f6g Q-faktor. Stark effekt.<\/li>\n<li>H\u00f6g kvalitet p\u00e5 limprocessen. Ultraljudstransduktorn f\u00e4sts med epoxylim.<\/li>\n<li>Tiden kan justeras mellan 0-3 minuter efter behov.<\/li>\n<\/ul>\n<p><iframe loading=\"lazy\" title=\"How to Use an Ultrasonic Cleaner - Beijing Ultrasonic\" width=\"500\" height=\"281\" src=\"https:\/\/www.youtube.com\/embed\/YTCghUcjfyU?feature=oembed\" frameborder=\"0\" allow=\"accelerometer; autoplay; clipboard-write; encrypted-media; gyroscope; picture-in-picture; web-share\" referrerpolicy=\"strict-origin-when-cross-origin\" allowfullscreen><\/iframe><\/p>\n<h3>Ultraljudsrenare Till\u00e4mpning<\/h3>\n<ul>\n<li>Reng\u00f6ring av smycken och klockor: Halsband, \u00f6rh\u00e4ngen, ringar, armband, mynt, klockarmband etc.<\/li>\n<li>Reng\u00f6ring av synhj\u00e4lpmedel: Glas\u00f6gon, solglas\u00f6gon, kontaktlinsaccessoarer.<\/li>\n<li>Reng\u00f6ring inom daglig personlig v\u00e5rd: Tandproteser, kamar, tandborstar, bestick.<\/li>\n<\/ul>\n<h3>Betalning<\/h3>\n<p>Vi accepterar PayPal, T\/T &#038; Western Union.<\/p>\n<h3 class=\"shipping-methods\">Frakt<\/h3>\n<p>Varorna kommer att skeppas inom 48 timmar efter att full betalning har mottagits.<\/p>\n<ul>\n<li>Vi skickar varorna till den adress som anges i PayPal-betalningen. V\u00e4nligen se till att adressen i PayPal \u00e4r korrekt.<\/li>\n<li>Vi kommer att ge dig sp\u00e5rningsnumret efter att vi skickat varorna. I allm\u00e4nhet kommer du att f\u00e5 varorna inom fem dagar.<\/li>\n<li>Om du har n\u00e5gra fr\u00e5gor, v\u00e4nligen kontakta oss via e-post (v\u00e5r e-postadress \u00e4r <a href=\"mailto:support@bjultrasonic.com\">support@bjultrasonic.com<\/a>)<\/li>\n<\/ul>\n<h3>Produktgaranti<\/h3>\n<p>Produktens garantitid \u00e4r ett \u00e5r. Inom garantitiden kan k\u00f6pta produkter f\u00e5 gratis reparation eller utbyte.<\/p>\n","protected":false},"excerpt":{"rendered":"<p><a href=\"https:\/\/www.bjultrasonic.com\/sv\/category\/ultrasonic-cleaning-system-sv\/digital-ultrasonic-cleaner-sv\/\">Digitala ultraljudsreng\u00f6rare<\/a> anv\u00e4nds ofta f\u00f6r att reng\u00f6ra smycken, klockor, halsband, \u00f6rh\u00e4ngen, ringar, armband, mynt, klockband, glas\u00f6gon, solglas\u00f6gon, kontaktlinsaccessoarer, tandproteser, kamar, tandborstar, bestick och s\u00e5 vidare.<\/p>\n","protected":false},"featured_media":1036,"comment_status":"open","ping_status":"closed","template":"","meta":[],"product_brand":[],"product_cat":[5850],"product_tag":[],"class_list":{"0":"post-70564","1":"product","2":"type-product","3":"status-publish","4":"has-post-thumbnail","6":"product_cat-digital-ultrasonic-cleaner-sv","8":"first","9":"outofstock","10":"shipping-taxable","11":"purchasable","12":"product-type-simple","13":"prodpage-classic"},"aioseo_notices":[],"_links":{"self":[{"href":"https:\/\/www.bjultrasonic.com\/sv\/wp-json\/wp\/v2\/product\/70564","targetHints":{"allow":["GET"]}}],"collection":[{"href":"https:\/\/www.bjultrasonic.com\/sv\/wp-json\/wp\/v2\/product"}],"about":[{"href":"https:\/\/www.bjultrasonic.com\/sv\/wp-json\/wp\/v2\/types\/product"}],"replies":[{"embeddable":true,"href":"https:\/\/www.bjultrasonic.com\/sv\/wp-json\/wp\/v2\/comments?post=70564"}],"wp:featuredmedia":[{"embeddable":true,"href":"https:\/\/www.bjultrasonic.com\/sv\/wp-json\/wp\/v2\/media\/1036"}],"wp:attachment":[{"href":"https:\/\/www.bjultrasonic.com\/sv\/wp-json\/wp\/v2\/media?parent=70564"}],"wp:term":[{"taxonomy":"product_brand","embeddable":true,"href":"https:\/\/www.bjultrasonic.com\/sv\/wp-json\/wp\/v2\/product_brand?post=70564"},{"taxonomy":"product_cat","embeddable":true,"href":"https:\/\/www.bjultrasonic.com\/sv\/wp-json\/wp\/v2\/product_cat?post=70564"},{"taxonomy":"product_tag","embeddable":true,"href":"https:\/\/www.bjultrasonic.com\/sv\/wp-json\/wp\/v2\/product_tag?post=70564"}],"curies":[{"name":"wp","href":"https:\/\/api.w.org\/{rel}","templated":true}]}}