{"id":70624,"date":"2012-04-29T00:28:04","date_gmt":"2012-04-29T05:28:04","guid":{"rendered":"https:\/\/www.bjultrasonic.com\/shop\/1200w-ultrasonic-cleaner\/"},"modified":"2026-03-28T20:09:06","modified_gmt":"2026-03-29T01:09:06","slug":"1200w-ultrasonic-cleaner","status":"publish","type":"product","link":"https:\/\/www.bjultrasonic.com\/sv\/shop\/1200w-ultrasonic-cleaner\/","title":{"rendered":"1200W Industriell Ultraljudsreningsmaskin"},"content":{"rendered":"<h2>Specifikation f\u00f6r 1200W ultraljudsreng\u00f6rare<\/h2>\n<table class=\"table table-striped table-bordered\"   id=\"wp-table-reloaded-id-74-no-1\">\n<tbody>\n<tr>\n<td>Typ<\/td>\n<td>BJUC1200<\/td>\n<\/tr>\n<tr>\n<td>Ultraljudseffekt<\/td>\n<td>1200w<\/td>\n<\/tr>\n<tr>\n<td>V\u00e4rmeeffekt<\/td>\n<td>4000W<\/td>\n<\/tr>\n<tr>\n<td>Frekvens<\/td>\n<td>40khz\/28khz<\/td>\n<\/tr>\n<tr>\n<td>Tankstorlek (mm)<\/td>\n<td>580 \u00d7 380\u00d7 350(L*B*H)<\/td>\n<\/tr>\n<tr>\n<td>Maskinstorlek<\/td>\n<td>740 \u00d7 550 \u00d7 675(L*B*H)<\/td>\n<\/tr>\n<tr>\n<td>Sp\u00e4nning<\/td>\n<td>220V\/380V<\/td>\n<\/tr>\n<tr>\n<td>Funktioner<\/td>\n<td>Tidur, Uppv\u00e4rmning<\/td>\n<\/tr>\n<tr>\n<td>Korg<\/td>\n<td>Rostfri st\u00e5lkorg<\/td>\n<\/tr>\n<\/tbody>\n<\/table>\n<h3>Anm\u00e4rkningar<\/h3>\n<ul>\n<li>1200w ultraljudsreng\u00f6ringsmaskiner \u00e4r specialbest\u00e4llda produkter. F\u00f6r pris, v\u00e4nligen kontakta v\u00e5r f\u00f6rs\u00e4ljningsrepresentant (<a href=\"https:\/\/www.bjultrasonic.com\/contact\/\" target=\"_blank\" rel=\"noopener\">Kontaktformul\u00e4r<\/a>). Vi \u00e5terkommer till dig snart.<\/li>\n<li>Vi kan designa och specialtillverka olika ultraljudsreng\u00f6ringsmaskiner baserat p\u00e5 krav.<\/li>\n<\/ul>\n<h3>De typiska egenskaperna f\u00f6r denna typ av ultraljudsreng\u00f6ringsmaskin<\/h3>\n<ul>\n<li>Anv\u00e4nder h\u00f6gkvalitativ rostfri st\u00e5lpl\u00e5t och komponenter: helt rostfritt st\u00e5l, vackert och h\u00e5llbart utseende.<\/li>\n<li>Uppv\u00e4rmnings- och temperaturkontrollenhet, temperaturintervall 10 ~ 100 \u2103.<\/li>\n<li>Anv\u00e4nder h\u00f6gkvalitativa omvandlare, stark ultraljudseffektutmatning.<\/li>\n<li>Reng\u00f6ringstank och generator anv\u00e4nder fission-stilsdesign, l\u00e4tt att anv\u00e4nda.<\/li>\n<li>Anv\u00e4nder ny krets, generatorns effekt och tidur kan justeras.<\/li>\n<li>Ultraljudsvibrationsl\u00e4gen har botten- och kantvibration, l\u00e4mpliga f\u00f6r olika behov.<\/li>\n<\/ul>\n<h3>Ultraljudsreng\u00f6ringstank &amp; Ultraljudsgenerator f\u00f6r reng\u00f6ringstank<\/h3>\n<p><iframe loading=\"lazy\" title=\"Ultrasonic Cleaning Tank for Sale\" width=\"500\" height=\"281\" src=\"https:\/\/www.youtube.com\/embed\/tMUV4LCcNvA?feature=oembed\" frameborder=\"0\" allow=\"accelerometer; autoplay; clipboard-write; encrypted-media; gyroscope; picture-in-picture; web-share\" referrerpolicy=\"strict-origin-when-cross-origin\" allowfullscreen><\/iframe><\/p>\n<h3>Ultraljudsreng\u00f6ringsmaskin Till\u00e4mpning<\/h3>\n<ul>\n<li><strong>Maskinindustri<\/strong>: borttagning av rostskyddsolja; Reng\u00f6ring av m\u00e4tverktyg; Reng\u00f6ring av maskindelar, motor, f\u00f6rgasare och fordonsdelar;<\/li>\n<li><strong>Ytbehandlingsindustri<\/strong>: f\u00f6re f\u00f6rkromning borttagning av olja eller rost; Reng\u00f6ring f\u00f6re jonbel\u00e4ggning; Fosforbehandling; Borttagning av kol; Borttagning av oxidhinna; Borttagning av polermedel; Aktiv behandling av arbetsstyckets metallyta, etc.<\/li>\n<li><strong>Instrumentindustri<\/strong>: h\u00f6g renhetsgradsreng\u00f6ring av precisionsdelar f\u00f6re montering.<\/li>\n<li><strong>Elektronikindustri<\/strong>: borttagning av harts fr\u00e5n kretskort, l\u00f6dfl\u00e4ckar; Reng\u00f6ring av h\u00f6gtryckskontakter och andra mekaniska och elektroniska komponenter, etc.<\/li>\n<li><strong>Medicinsk industri<\/strong>: reng\u00f6ring och desinfektion, sterilisering av medicinsk utrustning, reng\u00f6ring av laboratoriek\u00e4rl, etc.<\/li>\n<li><strong>Halvledarindustri<\/strong>: h\u00f6g renhetsgradsreng\u00f6ring av halvledarwafers.<\/li>\n<li><strong>Urmakare\/Smyckesindustri<\/strong>: borttagning av olja, smuts, oxidlager, polermedel, etc.<\/li>\n<li><strong>Kemisk, Biologisk Industri<\/strong>: Reng\u00f6ring av laboratoriek\u00e4rl.<\/li>\n<li><strong>Optisk industri<\/strong>: borttagning av olja fr\u00e5n optiska enheter, borttagning av svett, aska, etc.<\/li>\n<li><strong>Textil- och Tryckningsindustri<\/strong>: reng\u00f6ring av textilspolar, spinnerettar, etc.<\/li>\n<li><strong>Oljekemisk industri<\/strong>: reng\u00f6ring och rensning av metalln\u00e4t, kemiska beh\u00e5llare, reng\u00f6ring av ventiler, etc.<\/li>\n<\/ul>\n<p><img loading=\"lazy\" decoding=\"async\" class=\"alignnone size-full wp-image-1011\" title=\"300W Ultrasonic Cleaner\" alt=\"300W Ultrasonic Cleaner\" src=\"\/\/www.bjultrasonic.com\/wp-content\/uploads\/2012\/04\/201242911111.jpg\" width=\"456\" height=\"269\" \/><\/p>\n<h3>Betalning<\/h3>\n<p>Vi accepterar f\u00f6r n\u00e4rvarande endast <strong>Paypal<\/strong> ,<strong> T\/T <\/strong>och <strong>Western Union<\/strong> betalning.<\/p>\n<h3 class=\"shipping-methods\">Frakt<\/h3>\n<p>Varor skickas inom 48 timmar efter att full betalning mottagits.<\/p>\n<ul>\n<li>Vi skickar varorna till adressen som anges i PayPal-betalningen. Se till att adressen i PayPal \u00e4r korrekt.<\/li>\n<li>Vi ger dig sp\u00e5rningsnumret efter att vi skickat varorna, i allm\u00e4nhet f\u00e5r du varorna inom fem dagar.<\/li>\n<li>Om du har n\u00e5gra fr\u00e5gor, v\u00e4nligen kontakta oss via e-post (v\u00e5r e-postadress \u00e4r <a href=\"mailto:support@bjultrasonic.com\">support@bjultrasonic.com<\/a>)<\/li>\n<\/ul>\n<h3 align=\"left\">Produktgaranti<\/h3>\n<p>Produktens garantitid \u00e4r ett \u00e5r. Inom garantitiden kan k\u00f6pta produkter f\u00e5 gratis reparation eller utbyte.<\/p>\n","protected":false},"excerpt":{"rendered":"<p><a href=\"https:\/\/www.bjultrasonic.com\/sv\/category\/ultrasonic-cleaning-system-sv\/big-ultrasonic-cleaning-machine-sv\/\">Industriell ultraljudsreng\u00f6rare<\/a> tillverkad av Beijing Ultrasonic. Vi kan designa och anpassa olika <a href=\"https:\/\/www.bjultrasonic.com\/sv\/category\/ultrasonic-cleaning-system-sv\/big-ultrasonic-cleaning-machine-sv\/\">industriella ultraljudsreng\u00f6ringsmaskiner<\/a> efter behov.<\/p>\n","protected":false},"featured_media":23721,"comment_status":"open","ping_status":"closed","template":"","meta":[],"product_brand":[],"product_cat":[5959],"product_tag":[],"class_list":{"0":"post-70624","1":"product","2":"type-product","3":"status-publish","4":"has-post-thumbnail","6":"product_cat-big-ultrasonic-cleaning-machine-sv","8":"first","9":"instock","10":"shipping-taxable","11":"product-type-external","12":"prodpage-classic"},"aioseo_notices":[],"_links":{"self":[{"href":"https:\/\/www.bjultrasonic.com\/sv\/wp-json\/wp\/v2\/product\/70624","targetHints":{"allow":["GET"]}}],"collection":[{"href":"https:\/\/www.bjultrasonic.com\/sv\/wp-json\/wp\/v2\/product"}],"about":[{"href":"https:\/\/www.bjultrasonic.com\/sv\/wp-json\/wp\/v2\/types\/product"}],"replies":[{"embeddable":true,"href":"https:\/\/www.bjultrasonic.com\/sv\/wp-json\/wp\/v2\/comments?post=70624"}],"wp:featuredmedia":[{"embeddable":true,"href":"https:\/\/www.bjultrasonic.com\/sv\/wp-json\/wp\/v2\/media\/23721"}],"wp:attachment":[{"href":"https:\/\/www.bjultrasonic.com\/sv\/wp-json\/wp\/v2\/media?parent=70624"}],"wp:term":[{"taxonomy":"product_brand","embeddable":true,"href":"https:\/\/www.bjultrasonic.com\/sv\/wp-json\/wp\/v2\/product_brand?post=70624"},{"taxonomy":"product_cat","embeddable":true,"href":"https:\/\/www.bjultrasonic.com\/sv\/wp-json\/wp\/v2\/product_cat?post=70624"},{"taxonomy":"product_tag","embeddable":true,"href":"https:\/\/www.bjultrasonic.com\/sv\/wp-json\/wp\/v2\/product_tag?post=70624"}],"curies":[{"name":"wp","href":"https:\/\/api.w.org\/{rel}","templated":true}]}}