{"id":70744,"date":"2012-04-28T10:54:20","date_gmt":"2012-04-28T15:54:20","guid":{"rendered":"https:\/\/www.bjultrasonic.com\/shop\/20l-480w-mechanical-ultrasonic-cleaner-with-timer-and-heating\/"},"modified":"2026-03-28T20:08:12","modified_gmt":"2026-03-29T01:08:12","slug":"20l-480w-mechanical-ultrasonic-cleaner-with-timer-and-heating","status":"publish","type":"product","link":"https:\/\/www.bjultrasonic.com\/sv\/shop\/20l-480w-mechanical-ultrasonic-cleaner-with-timer-and-heating\/","title":{"rendered":"20L 480W Ultraljudsreng\u00f6rare med mekanisk timer och v\u00e4rmare"},"content":{"rendered":"<h2>Specifikation f\u00f6r 20L 480W Ultraljudsreng\u00f6rare med Mekanisk Timer och V\u00e4rmare<\/h2>\n<table class=\"table table-striped table-bordered\"   id=\"wp-table-reloaded-id-68-no-1\">\n<tbody>\n<tr>\n<td>Typ<\/td>\n<td>BJUCMTH20<\/td>\n<\/tr>\n<tr>\n<td>Tankkapacitet<\/td>\n<td>20L<\/td>\n<\/tr>\n<tr>\n<td>Effekt<\/td>\n<td>480W<\/td>\n<\/tr>\n<tr>\n<td>Frekvens<\/td>\n<td>40KHz<\/td>\n<\/tr>\n<tr>\n<td>Tankstorlek(mm)<\/td>\n<td>530*325*150(L*B*H)<\/td>\n<\/tr>\n<tr>\n<td>Maskinstorlek(mm)<\/td>\n<td>550*330*310(L*B*H)<\/td>\n<\/tr>\n<tr>\n<td>Sp\u00e4nning<\/td>\n<td>110VAC\u2014240VAC<\/td>\n<\/tr>\n<tr>\n<td>Funktioner<\/td>\n<td>Timer, Uppv\u00e4rmning<\/td>\n<\/tr>\n<tr>\n<td>Korg<\/td>\n<td>Rostfritt st\u00e5lkorg<\/td>\n<\/tr>\n<tr>\n<td>Enhetsvikt<\/td>\n<td>14kg<\/td>\n<\/tr>\n<\/tbody>\n<\/table>\n<h3>Anm\u00e4rkningar<\/h3>\n<p>V\u00e4nligen tala om f\u00f6r oss vilken sp\u00e4nning du beh\u00f6ver n\u00e4r du g\u00f6r din best\u00e4llning<\/p>\n<h3>Video om Ultraljudsreng\u00f6rare med Mekanisk Timer<\/h3>\n<p><iframe loading=\"lazy\" title=\"Ultrasonic Cleaner with Mechanical Timer - Beijing Ultrasonic\" width=\"500\" height=\"281\" src=\"https:\/\/www.youtube.com\/embed\/UJRL1Qg9sgo?feature=oembed\" frameborder=\"0\" allow=\"accelerometer; autoplay; clipboard-write; encrypted-media; gyroscope; picture-in-picture; web-share\" referrerpolicy=\"strict-origin-when-cross-origin\" allowfullscreen><\/iframe><\/p>\n<h3>Beskrivning av Mekanisk Ultraljudsreng\u00f6rare<\/h3>\n<ul>\n<li>Hela ultraljudsreng\u00f6raren \u00e4r i rostfritt st\u00e5l, estetisk och praktisk.<\/li>\n<li>Anv\u00e4nder h\u00f6gkvalitativa <a href=\"https:\/\/www.bjultrasonic.com\/sv\/category\/ultrasonic-transducer-sv\/\">ultraljudstransducrar<\/a>. Stark effekt.<\/li>\n<li>H\u00f6g kvalitet p\u00e5 limprocessen. Ultraljudstransducrarna f\u00e4sts med epoxylim.<\/li>\n<li>Tiden och uppv\u00e4rmningen kan justeras efter behov.<\/li>\n<\/ul>\n<h3>\u00a0Till\u00e4mpning av Ultraljudsreng\u00f6rare<\/h3>\n<ul>\n<li><strong>Maskinindustri<\/strong>: borttagning av rostskyddsolja; Reng\u00f6ring av m\u00e4tverktyg; Reng\u00f6ring av maskindelar, motor, f\u00f6rgasare och fordonsdelar;<\/li>\n<li><strong>Ytbehandlingsindustri<\/strong>: borttagning av olja\/rost f\u00f6re galvanisering; Reng\u00f6ring f\u00f6re jonbel\u00e4ggning; Fosfatering; Borttagning av kol; Borttagning av oxidskikt; Borttagning av polermedel; Aktivering av metallytor p\u00e5 arbetsstycken, etc.<\/li>\n<li><strong>Instrumentindustri<\/strong>: reng\u00f6ring med h\u00f6g renhetsgrad av precisionsdelar f\u00f6re montering.<\/li>\n<li><strong>Elektronikindustri<\/strong>: borttagning av hartser, l\u00f6dfl\u00e4ckar p\u00e5 kretskort; Reng\u00f6ring av h\u00f6gtryckskontakter och andra mekaniska och elektroniska komponenter, etc.<\/li>\n<li><strong>Medicinsk industri<\/strong>: reng\u00f6ring och desinfektion, sterilisering av medicinsk utrustning, reng\u00f6ring av laboratoriek\u00e4rl, etc.<\/li>\n<li><strong>Halvledarindustri<\/strong>: reng\u00f6ring med h\u00f6g renhetsgrad av halvledarskivor.<\/li>\n<li><strong>Urmakeri\/smyckenindustri<\/strong>: borttagning av olja, smuts, oxidlager, polermedel, etc.<\/li>\n<li><strong>Kemisk, Biologisk Industri<\/strong>: Reng\u00f6ring av laboratoriek\u00e4rl.<\/li>\n<li>\u00a0<strong>Optisk industri<\/strong>: borttagning av olja, svett, damm p\u00e5 optiska komponenter, etc.<\/li>\n<li>\u00a0<strong>Textil- och tryckeriindustri<\/strong>: reng\u00f6ring av textilspolar, spinnhuvuden, etc.<\/li>\n<li>\u00a0<strong>Olje- och kemisk industri<\/strong>: reng\u00f6ring och rensning av metalln\u00e4t, kemiska beh\u00e5llare, reng\u00f6ring av ventiler, etc.<\/li>\n<\/ul>\n<h3>Betalning<\/h3>\n<p>Vi accepterar PayPal, T\/T &#038; Western Union.<\/p>\n<h3 class=\"shipping-methods\">Frakt<\/h3>\n<p>Varor kommer att skeppas inom 48 timmar efter mottagen full betalning.<\/p>\n<ul>\n<li>Vi skickar varorna till den adress som anges i PayPal-betalningen. V\u00e4nligen se till att adressen i PayPal \u00e4r korrekt.<\/li>\n<li>vi kommer att ge dig sp\u00e5rningsnumret efter att vi skickat varorna, i allm\u00e4nhet kommer du att f\u00e5 varorna inom fem dagar.<\/li>\n<li>Om du har n\u00e5gra fr\u00e5gor, v\u00e4nligen kontakta oss via e-post (v\u00e5r e-postadress \u00e4r <a href=\"mailto:support@bjultrasonic.com\">support@bjultrasonic.com<\/a>)<\/li>\n<\/ul>\n<h3 align=\"left\">Produktgaranti<\/h3>\n<p>Produktens garantiperiod \u00e4r ett \u00e5r. Inom garantitiden kan k\u00f6pta produkter f\u00e5 gratis reparation eller utbyte.<\/p>\n","protected":false},"excerpt":{"rendered":"<p><a href=\"https:\/\/www.bjultrasonic.com\/sv\/category\/ultrasonic-cleaning-system-sv\/mechanical-ultrasonic-cleaner-sv\/\">Ultraljudsreng\u00f6rare med mekanisk timer<\/a> tillverkad av Beijing Ultrasonic. H\u00f6g kvalitet rostfritt st\u00e5l, timer och v\u00e4rmare \u00e4r justerbara.<\/p>\n","protected":false},"featured_media":5002,"comment_status":"open","ping_status":"closed","template":"","meta":[],"product_brand":[],"product_cat":[5975],"product_tag":[],"class_list":{"0":"post-70744","1":"product","2":"type-product","3":"status-publish","4":"has-post-thumbnail","6":"product_cat-mechanical-ultrasonic-cleaner-sv","8":"first","9":"outofstock","10":"shipping-taxable","11":"purchasable","12":"product-type-simple","13":"prodpage-classic"},"aioseo_notices":[],"_links":{"self":[{"href":"https:\/\/www.bjultrasonic.com\/sv\/wp-json\/wp\/v2\/product\/70744","targetHints":{"allow":["GET"]}}],"collection":[{"href":"https:\/\/www.bjultrasonic.com\/sv\/wp-json\/wp\/v2\/product"}],"about":[{"href":"https:\/\/www.bjultrasonic.com\/sv\/wp-json\/wp\/v2\/types\/product"}],"replies":[{"embeddable":true,"href":"https:\/\/www.bjultrasonic.com\/sv\/wp-json\/wp\/v2\/comments?post=70744"}],"wp:featuredmedia":[{"embeddable":true,"href":"https:\/\/www.bjultrasonic.com\/sv\/wp-json\/wp\/v2\/media\/5002"}],"wp:attachment":[{"href":"https:\/\/www.bjultrasonic.com\/sv\/wp-json\/wp\/v2\/media?parent=70744"}],"wp:term":[{"taxonomy":"product_brand","embeddable":true,"href":"https:\/\/www.bjultrasonic.com\/sv\/wp-json\/wp\/v2\/product_brand?post=70744"},{"taxonomy":"product_cat","embeddable":true,"href":"https:\/\/www.bjultrasonic.com\/sv\/wp-json\/wp\/v2\/product_cat?post=70744"},{"taxonomy":"product_tag","embeddable":true,"href":"https:\/\/www.bjultrasonic.com\/sv\/wp-json\/wp\/v2\/product_tag?post=70744"}],"curies":[{"name":"wp","href":"https:\/\/api.w.org\/{rel}","templated":true}]}}