{"id":71184,"date":"2012-04-27T04:07:09","date_gmt":"2012-04-27T09:07:09","guid":{"rendered":"https:\/\/www.bjultrasonic.com\/shop\/1800w-ultrasonic-immersible-transducer\/"},"modified":"2026-03-28T20:04:05","modified_gmt":"2026-03-29T01:04:05","slug":"1800w-ultrasonic-immersible-transducer","status":"publish","type":"product","link":"https:\/\/www.bjultrasonic.com\/sv\/shop\/1800w-ultrasonic-immersible-transducer\/","title":{"rendered":"1800W Ultraljudsdr\u00e4nkbar Transducer f\u00f6r Reng\u00f6ring"},"content":{"rendered":"<ul>\n<li><strong>Effekt<\/strong>: 1800w (inkluderar 30 st 60w <a href=\"https:\/\/www.bjultrasonic.com\/sv\/category\/ultrasonic-transducer-sv\/\">ultraljudsreng\u00f6ringsomvandlare<\/a>)<\/li>\n<li><strong>Storlek<\/strong>: 650*400*100mm L*B*H<\/li>\n<li><strong>Material<\/strong>: 304 rostfritt st\u00e5l.<\/li>\n<li>H\u00e5rdkrompl\u00e4terad vibrationsyta.<\/li>\n<li><strong>Frekvens<\/strong>: 25kHz, 28kHz eller 40kHz, om annan frekvens beh\u00f6vs, v\u00e4nligen kontakta oss.<\/li>\n<\/ul>\n<p><img loading=\"lazy\" decoding=\"async\" src=\"https:\/\/www.bjultrasonic.com\/wp-content\/uploads\/2018\/08\/Waterproof-ultrasonic-immersible-transducers.jpg\" alt=\"\" width=\"600\" height=\"600\" \/><\/p>\n<h3>Anm\u00e4rkningar<\/h3>\n<ul>\n<li>Ultraljuds neds\u00e4nkbara omvandlare \u00e4r skr\u00e4ddarsydda produkter. F\u00f6r pris, v\u00e4nligen kontakta v\u00e5r s\u00e4ljrepresentant (<a href=\"https:\/\/www.bjultrasonic.com\/contact\/\" target=\"_blank\" rel=\"noopener\">Kontaktformul\u00e4r<\/a>). Vi \u00e5terkommer till dig snart.<\/li>\n<li>Vi kan designa och skr\u00e4ddarsy olika ultraljuds neds\u00e4nkbara omvandlare baserat p\u00e5 krav.<\/li>\n<\/ul>\n<h3>Video om Ultraljuds Neds\u00e4nkbara Omvandlare<\/h3>\n<p><iframe loading=\"lazy\" title=\"Immersible Ultrasonic Transducers - Beijing Ultrasonic\" width=\"500\" height=\"281\" src=\"https:\/\/www.youtube.com\/embed\/KFyC5dbLC7Y?feature=oembed\" frameborder=\"0\" allow=\"accelerometer; autoplay; clipboard-write; encrypted-media; gyroscope; picture-in-picture; web-share\" referrerpolicy=\"strict-origin-when-cross-origin\" allowfullscreen><\/iframe><\/p>\n<h3>Egenskaper hos Ultraljuds Neds\u00e4nkbar Omvandlare<\/h3>\n<ul>\n<li>Helt i rostfritt st\u00e5l: syraresistent och t\u00e5l alkali, konstn\u00e4rligt och h\u00e5llbart.<\/li>\n<li>Anv\u00e4nder klyvningsstruktur: h\u00f6g frekvensanslutning med kontakt anv\u00e4nds mellan ultraljuds neds\u00e4nkbar omvandlare och ultraljudsgenerator, anv\u00e4ndbar och underh\u00e5lls enkelt.<\/li>\n<li>Det finns m\u00e5nga s\u00e4tt att installera ultraljuds neds\u00e4nkbar omvandlare: montera p\u00e5 <strong>botten<\/strong>, <strong>ytan<\/strong>, <strong>sidan<\/strong> eller <strong>toppen<\/strong> av reng\u00f6ringstanken efter behov.\n<div id=\"attachment_853\" style=\"width: 252px\" class=\"wp-caption alignnone\"><img loading=\"lazy\" decoding=\"async\" aria-describedby=\"caption-attachment-853\" class=\"size-full wp-image-853\" title=\"Typ av installation av ultraljuds neds\u00e4nkbar omvandlare\" src=\"\/\/www.bjultrasonic.com\/wp-content\/uploads\/2012\/04\/20124274.jpg\" alt=\"typ av installation av ultraljuds neds\u00e4nkbar omvandlare\" width=\"242\" height=\"155\" \/><p id=\"caption-attachment-853\" class=\"wp-caption-text\">Typ av installation av ultraljuds neds\u00e4nkbar omvandlare<\/p><\/div><\/li>\n<\/ul>\n<h3>Till\u00e4mpning av Ultraljuds Neds\u00e4nkbar Omvandlare<\/h3>\n<ul>\n<li>F\u00f6rbehandlingsreng\u00f6ring f\u00f6re galvanisering f\u00f6r delar som ska galvaniseras, avl\u00e4gsnande av olja och smuts f\u00f6r mekaniska metallkomponenter, reng\u00f6ring av halvledarsilikonskivor, glas\u00f6gonb\u00e5gar och glask\u00e4rl.<\/li>\n<li>Linser, solglas\u00f6gon, n\u00e4rsynthetsglas\u00f6gon och prismor, mikroskop, kameror, glasutrustning, etc.<\/li>\n<\/ul>\n<h3>Fler bilder p\u00e5 Ultraljuds Neds\u00e4nkbar Omvandlare<\/h3>\n<div id=\"attachment_856\" style=\"width: 460px\" class=\"wp-caption alignnone\"><a href=\"https:\/\/www.bjultrasonic.com\/wp-content\/uploads\/2012\/04\/20124272.jpg\" data-lightbox=\"image\"><img loading=\"lazy\" decoding=\"async\" aria-describedby=\"caption-attachment-856\" class=\"size-full wp-image-856 \" title=\"vibrationseffekter av ultraljuds neds\u00e4nkbar omvandlare\" src=\"\/\/www.bjultrasonic.com\/wp-content\/uploads\/2012\/04\/20124272.jpg\" alt=\"vibrationseffekter av ultraljuds neds\u00e4nkbar omvandlare\" width=\"450\" height=\"337\" srcset=\"https:\/\/www.bjultrasonic.com\/wp-content\/uploads\/2012\/04\/20124272.jpg 1500w, https:\/\/www.bjultrasonic.com\/wp-content\/uploads\/2012\/04\/20124272-1170x878.jpg 1170w\" sizes=\"auto, (max-width: 450px) 100vw, 450px\" \/><\/a><p id=\"caption-attachment-856\" class=\"wp-caption-text\">vibrationseffekter av ultraljuds neds\u00e4nkbar omvandlare<\/p><\/div>\n<hr \/>\n<div id=\"attachment_857\" style=\"width: 460px\" class=\"wp-caption alignnone\"><a href=\"https:\/\/www.bjultrasonic.com\/wp-content\/uploads\/2012\/04\/20124273.jpg\" data-lightbox=\"image\"><img loading=\"lazy\" decoding=\"async\" aria-describedby=\"caption-attachment-857\" class=\"size-full wp-image-857 \" title=\"Insidan av ultraljuds neds\u00e4nkbar omvandlare\" src=\"\/\/www.bjultrasonic.com\/wp-content\/uploads\/2012\/04\/20124273.jpg\" alt=\"Insidan av ultraljuds neds\u00e4nkbar omvandlare\" width=\"450\" height=\"350\" \/><\/a><p id=\"caption-attachment-857\" class=\"wp-caption-text\">Insidan av ultraljuds neds\u00e4nkbar omvandlare<\/p><\/div>\n<h3>Betalning<\/h3>\n<p>Vi accepterar PayPal, bank\u00f6verf\u00f6ring (T\/T) &#038; Western Union.<\/p>\n<h3 class=\"shipping-methods\">Frakt<\/h3>\n<p>Varor skickas inom 48 timmar efter att full betalning mottagits.<\/p>\n<ul>\n<li>Vi skickar varorna till adressen som anges i PayPal-betalningen. V\u00e4nligen se till att adressen i PayPal \u00e4r korrekt.<\/li>\n<li>Vi ger dig sp\u00e5rningsnumret efter att vi skickat varorna, i allm\u00e4nhet f\u00e5r du varorna inom fem dagar.<\/li>\n<li>Om du har n\u00e5gra fr\u00e5gor, v\u00e4nligen kontakta oss via e-post (v\u00e5r e-postadress \u00e4r <a href=\"mailto:support@bjultrasonic.com\">support@bjultrasonic.com<\/a>)<\/li>\n<\/ul>\n<h3 align=\"left\">Produktgaranti<\/h3>\n<p>Produktens garantiperiod \u00e4r ett \u00e5r. Inom garantitiden kan k\u00f6pta produkter f\u00e5 gratis reparation eller utbyte.<\/p>\n","protected":false},"excerpt":{"rendered":"<ul>\n<li>1800W Immersion Ultrasonic Cleaner<\/li>\n<li>1800W Immersion Array Transducer<\/li>\n<li>1800W Immersible Ultrasonic Cleaning Transducers<\/li>\n<li>1800W Immersible Ultrasound Transducer System<\/li>\n<li>1800W Phased Array Ultrasonic Transducer<\/li>\n<li>1800W Submersible Ultrasonic Cleaner<\/li>\n<li>1800W Ultrasonic Immersible Transducer<\/li>\n<li>1800W Underwater Ultrasonic Piezoelectric Transducer<\/li>\n<li>1800W Ultrasonic Immersed Transducer Plate<\/li>\n<li>1800W Waterproof Ultrasonic Immersible Transducer<\/li>\n<li>1800W Waterproof Piezo Ultrasonic Transducer<\/li>\n<\/ul>\n","protected":false},"featured_media":19460,"comment_status":"open","ping_status":"closed","template":"","meta":[],"product_brand":[],"product_cat":[5942],"product_tag":[],"class_list":{"0":"post-71184","1":"product","2":"type-product","3":"status-publish","4":"has-post-thumbnail","6":"product_cat-ultrasonic-immersible-transducer-sv","8":"first","9":"instock","10":"shipping-taxable","11":"product-type-external","12":"prodpage-classic"},"aioseo_notices":[],"_links":{"self":[{"href":"https:\/\/www.bjultrasonic.com\/sv\/wp-json\/wp\/v2\/product\/71184","targetHints":{"allow":["GET"]}}],"collection":[{"href":"https:\/\/www.bjultrasonic.com\/sv\/wp-json\/wp\/v2\/product"}],"about":[{"href":"https:\/\/www.bjultrasonic.com\/sv\/wp-json\/wp\/v2\/types\/product"}],"replies":[{"embeddable":true,"href":"https:\/\/www.bjultrasonic.com\/sv\/wp-json\/wp\/v2\/comments?post=71184"}],"wp:featuredmedia":[{"embeddable":true,"href":"https:\/\/www.bjultrasonic.com\/sv\/wp-json\/wp\/v2\/media\/19460"}],"wp:attachment":[{"href":"https:\/\/www.bjultrasonic.com\/sv\/wp-json\/wp\/v2\/media?parent=71184"}],"wp:term":[{"taxonomy":"product_brand","embeddable":true,"href":"https:\/\/www.bjultrasonic.com\/sv\/wp-json\/wp\/v2\/product_brand?post=71184"},{"taxonomy":"product_cat","embeddable":true,"href":"https:\/\/www.bjultrasonic.com\/sv\/wp-json\/wp\/v2\/product_cat?post=71184"},{"taxonomy":"product_tag","embeddable":true,"href":"https:\/\/www.bjultrasonic.com\/sv\/wp-json\/wp\/v2\/product_tag?post=71184"}],"curies":[{"name":"wp","href":"https:\/\/api.w.org\/{rel}","templated":true}]}}