{"id":71264,"date":"2012-04-27T03:48:20","date_gmt":"2012-04-27T08:48:20","guid":{"rendered":"https:\/\/www.bjultrasonic.com\/shop\/600w-ultrasonic-immersible-transducer\/"},"modified":"2026-03-28T20:03:37","modified_gmt":"2026-03-29T01:03:37","slug":"600w-ultrasonic-immersible-transducer","status":"publish","type":"product","link":"https:\/\/www.bjultrasonic.com\/sv\/shop\/600w-ultrasonic-immersible-transducer\/","title":{"rendered":"600W neds\u00e4nkbar ultraljudstransducer till b\u00e4sta pris"},"content":{"rendered":"<ul>\n<li><strong>Effekt<\/strong>: 600 W (inkluderar 10 st 60 W <a href=\"https:\/\/www.bjultrasonic.com\/sv\/category\/ultrasonic-transducer-sv\/\">ultraljudsreng\u00f6ringsomvandlare<\/a>)<\/li>\n<li><strong>Storlek<\/strong>: 500*350*100 mm L*B*H<\/li>\n<li><strong>Material<\/strong>: 304 rostfritt st\u00e5l.<\/li>\n<li>H\u00e5rdkrompl\u00e4terad vibrationsyta.<\/li>\n<li><strong>Frekvens<\/strong>: 25 kHz, 28 kHz eller 40 kHz. Om annan frekvens beh\u00f6vs, v\u00e4nligen kontakta oss.<\/li>\n<\/ul>\n<p><img loading=\"lazy\" decoding=\"async\" src=\"https:\/\/www.bjultrasonic.com\/wp-content\/uploads\/2018\/08\/Waterproof-ultrasonic-immersible-transducers.jpg\" alt=\"\" width=\"600\" height=\"600\" \/><\/p>\n<h3>Anm\u00e4rkningar<\/h3>\n<ul>\n<li>Ultraljuds neds\u00e4nkbara omvandlare \u00e4r specialtillverkade produkter. F\u00f6r pris, v\u00e4nligen kontakta v\u00e5r s\u00e4ljrepresentant (<a href=\"https:\/\/www.bjultrasonic.com\/contact\/\" target=\"_blank\" rel=\"noopener\">Kontaktformul\u00e4r<\/a>). Vi \u00e5terkommer snart.<\/li>\n<li>Vi kan designa och tillverka olika ultraljuds neds\u00e4nkbara omvandlare baserat p\u00e5 kundkrav.<\/li>\n<\/ul>\n<h3>Video om Ultraljuds Neds\u00e4nkbara Omvandlare<\/h3>\n<p><iframe loading=\"lazy\" title=\"Submersible Ultrasonic Transducer - Beijing Ultrasonic\" width=\"500\" height=\"281\" src=\"https:\/\/www.youtube.com\/embed\/7zQnWPu-HG4?feature=oembed\" frameborder=\"0\" allow=\"accelerometer; autoplay; clipboard-write; encrypted-media; gyroscope; picture-in-picture; web-share\" referrerpolicy=\"strict-origin-when-cross-origin\" allowfullscreen><\/iframe><\/p>\n<h3>Egenskaper hos Ultraljuds Neds\u00e4nkbar Omvandlare<\/h3>\n<ul>\n<li>Helt i rostfritt st\u00e5l: syrabest\u00e4ndig och t\u00e5l alkali, konstn\u00e4rligt och h\u00e5llbar.<\/li>\n<li>Anv\u00e4nder klyvningsstruktur: h\u00f6g frekvensanslutning med kontakt anv\u00e4nds mellan omvandlaren och ultraljudsgeneratorn, anv\u00e4ndbar och underh\u00e5llsv\u00e4nlig.<\/li>\n<li>Det finns m\u00e5nga s\u00e4tt att montera den neds\u00e4nkbara omvandlaren: s\u00e4tt p\u00e5 <strong>botten<\/strong>, <strong>ytan<\/strong>, <strong>sidan<\/strong> eller <strong>toppen<\/strong> av reng\u00f6ringstanken efter behov.\n<div id=\"attachment_853\" style=\"width: 252px\" class=\"wp-caption alignnone\"><img loading=\"lazy\" decoding=\"async\" aria-describedby=\"caption-attachment-853\" class=\"size-full wp-image-853\" title=\"the Type of Ultrasonic Immersible Transducer Installation\" src=\"\/\/www.bjultrasonic.com\/wp-content\/uploads\/2012\/04\/20124274.jpg\" alt=\"the type of ultrasonic immersible transducer installation\" width=\"242\" height=\"155\" \/><p id=\"caption-attachment-853\" class=\"wp-caption-text\">Typ av installation f\u00f6r Ultraljuds Neds\u00e4nkbar Omvandlare<\/p><\/div><\/li>\n<\/ul>\n<h3>Anv\u00e4ndningsomr\u00e5den f\u00f6r Ultraljuds Neds\u00e4nkbar Omvandlare<\/h3>\n<ul>\n<li>F\u00f6rbehandlingsreng\u00f6ring inf\u00f6r galvanisering, avl\u00e4gsnande av olja och smuts fr\u00e5n mekaniska metallkomponenter, reng\u00f6ring av halvledarkiselplattor, glas\u00f6gonb\u00e5gar och glask\u00e4rl.<\/li>\n<li>Linser, solglas\u00f6gon, n\u00e4rsynthetsglas\u00f6gon och prismor, mikroskop, kameror, glasutrustning, etc.<\/li>\n<\/ul>\n<h3>Fler bilder p\u00e5 Ultraljuds Neds\u00e4nkbar Omvandlare<\/h3>\n<div id=\"attachment_856\" style=\"width: 460px\" class=\"wp-caption alignnone\"><a href=\"https:\/\/www.bjultrasonic.com\/wp-content\/uploads\/2012\/04\/20124272.jpg\" data-lightbox=\"image\"><img loading=\"lazy\" decoding=\"async\" aria-describedby=\"caption-attachment-856\" class=\"size-full wp-image-856 \" title=\"vibration effects of ultrasonic immersible transducer\" src=\"\/\/www.bjultrasonic.com\/wp-content\/uploads\/2012\/04\/20124272.jpg\" alt=\"vibration effects of ultrasonic immersible transducer\" width=\"450\" height=\"337\" srcset=\"https:\/\/www.bjultrasonic.com\/wp-content\/uploads\/2012\/04\/20124272.jpg 1500w, https:\/\/www.bjultrasonic.com\/wp-content\/uploads\/2012\/04\/20124272-1170x878.jpg 1170w\" sizes=\"auto, (max-width: 450px) 100vw, 450px\" \/><\/a><p id=\"caption-attachment-856\" class=\"wp-caption-text\">Vibrationseffekter hos Ultraljuds Neds\u00e4nkbar Omvandlare<\/p><\/div>\n<hr \/>\n<div id=\"attachment_857\" style=\"width: 460px\" class=\"wp-caption alignnone\"><a href=\"https:\/\/www.bjultrasonic.com\/wp-content\/uploads\/2012\/04\/20124273.jpg\" data-lightbox=\"image\"><img loading=\"lazy\" decoding=\"async\" aria-describedby=\"caption-attachment-857\" class=\"size-full wp-image-857 \" title=\"Inside of Ultrasonic Immersible Transducer\" src=\"\/\/www.bjultrasonic.com\/wp-content\/uploads\/2012\/04\/20124273.jpg\" alt=\"Inside of Ultrasonic Immersible Transducer\" width=\"450\" height=\"350\" \/><\/a><p id=\"caption-attachment-857\" class=\"wp-caption-text\">Insidan av Ultraljuds Neds\u00e4nkbar Omvandlare<\/p><\/div>\n<h3>Betalning<\/h3>\n<p>Vi accepterar PayPal, bank\u00f6verf\u00f6ring (T\/T) &#038; Western Union.<\/p>\n<h3 class=\"shipping-methods\">Frakt<\/h3>\n<p>Varor skickas inom 48 timmar efter att full betalning mottagits.<\/p>\n<ul>\n<li>Vi skickar varorna till adressen som anges i PayPal-betalningen. V\u00e4nligen se till att adressen i PayPal \u00e4r korrekt.<\/li>\n<li>Vi ger dig sp\u00e5rningsnumret efter att vi skickat varorna. I allm\u00e4nhet f\u00e5r du varorna inom fem dagar.<\/li>\n<li>Om du har n\u00e5gra fr\u00e5gor, v\u00e4nligen kontakta oss via e-post (v\u00e5r e-postadress \u00e4r <a href=\"mailto:support@bjultrasonic.com\">support@bjultrasonic.com<\/a>)<\/li>\n<\/ul>\n<h3 align=\"left\">Produktgaranti<\/h3>\n<p>Produktens garantiperiod \u00e4r ett \u00e5r. Inom garantitiden kan k\u00f6pta produkter f\u00e5 gratis reparation eller utbyte.<\/p>\n","protected":false},"excerpt":{"rendered":"<ul>\n<li>600W Immersionsultraljudsreng\u00f6rare<\/li>\n<li>600W Immersionsarrayomvandlare<\/li>\n<li>600W Neds\u00e4nkbara ultraljudsreng\u00f6ringsomvandlare<\/li>\n<li>600W Neds\u00e4nkbart ultraljudsomvandlaresystem<\/li>\n<li>600W Fasstyrd ultraljudsomvandlare<\/li>\n<li>600W Neddoppningsbar ultraljudsreng\u00f6rare<\/li>\n<li>600W Ultraljuds neds\u00e4nkbar omvandlare<\/li>\n<li>600W Underwatts ultraljuds piezoelektrisk omvandlare<\/li>\n<li>600W Ultraljuds neds\u00e4nkt omvandlarplatta<\/li>\n<li>600W Vattent\u00e4t ultraljuds neds\u00e4nkbar omvandlare<\/li>\n<li>600W Vattent\u00e4t piezoelektrisk ultraljudsomvandlare<\/li>\n<\/ul>\n","protected":false},"featured_media":19475,"comment_status":"open","ping_status":"closed","template":"","meta":[],"product_brand":[],"product_cat":[5942],"product_tag":[],"class_list":{"0":"post-71264","1":"product","2":"type-product","3":"status-publish","4":"has-post-thumbnail","6":"product_cat-ultrasonic-immersible-transducer-sv","8":"first","9":"instock","10":"shipping-taxable","11":"purchasable","12":"product-type-simple","13":"prodpage-classic"},"aioseo_notices":[],"_links":{"self":[{"href":"https:\/\/www.bjultrasonic.com\/sv\/wp-json\/wp\/v2\/product\/71264","targetHints":{"allow":["GET"]}}],"collection":[{"href":"https:\/\/www.bjultrasonic.com\/sv\/wp-json\/wp\/v2\/product"}],"about":[{"href":"https:\/\/www.bjultrasonic.com\/sv\/wp-json\/wp\/v2\/types\/product"}],"replies":[{"embeddable":true,"href":"https:\/\/www.bjultrasonic.com\/sv\/wp-json\/wp\/v2\/comments?post=71264"}],"wp:featuredmedia":[{"embeddable":true,"href":"https:\/\/www.bjultrasonic.com\/sv\/wp-json\/wp\/v2\/media\/19475"}],"wp:attachment":[{"href":"https:\/\/www.bjultrasonic.com\/sv\/wp-json\/wp\/v2\/media?parent=71264"}],"wp:term":[{"taxonomy":"product_brand","embeddable":true,"href":"https:\/\/www.bjultrasonic.com\/sv\/wp-json\/wp\/v2\/product_brand?post=71264"},{"taxonomy":"product_cat","embeddable":true,"href":"https:\/\/www.bjultrasonic.com\/sv\/wp-json\/wp\/v2\/product_cat?post=71264"},{"taxonomy":"product_tag","embeddable":true,"href":"https:\/\/www.bjultrasonic.com\/sv\/wp-json\/wp\/v2\/product_tag?post=71264"}],"curies":[{"name":"wp","href":"https:\/\/api.w.org\/{rel}","templated":true}]}}